{"id":691,"date":"2019-10-02T18:52:48","date_gmt":"2019-10-02T16:52:48","guid":{"rendered":"http:\/\/dawid969.webd.pl\/allvoice\/?page_id=691"},"modified":"2022-01-12T14:32:49","modified_gmt":"2022-01-12T13:32:49","slug":"what-we-do-homepage","status":"publish","type":"page","link":"https:\/\/allvoice.pl\/pl\/what-we-do-homepage\/","title":{"rendered":"What we do homepage"},"content":{"rendered":"<h2 class=\"has-text-align-center wp-block-heading\">Nasze us\u0142ugi<\/h2>\n\n\n\n<p class=\"has-text-align-center paragraph-fitter\">Oferujemy kompleksowe rozwi\u0105zania w zakresie rozwi\u0105za\u0144 telekomunikacyjnych, pocz\u0105wszy od projektowania system\u00f3w, \npoprzez zarz\u0105dzanie projektem, faz\u0119 wdro\u017cenia, a\u017c do serwisowania i administracji systemem.<\/p>\n\n\n<div class=\"eds-animate edsanimate-sis-hidden\" data-eds-entry-animation=\"fadeInUp\" data-eds-entry-delay=\"0\" data-eds-entry-duration=\"0.5\" data-eds-entry-timing=\"linear\" data-eds-exit-animation=\"\" data-eds-exit-delay=\"\" data-eds-exit-duration=\"\" data-eds-exit-timing=\"\" data-eds-repeat-count=\"1\" data-eds-keep=\"yes\" data-eds-animate-on=\"scroll\" data-eds-scroll-offset=\"75\">\n\n\n\n<div class=\"wp-block-columns has-4-columns is-layout-flex wp-container-core-columns-is-layout-5 wp-block-columns-is-layout-flex\">\n<div class=\"wp-block-column sn-block is-layout-flow wp-block-column-is-layout-flow\">\n<div class=\"wp-block-columns has-2-columns is-layout-flex wp-container-core-columns-is-layout-1 wp-block-columns-is-layout-flex\">\n<div class=\"wp-block-column is-layout-flow wp-block-column-is-layout-flow\">\n<figure class=\"wp-block-image\"><img loading=\"lazy\" decoding=\"async\" width=\"44\" height=\"55\" src=\"https:\/\/allvoice.pl\/wp-content\/uploads\/design.png\" alt=\"\" class=\"wp-image-695\"\/><\/figure>\n<\/div>\n\n\n\n<div class=\"wp-block-column is-layout-flow wp-block-column-is-layout-flow\">\n<h4 class=\"alignfull head-sn wp-block-heading\"> Projektowanie<\/h4>\n<\/div>\n<\/div>\n\n\n\n<p>Nasze do\u015bwiadczenie zapewnia, \n\u017ce zaproponowane rozwi\u0105zania \nb\u0119d\u0105 spe\u0142nia\u0142y aktualne i przysz\u0142e \npotrzeby biznesowe oraz \u017ce zostan\u0105 \ndostarczone na czas i zgodnie z bud\u017cetem. <\/p>\n<\/div>\n\n\n\n<div class=\"wp-block-column sn-block is-layout-flow wp-block-column-is-layout-flow\">\n<div class=\"wp-block-columns has-2-columns is-layout-flex wp-container-core-columns-is-layout-2 wp-block-columns-is-layout-flex\">\n<div class=\"wp-block-column is-layout-flow wp-block-column-is-layout-flow\">\n<figure class=\"wp-block-image\"><img loading=\"lazy\" decoding=\"async\" width=\"57\" height=\"51\" src=\"https:\/\/allvoice.pl\/wp-content\/uploads\/2019\/09\/implement.png\" alt=\"\" class=\"wp-image-128\"\/><\/figure>\n<\/div>\n\n\n\n<div class=\"wp-block-column is-layout-flow wp-block-column-is-layout-flow\">\n<h4 class=\"head-sn wp-block-heading\">Implementacja<\/h4>\n<\/div>\n<\/div>\n\n\n\n<p>\n\nWykorzystuj\u0105c wiedz\u0119 profesjonalist\u00f3w \noraz zaawansowny sprz\u0119t i \noprogramowanie, pomagamy \ndostarczy\u0107 kompleksowe, \nczasem wyszukane, zako\u0144czone \nsukcesem projekty.\n\n<\/p>\n<\/div>\n\n\n\n<div class=\"wp-block-column sn-block is-layout-flow wp-block-column-is-layout-flow\">\n<div class=\"wp-block-columns has-2-columns is-layout-flex wp-container-core-columns-is-layout-3 wp-block-columns-is-layout-flex\">\n<div class=\"wp-block-column is-layout-flow wp-block-column-is-layout-flow\">\n<figure class=\"wp-block-image\"><img loading=\"lazy\" decoding=\"async\" width=\"50\" height=\"54\" src=\"https:\/\/allvoice.pl\/wp-content\/uploads\/maintenance.png\" alt=\"\" class=\"wp-image-696\"\/><\/figure>\n<\/div>\n\n\n\n<div class=\"wp-block-column is-layout-flow wp-block-column-is-layout-flow\">\n<h4 class=\"head-sn wp-block-heading\">Techniczni\/ serwis<\/h4>\n<\/div>\n<\/div>\n\n\n\n<p>\n\nAllVoice proponuje szeroki \nzakres us\u0142ug wsparcia \nsprz\u0119tu oraz oprogramowania \nrozwi\u0105za\u0144 telekomunikacyjnych \ndaj\u0105c Twojej firmie \npewno\u015b\u0107 i niezawodno\u015b\u0107.\n\n<\/p>\n<\/div>\n\n\n\n<div class=\"wp-block-column sn-block is-layout-flow wp-block-column-is-layout-flow\">\n<div class=\"wp-block-columns has-2-columns is-layout-flex wp-container-core-columns-is-layout-4 wp-block-columns-is-layout-flex\">\n<div class=\"wp-block-column is-layout-flow wp-block-column-is-layout-flow\">\n<figure class=\"wp-block-image\"><img loading=\"lazy\" decoding=\"async\" width=\"66\" height=\"53\" src=\"https:\/\/allvoice.pl\/wp-content\/uploads\/2019\/09\/administration.png\" alt=\"\" class=\"wp-image-134\"\/><\/figure>\n<\/div>\n\n\n\n<div class=\"wp-block-column is-layout-flow wp-block-column-is-layout-flow\">\n<h4 class=\"head-sn wp-block-heading\">Administracja<\/h4>\n<\/div>\n<\/div>\n\n\n\n<p> Nasi konsultanci wiedz\u0105 \njak wa\u017cna jest administracja, \ndlatego po zapoznaniu si\u0119 \nz potrzebami Twojej organizacji \nokre\u015bl\u0105 i dostarcz\u0105 odpowiedni \npoziom us\u0142ug. <\/p>\n<\/div>\n<\/div>\n\n\n<\/div>\n\n\n\n<div class=\"see-more-container\"><a href=\".\/service\/\" class=\"btn\">Zobacz wi\u0119cej<\/a><\/div>","protected":false},"excerpt":{"rendered":"<p>What We Do We offer comprehensive solutions in the field of telecommunications solutions starting from system design&nbsp;through the management and implementation phase of projects to system maintenance and service Designs Our structured approach to solution delivery ensures that the technical solution meets your current and evolving business needs and is delivered to time and budget. [&hellip;]<\/p>\n","protected":false},"author":1,"featured_media":0,"parent":0,"menu_order":0,"comment_status":"closed","ping_status":"closed","template":"","meta":{"_acf_changed":false,"footnotes":""},"acf":[],"_links":{"self":[{"href":"https:\/\/allvoice.pl\/pl\/wp-json\/wp\/v2\/pages\/691"}],"collection":[{"href":"https:\/\/allvoice.pl\/pl\/wp-json\/wp\/v2\/pages"}],"about":[{"href":"https:\/\/allvoice.pl\/pl\/wp-json\/wp\/v2\/types\/page"}],"author":[{"embeddable":true,"href":"https:\/\/allvoice.pl\/pl\/wp-json\/wp\/v2\/users\/1"}],"replies":[{"embeddable":true,"href":"https:\/\/allvoice.pl\/pl\/wp-json\/wp\/v2\/comments?post=691"}],"version-history":[{"count":8,"href":"https:\/\/allvoice.pl\/pl\/wp-json\/wp\/v2\/pages\/691\/revisions"}],"predecessor-version":[{"id":2337,"href":"https:\/\/allvoice.pl\/pl\/wp-json\/wp\/v2\/pages\/691\/revisions\/2337"}],"wp:attachment":[{"href":"https:\/\/allvoice.pl\/pl\/wp-json\/wp\/v2\/media?parent=691"}],"curies":[{"name":"wp","href":"https:\/\/api.w.org\/{rel}","templated":true}]}}