{"id":625,"date":"2019-09-25T17:54:44","date_gmt":"2019-09-25T15:54:44","guid":{"rendered":"http:\/\/dawid969.webd.pl\/allvoice\/?page_id=625"},"modified":"2020-01-15T09:46:02","modified_gmt":"2020-01-15T08:46:02","slug":"sbce","status":"publish","type":"page","link":"https:\/\/allvoice.pl\/pl\/sbce\/","title":{"rendered":"SBCE"},"content":{"rendered":"<div class=\"wp-block-cover has-background-dim-40 has-background-dim\" style=\"background-image:url(https:\/\/allvoice.pl\/wp-content\/uploads\/SBCE-Avaya.jpg);background-color:#008dc3;background-position:28.57142857142857% 57.36196319018405%\"><div class=\"wp-block-cover__inner-container is-layout-flow wp-block-cover-is-layout-flow\">\n<h1 class=\"wp-block-heading\" style=\"text-align:left\">SBCE<\/h1>\n<\/div><\/div>\n\n\n\n<div class=\"my-container my-section\">\n\n\n\n<div class=\"wp-block-columns alignwide has-2-columns bigger-space is-layout-flex wp-container-core-columns-is-layout-1 wp-block-columns-is-layout-flex\">\n<div class=\"wp-block-column is-layout-flow wp-block-column-is-layout-flow\">\n<p>SBCE<\/p>\n\n\n\n<hr class=\"wp-block-separator\"\/>\n\n\n\n<p style=\"font-size:18px\"><strong>Avaya Session Border Controller<\/strong> to elastyczne, dopasowane do potrzeb rozwi\u0105zanie dla przedsi\u0119biorstw - kt\u00f3re obejmuje zestaw standardowych funkcji bezpiecze\u0144stwa. <strong> SBCE<\/strong> zapewnia wszystkie funkcje wymagane przez firmy do zako\u0144czenia po\u0142\u0105cze\u0144 SIP bez z\u0142o\u017cono\u015bci i wysokich koszt\u00f3w zwi\u0105zanych z typowymi SBC i skaluje do 2000 jednoczesnych sesji na serwer.<\/p>\n\n\n\n<p style=\"font-size:18px\">Poniewa\u017c coraz wi\u0119cej przedsi\u0119biorstw szuka hostowanych alternatyw dla \u015brodowisk wsp\u00f3\u0142pracy, staje si\u0119 jeszcze bardziej istotne, aby interfejsy mi\u0119dzy przedsi\u0119biorstwem a hostem by\u0142y bezpieczne i \u0142atwe w zarz\u0105dzaniu. Session Border Controller for Enterprise to ochrona potrzebna do wsparcia w\u0142a\u015bciwego wsparcia protoko\u0142u oraz prawdziwie zintegrowanej i bezpiecznej infrastruktury sieciowej.<\/p>\n<\/div>\n\n\n\n<div class=\"wp-block-column is-layout-flow wp-block-column-is-layout-flow\">\n<p><\/p><figure class=\"wp-block-image\"><img loading=\"lazy\" decoding=\"async\" width=\"1024\" height=\"622\" src=\"https:\/\/allvoice.pl\/wp-content\/uploads\/avaya_sbce-1024x622.png\" alt=\"\" class=\"wp-image-1318\" srcset=\"https:\/\/allvoice.pl\/wp-content\/uploads\/avaya_sbce-1024x622.png 1024w, https:\/\/allvoice.pl\/wp-content\/uploads\/avaya_sbce-300x182.png 300w, https:\/\/allvoice.pl\/wp-content\/uploads\/avaya_sbce-768x467.png 768w, https:\/\/allvoice.pl\/wp-content\/uploads\/avaya_sbce.png 1241w\" sizes=\"(max-width: 1024px) 100vw, 1024px\" \/><\/figure>\n<\/div>\n<\/div>\n\n\n\n<\/div><div class=\"my-section section-light-gray\"><div class=\"my-container\">\n\n\n<div class=\"eds-animate edsanimate-sis-hidden\" data-eds-entry-animation=\"fadeInUp\" data-eds-entry-delay=\"0\" data-eds-entry-duration=\"0.7\" data-eds-entry-timing=\"linear\" data-eds-exit-animation=\"\" data-eds-exit-delay=\"\" data-eds-exit-duration=\"\" data-eds-exit-timing=\"\" data-eds-repeat-count=\"1\" data-eds-keep=\"yes\" data-eds-animate-on=\"scroll\" data-eds-scroll-offset=\"75\">\n\n\n\n<div class=\"wp-block-columns has-2-columns ipoc-four-columns is-layout-flex wp-container-core-columns-is-layout-2 wp-block-columns-is-layout-flex\">\n<div class=\"wp-block-column is-layout-flow wp-block-column-is-layout-flow\">\n<p>Zintegrowane rozwi\u0105zanie dla bezpiecze\u0144stwa SIP<\/p>\n\n\n\n<hr class=\"wp-block-separator seperator-red\"\/>\n\n\n\n<p style=\"font-size:18px\">Avaya Session Border Controller zapewnia zaawansowan\u0105 architektur\u0119 zabezpiecze\u0144 poprzez aplikacj\u0119 w jednym urz\u0105dzeniu: SIP Firewall, Session Border Controller, system wykrywania w\u0142ama\u0144 i system zapobiegania w\u0142amaniom (IDS \/ IPS), kontroler dost\u0119pu, uwierzytelnianie,  Unified Communications Proxy oraz Policy Enforcement dla aplikacji czasu rzeczywistego.<\/p>\n\n\n\n<p><\/p>\n<\/div>\n\n\n\n<div class=\"wp-block-column is-layout-flow wp-block-column-is-layout-flow\">\n<p>Wsparcie starszych system\u00f3w telekomunikacyjnych<\/p>\n\n\n\n<hr class=\"wp-block-separator seperator-red\"\/>\n\n\n\n<p style=\"font-size:18px\">Bezpiecze\u0144stwo zdalnego dost\u0119pu to nie tylko problem dla nowych system\u00f3w, nawet starsze systemy po\u0142\u0105cze\u0144 maj\u0105 wymagania, aby doda\u0107 bezpieczn\u0105 wsp\u00f3\u0142prac\u0119 z urz\u0105dzeniami przeno\u015bnymi. Avaya Session Border Controller for Enterprise zosta\u0142 gruntownie przetestowany pod k\u0105tem zgodno\u015bci z instalacjami Avaya Aura i Avaya IP Office, a tak\u017ce obs\u0142ugi starszych system\u00f3w naszych klient\u00f3w.<\/p>\n<\/div>\n<\/div>\n\n\n<\/div>\n\n\n\n<\/div><\/div><div class=\"my-section section-light-gray\" id=\"get-in-touch-with-us\"><div class=\"my-container\">\n\n\n\n<div class=\"eds-animate edsanimate-sis-hidden\" data-eds-entry-animation=\"bounceIn\" data-eds-entry-delay=\"0\" data-eds-entry-duration=\"1\" data-eds-entry-timing=\"linear\" data-eds-exit-animation=\"\" data-eds-exit-delay=\"\" data-eds-exit-duration=\"\" data-eds-exit-timing=\"\" data-eds-repeat-count=\"1\" data-eds-keep=\"yes\" data-eds-animate-on=\"scroll\" data-eds-scroll-offset=\"75\">\n\n\n\n<p style=\"font-size:28px\"><strong>Zapraszamy do kontaktu z nami<\/strong><\/p>\n\n\n\n<p><a href=\"https:\/\/allvoice.pl\/pl\/get-in-touch\/\">Kontakt z doradc\u0105<\/a><\/p>\n\n\n\n<\/div><\/div>","protected":false},"excerpt":{"rendered":"<p>SBCE Avaya Session Border Controller for Enterprise is a flexible, fit for purpose solution for Enterprises &#8211; that includes a set of standard security features. SBCE provides all the functionality required for an enterprise to terminate SIP trunks without the complexity and higher price associated with typical SBCs and scales up to 2,000 simultaneous sessions [&hellip;]<\/p>\n","protected":false},"author":1,"featured_media":0,"parent":0,"menu_order":0,"comment_status":"closed","ping_status":"closed","template":"","meta":{"_acf_changed":false,"footnotes":""},"acf":[],"_links":{"self":[{"href":"https:\/\/allvoice.pl\/pl\/wp-json\/wp\/v2\/pages\/625"}],"collection":[{"href":"https:\/\/allvoice.pl\/pl\/wp-json\/wp\/v2\/pages"}],"about":[{"href":"https:\/\/allvoice.pl\/pl\/wp-json\/wp\/v2\/types\/page"}],"author":[{"embeddable":true,"href":"https:\/\/allvoice.pl\/pl\/wp-json\/wp\/v2\/users\/1"}],"replies":[{"embeddable":true,"href":"https:\/\/allvoice.pl\/pl\/wp-json\/wp\/v2\/comments?post=625"}],"version-history":[{"count":26,"href":"https:\/\/allvoice.pl\/pl\/wp-json\/wp\/v2\/pages\/625\/revisions"}],"predecessor-version":[{"id":3333,"href":"https:\/\/allvoice.pl\/pl\/wp-json\/wp\/v2\/pages\/625\/revisions\/3333"}],"wp:attachment":[{"href":"https:\/\/allvoice.pl\/pl\/wp-json\/wp\/v2\/media?parent=625"}],"curies":[{"name":"wp","href":"https:\/\/api.w.org\/{rel}","templated":true}]}}