{"id":603,"date":"2019-09-24T19:56:39","date_gmt":"2019-09-24T17:56:39","guid":{"rendered":"http:\/\/dawid969.webd.pl\/allvoice\/?page_id=603"},"modified":"2026-02-17T16:46:50","modified_gmt":"2026-02-17T15:46:50","slug":"rozwiazania-chmurowe","status":"publish","type":"page","link":"https:\/\/allvoice.pl\/pl\/rozwiazania-chmurowe\/","title":{"rendered":"Rozwi\u0105zania chmurowe"},"content":{"rendered":"<div class=\"wp-block-cover is-light\"><span aria-hidden=\"true\" class=\"wp-block-cover__background has-background-dim-40 has-background-dim\" style=\"background-color:#008dc3\"><\/span><img loading=\"lazy\" decoding=\"async\" width=\"3872\" height=\"2592\" class=\"wp-block-cover__image-background wp-image-1451\" alt=\"\" src=\"https:\/\/allvoice.pl\/wp-content\/uploads\/Depositphotos_13953286_xl-2015.jpg\" style=\"object-position:51% 57%\" data-object-fit=\"cover\" data-object-position=\"51% 57%\" srcset=\"https:\/\/allvoice.pl\/wp-content\/uploads\/Depositphotos_13953286_xl-2015.jpg 3872w, https:\/\/allvoice.pl\/wp-content\/uploads\/Depositphotos_13953286_xl-2015-300x201.jpg 300w, https:\/\/allvoice.pl\/wp-content\/uploads\/Depositphotos_13953286_xl-2015-768x514.jpg 768w, https:\/\/allvoice.pl\/wp-content\/uploads\/Depositphotos_13953286_xl-2015-1024x685.jpg 1024w, https:\/\/allvoice.pl\/wp-content\/uploads\/Depositphotos_13953286_xl-2015-1568x1050.jpg 1568w\" sizes=\"(max-width: 3872px) 100vw, 3872px\" \/><div class=\"wp-block-cover__inner-container is-layout-flow wp-block-cover-is-layout-flow\">\n<h1 class=\"wp-block-heading has-text-align-left\">Rozwi\u0105zania chmurowe<\/h1>\n<\/div><\/div>\n\n\n\n<div class=\"my-container my-section\">\n\n\n\n<div class=\"wp-block-columns alignwide has-2-columns bigger-space is-layout-flex wp-container-core-columns-is-layout-1 wp-block-columns-is-layout-flex\">\n<div class=\"wp-block-column is-layout-flow wp-block-column-is-layout-flow\">\n<p><strong>Powered by Avaya IP Office  <\/strong><\/p>\n\n\n\n<hr class=\"wp-block-separator has-css-opacity\"\/>\n\n\n\n<p style=\"font-size:18px\">W miar\u0119 ewolucji technologii systemy zmieniaj\u0105 si\u0119 tak szybko, \u017ce nad\u0105\u017canie za nimi jest praktycznie niemo\u017cliwe. Bud\u017cety i personel nadal si\u0119 kurcz\u0105, poniewa\u017c robimy wi\u0119cej przy mniejszych nak\u0142adach. Zarz\u0105dzanie aktualizacjami i zmianami w systemie sta\u0142o si\u0119 uci\u0105\u017cliwym zadaniem, poniewa\u017c pracownicy koncentruj\u0105 si\u0119 na innych strategicznych priorytetach organizacyjnych, takich jak jako\u015b\u0107 obs\u0142ugi klienta i bezpiecze\u0144stwo.<\/p>\n\n\n\n<p><p style=\"font-size:18px\">Pozb\u0105d\u017a si\u0119 tych utrudnie\u0144, uzyskuj\u0105c mo\u017cliwo\u015bci komunikacji i wsp\u00f3\u0142pracy potrzebne Twojej firmie z chmury dzi\u0119ki Powered By Avaya IP Office. Pozw\u00f3l certyfikowanym partnerom Avaya takim jak AllVoice opiekowa\u0107 si\u0119 administracj\u0105 IT i zyskaj pe\u0142n\u0105 gam\u0119 korzy\u015bci tj. mobilno\u015b\u0107, efektywn\u0105 wsp\u00f3\u0142prac\u0119 zespo\u0142\u00f3w i mo\u017cliwo\u015bci kontaktu z klientem dost\u0119pne na urz\u0105dzeniach, z kt\u00f3rych ludzie korzystaj\u0105 na co dzie\u0144, od komputer\u00f3w stacjonarnych po smartfony i tablety.<\/p><\/p>\n\n\n\n<br>\n\n\n\n<p class=\"has-background\" style=\"background-color:#f3f3f3;font-size:16px\"><strong>Kluczowe zalety rozwi\u0105zania chmurowego Powered by Avaya IP Office obejmuj\u0105:<\/strong><\/p>\n\n\n\n<ul class=\"special-list-elements\">\n<li><strong>Koszty operacyjne vs koszty inwestycyjne<\/strong> - niewielkie koszty wst\u0119pne, mo\u017cliwo\u015b\u0107 p\u0142acenia z miesi\u0105ca na miesi\u0105c, przewidywalne ceny u\u0142atwiaj\u0105 prognozowanie<\/li>\n\n\n\n<li><strong>Elastyczno\u015b\u0107<\/strong> - nie marnuj pieni\u0119dzy na niewykorzystane licencje, skaluj sw\u00f3j system w miar\u0119 aktualnych potrzeb<\/li>\n\n\n\n<li><strong>Proste zarz\u0105dzanie -<\/strong> monitoruj i zapobiegaj potencjalnym problemom za pomoc\u0105 jednego intuicyjnego interfejsu, kt\u00f3ry mo\u017ce mie\u0107 wp\u0142yw na wydajno\u015b\u0107 systemu, w tym nadmierne wykorzystanie linii miejskich, port\u00f3w g\u0142osowych i wykorzystanie przepustowo\u015bci<\/li>\n\n\n\n<li><strong>Bezpiecze\u0144stwo<\/strong> automatyczne, bezp\u0142atne aktualizacje pomagaj\u0105 aktualizowa\u0107 system, gwarantuj\u0105c bezpiecze\u0144stwo<\/li>\n<\/ul>\n\n\n\n<pre class=\"wp-block-preformatted\"><\/pre>\n\n\n\n<p><\/p>\n<\/div>\n\n\n\n<div class=\"wp-block-column is-layout-flow wp-block-column-is-layout-flow\">\n<figure class=\"wp-block-image\"><img loading=\"lazy\" decoding=\"async\" width=\"765\" height=\"435\" src=\"https:\/\/allvoice.pl\/wp-content\/uploads\/avaya-ipo-cloud.png\" alt=\"\" class=\"wp-image-604\" srcset=\"https:\/\/allvoice.pl\/wp-content\/uploads\/avaya-ipo-cloud.png 765w, https:\/\/allvoice.pl\/wp-content\/uploads\/avaya-ipo-cloud-300x171.png 300w\" sizes=\"(max-width: 765px) 100vw, 765px\" \/><\/figure>\n\n\n\n<p><\/p>\n<\/div>\n<\/div>\n\n\n\n<\/div><div class=\"my-section section-light-gray\" id=\"get-in-touch-with-us\"><div class=\"my-container\">\n\n\n\n<div class=\"eds-animate edsanimate-sis-hidden\" data-eds-entry-animation=\"bounceIn\" data-eds-entry-delay=\"0\" data-eds-entry-duration=\"1\" data-eds-entry-timing=\"linear\" data-eds-exit-animation=\"\" data-eds-exit-delay=\"\" data-eds-exit-duration=\"\" data-eds-exit-timing=\"\" data-eds-repeat-count=\"1\" data-eds-keep=\"yes\" data-eds-animate-on=\"scroll\" data-eds-scroll-offset=\"75\">\n\n\n\n<p style=\"font-size:28px\"><strong>Zapraszamy do kontaktu z nami<\/strong><\/p>\n\n\n\n<p><a href=\"https:\/\/allvoice.pl\/pl\/get-in-touch\/\">Kontakt z doradc\u0105<\/a><\/p>\n\n\n\n<\/div><\/div>","protected":false},"excerpt":{"rendered":"<p>Powered by Avaya IP Office As technology evolves, systems change so quickly it is nearly impossible to keep up. Budgets and staff continue to shrink as we do more with less. Managing system updates and changes has become a cumbersome task as staff focus on other strategic organizational priorities such as customer experience and security. [&hellip;]<\/p>\n","protected":false},"author":1,"featured_media":0,"parent":0,"menu_order":0,"comment_status":"closed","ping_status":"closed","template":"","meta":{"_acf_changed":false,"footnotes":""},"acf":[],"_links":{"self":[{"href":"https:\/\/allvoice.pl\/pl\/wp-json\/wp\/v2\/pages\/603"}],"collection":[{"href":"https:\/\/allvoice.pl\/pl\/wp-json\/wp\/v2\/pages"}],"about":[{"href":"https:\/\/allvoice.pl\/pl\/wp-json\/wp\/v2\/types\/page"}],"author":[{"embeddable":true,"href":"https:\/\/allvoice.pl\/pl\/wp-json\/wp\/v2\/users\/1"}],"replies":[{"embeddable":true,"href":"https:\/\/allvoice.pl\/pl\/wp-json\/wp\/v2\/comments?post=603"}],"version-history":[{"count":40,"href":"https:\/\/allvoice.pl\/pl\/wp-json\/wp\/v2\/pages\/603\/revisions"}],"predecessor-version":[{"id":6254,"href":"https:\/\/allvoice.pl\/pl\/wp-json\/wp\/v2\/pages\/603\/revisions\/6254"}],"wp:attachment":[{"href":"https:\/\/allvoice.pl\/pl\/wp-json\/wp\/v2\/media?parent=603"}],"curies":[{"name":"wp","href":"https:\/\/api.w.org\/{rel}","templated":true}]}}