{"id":5939,"date":"2025-11-24T14:50:34","date_gmt":"2025-11-24T13:50:34","guid":{"rendered":"https:\/\/allvoice.pl\/?page_id=5939"},"modified":"2025-11-25T14:24:35","modified_gmt":"2025-11-25T13:24:35","slug":"european-teams-phone-partner","status":"publish","type":"page","link":"https:\/\/allvoice.pl\/pl\/european-teams-phone-partner\/","title":{"rendered":"Trusted delivery partner for Teams Phone projects across Europe."},"content":{"rendered":"<div class=\"wp-block-cover is-light\"><span aria-hidden=\"true\" class=\"wp-block-cover__background has-background-dim\" style=\"background-color:#90948f\"><\/span><img loading=\"lazy\" decoding=\"async\" width=\"2560\" height=\"1588\" class=\"wp-block-cover__image-background wp-image-5597\" alt=\"Zesp\u00f3\u0142 pracownik\u00f3w w nowoczesnym biurze korzysta z laptop\u00f3w i Microsoft Teams Phone do komunikacji firmowej\" src=\"https:\/\/allvoice.pl\/wp-content\/uploads\/AdobeStock_524371662-scaled.jpeg\" data-object-fit=\"cover\" srcset=\"https:\/\/allvoice.pl\/wp-content\/uploads\/AdobeStock_524371662-scaled.jpeg 2560w, https:\/\/allvoice.pl\/wp-content\/uploads\/AdobeStock_524371662-300x186.jpeg 300w, https:\/\/allvoice.pl\/wp-content\/uploads\/AdobeStock_524371662-1024x635.jpeg 1024w, https:\/\/allvoice.pl\/wp-content\/uploads\/AdobeStock_524371662-768x476.jpeg 768w, https:\/\/allvoice.pl\/wp-content\/uploads\/AdobeStock_524371662-1536x953.jpeg 1536w, https:\/\/allvoice.pl\/wp-content\/uploads\/AdobeStock_524371662-2048x1271.jpeg 2048w, https:\/\/allvoice.pl\/wp-content\/uploads\/AdobeStock_524371662-18x12.jpeg 18w, https:\/\/allvoice.pl\/wp-content\/uploads\/AdobeStock_524371662-1568x973.jpeg 1568w\" sizes=\"(max-width: 2560px) 100vw, 2560px\" \/><div class=\"wp-block-cover__inner-container is-layout-constrained wp-block-cover-is-layout-constrained\"><style>.kb-row-layout-id5939_efc6d4-6a > .kt-row-column-wrap{align-content:start;}:where(.kb-row-layout-id5939_efc6d4-6a > .kt-row-column-wrap) > .wp-block-kadence-column{justify-content:start;}.kb-row-layout-id5939_efc6d4-6a > .kt-row-column-wrap{column-gap:var(--global-kb-gap-md, 2rem);row-gap:var(--global-kb-gap-md, 2rem);max-width:1600px;margin-left:auto;margin-right:auto;padding-top:var(--global-kb-spacing-sm, 1.5rem);padding-bottom:var(--global-kb-spacing-sm, 1.5rem);grid-template-columns:minmax(0, 1fr);}.kb-row-layout-id5939_efc6d4-6a > .kt-row-layout-overlay{opacity:0.30;}@media all and (max-width: 1024px){.kb-row-layout-id5939_efc6d4-6a > .kt-row-column-wrap{grid-template-columns:minmax(0, 1fr);}}@media all and (max-width: 767px){.kb-row-layout-id5939_efc6d4-6a > .kt-row-column-wrap{grid-template-columns:minmax(0, 1fr);}}<\/style><div class=\"kb-row-layout-wrap kb-row-layout-id5939_efc6d4-6a alignnone wp-block-kadence-rowlayout\"><div class=\"kt-row-column-wrap kt-has-1-columns kt-row-layout-equal kt-tab-layout-inherit kt-mobile-layout-row kt-row-valign-top\">\n<style>.kadence-column5939_934d2c-9d > .kt-inside-inner-col,.kadence-column5939_934d2c-9d > .kt-inside-inner-col:before{border-top-left-radius:0px;border-top-right-radius:0px;border-bottom-right-radius:0px;border-bottom-left-radius:0px;}.kadence-column5939_934d2c-9d > .kt-inside-inner-col{column-gap:var(--global-kb-gap-sm, 1rem);}.kadence-column5939_934d2c-9d > .kt-inside-inner-col{flex-direction:column;}.kadence-column5939_934d2c-9d > .kt-inside-inner-col > .aligncenter{width:100%;}.kadence-column5939_934d2c-9d > .kt-inside-inner-col:before{opacity:0.3;}.kadence-column5939_934d2c-9d{position:relative;}@media all and (max-width: 1024px){.kadence-column5939_934d2c-9d > .kt-inside-inner-col{flex-direction:column;justify-content:center;}}@media all and (max-width: 767px){.kadence-column5939_934d2c-9d > .kt-inside-inner-col{flex-direction:column;justify-content:center;}}<\/style>\n<div class=\"wp-block-kadence-column kadence-column5939_934d2c-9d\"><div class=\"kt-inside-inner-col\">\n<p class=\"has-text-align-left has-kb-palette-8-color has-text-color has-link-color has-huge-font-size wp-elements-f2f6e49c14b410bb2d1c09a85401baee\"><strong>European Teams Phone Delivery Partner<\/strong><\/p>\n<\/div><\/div>\n\n<\/div><\/div><\/div><\/div>\n\n\n<style>.kb-row-layout-id5939_c5d0ee-13 > .kt-row-column-wrap{align-content:start;}:where(.kb-row-layout-id5939_c5d0ee-13 > .kt-row-column-wrap) > .wp-block-kadence-column{justify-content:start;}.kb-row-layout-id5939_c5d0ee-13 > .kt-row-column-wrap{column-gap:var(--global-kb-gap-md, 2rem);row-gap:var(--global-kb-gap-md, 2rem);max-width:1600px;margin-left:auto;margin-right:auto;padding-top:var(--global-kb-spacing-sm, 1.5rem);padding-bottom:var(--global-kb-spacing-sm, 1.5rem);grid-template-columns:minmax(0, 1fr);}.kb-row-layout-id5939_c5d0ee-13 > .kt-row-layout-overlay{opacity:0.30;}@media all and (max-width: 1024px){.kb-row-layout-id5939_c5d0ee-13 > .kt-row-column-wrap{grid-template-columns:minmax(0, 1fr);}}@media all and (max-width: 767px){.kb-row-layout-id5939_c5d0ee-13 > .kt-row-column-wrap{grid-template-columns:minmax(0, 1fr);}}<\/style><div class=\"kb-row-layout-wrap kb-row-layout-id5939_c5d0ee-13 alignnone wp-block-kadence-rowlayout\"><div class=\"kt-row-column-wrap kt-has-1-columns kt-row-layout-equal kt-tab-layout-inherit kt-mobile-layout-row kt-row-valign-top\">\n<style>.kadence-column5939_4fcc76-f6 > .kt-inside-inner-col,.kadence-column5939_4fcc76-f6 > .kt-inside-inner-col:before{border-top-left-radius:0px;border-top-right-radius:0px;border-bottom-right-radius:0px;border-bottom-left-radius:0px;}.kadence-column5939_4fcc76-f6 > .kt-inside-inner-col{column-gap:var(--global-kb-gap-sm, 1rem);}.kadence-column5939_4fcc76-f6 > .kt-inside-inner-col{flex-direction:column;}.kadence-column5939_4fcc76-f6 > .kt-inside-inner-col > .aligncenter{width:100%;}.kadence-column5939_4fcc76-f6 > .kt-inside-inner-col:before{opacity:0.3;}.kadence-column5939_4fcc76-f6{position:relative;}@media all and (max-width: 1024px){.kadence-column5939_4fcc76-f6 > .kt-inside-inner-col{flex-direction:column;justify-content:center;}}@media all and (max-width: 767px){.kadence-column5939_4fcc76-f6 > .kt-inside-inner-col{flex-direction:column;justify-content:center;}}<\/style>\n<div class=\"wp-block-kadence-column kadence-column5939_4fcc76-f6\"><div class=\"kt-inside-inner-col\">\n<p>Enterprise-scale Microsoft Teams Phone migrations delivered by senior UC engineers from Central &amp; Eastern Europe.<br>Fast onboarding, flexible delivery and competitive pricing for global rollouts.<\/p>\n\n\n\n<p>We support deployments from <strong>500 to 50,000 users<\/strong> across Europe and beyond.<\/p>\n\n\n<style>.wp-block-kadence-advancedbtn.kb-btns5939_f02132-46{gap:var(--global-kb-gap-xs, 0.5rem );justify-content:flex-start;align-items:center;}.kt-btns5939_f02132-46 .kt-button{font-weight:normal;font-style:normal;}.kt-btns5939_f02132-46 .kt-btn-wrap-0{margin-right:5px;}.wp-block-kadence-advancedbtn.kt-btns5939_f02132-46 .kt-btn-wrap-0 .kt-button{color:#555555;border-color:#555555;}.wp-block-kadence-advancedbtn.kt-btns5939_f02132-46 .kt-btn-wrap-0 .kt-button:hover, .wp-block-kadence-advancedbtn.kt-btns5939_f02132-46 .kt-btn-wrap-0 .kt-button:focus{color:#ffffff;border-color:#444444;}.wp-block-kadence-advancedbtn.kt-btns5939_f02132-46 .kt-btn-wrap-0 .kt-button::before{display:none;}.wp-block-kadence-advancedbtn.kt-btns5939_f02132-46 .kt-btn-wrap-0 .kt-button:hover, .wp-block-kadence-advancedbtn.kt-btns5939_f02132-46 .kt-btn-wrap-0 .kt-button:focus{background:#444444;}<\/style>\n<div class=\"wp-block-kadence-advancedbtn kb-buttons-wrap kb-btns5939_f02132-46\"><style>ul.menu .wp-block-kadence-advancedbtn .kb-btn5939_dc61b5-63.kb-button{width:initial;}.wp-block-kadence-advancedbtn .kb-btn5939_dc61b5-63.kb-button{color:#ffffff;background:#e41e26;box-shadow:20px 20px 30px 0px rgba(0, 0, 0, 0.2);}<\/style><a class=\"kb-button kt-button button kb-btn5939_dc61b5-63 kt-btn-size-standard kt-btn-width-type-auto kb-btn-global-fill kt-btn-has-text-true kt-btn-has-svg-false wp-block-kadence-singlebtn\" href=\"https:\/\/www.linkedin.com\/company\/allvoice\" target=\"_blank\" rel=\"noreferrer noopener nofollow\"><span class=\"kt-btn-inner-text\">Find us on Linked in<\/span><\/a><\/div>\n\n\n\n<p><\/p>\n\n\n\n<p class=\"has-text-align-left\">AllVoice \u2013 UC &amp; Telephony Integrator based in the EU, supporting Microsoft Teams Phone projects across Europe.<\/p>\n<\/div><\/div>\n\n<\/div><\/div>\n\n<style>.kb-row-layout-id5939_04ca9f-5a > .kt-row-column-wrap{align-content:start;}:where(.kb-row-layout-id5939_04ca9f-5a > .kt-row-column-wrap) > .wp-block-kadence-column{justify-content:start;}.kb-row-layout-id5939_04ca9f-5a > .kt-row-column-wrap{column-gap:var(--global-kb-gap-md, 2rem);row-gap:var(--global-kb-gap-md, 2rem);max-width:1600px;margin-left:auto;margin-right:auto;padding-top:var(--global-kb-spacing-sm, 1.5rem);padding-bottom:var(--global-kb-spacing-sm, 1.5rem);grid-template-columns:minmax(0, 1fr);}.kb-row-layout-id5939_04ca9f-5a > .kt-row-layout-overlay{opacity:0.30;}@media all and (max-width: 1024px){.kb-row-layout-id5939_04ca9f-5a > .kt-row-column-wrap{grid-template-columns:minmax(0, 1fr);}}@media all and (max-width: 767px){.kb-row-layout-id5939_04ca9f-5a > .kt-row-column-wrap{grid-template-columns:minmax(0, 1fr);}}<\/style><div class=\"kb-row-layout-wrap kb-row-layout-id5939_04ca9f-5a alignnone has-kb-palette-6-background-color kt-row-has-bg wp-block-kadence-rowlayout\"><div class=\"kt-row-column-wrap kt-has-1-columns kt-row-layout-equal kt-tab-layout-inherit kt-mobile-layout-row kt-row-valign-top\">\n<style>.kadence-column5939_f232c8-c0 > .kt-inside-inner-col,.kadence-column5939_f232c8-c0 > .kt-inside-inner-col:before{border-top-left-radius:0px;border-top-right-radius:0px;border-bottom-right-radius:0px;border-bottom-left-radius:0px;}.kadence-column5939_f232c8-c0 > .kt-inside-inner-col{column-gap:var(--global-kb-gap-sm, 1rem);}.kadence-column5939_f232c8-c0 > .kt-inside-inner-col{flex-direction:column;}.kadence-column5939_f232c8-c0 > .kt-inside-inner-col > .aligncenter{width:100%;}.kadence-column5939_f232c8-c0 > .kt-inside-inner-col:before{opacity:0.3;}.kadence-column5939_f232c8-c0{position:relative;}@media all and (max-width: 1024px){.kadence-column5939_f232c8-c0 > .kt-inside-inner-col{flex-direction:column;justify-content:center;}}@media all and (max-width: 767px){.kadence-column5939_f232c8-c0 > .kt-inside-inner-col{flex-direction:column;justify-content:center;}}<\/style>\n<div class=\"wp-block-kadence-column kadence-column5939_f232c8-c0\"><div class=\"kt-inside-inner-col\">\n<h2 class=\"wp-block-heading\"><strong>What we deliver<\/strong><\/h2>\n\n\n\n<p>We act as a delivery partner for system integrators, service providers and large enterprises that need a reliable Microsoft Teams Phone implementation team in Europe.<\/p>\n\n\n\n<ul>\n<li>Teams Phone migrations and number porting<\/li>\n\n\n\n<li>User activation at scale (multi-country rollouts)<\/li>\n\n\n\n<li>SBC configuration, routing and dial plans<\/li>\n\n\n\n<li>Hybrid setups and on-prem \u2192 cloud transitions<\/li>\n\n\n\n<li>Emergency calling, compliance and governance<\/li>\n\n\n\n<li>Cooperation with carriers, SIP trunks, SBC vendors and local partners<\/li>\n<\/ul>\n<\/div><\/div>\n\n<\/div><\/div>\n\n<style>.kb-row-layout-id5939_854f3f-36 > .kt-row-column-wrap{align-content:start;}:where(.kb-row-layout-id5939_854f3f-36 > .kt-row-column-wrap) > .wp-block-kadence-column{justify-content:start;}.kb-row-layout-id5939_854f3f-36 > .kt-row-column-wrap{column-gap:var(--global-kb-gap-md, 2rem);row-gap:var(--global-kb-gap-md, 2rem);max-width:1600px;margin-left:auto;margin-right:auto;padding-top:var(--global-kb-spacing-sm, 1.5rem);padding-bottom:var(--global-kb-spacing-sm, 1.5rem);grid-template-columns:minmax(0, 1fr);}.kb-row-layout-id5939_854f3f-36 > .kt-row-layout-overlay{opacity:0.30;}@media all and (max-width: 1024px){.kb-row-layout-id5939_854f3f-36 > .kt-row-column-wrap{grid-template-columns:minmax(0, 1fr);}}@media all and (max-width: 767px){.kb-row-layout-id5939_854f3f-36 > .kt-row-column-wrap{grid-template-columns:minmax(0, 1fr);}}<\/style><div class=\"kb-row-layout-wrap kb-row-layout-id5939_854f3f-36 alignnone wp-block-kadence-rowlayout\"><div class=\"kt-row-column-wrap kt-has-1-columns kt-row-layout-equal kt-tab-layout-inherit kt-mobile-layout-row kt-row-valign-top\">\n<style>.kadence-column5939_2c69b9-2b > .kt-inside-inner-col,.kadence-column5939_2c69b9-2b > .kt-inside-inner-col:before{border-top-left-radius:0px;border-top-right-radius:0px;border-bottom-right-radius:0px;border-bottom-left-radius:0px;}.kadence-column5939_2c69b9-2b > .kt-inside-inner-col{column-gap:var(--global-kb-gap-sm, 1rem);}.kadence-column5939_2c69b9-2b > .kt-inside-inner-col{flex-direction:column;}.kadence-column5939_2c69b9-2b > .kt-inside-inner-col > .aligncenter{width:100%;}.kadence-column5939_2c69b9-2b > .kt-inside-inner-col:before{opacity:0.3;}.kadence-column5939_2c69b9-2b{position:relative;}@media all and (max-width: 1024px){.kadence-column5939_2c69b9-2b > .kt-inside-inner-col{flex-direction:column;justify-content:center;}}@media all and (max-width: 767px){.kadence-column5939_2c69b9-2b > .kt-inside-inner-col{flex-direction:column;justify-content:center;}}<\/style>\n<div class=\"wp-block-kadence-column kadence-column5939_2c69b9-2b\"><div class=\"kt-inside-inner-col\">\n<h2 class=\"wp-block-heading\"><strong>Work with a European delivery team<\/strong><\/h2>\n\n\n\n<p>AllVoice is a UC and telephony integrator based in the EU, supporting clients and partners across Europe.<br>We combine deep telephony expertise with the cost structure of a Central &amp; Eastern European engineering team.<\/p>\n\n\n\n<ul>\n<li>Senior engineers with 10+ years in enterprise telephony and UC<\/li>\n\n\n\n<li>Full English communication and project documentation<\/li>\n\n\n\n<li>More competitive delivery costs than typical Western Europe rates<\/li>\n\n\n\n<li>Experience with multi-country deployments and complex routing<\/li>\n\n\n\n<li>Familiarity with carriers, SIP trunks, SBCs and legacy PBX environments<\/li>\n\n\n\n<li>Flexible engagement model: project-based or ongoing delivery partner<\/li>\n<\/ul>\n<\/div><\/div>\n\n<\/div><\/div>\n\n<style>.kb-row-layout-id5939_2be045-a9 > .kt-row-column-wrap{align-content:start;}:where(.kb-row-layout-id5939_2be045-a9 > .kt-row-column-wrap) > .wp-block-kadence-column{justify-content:start;}.kb-row-layout-id5939_2be045-a9 > .kt-row-column-wrap{column-gap:var(--global-kb-gap-md, 2rem);row-gap:var(--global-kb-gap-md, 2rem);max-width:1600px;margin-left:auto;margin-right:auto;padding-top:var(--global-kb-spacing-sm, 1.5rem);padding-bottom:var(--global-kb-spacing-sm, 1.5rem);grid-template-columns:minmax(0, 1fr);}.kb-row-layout-id5939_2be045-a9 > .kt-row-layout-overlay{opacity:0.30;}@media all and (max-width: 1024px){.kb-row-layout-id5939_2be045-a9 > .kt-row-column-wrap{grid-template-columns:minmax(0, 1fr);}}@media all and (max-width: 767px){.kb-row-layout-id5939_2be045-a9 > .kt-row-column-wrap{grid-template-columns:minmax(0, 1fr);}}<\/style><div class=\"kb-row-layout-wrap kb-row-layout-id5939_2be045-a9 alignnone has-kb-palette-1-background-color kt-row-has-bg wp-block-kadence-rowlayout\"><div class=\"kt-row-column-wrap kt-has-1-columns kt-row-layout-equal kt-tab-layout-inherit kt-mobile-layout-row kt-row-valign-top\">\n<style>.kadence-column5939_1613b3-7d > .kt-inside-inner-col,.kadence-column5939_1613b3-7d > .kt-inside-inner-col:before{border-top-left-radius:0px;border-top-right-radius:0px;border-bottom-right-radius:0px;border-bottom-left-radius:0px;}.kadence-column5939_1613b3-7d > .kt-inside-inner-col{column-gap:var(--global-kb-gap-sm, 1rem);}.kadence-column5939_1613b3-7d > .kt-inside-inner-col{flex-direction:column;}.kadence-column5939_1613b3-7d > .kt-inside-inner-col > .aligncenter{width:100%;}.kadence-column5939_1613b3-7d > .kt-inside-inner-col:before{opacity:0.3;}.kadence-column5939_1613b3-7d{position:relative;}@media all and (max-width: 1024px){.kadence-column5939_1613b3-7d > .kt-inside-inner-col{flex-direction:column;justify-content:center;}}@media all and (max-width: 767px){.kadence-column5939_1613b3-7d > .kt-inside-inner-col{flex-direction:column;justify-content:center;}}<\/style>\n<div class=\"wp-block-kadence-column kadence-column5939_1613b3-7d\"><div class=\"kt-inside-inner-col\">\n<p class=\"has-text-align-center has-kb-palette-8-color has-text-color has-link-color wp-elements-1097eb2f7e88ce053e9c26663439ec48\">Share a short outline of your project or simply book a quick call.<br>We can support you as a white-label delivery partner or as a direct integrator.<\/p>\n\n\n\n<h2 class=\"wp-block-heading has-text-align-center has-kb-palette-8-color has-text-color has-link-color wp-elements-6d6e7b53ba4d193329a7976ba75d9742\"><strong>Ready to discuss a Teams Phone rollout?<\/strong><\/h2>\n\n\n<style>.wp-block-kadence-advancedbtn.kb-btns5939_0a633e-bc{gap:var(--global-kb-gap-xs, 0.5rem );justify-content:center;align-items:center;}.kt-btns5939_0a633e-bc .kt-button{font-weight:normal;font-style:normal;}.kt-btns5939_0a633e-bc .kt-btn-wrap-0{margin-right:5px;}.wp-block-kadence-advancedbtn.kt-btns5939_0a633e-bc .kt-btn-wrap-0 .kt-button{color:#555555;border-color:#555555;}.wp-block-kadence-advancedbtn.kt-btns5939_0a633e-bc .kt-btn-wrap-0 .kt-button:hover, .wp-block-kadence-advancedbtn.kt-btns5939_0a633e-bc .kt-btn-wrap-0 .kt-button:focus{color:#ffffff;border-color:#444444;}.wp-block-kadence-advancedbtn.kt-btns5939_0a633e-bc .kt-btn-wrap-0 .kt-button::before{display:none;}.wp-block-kadence-advancedbtn.kt-btns5939_0a633e-bc .kt-btn-wrap-0 .kt-button:hover, .wp-block-kadence-advancedbtn.kt-btns5939_0a633e-bc .kt-btn-wrap-0 .kt-button:focus{background:#444444;}<\/style>\n<div class=\"wp-block-kadence-advancedbtn kb-buttons-wrap kb-btns5939_0a633e-bc\"><style>ul.menu .wp-block-kadence-advancedbtn .kb-btn5939_b2482e-79.kb-button{width:initial;}.wp-block-kadence-advancedbtn .kb-btn5939_b2482e-79.kb-button{background:#2d2d2d;box-shadow:20px 20px 30px 0px rgba(0, 0, 0, 0.2);}<\/style><a class=\"kb-button kt-button button kb-btn5939_b2482e-79 kt-btn-size-standard kt-btn-width-type-auto kb-btn-global-fill kt-btn-has-text-true kt-btn-has-svg-false wp-block-kadence-singlebtn\" href=\"https:\/\/allvoice.pl\/book-gg\"><span class=\"kt-btn-inner-text\">Schedule a 15 min call<\/span><\/a>\n\n<style>ul.menu .wp-block-kadence-advancedbtn .kb-btn5939_1c177f-a3.kb-button{width:initial;}.wp-block-kadence-advancedbtn .kb-btn5939_1c177f-a3.kb-button{background:#2d2d2d;box-shadow:20px 20px 30px 0px rgba(0, 0, 0, 0.2);}<\/style><a class=\"kb-button kt-button button kb-btn5939_1c177f-a3 kt-btn-size-standard kt-btn-width-type-auto kb-btn-global-fill kt-btn-has-text-true kt-btn-has-svg-false wp-block-kadence-singlebtn\" href=\"https:\/\/allvoice.pl\/pl\/get-in-touch\/\" target=\"_blank\" rel=\"noreferrer noopener\"><span class=\"kt-btn-inner-text\">Email us your project outline<\/span><\/a><\/div>\n<\/div><\/div>\n\n<\/div><\/div>","protected":false},"excerpt":{"rendered":"<p>Enterprise-scale Microsoft Teams Phone migrations delivered by senior UC engineers from Central &amp; Eastern Europe.Fast onboarding, flexible delivery and competitive pricing for global rollouts. We support deployments from 500 to 50,000 users across Europe and beyond. AllVoice \u2013 UC &amp; Telephony Integrator based in the EU, supporting Microsoft Teams Phone projects across Europe. What we [&hellip;]<\/p>\n","protected":false},"author":12,"featured_media":0,"parent":0,"menu_order":0,"comment_status":"closed","ping_status":"closed","template":"","meta":{"_acf_changed":false,"footnotes":""},"acf":[],"_links":{"self":[{"href":"https:\/\/allvoice.pl\/pl\/wp-json\/wp\/v2\/pages\/5939"}],"collection":[{"href":"https:\/\/allvoice.pl\/pl\/wp-json\/wp\/v2\/pages"}],"about":[{"href":"https:\/\/allvoice.pl\/pl\/wp-json\/wp\/v2\/types\/page"}],"author":[{"embeddable":true,"href":"https:\/\/allvoice.pl\/pl\/wp-json\/wp\/v2\/users\/12"}],"replies":[{"embeddable":true,"href":"https:\/\/allvoice.pl\/pl\/wp-json\/wp\/v2\/comments?post=5939"}],"version-history":[{"count":23,"href":"https:\/\/allvoice.pl\/pl\/wp-json\/wp\/v2\/pages\/5939\/revisions"}],"predecessor-version":[{"id":5977,"href":"https:\/\/allvoice.pl\/pl\/wp-json\/wp\/v2\/pages\/5939\/revisions\/5977"}],"wp:attachment":[{"href":"https:\/\/allvoice.pl\/pl\/wp-json\/wp\/v2\/media?parent=5939"}],"curies":[{"name":"wp","href":"https:\/\/api.w.org\/{rel}","templated":true}]}}