{"id":571,"date":"2019-09-22T10:35:18","date_gmt":"2019-09-22T08:35:18","guid":{"rendered":"http:\/\/dawid969.webd.pl\/allvoice\/?page_id=571"},"modified":"2020-01-15T17:44:09","modified_gmt":"2020-01-15T16:44:09","slug":"audiocodes","status":"publish","type":"page","link":"https:\/\/allvoice.pl\/pl\/audiocodes\/","title":{"rendered":"Audiocodes"},"content":{"rendered":"<div class=\"wp-block-cover has-background-dim-40 has-background-dim\" style=\"background-image:url(https:\/\/allvoice.pl\/wp-content\/uploads\/Depositphotos_85789940_xl-2015.jpg);background-color:#008dc3;background-position:49.504950495049506% 64.07407407407408%\"><div class=\"wp-block-cover__inner-container is-layout-flow wp-block-cover-is-layout-flow\">\n<h1 class=\"wp-block-heading\" style=\"text-align:left\">Audiocodes<\/h1>\n\n\n\n<p><\/p>\n<\/div><\/div>\n\n\n\n<div class=\"my-container my-section\">\n\n\n\n<div class=\"wp-block-columns alignwide has-2-columns bigger-space is-layout-flex wp-container-core-columns-is-layout-1 wp-block-columns-is-layout-flex\">\n<div class=\"wp-block-column is-layout-flow wp-block-column-is-layout-flow\">\n<p>Audiocodes<\/p>\n\n\n\n<hr class=\"wp-block-separator\"\/>\n\n\n\n<p style=\"font-size:18px\">W \u015brodowisku korporacyjnym SBC tworz\u0105 skuteczny punkt rozgraniczaj\u0105cy mi\u0119dzy biznesow\u0105 sieci\u0105 VoIP, a \u0142\u0105czem SIP us\u0142ugodawcy, wykonuj\u0105c mediacj\u0119 protoko\u0142u SIP i obs\u0142ug\u0119 medi\u00f3w oraz zabezpieczaj\u0105c korporacyjn\u0105 sie\u0107 VoIP.<\/p>\n\n\n\n<p style=\"font-size:18px\">In the service provider core, AudioCodes SBCs can function as peering SBCs between operator networks or as access SBCs delivering security and protocol normalization.<\/p>\n\n\n\n<p style=\"font-size:18px\">Rodzina  produkt\u00f3w SBC Mediant obejmuje szereg platform, kt\u00f3re oferuj\u0105 op\u0142acaln\u0105 funkcjonalno\u015b\u0107 SBC i opcj\u0119 hybrydow\u0105 (SIP do TDM, SIP do SIP). <\/p>\n<\/div>\n\n\n\n<div class=\"wp-block-column is-layout-flow wp-block-column-is-layout-flow\">\n<figure class=\"wp-block-image\"><img loading=\"lazy\" decoding=\"async\" width=\"758\" height=\"428\" src=\"https:\/\/allvoice.pl\/wp-content\/uploads\/allcode-1.jpg\" alt=\"\" class=\"wp-image-573\" srcset=\"https:\/\/allvoice.pl\/wp-content\/uploads\/allcode-1.jpg 758w, https:\/\/allvoice.pl\/wp-content\/uploads\/allcode-1-300x169.jpg 300w\" sizes=\"(max-width: 758px) 100vw, 758px\" \/><\/figure>\n\n\n\n<figure class=\"wp-block-image\"><img loading=\"lazy\" decoding=\"async\" width=\"758\" height=\"428\" src=\"https:\/\/allvoice.pl\/wp-content\/uploads\/allcodes-2.jpg\" alt=\"\" class=\"wp-image-574\" srcset=\"https:\/\/allvoice.pl\/wp-content\/uploads\/allcodes-2.jpg 758w, https:\/\/allvoice.pl\/wp-content\/uploads\/allcodes-2-300x169.jpg 300w\" sizes=\"(max-width: 758px) 100vw, 758px\" \/><\/figure>\n<\/div>\n<\/div>\n\n\n\n<\/div><div class=\"my-section section-light-gray\"><div class=\"my-container\">\n\n\n<div class=\"eds-animate edsanimate-sis-hidden\" data-eds-entry-animation=\"fadeInUp\" data-eds-entry-delay=\"0\" data-eds-entry-duration=\"0.5\" data-eds-entry-timing=\"linear\" data-eds-exit-animation=\"\" data-eds-exit-delay=\"\" data-eds-exit-duration=\"\" data-eds-exit-timing=\"\" data-eds-repeat-count=\"1\" data-eds-keep=\"yes\" data-eds-animate-on=\"scroll\" data-eds-scroll-offset=\"75\">\n\n\n<div class=\"wp-block-columns has-2-columns ipoc-four-columns is-layout-flex wp-container-core-columns-is-layout-2 wp-block-columns-is-layout-flex\">\n<div class=\"wp-block-column is-layout-flow wp-block-column-is-layout-flow\">\n<p>Zalety<\/p>\n\n\n\n<hr class=\"wp-block-separator seperator-red\"\/>\n\n\n\n<p style=\"font-size:18px\">Skalowalna oferta produkt\u00f3w odpowiednich do wdro\u017ce\u0144 dla przedsi\u0119biorstw i dostawc\u00f3w us\u0142ug<\/p>\n\n\n\n<p style=\"font-size:18px\">Zapewnia p\u0142ynn\u0105 migracj\u0119 ze starszej telefonii do infrastruktury opartej na protokole SIP<\/p>\n\n\n\n<p style=\"font-size:18px\">Zapewnia odpowiednie zabezpieczenia w celu ochrony przed z\u0142o\u015bliwymi atakami i oszustwami<\/p>\n\n\n\n<p style=\"font-size:18px\">Wdro\u017cony jako dedykowane urz\u0105dzenie lub oprogramowanie dzia\u0142aj\u0105ce w \u015brodowiskach wirtualnych<\/p>\n\n\n\n<p><\/p>\n<\/div>\n\n\n\n<div class=\"wp-block-column is-layout-flow wp-block-column-is-layout-flow\">\n<p>Funkcje<\/p>\n\n\n\n<hr class=\"wp-block-separator seperator-red\"\/>\n\n\n\n<p style=\"font-size:18px\">Hybrydowe platformy SIP \/ TDM umo\u017cliwiaj\u0105 \u0142\u0105czno\u015b\u0107 ze starszymi urz\u0105dzeniami<\/p>\n\n\n\n<p style=\"font-size:17px\"><br>Identyczne kodowanie dla wszystkich modeli upraszcza szkolenie i zarz\u0105dzanie<\/p>\n\n\n\n<p style=\"font-size:18px\"><br>Certyfikowana interoperacyjno\u015b\u0107 z wiod\u0105cymi dostawcami i operatorami UC<\/p>\n\n\n\n<p style=\"font-size:18px\"><br>Zaawansowane mo\u017cliwo\u015bci konfiguracji SIP<\/p>\n<\/div>\n<\/div>\n\n\n\n<\/div><\/div><\/div><div class=\"my-section section-light-gray\" id=\"get-in-touch-with-us\"><div class=\"my-container\">\n\n\n\n<div class=\"eds-animate edsanimate-sis-hidden\" data-eds-entry-animation=\"bounceIn\" data-eds-entry-delay=\"0\" data-eds-entry-duration=\"1\" data-eds-entry-timing=\"linear\" data-eds-exit-animation=\"\" data-eds-exit-delay=\"\" data-eds-exit-duration=\"\" data-eds-exit-timing=\"\" data-eds-repeat-count=\"1\" data-eds-keep=\"yes\" data-eds-animate-on=\"scroll\" data-eds-scroll-offset=\"75\">\n\n\n\n<p style=\"font-size:28px\"><strong>Zapraszamy do kontaktu z nami<\/strong><\/p>\n\n\n\n<p><a href=\"https:\/\/allvoice.pl\/pl\/get-in-touch\/\">Kontakt z doradc\u0105<\/a><\/p>\n\n\n\n<\/div><\/div>","protected":false},"excerpt":{"rendered":"<p>Audiocodes In the enterprise environment, SBCs form an effective demarcation point between the business\u2019s VoIP network and the service provider\u2019s SIP trunk, performing SIP protocol mediation and media handling (interoperability), and securing the enterprise VoIP network. In the service provider core, AudioCodes SBCs can function as peering SBCs between operator networks or as access SBCs [&hellip;]<\/p>\n","protected":false},"author":1,"featured_media":0,"parent":0,"menu_order":0,"comment_status":"closed","ping_status":"closed","template":"","meta":{"_acf_changed":false,"footnotes":""},"acf":[],"_links":{"self":[{"href":"https:\/\/allvoice.pl\/pl\/wp-json\/wp\/v2\/pages\/571"}],"collection":[{"href":"https:\/\/allvoice.pl\/pl\/wp-json\/wp\/v2\/pages"}],"about":[{"href":"https:\/\/allvoice.pl\/pl\/wp-json\/wp\/v2\/types\/page"}],"author":[{"embeddable":true,"href":"https:\/\/allvoice.pl\/pl\/wp-json\/wp\/v2\/users\/1"}],"replies":[{"embeddable":true,"href":"https:\/\/allvoice.pl\/pl\/wp-json\/wp\/v2\/comments?post=571"}],"version-history":[{"count":18,"href":"https:\/\/allvoice.pl\/pl\/wp-json\/wp\/v2\/pages\/571\/revisions"}],"predecessor-version":[{"id":1460,"href":"https:\/\/allvoice.pl\/pl\/wp-json\/wp\/v2\/pages\/571\/revisions\/1460"}],"wp:attachment":[{"href":"https:\/\/allvoice.pl\/pl\/wp-json\/wp\/v2\/media?parent=571"}],"curies":[{"name":"wp","href":"https:\/\/api.w.org\/{rel}","templated":true}]}}