{"id":567,"date":"2019-09-22T09:54:52","date_gmt":"2019-09-22T07:54:52","guid":{"rendered":"http:\/\/dawid969.webd.pl\/allvoice\/?page_id=567"},"modified":"2019-11-16T20:09:39","modified_gmt":"2019-11-16T19:09:39","slug":"voice-security","status":"publish","type":"page","link":"https:\/\/allvoice.pl\/pl\/voice-security\/","title":{"rendered":"Bezpiecze\u0144stwo voice"},"content":{"rendered":"<div class=\"wp-block-cover aligncenter has-background-dim-40 has-background-dim\" style=\"background-image:url(https:\/\/allvoice.pl\/wp-content\/uploads\/computer-1591018_1920.jpg);background-color:#008dc3;background-position:2.9702970297029703% 78.03030303030303%\"><div class=\"wp-block-cover__inner-container is-layout-flow wp-block-cover-is-layout-flow\">\n<h1 class=\"wp-block-heading\" style=\"text-align:left\">Voice <br>Bezpiecze\u0144stwo<\/h1>\n<\/div><\/div>\n\n\n\n<div class=\"my-container my-section\">\n\n\n\n<p style=\"text-align:center\" class=\"basic-description\"><strong>Zadbaj o bezpiecze\u0144stwo systemu UC, kt\u00f3rego u\u017cywasz w swojej firmie. Dzi\u0119ki nast\u0119puj\u0105cym skutecznym rozwi\u0105zaniom przygotowanym przez wiod\u0105cych producent\u00f3w, takich jak Avaya i Audiocode, nie b\u0119dziesz nara\u017cony na niebezpiecze\u0144stwo ze strony os\u00f3b nieupowa\u017cnionych spoza firmy.<\/strong><\/p>\n\n\n\n<p style=\"text-align:center\" class=\"basic-description\">Warstwowa ochrona aplikacji z wbudowan\u0105 zapor\u0105 \u0142\u0105cza SIPowego, system operacyjny, autoryzowany i kontrolowany dost\u0119p, oraz funkcje UC proxy i odg\u00f3rne zasady dzia\u0142ania systemu operacyjnego. Wielofunkcyjne urz\u0105dzenie do obs\u0142ugi \u0142\u0105cz SIP'owych<\/p>\n\n\n\n<div class=\"wp-block-columns has-2-columns list-companies is-layout-flex wp-container-core-columns-is-layout-1 wp-block-columns-is-layout-flex\">\n<div class=\"wp-block-column is-layout-flow wp-block-column-is-layout-flow\">\n<p style=\"text-align:center\" class=\"wp-block-image\"><a href=\"..\/sbce\/\"><img loading=\"lazy\" decoding=\"async\" width=\"179\" height=\"52\" class=\"wp-image-176\" style=\"width: px;\" src=\"https:\/\/allvoice.pl\/wp-content\/uploads\/2019\/09\/avaya.png\" alt=\"\"><\/a><\/p>\n\n\n\n<div class=\"element-content\">\n<h4>Avaya ASBCE<\/h4>\n<p>Avaya Session Border Controller (SBC) to rozwi\u0105zanie pojedynczej skrzynki, kt\u00f3re zapewnia wyra\u017an\u0105 lini\u0119 obrony i bezpiecze\u0144stwa, w kt\u00f3rej \u0142\u0105cze SIP styka si\u0119 z sieci\u0105 publiczn\u0105.<\/p><\/div>\n<\/div>\n\n\n\n<div class=\"wp-block-column is-layout-flow wp-block-column-is-layout-flow\">\n<p style=\"text-align:center\" class=\"wp-block-image\"><a href=\"..\/audiocodes\/\"><img loading=\"lazy\" decoding=\"async\" width=\"193\" height=\"103\" class=\"wp-image-568\" style=\"width: px;\" src=\"https:\/\/allvoice.pl\/wp-content\/uploads\/audio-codes.png\" alt=\"\"><\/a><\/p>\n\n\n\n<div class=\"element-content\">\n<h4>Audiocodes SBCs<\/h4>\n<p>SBC Mediant firmy Audiocode zapewniaj\u0105 bezproblemow\u0105 \u0142\u0105czno\u015b\u0107, zwi\u0119kszone bezpiecze\u0144stwo i zapewnienie jako\u015bci dla sieci VoIP dla przedsi\u0119biorstw i dostawc\u00f3w us\u0142ug.\n<\/p><\/div>\n<\/div>\n<\/div>\n\n\n\n<\/div>\n\n\n\n<p><\/p>","protected":false},"excerpt":{"rendered":"<p>Take care of the security of the UC system that you use in your company. Thanks to the following effective solutions prepared by leading manufacturers such as Avaya and Audiocode, you will not be exposed to the danger of unauthorized persons from outside your company. These devices provide sophisticated, application-layer security &#8211; including a SIP [&hellip;]<\/p>\n","protected":false},"author":1,"featured_media":0,"parent":0,"menu_order":0,"comment_status":"closed","ping_status":"closed","template":"","meta":{"_acf_changed":false,"footnotes":""},"acf":[],"_links":{"self":[{"href":"https:\/\/allvoice.pl\/pl\/wp-json\/wp\/v2\/pages\/567"}],"collection":[{"href":"https:\/\/allvoice.pl\/pl\/wp-json\/wp\/v2\/pages"}],"about":[{"href":"https:\/\/allvoice.pl\/pl\/wp-json\/wp\/v2\/types\/page"}],"author":[{"embeddable":true,"href":"https:\/\/allvoice.pl\/pl\/wp-json\/wp\/v2\/users\/1"}],"replies":[{"embeddable":true,"href":"https:\/\/allvoice.pl\/pl\/wp-json\/wp\/v2\/comments?post=567"}],"version-history":[{"count":16,"href":"https:\/\/allvoice.pl\/pl\/wp-json\/wp\/v2\/pages\/567\/revisions"}],"predecessor-version":[{"id":1093,"href":"https:\/\/allvoice.pl\/pl\/wp-json\/wp\/v2\/pages\/567\/revisions\/1093"}],"wp:attachment":[{"href":"https:\/\/allvoice.pl\/pl\/wp-json\/wp\/v2\/media?parent=567"}],"curies":[{"name":"wp","href":"https:\/\/api.w.org\/{rel}","templated":true}]}}