{"id":4578,"date":"2025-05-19T16:12:04","date_gmt":"2025-05-19T14:12:04","guid":{"rendered":"https:\/\/allvoice.pl\/?page_id=4578"},"modified":"2025-07-10T11:01:44","modified_gmt":"2025-07-10T09:01:44","slug":"mitel-cx","status":"publish","type":"page","link":"https:\/\/allvoice.pl\/pl\/mitel-cx\/","title":{"rendered":"Mitel CX"},"content":{"rendered":"<div class=\"wp-block-cover is-light\"><span aria-hidden=\"true\" class=\"wp-block-cover__background has-background-dim\" style=\"background-color:#a2a8a6\"><\/span><img loading=\"lazy\" decoding=\"async\" width=\"2560\" height=\"1709\" class=\"wp-block-cover__image-background wp-image-4433\" alt=\"\" src=\"https:\/\/allvoice.pl\/wp-content\/uploads\/AdobeStock_938281084-scaled.jpeg\" style=\"object-position:66% 35%\" data-object-fit=\"cover\" data-object-position=\"66% 35%\" srcset=\"https:\/\/allvoice.pl\/wp-content\/uploads\/AdobeStock_938281084-scaled.jpeg 2560w, https:\/\/allvoice.pl\/wp-content\/uploads\/AdobeStock_938281084-300x200.jpeg 300w, https:\/\/allvoice.pl\/wp-content\/uploads\/AdobeStock_938281084-1024x683.jpeg 1024w, https:\/\/allvoice.pl\/wp-content\/uploads\/AdobeStock_938281084-768x513.jpeg 768w, https:\/\/allvoice.pl\/wp-content\/uploads\/AdobeStock_938281084-1536x1025.jpeg 1536w, https:\/\/allvoice.pl\/wp-content\/uploads\/AdobeStock_938281084-2048x1367.jpeg 2048w, https:\/\/allvoice.pl\/wp-content\/uploads\/AdobeStock_938281084-18x12.jpeg 18w, https:\/\/allvoice.pl\/wp-content\/uploads\/AdobeStock_938281084-1568x1046.jpeg 1568w\" sizes=\"(max-width: 2560px) 100vw, 2560px\" \/><div class=\"wp-block-cover__inner-container is-layout-constrained wp-block-cover-is-layout-constrained\">\n<h1 class=\"wp-block-heading has-text-align-left has-white-color has-text-color has-link-color has-huge-font-size wp-elements-a7e3c851c2bf3b8ab1731844d60b29dd\">Mitel CX \u2013 nowoczesna platforma obs\u0142ugi klienta<\/h1>\n<\/div><\/div>\n\n\n\n<div class=\"my-container\"><br>\n\n\n\n<h2 class=\"wp-block-heading has-text-align-left\"><\/h2>\n\n\n\n<div class=\"wp-block-columns is-layout-flex wp-container-core-columns-is-layout-1 wp-block-columns-is-layout-flex\">\n<div class=\"wp-block-column is-layout-flow wp-block-column-is-layout-flow\" style=\"flex-basis:250px\"><div class=\"wp-block-image\">\n<figure class=\"alignleft size-full is-resized\"><img loading=\"lazy\" decoding=\"async\" width=\"1024\" height=\"512\" src=\"https:\/\/allvoice.pl\/wp-content\/uploads\/mitel-1024x512-20200225.png\" alt=\"\" class=\"wp-image-3798\" style=\"width:208px;height:auto\" srcset=\"https:\/\/allvoice.pl\/wp-content\/uploads\/mitel-1024x512-20200225.png 1024w, https:\/\/allvoice.pl\/wp-content\/uploads\/mitel-1024x512-20200225-300x150.png 300w, https:\/\/allvoice.pl\/wp-content\/uploads\/mitel-1024x512-20200225-768x384.png 768w, https:\/\/allvoice.pl\/wp-content\/uploads\/mitel-1024x512-20200225-18x9.png 18w\" sizes=\"(max-width: 1024px) 100vw, 1024px\" \/><\/figure><\/div><\/div>\n\n\n\n<div class=\"wp-block-column is-vertically-aligned-center is-layout-flow wp-block-column-is-layout-flow\">\n<h2 class=\"wp-block-heading alignwide has-normal-font-size\"><strong>Zmodernizuj do\u015bwiadczenie klienta dzi\u0119ki Mitel CX.<\/strong> Rozwi\u0105zanie contact center wspierane przez sztuczn\u0105 inteligencj\u0119, kt\u00f3re personalizuje ka\u017cd\u0105 interakcj\u0119, zwi\u0119kszaj\u0105c satysfakcj\u0119 klient\u00f3w i efektywno\u015b\u0107 zespo\u0142\u00f3w.<\/h2>\n<\/div>\n<\/div>\n\n\n\n<br><\/div><div class=\"pattern-background\"><div class=\"my-container\"><br>\n\n\n\n<h2 class=\"wp-block-heading\"> <strong>Mitel CX<\/strong><\/h2>\n\n\n\n<br><\/div\/><\/div> <div class=\"my-container\"><br>\n\n\n\n<h3 class=\"wp-block-heading has-normal-font-size\">Platforma All-in-One<\/h3>\n\n\n\n<p>Mitel CX \u0142\u0105czy obs\u0142ug\u0119 wielu kana\u0142\u00f3w (telefon, e-mail, czat, media spo\u0142eczno\u015bciowe) w jednym sp\u00f3jnym \u015brodowisku pracy dla agent\u00f3w i mened\u017cer\u00f3w.<\/p>\n\n\n\n<h3 class=\"wp-block-heading has-normal-font-size\">Wsparcie AI w czasie rzeczywistym<\/h3>\n\n\n\n<p>Rozwi\u0105zanie wyposa\u017cone jest w generatywn\u0105 AI, kt\u00f3ra analizuje rozmowy, proponuje odpowiedzi, podsumowuje interakcje i sugeruje kolejne kroki \u2013 bez konieczno\u015bci integracji z zewn\u0119trznymi narz\u0119dziami.<\/p>\n\n\n\n<h3 class=\"wp-block-heading has-normal-font-size\">Interfejs zaprojektowany z my\u015bl\u0105 o u\u017cytkowniku<\/h3>\n\n\n\n<p>Nowoczesny wygl\u0105d, ciemny tryb, zgodno\u015b\u0107 z WCAG 2.2 oraz dopasowanie do pracy w trybie wielozadaniowym.<\/p>\n\n\n\n<h3 class=\"wp-block-heading has-normal-font-size\">Integracje z systemami biznesowymi<\/h3>\n\n\n\n<p>Obs\u0142uga Salesforce, Dynamics 365, Zendesk, ServiceNow, Hubspot i wielu innych \u2013 gotowe konektory w standardzie.<\/p>\n\n\n\n<h3 class=\"wp-block-heading has-normal-font-size\">Elastyczno\u015b\u0107 wdro\u017cenia i licencjonowania<\/h3>\n\n\n\n<p>Mitel CX dzia\u0142a lokalnie, w chmurze prywatnej lub publicznej i mo\u017ce by\u0107 wdro\u017cony w modelu CapEx lub OpEx \u2013 z zachowaniem dotychczasowych inwestycji w platform\u0119 komunikacyjn\u0105.<\/p>\n\n\n\n<h2 class=\"wp-block-heading has-primary-background-color has-background\"><strong>Dla kogo jest Mitel CX?<\/strong><\/h2>\n\n\n\n<ul>\n<li>Dla organizacji, kt\u00f3re obs\u0142uguj\u0105 klient\u00f3w w wielu kana\u0142ach i chc\u0105 zarz\u0105dza\u0107 nimi centralnie<\/li>\n\n\n\n<li>Dla zespo\u0142\u00f3w contact center, kt\u00f3re potrzebuj\u0105 narz\u0119dzi wspieraj\u0105cych agent\u00f3w \u2013 zamiast ich zast\u0119powa\u0107<\/li>\n\n\n\n<li>Dla firm planuj\u0105cych modernizacj\u0119: z MiCC, OSCC, ECC, Connect do Mitel CX<\/li>\n\n\n\n<li>Dla dzia\u0142\u00f3w IT i operacyjnych, kt\u00f3re chc\u0105 utrzyma\u0107 kontrol\u0119 nad danymi i numeracj\u0105 bez konieczno\u015bci przej\u015bcia w pe\u0142ni do CCaaS<\/li>\n<\/ul>\n\n\n\n<h2 class=\"wp-block-heading has-text-align-center has-secondary-background-color has-background\"><strong>Dlaczego warto wybra\u0107 AllVoice jako partnera wdro\u017ceniowego?<\/strong><\/h2>\n\n\n<style>.kt-svg-icons4578_fa900c-6e .kt-svg-item-0 .kb-svg-icon-wrap{color:var(--global-palette4, #2D3748);font-size:50px;}.wp-block-kadence-icon.kt-svg-icons4578_fa900c-6e{justify-content:center;}<\/style>\n<div class=\"wp-block-kadence-icon kt-svg-icons kt-svg-icons4578_fa900c-6e alignnone\"><style>.kt-svg-item-4578_07e3a8-ec .kb-svg-icon-wrap, .kt-svg-style-stacked.kt-svg-item-4578_07e3a8-ec .kb-svg-icon-wrap{color:#0073a8;font-size:50px;}<\/style>\n<div class=\"wp-block-kadence-single-icon kt-svg-style-default kt-svg-icon-wrap kt-svg-item-4578_07e3a8-ec\"><span class=\"kb-svg-icon-wrap kb-svg-icon-fe_bookOpen\"><svg viewbox=\"0 0 24 24\"  fill=\"none\" stroke=\"currentColor\" stroke-width=\"1\" stroke-linecap=\"round\" stroke-linejoin=\"round\" xmlns=\"http:\/\/www.w3.org\/2000\/svg\"  aria-hidden=\"true\"><path d=\"M2 3h6a4 4 0 0 1 4 4v14a3 3 0 0 0-3-3H2z\"\/><path d=\"M22 3h-6a4 4 0 0 0-4 4v14a3 3 0 0 1 3-3h7z\"\/><\/svg><\/span><\/div>\n<\/div>\n\n\n\n<h3 class=\"wp-block-heading has-text-align-center has-normal-font-size\">Ekspercka wiedza<\/h3>\n\n\n\n<p class=\"has-text-align-center\">Jeste\u015bmy certyfikowanym partnerem Mitel i aktywnie uczestniczymy w pracach rozwojowych nad nowymi rozwi\u0105zaniami CX.<\/p>\n\n\n\n<h3 class=\"wp-block-heading has-text-align-center has-normal-font-size\">Skuteczna integracja<\/h3>\n\n\n<style>.kt-svg-icons4578_8fc287-b5 .kt-svg-item-0 .kb-svg-icon-wrap{color:var(--global-palette4, #2D3748);font-size:50px;}.wp-block-kadence-icon.kt-svg-icons4578_8fc287-b5{justify-content:center;}<\/style>\n<div class=\"wp-block-kadence-icon kt-svg-icons kt-svg-icons4578_8fc287-b5 alignnone\"><style>.kt-svg-item-4578_c739cd-cc .kb-svg-icon-wrap, .kt-svg-style-stacked.kt-svg-item-4578_c739cd-cc .kb-svg-icon-wrap{color:#0073a8;font-size:50px;}<\/style>\n<div class=\"wp-block-kadence-single-icon kt-svg-style-default kt-svg-icon-wrap kt-svg-item-4578_c739cd-cc\"><span class=\"kb-svg-icon-wrap kb-svg-icon-fe_cpu\"><svg viewbox=\"0 0 24 24\"  fill=\"none\" stroke=\"currentColor\" stroke-width=\"1\" stroke-linecap=\"round\" stroke-linejoin=\"round\" xmlns=\"http:\/\/www.w3.org\/2000\/svg\"  aria-hidden=\"true\"><rect x=\"4\" y=\"4\" width=\"16\" height=\"16\" rx=\"2\" ry=\"2\"\/><rect x=\"9\" y=\"9\" width=\"6\" height=\"6\"\/><line x1=\"9\" y1=\"1\" x2=\"9\" y2=\"4\"\/><line x1=\"15\" y1=\"1\" x2=\"15\" y2=\"4\"\/><line x1=\"9\" y1=\"20\" x2=\"9\" y2=\"23\"\/><line x1=\"15\" y1=\"20\" x2=\"15\" y2=\"23\"\/><line x1=\"20\" y1=\"9\" x2=\"23\" y2=\"9\"\/><line x1=\"20\" y1=\"14\" x2=\"23\" y2=\"14\"\/><line x1=\"1\" y1=\"9\" x2=\"4\" y2=\"9\"\/><line x1=\"1\" y1=\"14\" x2=\"4\" y2=\"14\"\/><\/svg><\/span><\/div>\n<\/div>\n\n\n\n<p class=\"has-text-align-center\">Pomagamy wdra\u017ca\u0107 Mitel CX jako uzupe\u0142nienie \u015brodowisk Zoom, Teams, CRM oraz system\u00f3w bran\u017cowych.<\/p>\n\n\n<style>.kt-svg-icons4578_170e03-a1 .kt-svg-item-0 .kb-svg-icon-wrap{color:var(--global-palette4, #2D3748);font-size:50px;}.wp-block-kadence-icon.kt-svg-icons4578_170e03-a1{justify-content:center;}<\/style>\n<div class=\"wp-block-kadence-icon kt-svg-icons kt-svg-icons4578_170e03-a1 alignnone\"><style>.kt-svg-item-4578_81dd44-1a .kb-svg-icon-wrap, .kt-svg-style-stacked.kt-svg-item-4578_81dd44-1a .kb-svg-icon-wrap{color:#0073a8;font-size:50px;}<\/style>\n<div class=\"wp-block-kadence-single-icon kt-svg-style-default kt-svg-icon-wrap kt-svg-item-4578_81dd44-1a\"><span class=\"kb-svg-icon-wrap kb-svg-icon-fe_users\"><svg viewbox=\"0 0 24 24\"  fill=\"none\" stroke=\"currentColor\" stroke-width=\"1\" stroke-linecap=\"round\" stroke-linejoin=\"round\" xmlns=\"http:\/\/www.w3.org\/2000\/svg\"  aria-hidden=\"true\"><path d=\"M17 21v-2a4 4 0 0 0-4-4H5a4 4 0 0 0-4 4v2\"\/><circle cx=\"9\" cy=\"7\" r=\"4\"\/><path d=\"M23 21v-2a4 4 0 0 0-3-3.87\"\/><path d=\"M16 3.13a4 4 0 0 1 0 7.75\"\/><\/svg><\/span><\/div>\n<\/div>\n\n\n\n<h3 class=\"wp-block-heading has-text-align-center has-normal-font-size\">Transparentne doradztwo<\/h3>\n\n\n\n<p class=\"has-text-align-center\">Przygotowujemy kalkulacje op\u0142acalno\u015bci, por\u00f3wnania TCO, \u015bcie\u017cki migracji i modele licencyjne dopasowane do strategii firmy.<\/p>\n\n\n<style>.kt-svg-icons4578_a77fe6-eb .kt-svg-item-0 .kb-svg-icon-wrap{color:var(--global-palette4, #2D3748);font-size:50px;}.wp-block-kadence-icon.kt-svg-icons4578_a77fe6-eb{justify-content:center;}<\/style>\n<div class=\"wp-block-kadence-icon kt-svg-icons kt-svg-icons4578_a77fe6-eb alignnone\"><style>.kt-svg-item-4578_02f3e6-f4 .kb-svg-icon-wrap, .kt-svg-style-stacked.kt-svg-item-4578_02f3e6-f4 .kb-svg-icon-wrap{color:#0073a8;font-size:50px;}<\/style>\n<div class=\"wp-block-kadence-single-icon kt-svg-style-default kt-svg-icon-wrap kt-svg-item-4578_02f3e6-f4\"><span class=\"kb-svg-icon-wrap kb-svg-icon-fe_arrowDown\"><svg viewbox=\"0 0 24 24\"  fill=\"none\" stroke=\"currentColor\" stroke-width=\"1\" stroke-linecap=\"round\" stroke-linejoin=\"round\" xmlns=\"http:\/\/www.w3.org\/2000\/svg\"  aria-hidden=\"true\"><line x1=\"12\" y1=\"5\" x2=\"12\" y2=\"19\"\/><polyline points=\"19 12 12 19 5 12\"\/><\/svg><\/span><\/div>\n<\/div>\n\n\n\n<h3 class=\"wp-block-heading has-text-align-center has-normal-font-size\">Lokalne wdro\u017cenia i wsparcie<\/h3>\n\n\n\n<p class=\"has-text-align-center\">Pracujemy z zespo\u0142ami w ca\u0142ej Polsce, oferuj\u0105c szkolenia, administracj\u0119 i optymalizacj\u0119 \u015brodowisk Contact Center.<\/p>\n\n\n\n<\/div><div class=\"my-section section-light-gray\" id=\"get-in-touch-with-us\"><div class=\"my-container\">\n\n\n\n<h3 class=\"wp-block-heading\"><strong>Gotowy po\u0142\u0105czy\u0107 swoje mobilne zespo\u0142y?<\/strong><\/h3>\n\n\n\n<p><a href=\"https:\/\/allvoice.pl\/en\/get-in-touch\/\" target=\"_blank\" rel=\"noreferrer noopener\">Porozmawiaj z ekspertem &gt;<\/a><\/p>\n\n\n\n<\/div>","protected":false},"excerpt":{"rendered":"<p>Enhance your customer experience with Mitel CX \u2013 an AI-powered contact center solution that personalizes every interaction, boosting customer satisfaction and team efficiency. Mitel CX All-in-One Platform Mitel CX unifies multichannel communication (voice, email, chat, social media) into a single, streamlined workspace for agents and supervisors. Real-time AI support Equipped with generative AI, Mitel CX [&hellip;]<\/p>\n","protected":false},"author":12,"featured_media":0,"parent":0,"menu_order":0,"comment_status":"closed","ping_status":"closed","template":"","meta":{"_acf_changed":false,"footnotes":""},"acf":[],"_links":{"self":[{"href":"https:\/\/allvoice.pl\/pl\/wp-json\/wp\/v2\/pages\/4578"}],"collection":[{"href":"https:\/\/allvoice.pl\/pl\/wp-json\/wp\/v2\/pages"}],"about":[{"href":"https:\/\/allvoice.pl\/pl\/wp-json\/wp\/v2\/types\/page"}],"author":[{"embeddable":true,"href":"https:\/\/allvoice.pl\/pl\/wp-json\/wp\/v2\/users\/12"}],"replies":[{"embeddable":true,"href":"https:\/\/allvoice.pl\/pl\/wp-json\/wp\/v2\/comments?post=4578"}],"version-history":[{"count":46,"href":"https:\/\/allvoice.pl\/pl\/wp-json\/wp\/v2\/pages\/4578\/revisions"}],"predecessor-version":[{"id":5354,"href":"https:\/\/allvoice.pl\/pl\/wp-json\/wp\/v2\/pages\/4578\/revisions\/5354"}],"wp:attachment":[{"href":"https:\/\/allvoice.pl\/pl\/wp-json\/wp\/v2\/media?parent=4578"}],"curies":[{"name":"wp","href":"https:\/\/api.w.org\/{rel}","templated":true}]}}