{"id":450,"date":"2019-09-15T15:17:06","date_gmt":"2019-09-15T13:17:06","guid":{"rendered":"http:\/\/dawid969.webd.pl\/allvoice\/?page_id=450"},"modified":"2023-07-06T16:38:53","modified_gmt":"2023-07-06T14:38:53","slug":"spectralink","status":"publish","type":"page","link":"https:\/\/allvoice.pl\/pl\/spectralink\/","title":{"rendered":"Spectralink"},"content":{"rendered":"<div class=\"wp-block-cover is-light\"><span aria-hidden=\"true\" class=\"wp-block-cover__background has-background-dim-40 has-background-dim\" style=\"background-color:#008dc3\"><\/span><img loading=\"lazy\" decoding=\"async\" width=\"1280\" height=\"719\" class=\"wp-block-cover__image-background wp-image-3202\" alt=\"\" src=\"https:\/\/allvoice.pl\/wp-content\/uploads\/manufacturing-spectralink.png\" style=\"object-position:53% 56%\" data-object-fit=\"cover\" data-object-position=\"53% 56%\" srcset=\"https:\/\/allvoice.pl\/wp-content\/uploads\/manufacturing-spectralink.png 1280w, https:\/\/allvoice.pl\/wp-content\/uploads\/manufacturing-spectralink-300x169.png 300w, https:\/\/allvoice.pl\/wp-content\/uploads\/manufacturing-spectralink-1024x575.png 1024w, https:\/\/allvoice.pl\/wp-content\/uploads\/manufacturing-spectralink-768x431.png 768w, https:\/\/allvoice.pl\/wp-content\/uploads\/manufacturing-spectralink-18x10.png 18w\" sizes=\"(max-width: 1280px) 100vw, 1280px\" \/><div class=\"wp-block-cover__inner-container is-layout-flow wp-block-cover-is-layout-flow\">\n<h1 class=\"wp-block-heading\">Spectralink<\/h1>\n<\/div><\/div>\n\n\n\n<div class=\"my-container my-section\">\n\n\n\n<div class=\"wp-block-columns has-2-columns description-and-video-section is-layout-flex wp-container-core-columns-is-layout-1 wp-block-columns-is-layout-flex\">\n<div class=\"wp-block-column is-layout-flow wp-block-column-is-layout-flow\">\n<p class=\"has-text-color\" style=\"color:#ff0101;font-size:21px\"><strong>Pom\u00f3\u017c swoim pracownikom pozosta\u0107 w kontakcie - bez wzgl\u0119du na to, gdzie si\u0119 znajduj\u0105.<\/strong><\/p>\n\n\n\n<p style=\"font-size:16px\">Spectralink jest liderem na rynku mobilno\u015bci korporacyjnej dzi\u0119ki najbardziej rozpowszechnionemu w bran\u017cy portfolio rozwi\u0105za\u0144 bezprzewodowych zoptymalizowanych do krytycznych zastosowa\u0144 w s\u0142u\u017cbie zdrowia, sprzeda\u017cy detalicznej, produkcji i hotelarstwie.<\/p>\n\n\n\n<p style=\"font-size:16px\">S\u0142uchawki bezprzewodowe Spectralink zmieniaj\u0105 spos\u00f3b komunikacji korporacyjnej, umo\u017cliwiaj\u0105c pracownikom pe\u0142n\u0105 mobilno\u015b\u0107 w ka\u017cdym \u015brodowisku pracy. Telefony Spectralink zbudowane z trwa\u0142ych materia\u0142\u00f3w s\u0105 idealne do trudnych warunk\u00f3w, takich jak magazyny, hale produkcyjne i oferuj\u0105 mo\u017cliwo\u015b\u0107 sterylizacji do u\u017cytku w szpitalach. S\u0142uchawki mog\u0105 komunikowa\u0107 si\u0119 z urz\u0105dzeniami Bluetooth, maj\u0105 wbudowane skanery kod\u00f3w kreskowych, a tak\u017ce przyciski typu \"Alarm\" lub system \u201eNaci\u015bnij i m\u00f3w\u201d. <\/p>\n\n\n\n<p style=\"font-size:16px\"><b>Allvoice jest jedynym certyfikowanym dystrybutorem Spectralink w Polsce. Jeste\u015bmy w stanie skutecznie pom\u00f3c w wyborze odpowiedniego rodzaju rozwi\u0105za\u0144 telefonii bezprzewodowej.<\/b><\/p>\n\n\n\n<p><\/p>\n<\/div>\n\n\n\n<div class=\"wp-block-column is-layout-flow wp-block-column-is-layout-flow\">\n<div class=\"eds-animate edsanimate-sis-hidden\" data-eds-entry-animation=\"bounceIn\" data-eds-entry-delay=\"0\" data-eds-entry-duration=\"1\" data-eds-entry-timing=\"linear\" data-eds-exit-animation=\"\" data-eds-exit-delay=\"\" data-eds-exit-duration=\"\" data-eds-exit-timing=\"\" data-eds-repeat-count=\"1\" data-eds-keep=\"yes\" data-eds-animate-on=\"scroll\" data-eds-scroll-offset=\"75\">\n\n\n\n<p class=\"has-text-align-center has-text-color\" style=\"color:#008dc3;font-size:26px\">Watch now<\/p>\n\n\n\n<figure class=\"wp-block-embed is-type-video is-provider-youtube wp-block-embed-youtube wp-embed-aspect-16-9 wp-has-aspect-ratio\"><div class=\"wp-block-embed__wrapper\">\n<iframe loading=\"lazy\" title=\"Spectralink in Healthcare\" width=\"640\" height=\"360\" src=\"https:\/\/www.youtube.com\/embed\/i-FtGocuJkc?feature=oembed&#038;enablejsapi=1&#038;origin=https:\/\/allvoice.pl\" frameborder=\"0\" allow=\"accelerometer; autoplay; clipboard-write; encrypted-media; gyroscope; picture-in-picture; web-share\" referrerpolicy=\"strict-origin-when-cross-origin\" allowfullscreen><\/iframe>\n<\/div><\/figure>\n\n\n\n<figure class=\"wp-block-image is-resized\"><img loading=\"lazy\" decoding=\"async\" src=\"https:\/\/allvoice.pl\/wp-content\/uploads\/Spectralink-photo-4.jpg\" alt=\"\" class=\"wp-image-896\" width=\"600\" height=\"314\" srcset=\"https:\/\/allvoice.pl\/wp-content\/uploads\/Spectralink-photo-4.jpg 800w, https:\/\/allvoice.pl\/wp-content\/uploads\/Spectralink-photo-4-300x157.jpg 300w, https:\/\/allvoice.pl\/wp-content\/uploads\/Spectralink-photo-4-768x401.jpg 768w\" sizes=\"(max-width: 600px) 100vw, 600px\" \/><\/figure>\n\n\n\n<\/div>\n<\/div>\n<\/div>\n\n\n\n<\/div><\/div>\n\n\n\n<div class=\"triangle-pattern-background\"><div class=\"my-container\">\n\n\n\n<div class=\"wp-block-columns has-2-columns solution-description is-layout-flex wp-container-core-columns-is-layout-2 wp-block-columns-is-layout-flex\">\n<div class=\"wp-block-column is-layout-flow wp-block-column-is-layout-flow\">\n<p style=\"font-size:21px\"><strong>Seria Smartfon\u00f3w Versity<\/strong><\/p>\n\n\n\n<hr class=\"wp-block-separator has-css-opacity\"\/>\n\n\n\n<p style=\"font-size:18px\">Wersje smartfon\u00f3w korporacyjnych (seria 95 i 96) na nowo definiuj\u0105 mobilno\u015b\u0107 w przedsi\u0119biorstwie. Wygl\u0105d i styl ulubionego telefonu osobistego oraz wszystkie funkcje urz\u0105dzenia klasy korporacyjnej sprawiaj\u0105, \u017ce rozwi\u0105zania nowej generacji oferuj\u0105 niezr\u00f3wnan\u0105 trwa\u0142o\u015b\u0107, usprawnione przep\u0142ywy pracy i komunikacj\u0119 24 \u00d7 7 dla pracownik\u00f3w mobilnych.<\/p>\n\n\n\n<p style=\"font-size:21px\"><strong>Portfolio DECT'\u00f3w<\/strong><\/p>\n\n\n\n<hr class=\"wp-block-separator has-css-opacity\"\/>\n\n\n\n<p style=\"font-size:18px\"> Skutecznie zmie\u0144 mobilno\u015b\u0107 w miejscu pracy dzi\u0119ki stylowym i wytrzyma\u0142ym rozwi\u0105zaniom Spectralink  typu DECT.  Modu\u0142owe portfolio i zintegrowane aplikacje biznesowe dzia\u0142aj\u0105ce z cz\u0119stotliwo\u015bci\u0105 1,8 \/ 1,9 GHz znacznie poprawiaj\u0105 zar\u00f3wno szybko\u015b\u0107 reakcji, jak i produktywno\u015b\u0107.<\/p>\n<\/div>\n\n\n\n<div class=\"wp-block-column is-layout-flow wp-block-column-is-layout-flow\">\n<p style=\"font-size:21px\"><strong>Seria Wi-Fi 84<\/strong><\/p>\n\n\n\n<hr class=\"wp-block-separator has-css-opacity\"\/>\n\n\n\n<p style=\"font-size:18px\"> Dzi\u0119ki wiod\u0105cej na rynku jako\u015bci g\u0142osu HD, trwa\u0142o\u015bci i interoperacyjno\u015bci WLAN, s\u0142uchawki Spectralink z serii 84 zapewniaj\u0105 doskona\u0142\u0105 jako\u015b\u0107 obs\u0142ugi dzi\u0119ki Spectralink VQO (Optymalizacja jako\u015bci g\u0142osu). Seria 84 jest zasilana przez oprogramowanie UC, kt\u00f3re zapewnia pe\u0142n\u0105 integracj\u0119 ze wszystkimi g\u0142\u00f3wnymi platformami po\u0142\u0105cze\u0144 SIP.                                      <\/p>\n\n\n\n<p>                    <\/p>\n<\/div>\n<\/div>\n\n\n\n<\/div><\/div><div class=\"my-section section-light-gray\" id=\"get-in-touch-with-us\"><div class=\"my-container\">\n\n\n\n<div class=\"eds-animate edsanimate-sis-hidden\" data-eds-entry-animation=\"bounceIn\" data-eds-entry-delay=\"0\" data-eds-entry-duration=\"1\" data-eds-entry-timing=\"linear\" data-eds-exit-animation=\"\" data-eds-exit-delay=\"\" data-eds-exit-duration=\"\" data-eds-exit-timing=\"\" data-eds-repeat-count=\"1\" data-eds-keep=\"yes\" data-eds-animate-on=\"scroll\" data-eds-scroll-offset=\"75\">\n\n\n\n<p style=\"font-size:28px\"><strong>Zapraszamy do kontaktu z nami<\/strong><\/p>\n\n\n\n<p><a href=\"https:\/\/allvoice.pl\/pl\/get-in-touch\/\">Kontakt z doradc\u0105<\/a><\/p>\n\n\n\n<\/div><\/div>","protected":false},"excerpt":{"rendered":"<p>Help your employees stay connected &#8211; no matter where they are. Spectralink leads the corporate mobility market thanks to the industry&#8217;s most widespread portfolio of wireless solutions optimized for critical applications in healthcare, retail, manufacturing and hospitality. Spectralink wireless headphones are changing the way of corporate communication enabling your employees full mobility in every work [&hellip;]<\/p>\n","protected":false},"author":1,"featured_media":0,"parent":0,"menu_order":0,"comment_status":"closed","ping_status":"closed","template":"","meta":{"_acf_changed":false,"footnotes":""},"acf":[],"_links":{"self":[{"href":"https:\/\/allvoice.pl\/pl\/wp-json\/wp\/v2\/pages\/450"}],"collection":[{"href":"https:\/\/allvoice.pl\/pl\/wp-json\/wp\/v2\/pages"}],"about":[{"href":"https:\/\/allvoice.pl\/pl\/wp-json\/wp\/v2\/types\/page"}],"author":[{"embeddable":true,"href":"https:\/\/allvoice.pl\/pl\/wp-json\/wp\/v2\/users\/1"}],"replies":[{"embeddable":true,"href":"https:\/\/allvoice.pl\/pl\/wp-json\/wp\/v2\/comments?post=450"}],"version-history":[{"count":26,"href":"https:\/\/allvoice.pl\/pl\/wp-json\/wp\/v2\/pages\/450\/revisions"}],"predecessor-version":[{"id":3203,"href":"https:\/\/allvoice.pl\/pl\/wp-json\/wp\/v2\/pages\/450\/revisions\/3203"}],"wp:attachment":[{"href":"https:\/\/allvoice.pl\/pl\/wp-json\/wp\/v2\/media?parent=450"}],"curies":[{"name":"wp","href":"https:\/\/api.w.org\/{rel}","templated":true}]}}