{"id":448,"date":"2019-09-15T15:16:22","date_gmt":"2019-09-15T13:16:22","guid":{"rendered":"http:\/\/dawid969.webd.pl\/allvoice\/?page_id=448"},"modified":"2020-01-15T09:38:35","modified_gmt":"2020-01-15T08:38:35","slug":"nortel","status":"publish","type":"page","link":"https:\/\/allvoice.pl\/pl\/nortel\/","title":{"rendered":"Nortel"},"content":{"rendered":"<div class=\"wp-block-cover has-background-dim-40 has-background-dim\" style=\"background-image:url(https:\/\/allvoice.pl\/wp-content\/uploads\/Nortel-Networks.jpg);background-color:#008dc3;background-position:51.98019801980198% 0.8771929824561403%\"><div class=\"wp-block-cover__inner-container is-layout-flow wp-block-cover-is-layout-flow\">\n<h1 class=\"wp-block-heading\">Nortel<\/h1>\n<\/div><\/div>\n\n\n\n<div class=\"my-container my-section\">\n\n\n\n<div class=\"wp-block-columns has-2-columns description-and-video-section is-layout-flex wp-container-core-columns-is-layout-1 wp-block-columns-is-layout-flex\">\n<div class=\"wp-block-column is-layout-flow wp-block-column-is-layout-flow\">\n<p style=\"color:#ff0101;font-size:21px\" class=\"has-text-color\"><strong>Rozwi\u0105zania Nortel PBX<\/strong><\/p>\n\n\n\n<p style=\"font-size:16px\">Nortel Meridian PBX ma 43 miliony u\u017cytkownik\u00f3w zainstalowanych na ca\u0142ym \u015bwiecie, co czyni go jednym z najpopularniejszych system\u00f3w telefonicznych PBX na \u015bwiecie. <\/p>\n\n\n\n<p style=\"font-size:16px\">Do dzi\u015b wiele firm w Polsce i na ca\u0142ym \u015bwiecie korzysta z tych solidnych rozwi\u0105za\u0144 telekomunikacyjnych, a my z przyjemno\u015bci\u0105 wspieramy niekt\u00f3re z nich. Nasz zesp\u00f3\u0142 do\u015bwiadczonych in\u017cynier\u00f3w ch\u0119tnie zajmie si\u0119 ca\u0142\u0105 Twoj\u0105 sieci\u0105 Nortel - od konfiguracji i konserwacji po wykonanie ewentualnych napraw.<\/p>\n\n\n\n<p><p style=\"font-size:16px\">Jeste\u015bmy zaznajomieni z pe\u0142n\u0105 gam\u0105 produkt\u00f3w Nortel. Nasze us\u0142ugi serwisowe gwarantuj\u0105 utrzymanie dzia\u0142ania system\u00f3w Meridian przez czas nieokre\u015blony, oszcz\u0119dzaj\u0105c Pa\u0144stwa pieni\u0105dze i maksymalizuj\u0105c zwrot z inwestycji.<\/p><\/p>\n<\/div>\n\n\n\n<div class=\"wp-block-column is-layout-flow wp-block-column-is-layout-flow\">\n<div class=\"eds-animate edsanimate-sis-hidden\" data-eds-entry-animation=\"bounceIn\" data-eds-entry-delay=\"0\" data-eds-entry-duration=\"1\" data-eds-entry-timing=\"linear\" data-eds-exit-animation=\"\" data-eds-exit-delay=\"\" data-eds-exit-duration=\"\" data-eds-exit-timing=\"\" data-eds-repeat-count=\"1\" data-eds-keep=\"yes\" data-eds-animate-on=\"scroll\" data-eds-scroll-offset=\"75\">\n\n\n\n<div class=\"wp-block-image\"><figure class=\"aligncenter\"><img loading=\"lazy\" decoding=\"async\" width=\"870\" height=\"633\" src=\"https:\/\/allvoice.pl\/wp-content\/uploads\/Nortel_SET.png\" alt=\"\" class=\"wp-image-1134\" srcset=\"https:\/\/allvoice.pl\/wp-content\/uploads\/Nortel_SET.png 870w, https:\/\/allvoice.pl\/wp-content\/uploads\/Nortel_SET-300x218.png 300w, https:\/\/allvoice.pl\/wp-content\/uploads\/Nortel_SET-768x559.png 768w\" sizes=\"(max-width: 870px) 100vw, 870px\" \/><\/figure><\/div>\n\n\n\n<\/div>\n<\/div>\n<\/div>\n\n\n\n<\/div><\/div>\n\n\n\n<div class=\"triangle-pattern-background\"><div class=\"my-container\">\n\n\n\n<div class=\"wp-block-columns has-2-columns solution-description is-layout-flex wp-container-core-columns-is-layout-2 wp-block-columns-is-layout-flex\">\n<div class=\"wp-block-column is-layout-flow wp-block-column-is-layout-flow\">\n<p style=\"font-size:21px\"><strong>Serwis AllVoice Nortel zawiera<\/strong>:<\/p>\n\n\n\n<hr class=\"wp-block-separator\"\/>\n\n\n\n<ul><li><font size=\"4\">Dedykowana linia alarmowa 24\/7<\/li><li>Instalacje i konfiguracje system\u00f3w<\/li><li>Dostawa nowych aparat\u00f3w, akcesori\u00f3w i niezb\u0119dnych komponent\u00f3w<\/li><li>Wsparcie oprogramowania<\/font><\/li><\/ul>\n<\/div>\n\n\n\n<div class=\"wp-block-column is-layout-flow wp-block-column-is-layout-flow\">\n<p style=\"font-size:21px\"><strong>Pakiet serwisowy systemu Nortel zapewnia:<\/strong><\/p>\n\n\n\n<hr class=\"wp-block-separator\"\/>\n\n\n\n<ul><li><font size=\"4\">Wsparcie 365 dni w roku<\/li><li>Konsultacje z certyfikowanymi in\u017cynierami<\/li><li>Wsparcie dla urz\u0105dze\u0144 wycofanych przez producenta<\/li><li>Dost\u0119p do wielokana\u0142owej platformy AllVoice Desk s\u0142u\u017c\u0105cej do bie\u017c\u0105cej obs\u0142ugi zg\u0142osze\u0144<\/font><\/li><\/ul>\n<\/div>\n<\/div>\n\n\n\n<\/div><\/div><div class=\"my-section section-light-gray\" id=\"get-in-touch-with-us\"><div class=\"my-container\">\n\n\n\n<div class=\"eds-animate edsanimate-sis-hidden\" data-eds-entry-animation=\"bounceIn\" data-eds-entry-delay=\"0\" data-eds-entry-duration=\"1\" data-eds-entry-timing=\"linear\" data-eds-exit-animation=\"\" data-eds-exit-delay=\"\" data-eds-exit-duration=\"\" data-eds-exit-timing=\"\" data-eds-repeat-count=\"1\" data-eds-keep=\"yes\" data-eds-animate-on=\"scroll\" data-eds-scroll-offset=\"75\">\n\n\n\n<p style=\"font-size:28px\"><strong>Zapraszamy do kontaktu z nami<\/strong><\/p>\n\n\n\n<p><a href=\"https:\/\/allvoice.pl\/pl\/get-in-touch\/\">Kontakt z doradc\u0105<\/a><\/p>\n\n\n\n<\/div><\/div>","protected":false},"excerpt":{"rendered":"<p>Nortel&#8217;s PBX solutions The Nortel Meridian PBX has 43 million users installed worldwide, making it one of the most popular pbx telephone systems in the world. To this day, many companies in Poland and around the world use these appealing teleco solutions, and we have the pleasure to support some of them. Our team of [&hellip;]<\/p>\n","protected":false},"author":1,"featured_media":0,"parent":0,"menu_order":0,"comment_status":"closed","ping_status":"closed","template":"","meta":{"_acf_changed":false,"footnotes":""},"acf":[],"_links":{"self":[{"href":"https:\/\/allvoice.pl\/pl\/wp-json\/wp\/v2\/pages\/448"}],"collection":[{"href":"https:\/\/allvoice.pl\/pl\/wp-json\/wp\/v2\/pages"}],"about":[{"href":"https:\/\/allvoice.pl\/pl\/wp-json\/wp\/v2\/types\/page"}],"author":[{"embeddable":true,"href":"https:\/\/allvoice.pl\/pl\/wp-json\/wp\/v2\/users\/1"}],"replies":[{"embeddable":true,"href":"https:\/\/allvoice.pl\/pl\/wp-json\/wp\/v2\/comments?post=448"}],"version-history":[{"count":31,"href":"https:\/\/allvoice.pl\/pl\/wp-json\/wp\/v2\/pages\/448\/revisions"}],"predecessor-version":[{"id":1411,"href":"https:\/\/allvoice.pl\/pl\/wp-json\/wp\/v2\/pages\/448\/revisions\/1411"}],"wp:attachment":[{"href":"https:\/\/allvoice.pl\/pl\/wp-json\/wp\/v2\/media?parent=448"}],"curies":[{"name":"wp","href":"https:\/\/api.w.org\/{rel}","templated":true}]}}