{"id":4343,"date":"2025-02-26T11:46:24","date_gmt":"2025-02-26T10:46:24","guid":{"rendered":"https:\/\/allvoice.pl\/?page_id=4343"},"modified":"2025-02-26T13:54:06","modified_gmt":"2025-02-26T12:54:06","slug":"polityka-prywatnosci-2","status":"publish","type":"page","link":"https:\/\/allvoice.pl\/pl\/polityka-prywatnosci-2\/","title":{"rendered":"Polityka prywatno\u015bci"},"content":{"rendered":"<div class=\"my-container my-section\">\n<div class=\"new-links\">\n\n\n\n<h1 class=\"wp-block-heading\">POLITYKA PRYWATNO\u015aCI<\/h1>\n\n\n\n<h4 class=\"wp-block-heading\"><strong>Wersja obowi\u0105zuj\u0105ca od dnia 26 02 2025<\/strong><\/h4>\n\n\n\n<p>Poprzednia wersja Polityki prywatno\u015bci jest dost\u0119pna <a href=\"https:\/\/allvoice.pl\/polityka-prywatnosci-2024\/\" data-type=\"link\" data-id=\"https:\/\/allvoice.pl\/polityka-prywatnosci-2024\/\" target=\"_blank\" rel=\"noreferrer noopener\">tutaj<\/a><\/p>\n\n\n\n<h3 class=\"wp-block-heading\"><strong>CZYM JEST POLITYKA PRYWATNO\u015aCI?<\/strong><\/h3>\n\n\n\n<p>Chcieliby\u015bmy zapozna\u0107 Ci\u0119 ze szczeg\u00f3\u0142ami przetwarzania przez nas Twoich danych osobowych, aby da\u0107 Ci pe\u0142n\u0105 wiedz\u0119 i komfort w korzystaniu z naszej strony internetowej.<\/p>\n\n\n\n<p>W zwi\u0105zku z tym, \u017ce sami dzia\u0142amy w bran\u017cy internetowej, wiemy jak wa\u017cna jest ochrona Twoich danych osobowych. Dlatego dok\u0142adamy szczeg\u00f3lnych stara\u0144, aby chroni\u0107 Twoj\u0105 prywatno\u015b\u0107 i informacje, kt\u00f3re nam przekazujesz.<\/p>\n\n\n\n<p>Starannie dobieramy i stosujemy odpowiednie \u015brodki techniczne, w szczeg\u00f3lno\u015bci te o charakterze programistycznym i organizacyjnym, zapewniaj\u0105ce ochron\u0119 przetwarzanych danych osobowych. Nasza strona u\u017cywa szyfrowanej transmisji danych (SSL), co zapewnia ochron\u0119 identyfikuj\u0105cych Ci\u0119 danych.<\/p>\n\n\n\n<p>W naszej Polityce prywatno\u015bci znajdziesz wszystkie najwa\u017cniejsze informacje odno\u015bnie przetwarzania przez nas Twoich danych osobowych. Prosimy Ci\u0119 o jej przeczytanie i obiecujemy, \u017ce nie zajmie Ci to wi\u0119cej ni\u017c kilka minut.<\/p>\n\n\n\n<h4 class=\"wp-block-heading\"><strong>Kto jest administratorem strony internetowej www.allvoice.pl?<\/strong><\/h4>\n\n\n\n<p>Administratorem strony internetowej jest ALLVOICE SP\u00d3\u0141KA Z OGRANICZON\u0104 ODPOWIEDZIALNO\u015aCI\u0104 z siedzib\u0105 w Warszawie, pod adresem ul. Marsa 56A, 04-242 Warszawie, zarejestrowana przez S\u0104D REJONOWY DLA M.ST.WARSZAWY W WARSZAWIE,XIV WYDZIA\u0141 GOSPODARCZY KRAJOWEGO REJESTRU S\u0104DOWEGO, KRS 0000704899, NIP 1251664117, REGON 36881156100000, o kapitale zak\u0142adowym w wysoko\u015bci: 50 000,00 z\u0142 (czyli: my).<\/p>\n\n\n\n<h3 class=\"wp-block-heading\"><strong>DANE OSOBOWE<\/strong><\/h3>\n\n\n\n<h4 class=\"wp-block-heading\"><strong>Jaki akt prawny reguluje przetwarzanie Twoich danych osobowych?<\/strong><\/h4>\n\n\n\n<p>Twoje dane osobowe s\u0105 przez nas zbierane i przetwarzane zgodnie z przepisami Rozporz\u0105dzenia Parlamentu Europejskiego i Rady (UE) 2016\/679 z 27.04.2016 r. w sprawie ochrony os\u00f3b fizycznych w zwi\u0105zku z przetwarzaniem danych osobowych i w sprawie swobodnego przep\u0142ywu takich danych oraz uchylenia dyrektywy 95\/46\/WE (og\u00f3lne rozporz\u0105dzenie o ochronie danych) (Dz.Urz. UE L 119, s. 1), zwanego powszechnie: RODO. W zakresie nieuregulowanym przez RODO przetwarzanie danych osobowych jest regulowane przez Ustaw\u0119 o ochronie danych osobowych z dnia 10 maja 2018 r.<\/p>\n\n\n\n<h4 class=\"wp-block-heading\"><strong>Kto jest administratorem Twoich danych osobowych?<\/strong><\/h4>\n\n\n\n<p>Administratorem Twoich danych osobowych jest ALLVOICE SP\u00d3\u0141KA Z OGRANICZON\u0104 ODPOWIEDZIALNO\u015aCI\u0104 z siedzib\u0105 w Warszawie, pod adresem ul. Marsa 56A, 04-242 Warszawie, zarejestrowana przez S\u0104D REJONOWY DLA M.ST.WARSZAWY W WARSZAWIE, XIV WYDZIA\u0141 GOSPODARCZY KRAJOWEGO REJESTRU S\u0104DOWEGO, KRS 0000704899, NIP 1251664117, REGON 36881156100000, o kapitale zak\u0142adowym w wysoko\u015bci: 50 000,00 z\u0142, email: kontakt@allvoice.pl, telefon: +48 (22)3905653.<\/p>\n\n\n\n<p>W sprawie swoich danych osobowych mo\u017cesz skontaktowa\u0107 si\u0119 z nami za pomoc\u0105:<\/p>\n\n\n\n<ul>\n<li>poczty elektronicznej: <a href=\"https:\/\/allvoice.pl\/get-in-touch\/\" target=\"_blank\" data-type=\"page\" data-id=\"2322\" rel=\"noreferrer noopener\">kontakt@allvoice.pl<\/a>,<\/li>\n\n\n\n<li>poczty tradycyjnej: ul. Marsa 56 A, 04-242 Warszawa,<\/li>\n\n\n\n<li>numer telefonu kontaktowego: +48 (22)3905653.<\/li>\n<\/ul>\n\n\n\n<h3 class=\"wp-block-heading\"><strong>JAK PRZETWARZAMY TWOJE DANE OSOBOWE, KT\u00d3RE NAM PODAJESZ?<\/strong><\/h3>\n\n\n\n<h4 class=\"wp-block-heading\"><strong>Jakie dane osobowe przetwarzamy i w jakich celach je przetwarzamy?<\/strong><\/h4>\n\n\n\n<p>Na naszej stronie internetowej oferujemy Ci wiele r\u00f3\u017cnych us\u0142ug, dla kt\u00f3rych cel\u00f3w przetwarzamy r\u00f3\u017cne dane osobowe, w oparciu o r\u00f3\u017cne podstawy prawne.<\/p>\n\n\n\n<figure class=\"wp-block-table\"><table><thead><tr><th>Cel<\/th><th>Dane osobowe<\/th><th>Podstawa prawna przetwarzania<\/th><th>Czas przechowywania danych<\/th><\/tr><\/thead><tbody><tr><td>zapewnienie ci\u0105g\u0142o\u015bci komunikacji i umo\u017cliwienie kontaktowania si\u0119 z Administratorem w sprawach Fundacji<\/td><td>imi\u0119, nazwisko, adres e-mail, nr telefonu, adres korespondencyjny<\/td><td>Art. 6 ust. 1 lit. f) RODO, tj. przetwarzanie w celu realizacji prawnie uzasadnionego interesu Administratora, polegaj\u0105cego na utrzymywaniu ci\u0105g\u0142o\u015bci komunikacji i umo\u017cliwieniu kontaktu z Administratorem w sprawach prowadzonej dzia\u0142alno\u015bci<\/td><td>do momentu wniesienia sprzeciwu wobec przetwarzania danych osobowych<\/td><\/tr><tr><td>formularz kontaktowy<\/td><td>imi\u0119, nazwisko, adres e-mail, numer telefonu<\/td><td>art. 6 ust. 1 lit. f) RODO tj. przetwarzanie w celu realizacji naszego prawnie uzasadnionego interesu, polegaj\u0105cego na utrzymywaniu ci\u0105g\u0142o\u015bci komunikacji i umo\u017cliwieniu kontaktu z nami w sprawach prowadzonej dzia\u0142alno\u015bci gospodarczej<\/td><td>do momentu wniesienia sprzeciwu wobec przetwarzania danych osobowych<\/td><\/tr><tr><td>analiza ruchu na stronie sklepu internetowego<\/td><td>adres IP, dane przegl\u0105darki<\/td><td>Art. 6 ust. 1 lit. f) RODO, tj. przetwarzanie w celu realizacji naszego prawnie uzasadnionego interesu polegaj\u0105cego na analizie ruchu klient\u00f3w na stronie sklepu<\/td><td>do momentu wniesienia sprzeciwu wobec przetwarzania danych osobowych<\/td><\/tr><tr><td>marketing bezpo\u015bredni towar\u00f3w i us\u0142ug w\u0142asnych, w tym remarketing<\/td><td>adres IP, dane przegl\u0105darki<\/td><td>Art. 6 ust. 1 lit. f) RODO, tj. przetwarzanie w celu realizacji naszego prawnie uzasadnionego interesu polegaj\u0105cego na marketingu bezpo\u015brednim us\u0142ug w\u0142asnych, w tym remarketingu<\/td><td>do momentu wniesienia sprzeciwu wobec przetwarzania danych osobowych<\/td><\/tr><tr><td>ustalenie, dochodzenie i egzekucja roszcze\u0144 i obrona przed roszczeniami w post\u0119powaniu przed s\u0105dami i innymi organami pa\u0144stwowymi<\/td><td>imi\u0119, nazwisko, adres zamieszkania, nr PESEL, NIP, REGON, adres e-mail, nr telefonu, nr IP, nr rachunku bankowego, nr karty p\u0142atniczej<\/td><td>art. 6 ust. 1 lit. f) RODO tj. przetwarzanie w celu realizacji naszego prawnie uzasadnionego interesu, polegaj\u0105cego na ustaleniu, dochodzeniu i egzekucji roszcze\u0144 oraz na obronie przed roszczeniami w post\u0119powaniu przed s\u0105dami i innymi organami pa\u0144stwowymi<\/td><td>do up\u0142ywu okresu przedawnienia roszcze\u0144 dotycz\u0105cych wykonania umowy<\/td><\/tr><tr><td>wype\u0142nienie obowi\u0105zk\u00f3w prawnych wynikaj\u0105cych z przepis\u00f3w prawnych, w szczeg\u00f3lno\u015bci przepis\u00f3w podatkowych i rachunkowych<\/td><td>imi\u0119, nazwisko, firma, nr PESEL, NIP lub REGON, adres e-mail, nr telefonu, adres korespondencyjny, nr karty p\u0142atniczej<\/td><td>Art. 6 ust. 1 lit. c) RODO, tj. przetwarzanie jest niezb\u0119dne do wype\u0142nienia obowi\u0105zk\u00f3w prawnych ci\u0105\u017c\u0105cych na nas, wynikaj\u0105cych z przepis\u00f3w prawa, w szczeg\u00f3lno\u015bci przepis\u00f3w podatkowych i rachunkowych<\/td><td>do momentu wyga\u015bni\u0119cia obowi\u0105zk\u00f3w prawnych ci\u0105\u017c\u0105cych na Administratorze, kt\u00f3re uzasadnia\u0142y przetwarzanie danych osobowych<\/td><\/tr><\/tbody><\/table><\/figure>\n\n\n\n<h4 class=\"wp-block-heading\"><strong>Dobrowolno\u015b\u0107 podania danych osobowych<\/strong><\/h4>\n\n\n\n<p>Podanie przez Ciebie wymaganych danych osobowych jest dobrowolne ale stanowi warunek \u015bwiadczenia przez nas us\u0142ug na Twoj\u0105 rzecz.<\/p>\n\n\n\n<h4 class=\"wp-block-heading\"><strong>Zautomatyzowane podejmowanie decyzji (w tym profilowanie)<\/strong><\/h4>\n\n\n\n<p>Nie podejmujemy wobec Ciebie decyzji w spos\u00f3b zautomatyzowany ani nie stosujemy profilowania.<\/p>\n\n\n\n<h4 class=\"wp-block-heading\"><strong>Czy b\u0119dziemy przekazywa\u0107 Twoje dane osobowe poza EOG lub do organizacji mi\u0119dzynarodowej?<\/strong><\/h4>\n\n\n\n<p>W celu korzystania z narz\u0119dzi Google, Twoje dane osobowe mog\u0105 by\u0107 przekazywane do Stan\u00f3w Zjednoczonych, gdzie znajduj\u0105 si\u0119 serwery Google LLC.&nbsp;<\/p>\n\n\n\n<p>Google LLC figuruje w wykazie podmiot\u00f3w uczestnicz\u0105cych w programie <a href=\"https:\/\/www.dataprivacyframework.gov\/s\/participant-search\" data-type=\"link\" data-id=\"https:\/\/www.dataprivacyframework.gov\/s\/participant-search\" target=\"_blank\" rel=\"noreferrer noopener nofollow\">Data Privacy Framework<\/a>, w zwi\u0105zku z czym ochrona danych osobowych jest adekwatna w stosunku do regulacji obowi\u0105zuj\u0105cych w Unii Europejskiej, zgodnie z Decyzj\u0105 wykonawcz\u0105 Komisji (UE) C(2023) 4745 z dnia 10 lipca 2023 r. w sprawie odpowiedniego poziomu ochrony danych osobowych zgodnie z <a href=\"https:\/\/eur-lex.europa.eu\/legal-content\/PL\/TXT\/PDF\/?uri=CELEX:32023D1795&amp;qid=1710923455391\" data-type=\"link\" data-id=\"https:\/\/eur-lex.europa.eu\/legal-content\/PL\/TXT\/PDF\/?uri=CELEX:32023D1795&amp;qid=1710923455391\" target=\"_blank\" rel=\"noreferrer noopener nofollow\">EU-USA Data Privacy Framework<\/a>.<\/p>\n\n\n\n<p>W celu korzystania z narz\u0119dzi Pipedrive, Twoje dane osobowe mog\u0105 by\u0107 przekazywane do Stan\u00f3w Zjednoczonych, gdzie znajduj\u0105 si\u0119 serwery Pipedrive, Inc.&nbsp;<\/p>\n\n\n\n<p>Pipedrive, Inc. figuruje w wykazie podmiot\u00f3w uczestnicz\u0105cych w programie <a href=\"https:\/\/www.dataprivacyframework.gov\/s\/participant-search\" data-type=\"link\" data-id=\"https:\/\/www.dataprivacyframework.gov\/s\/participant-search\" target=\"_blank\" rel=\"noreferrer noopener nofollow\">Data Privacy Framework<\/a>, w zwi\u0105zku z czym ochrona danych osobowych jest adekwatna w stosunku do regulacji obowi\u0105zuj\u0105cych w Unii Europejskiej, zgodnie z Decyzj\u0105 wykonawcz\u0105 Komisji (UE) C(2023) 4745 z dnia 10 lipca 2023 r. w sprawie odpowiedniego poziomu ochrony danych osobowych zgodnie z <a href=\"https:\/\/eur-lex.europa.eu\/legal-content\/PL\/TXT\/PDF\/?uri=CELEX:32023D1795&amp;qid=1710923455391\" data-type=\"link\" data-id=\"https:\/\/eur-lex.europa.eu\/legal-content\/PL\/TXT\/PDF\/?uri=CELEX:32023D1795&amp;qid=1710923455391\" target=\"_blank\" rel=\"noreferrer noopener nofollow\">EU-USA Data Privacy Framework<\/a>.<\/p>\n\n\n\n<h3 class=\"wp-block-heading\"><strong>JAKIE PRZYS\u0141UGUJ\u0104 CI PRAWA W ZWI\u0104ZKU Z PRZETWARZANIEM PRZEZ NAS TWOICH DANYCH OSOBOWYCH?<\/strong><\/h3>\n\n\n\n<p>Na podstawie RODO masz prawo do:<\/p>\n\n\n\n<ul>\n<li>\u017c\u0105dania dost\u0119pu do swoich danych osobowych,<\/li>\n\n\n\n<li>\u017c\u0105dania sprostowania swoich danych osobowych,<\/li>\n\n\n\n<li>\u017c\u0105dania usuni\u0119cia swoich danych osobowych,<\/li>\n\n\n\n<li>\u017c\u0105dania ograniczenia przetwarzania danych osobowych,<\/li>\n\n\n\n<li>wniesienia sprzeciwu wobec przetwarzania danych osobowych,<\/li>\n\n\n\n<li>\u017c\u0105dania przenoszenia danych osobowych.<\/li>\n<\/ul>\n\n\n\n<p>W razie zg\u0142oszenia nam kt\u00f3regokolwiek z wymienionych powy\u017cszej \u017c\u0105da\u0144 bez zb\u0119dnej zw\u0142oki \u2013 a w ka\u017cdym razie w terminie miesi\u0105ca od otrzymania \u017c\u0105dania \u2013 udzielimy Ci informacji o dzia\u0142aniach podj\u0119tych w zwi\u0105zku ze zg\u0142oszonym przez Ciebie \u017c\u0105daniem.<\/p>\n\n\n\n<p>W razie potrzeby mo\u017cemy wyd\u0142u\u017cy\u0107 termin miesi\u0119czny o kolejne dwa miesi\u0105ce z uwagi na skomplikowany charakter \u017c\u0105dania lub liczb\u0119 \u017c\u0105da\u0144.<\/p>\n\n\n\n<p>W ka\u017cdym wypadku poinformujemy Ciebie w terminie miesi\u0105ca od otrzymania \u017c\u0105dania o przed\u0142u\u017ceniu terminu i podamy Tobie przyczyny op\u00f3\u017anienia.<\/p>\n\n\n\n<h4 class=\"wp-block-heading\"><strong>Prawo dost\u0119pu do danych osobowych (art. 15 RODO)<\/strong><\/h4>\n\n\n\n<p>Masz prawo uzyskania informacji czy przetwarzamy Twoje dane osobowe. Je\u017celi przetwarzamy Twoje dane osobowe to masz prawo do:<\/p>\n\n\n\n<ul>\n<li>dost\u0119pu do danych osobowych,<\/li>\n\n\n\n<li>uzyskania informacji o celach przetwarzania, kategoriach przetwarzanych danych osobowych, o odbiorcach lub kategoriach odbiorc\u00f3w tych danych, planowanym okresie przechowywania Twoich danych lub o kryteriach ustalania tego okresu, o prawach przys\u0142uguj\u0105cych Ci na mocy RODO oraz o prawie wniesienia skargi do Prezesa Urz\u0119du Ochrony Danych Osobowych, o \u017ar\u00f3dle tych danych, o zautomatyzowanym podejmowaniu decyzji, w tym o profilowaniu oraz o zabezpieczeniach stosowanych w zwi\u0105zku z przekazaniem tych danych poza Uni\u0119 Europejsk\u0105;<\/li>\n\n\n\n<li>uzyskania kopii swoich danych osobowych.<\/li>\n<\/ul>\n\n\n\n<p>Je\u015bli chcesz za\u017c\u0105da\u0107 dost\u0119pu do swoich danych osobowych zg\u0142o\u015b swoje \u017c\u0105danie na adres: <a href=\"https:\/\/allvoice.pl\/get-in-touch\/\" target=\"_blank\" data-type=\"page\" data-id=\"2322\" rel=\"noreferrer noopener\">kontakt@allvoice.pl<\/a>.<\/p>\n\n\n\n<h4 class=\"wp-block-heading\"><strong>Prawo do sprostowania danych osobowych (art. 16 RODO)<\/strong><\/h4>\n\n\n\n<p>Je\u017celi Twoje dane osobowe s\u0105 nieprawid\u0142owe masz prawo \u017c\u0105dania od nas niezw\u0142ocznego sprostowania Twoich danych osobowych. Masz te\u017c prawo do \u017c\u0105dania uzupe\u0142nienia przez nas Twoich danych osobowych. Je\u015bli chcesz za\u017c\u0105da\u0107 sprostowania lub uzupe\u0142nienia swoich danych osobowych zg\u0142o\u015b swoje \u017c\u0105danie na adres: <a href=\"https:\/\/allvoice.pl\/get-in-touch\/\" target=\"_blank\" data-type=\"page\" data-id=\"2322\" rel=\"noreferrer noopener\">kontakt@allvoice.pl<\/a>.<\/p>\n\n\n\n<h4 class=\"wp-block-heading\"><strong>Prawo do usuni\u0119cia danych osobowych, tzw. &#8220;prawo do bycia zapomnianym&#8221; (art. 17 RODO)<\/strong><\/h4>\n\n\n\n<p>Masz prawo \u017c\u0105dania usuni\u0119cia swoich danych osobowych, gdy:<\/p>\n\n\n\n<ul>\n<li>Twoje dane osobowe przesta\u0142y by\u0107 niezb\u0119dne do cel\u00f3w, dla kt\u00f3rych zosta\u0142y zebrane lub w inny spos\u00f3b przetwarzane;<\/li>\n\n\n\n<li>wycofa\u0142e\u015b okre\u015blon\u0105 zgod\u0119, w zakresie w jakim dane osobowe by\u0142y przetwarzane w oparciu o Twoj\u0105 zgod\u0119;<\/li>\n\n\n\n<li>Twoje dane osobowe by\u0142y przetwarzane niezgodnie z prawem;<\/li>\n\n\n\n<li>wnios\u0142e\u015b\/wnios\u0142a\u015b sprzeciw wobec przetwarzania Twoich danych osobowych na potrzeby marketingu bezpo\u015bredniego, w tym profilowania, w zakresie w jakim przetwarzanie danych osobowych jest zwi\u0105zane z marketingiem bezpo\u015brednim;<\/li>\n\n\n\n<li>wnios\u0142e\u015b\/wnios\u0142a\u015b sprzeciw wobec przetwarzania Twoich danych osobowych w zwi\u0105zku z przetwarzaniem niezb\u0119dnym dla wykonania zadania realizowanego w interesie publicznym lub przetwarzania niezb\u0119dnego dla cel\u00f3w wynikaj\u0105cych z prawnie uzasadnionych interes\u00f3w realizowanych przez nas lub stron\u0119 trzeci\u0105.<\/li>\n<\/ul>\n\n\n\n<p>Pomimo zg\u0142oszenia \u017c\u0105dania usuni\u0119cia danych osobowych mo\u017cemy przetwarza\u0107 Twoje dane dalej w celu ustalenia, dochodzenia lub obrony roszcze\u0144 o czym zostaniesz poinformowany\/poinformowana.<\/p>\n\n\n\n<p>Je\u015bli chcesz za\u017c\u0105da\u0107 usuni\u0119cia swoich danych osobowych zg\u0142o\u015b swoje \u017c\u0105danie na adres: <a href=\"https:\/\/allvoice.pl\/get-in-touch\/\" target=\"_blank\" data-type=\"page\" data-id=\"2322\" rel=\"noreferrer noopener\">kontakt@allvoice.pl<\/a>.<\/p>\n\n\n\n<h4 class=\"wp-block-heading\"><strong>Prawo do zg\u0142oszenia \u017c\u0105dania ograniczenia przetwarzania danych osobowych (art. 18 RODO)<\/strong><\/h4>\n\n\n\n<p>Masz prawo do \u017c\u0105dania ograniczenia przetwarzania Twoich danych osobowych, gdy:<\/p>\n\n\n\n<ul>\n<li>kwestionujesz prawid\u0142owo\u015b\u0107 swoich danych osobowych \u2013 w takim wypadku ograniczymy przetwarzanie Twoich danych osobowych na czas pozwalaj\u0105cy sprawdzi\u0107 prawid\u0142owo\u015b\u0107 tych danych;<\/li>\n\n\n\n<li>przetwarzanie Twoich danych jest niezgodne z prawem, a zamiast usuni\u0119cia danych osobowych za\u017c\u0105dasz ograniczenia przetwarzania Twoich danych osobowych;<\/li>\n\n\n\n<li>Twoje dane osobowe przesta\u0142y by\u0107 potrzebne do cel\u00f3w przetwarzania, ale s\u0105 one potrzebne w celu ustalenia, dochodzenia lub obrony Twoich roszcze\u0144;<\/li>\n\n\n\n<li>zg\u0142osi\u0142e\u015b\/zg\u0142osi\u0142a\u015b sprzeciw wobec przetwarzania Twoich danych osobowych \u2013 do czasu stwierdzenia czy nasze prawnie uzasadnione interesy s\u0105 nadrz\u0119dne wobec podstaw wskazanych w Twoim sprzeciwie.<\/li>\n<\/ul>\n\n\n\n<p>Je\u015bli chcesz za\u017c\u0105da\u0107 ograniczenia przetwarzania swoich danych osobowych zg\u0142o\u015b swoje \u017c\u0105danie na adres: <a href=\"https:\/\/allvoice.pl\/get-in-touch\/\" target=\"_blank\" data-type=\"page\" data-id=\"2322\" rel=\"noreferrer noopener\">kontakt@allvoice.pl<\/a>.<\/p>\n\n\n\n<h4 class=\"wp-block-heading\"><strong>Prawo do sprzeciwu wobec przetwarzania danych osobowych (art. 21 RODO)<\/strong><\/h4>\n\n\n\n<p>Masz prawo w dowolnym momencie wnie\u015b\u0107 sprzeciw wobec przetwarzania Twoich danych osobowych, w tym profilowania, w zwi\u0105zku z:<\/p>\n\n\n\n<ul>\n<li>przetwarzaniem niezb\u0119dnym dla wykonania zadania realizowanego w interesie publicznym lub przetwarzania niezb\u0119dnego dla cel\u00f3w wynikaj\u0105cych z prawnie uzasadnionych interes\u00f3w realizowanych przez Administratora danych osobowych lub stron\u0119 trzeci\u0105;<\/li>\n\n\n\n<li>przetwarzaniem na potrzeby marketingu bezpo\u015bredniego.<\/li>\n<\/ul>\n\n\n\n<p>Je\u015bli chcesz zg\u0142osi\u0107 sprzeciw wobec przetwarzania Twoich danych osobowych zg\u0142o\u015b swoje \u017c\u0105danie na adres: <a href=\"https:\/\/allvoice.pl\/get-in-touch\/\" target=\"_blank\" data-type=\"page\" data-id=\"2322\" rel=\"noreferrer noopener\">kontakt@allvoice.pl<\/a>.<\/p>\n\n\n\n<h4 class=\"wp-block-heading\"><strong>Prawo do \u017c\u0105dania przenoszenia danych osobowych (art. 20 RODO)<\/strong><\/h4>\n\n\n\n<p>Masz prawo otrzyma\u0107 od nas swoje dane osobowe w ustrukturyzowanym, powszechnie u\u017cywanym formacie nadaj\u0105cym si\u0119 do odczytu maszynowego oraz przes\u0142a\u0107 je innemu administratorowi danych osobowych.<\/p>\n\n\n\n<p>Standardowo udost\u0119pnimy Ci Twoje dane osobowe w formacie CSV. Je\u015bli wolisz aby dane zosta\u0142y Ci udost\u0119pnione w innym formacie wska\u017c preferowany format w swoim \u017c\u0105daniu. W miar\u0119 mo\u017cliwo\u015bci postaramy si\u0119 udost\u0119pni\u0107 Ci dane w preferowanym przez Ciebie formacie.<\/p>\n\n\n\n<p>Mo\u017cesz r\u00f3wnie\u017c za\u017c\u0105da\u0107, aby\u015bmy przes\u0142ali Twoje dane osobowe bezpo\u015brednio innemu administratorowi (o ile jest to technicznie mo\u017cliwe).<\/p>\n\n\n\n<p>Je\u015bli chcesz za\u017c\u0105da\u0107 przeniesienia swoich danych osobowych zg\u0142o\u015b swoje \u017c\u0105danie na adres: <a href=\"https:\/\/allvoice.pl\/get-in-touch\/\" data-type=\"page\" data-id=\"2322\">kontakt@allvoice.pl<\/a>.<\/p>\n\n\n\n<h4 class=\"wp-block-heading\"><strong>Skarga do organu nadzorczego<\/strong><\/h4>\n\n\n\n<p>Je\u017celi s\u0105dzisz, \u017ce przetwarzanie Twoich danych osobowych narusza przepisy ochrony danych osobowych masz prawo z\u0142o\u017cenia skargi do organu nadzorczego, w szczeg\u00f3lno\u015bci w pa\u0144stwie cz\u0142onkowskim swojego zwyk\u0142ego pobytu, swojego miejsca pracy lub miejsca pope\u0142nienia domniemanego naruszenia.<\/p>\n\n\n\n<p>W Polsce organem nadzorczym w rozumieniu RODO jest Prezes Urz\u0119du Ochrony Danych Osobowych, kt\u00f3ry z dniem 25 maja 2018 roku zast\u0105pi\u0142 GIODO.<\/p>\n\n\n\n<p>Wi\u0119cej informacji znajdziesz na stronie <a href=\"https:\/\/uodo.gov.pl\" data-type=\"link\" data-id=\"https:\/\/uodo.gov.pl\" target=\"_blank\" rel=\"noreferrer noopener nofollow\">UODO<\/a>.<\/p>\n\n\n\n<\/div><\/div>","protected":false},"excerpt":{"rendered":"<p>POLITYKA PRYWATNO\u015aCI Wersja obowi\u0105zuj\u0105ca od dnia 26 02 2025 Poprzednia wersja Polityki prywatno\u015bci jest dost\u0119pna tutaj CZYM JEST POLITYKA PRYWATNO\u015aCI? Chcieliby\u015bmy zapozna\u0107 Ci\u0119 ze szczeg\u00f3\u0142ami przetwarzania przez nas Twoich danych osobowych, aby da\u0107 Ci pe\u0142n\u0105 wiedz\u0119 i komfort w korzystaniu z naszej strony internetowej. W zwi\u0105zku z tym, \u017ce sami dzia\u0142amy w bran\u017cy internetowej, wiemy [&hellip;]<\/p>\n","protected":false},"author":2,"featured_media":0,"parent":0,"menu_order":0,"comment_status":"closed","ping_status":"closed","template":"","meta":{"_acf_changed":false,"footnotes":""},"acf":[],"_links":{"self":[{"href":"https:\/\/allvoice.pl\/pl\/wp-json\/wp\/v2\/pages\/4343"}],"collection":[{"href":"https:\/\/allvoice.pl\/pl\/wp-json\/wp\/v2\/pages"}],"about":[{"href":"https:\/\/allvoice.pl\/pl\/wp-json\/wp\/v2\/types\/page"}],"author":[{"embeddable":true,"href":"https:\/\/allvoice.pl\/pl\/wp-json\/wp\/v2\/users\/2"}],"replies":[{"embeddable":true,"href":"https:\/\/allvoice.pl\/pl\/wp-json\/wp\/v2\/comments?post=4343"}],"version-history":[{"count":15,"href":"https:\/\/allvoice.pl\/pl\/wp-json\/wp\/v2\/pages\/4343\/revisions"}],"predecessor-version":[{"id":4383,"href":"https:\/\/allvoice.pl\/pl\/wp-json\/wp\/v2\/pages\/4343\/revisions\/4383"}],"wp:attachment":[{"href":"https:\/\/allvoice.pl\/pl\/wp-json\/wp\/v2\/media?parent=4343"}],"curies":[{"name":"wp","href":"https:\/\/api.w.org\/{rel}","templated":true}]}}