{"id":4185,"date":"2025-01-20T13:55:38","date_gmt":"2025-01-20T12:55:38","guid":{"rendered":"https:\/\/allvoice.pl\/?page_id=4185"},"modified":"2025-05-07T14:37:52","modified_gmt":"2025-05-07T12:37:52","slug":"zoom","status":"publish","type":"page","link":"https:\/\/allvoice.pl\/pl\/zoom\/","title":{"rendered":"Zoom"},"content":{"rendered":"<div class=\"wp-block-cover is-light\"><span aria-hidden=\"true\" class=\"wp-block-cover__background has-background-dim-40 has-background-dim\" style=\"background-color:#dbdadc\"><\/span><img loading=\"lazy\" decoding=\"async\" width=\"2560\" height=\"1405\" class=\"wp-block-cover__image-background wp-image-4200\" alt=\"\" src=\"https:\/\/allvoice.pl\/wp-content\/uploads\/zoom-meeting-scaled.jpeg\" style=\"object-position:34% 9%\" data-object-fit=\"cover\" data-object-position=\"34% 9%\" srcset=\"https:\/\/allvoice.pl\/wp-content\/uploads\/zoom-meeting-scaled.jpeg 2560w, https:\/\/allvoice.pl\/wp-content\/uploads\/zoom-meeting-300x165.jpeg 300w, https:\/\/allvoice.pl\/wp-content\/uploads\/zoom-meeting-1024x562.jpeg 1024w, https:\/\/allvoice.pl\/wp-content\/uploads\/zoom-meeting-768x421.jpeg 768w, https:\/\/allvoice.pl\/wp-content\/uploads\/zoom-meeting-1536x843.jpeg 1536w, https:\/\/allvoice.pl\/wp-content\/uploads\/zoom-meeting-2048x1124.jpeg 2048w, https:\/\/allvoice.pl\/wp-content\/uploads\/zoom-meeting-18x10.jpeg 18w, https:\/\/allvoice.pl\/wp-content\/uploads\/zoom-meeting-1568x860.jpeg 1568w\" sizes=\"(max-width: 2560px) 100vw, 2560px\" \/><div class=\"wp-block-cover__inner-container is-layout-flow wp-block-cover-is-layout-flow\">\n<h1 class=\"wp-block-heading has-text-align-left\">Zoom Contact Center<\/h1>\n<\/div><\/div>\n\n\n\n<div class=\"my-container\">\n\n\n\n<div class=\"wp-block-columns has-2-columns solution-description-with-image is-layout-flex wp-container-core-columns-is-layout-1 wp-block-columns-is-layout-flex\">\n<div class=\"wp-block-column is-layout-flow wp-block-column-is-layout-flow\">\n<figure class=\"wp-block-image size-full\"><img loading=\"lazy\" decoding=\"async\" width=\"746\" height=\"195\" src=\"https:\/\/allvoice.pl\/wp-content\/uploads\/ContactCenter_Icon-None_Text-Bloom100-2Line_Zoom.png\" alt=\"\" class=\"wp-image-4189\" srcset=\"https:\/\/allvoice.pl\/wp-content\/uploads\/ContactCenter_Icon-None_Text-Bloom100-2Line_Zoom.png 746w, https:\/\/allvoice.pl\/wp-content\/uploads\/ContactCenter_Icon-None_Text-Bloom100-2Line_Zoom-300x78.png 300w, https:\/\/allvoice.pl\/wp-content\/uploads\/ContactCenter_Icon-None_Text-Bloom100-2Line_Zoom-18x5.png 18w\" sizes=\"(max-width: 746px) 100vw, 746px\" \/><\/figure>\n<\/div>\n\n\n\n<div class=\"wp-block-column is-layout-flow wp-block-column-is-layout-flow\">\n\n\n<p>Elastyczno\u015b\u0107 chmury, zaawansowana analityka i doskona\u0142a obs\u0142uga klient\u00f3w \u2013 wszystko w jednym narz\u0119dziu.<\/p>\n<\/div>\n<\/div>\n\n\n\n<\/div>\n\n\n\n<div class=\"pattern-background\"><div class=\"my-container\">\n\n\n\n<div class=\"wp-block-columns has-2-columns solution-description-with-image is-layout-flex wp-container-core-columns-is-layout-2 wp-block-columns-is-layout-flex\">\n<div class=\"wp-block-column is-layout-flow wp-block-column-is-layout-flow\">\n<h4 class=\"wp-block-heading\">Dlaczego Zoom Contact Center?<\/h4>\n\n\n\n<p>Zoom \u0142\u0105czy prostot\u0119 i intuicyjno\u015b\u0107 swojego interfejsu z funkcjonalno\u015bci\u0105 dedykowan\u0105 obs\u0142udze klienta.<\/p>\n\n\n\n<p>Dedykowane dla firm ka\u017cdej wielko\u015bci, szczeg\u00f3lnie tych szukaj\u0105cych rozwi\u0105za\u0144 chmurowych.<\/p>\n<\/div>\n\n\n\n<div class=\"wp-block-column is-layout-flow wp-block-column-is-layout-flow\">\n<figure class=\"wp-block-image size-large\"><img loading=\"lazy\" decoding=\"async\" width=\"1024\" height=\"540\" src=\"https:\/\/allvoice.pl\/wp-content\/uploads\/zoom-meeting-2-1024x540.jpeg\" alt=\"\" class=\"wp-image-4202\" srcset=\"https:\/\/allvoice.pl\/wp-content\/uploads\/zoom-meeting-2-1024x540.jpeg 1024w, https:\/\/allvoice.pl\/wp-content\/uploads\/zoom-meeting-2-300x158.jpeg 300w, https:\/\/allvoice.pl\/wp-content\/uploads\/zoom-meeting-2-768x405.jpeg 768w, https:\/\/allvoice.pl\/wp-content\/uploads\/zoom-meeting-2-1536x810.jpeg 1536w, https:\/\/allvoice.pl\/wp-content\/uploads\/zoom-meeting-2-2048x1080.jpeg 2048w, https:\/\/allvoice.pl\/wp-content\/uploads\/zoom-meeting-2-18x9.jpeg 18w, https:\/\/allvoice.pl\/wp-content\/uploads\/zoom-meeting-2-1568x827.jpeg 1568w\" sizes=\"(max-width: 1024px) 100vw, 1024px\" \/><\/figure>\n<\/div>\n<\/div>\n\n\n\n<\/div><\/div>\n\n\n\n<div class=\"my-container\">\n\n\n\n<p><strong>Zoom Contact Center <\/strong>to wszechstronne rozwi\u0105zanie, kt\u00f3re \u0142\u0105czy wszystkie kana\u0142y komunikacji \u2013 e-mail, czat, rozmowy g\u0142osowe i wideo \u2013 w jedno intuicyjne narz\u0119dzie. Dzi\u0119ki temu Twoi klienci mog\u0105 \u0142atwo skontaktowa\u0107 si\u0119 z Tob\u0105, a Ty zyskujesz pe\u0142n\u0105 kontrol\u0119 nad obs\u0142ug\u0105 w ka\u017cdym punkcie kontaktu. Wbudowane funkcje analityczne pozwalaj\u0105 na bie\u017c\u0105co monitorowa\u0107 dane i raporty, pomagaj\u0105c szybko wychwytywa\u0107 trendy i podejmowa\u0107 lepsze decyzje.<\/p>\n\n\n\n<div class=\"wp-block-columns is-layout-flex wp-container-core-columns-is-layout-3 wp-block-columns-is-layout-flex\">\n<div class=\"wp-block-column is-layout-flow wp-block-column-is-layout-flow\">\n<figure class=\"wp-block-image size-large\"><img loading=\"lazy\" decoding=\"async\" width=\"1024\" height=\"538\" src=\"https:\/\/allvoice.pl\/wp-content\/uploads\/zoom-ai-comp-logo-1024x538.png\" alt=\"\" class=\"wp-image-4230\" srcset=\"https:\/\/allvoice.pl\/wp-content\/uploads\/zoom-ai-comp-logo-1024x538.png 1024w, https:\/\/allvoice.pl\/wp-content\/uploads\/zoom-ai-comp-logo-300x158.png 300w, https:\/\/allvoice.pl\/wp-content\/uploads\/zoom-ai-comp-logo-768x403.png 768w, https:\/\/allvoice.pl\/wp-content\/uploads\/zoom-ai-comp-logo-18x9.png 18w, https:\/\/allvoice.pl\/wp-content\/uploads\/zoom-ai-comp-logo.png 1200w\" sizes=\"(max-width: 1024px) 100vw, 1024px\" \/><\/figure>\n<\/div>\n\n\n\n<div class=\"wp-block-column is-vertically-aligned-center is-layout-flow wp-block-column-is-layout-flow\">\n<p>Zoom Contact Center idzie o krok dalej dzi\u0119ki wbudowanemu <strong>AI Companion<\/strong>, kt\u00f3ry wspiera zespo\u0142y w codziennej pracy. Automatyczne transkrypcje rozm\u00f3w, inteligentne sugestie odpowiedzi czy analizowanie nastroju klient\u00f3w w czasie rzeczywistym to tylko niekt\u00f3re z funkcji, kt\u00f3re pomagaj\u0105 oszcz\u0119dza\u0107 czas i podnosi\u0107 jako\u015b\u0107 obs\u0142ugi. Dzi\u0119ki sztucznej inteligencji Tw\u00f3j zesp\u00f3\u0142 mo\u017ce skupi\u0107 si\u0119 na tym, co naprawd\u0119 wa\u017cne \u2013 budowaniu relacji z klientami.<\/p>\n<\/div>\n<\/div>\n\n\n\n<p>Zoom Contact Center \u015bwietnie sprawdzi si\u0119 zar\u00f3wno w ma\u0142ych, jak i du\u017cych organizacjach. To idealny wyb\u00f3r dla firm, kt\u00f3re stawiaj\u0105 na elastyczno\u015b\u0107 chmurowych rozwi\u0105za\u0144 i chc\u0105 u\u0142atwi\u0107 swoim zespo\u0142om codzienn\u0105 prac\u0119. Je\u015bli zale\u017cy Ci na optymalizacji proces\u00f3w obs\u0142ugi klienta, wi\u0119kszej efektywno\u015bci i p\u0142ynnej integracji z obecnym systemem CRM, to rozwi\u0105zanie zaprojektowane w\u0142a\u015bnie dla Ciebie.<\/p>\n\n\n\n<p>Dzi\u0119ki skalowalno\u015bci Zoom Contact Center ro\u015bnie razem z Twoj\u0105 firm\u0105. Mo\u017cesz zacz\u0105\u0107 od podstawowych funkcji, a nast\u0119pnie dostosowywa\u0107 system do zmieniaj\u0105cych si\u0119 potrzeb. Co wi\u0119cej, obs\u0142uga wideo na \u017cywo pozwala na bardziej osobiste podej\u015bcie do klienta, co przek\u0142ada si\u0119 na ich zadowolenie i lojalno\u015b\u0107. Szybkie wdro\u017cenie sprawia, \u017ce mo\u017cesz zacz\u0105\u0107 korzysta\u0107 z narz\u0119dzia niemal od razu, bez skomplikowanych proces\u00f3w technicznych.<\/p>\n\n\n\n<p>.<\/p>\n\n\n\n<figure class=\"wp-block-embed aligncenter is-type-video is-provider-youtube wp-block-embed-youtube wp-embed-aspect-16-9 wp-has-aspect-ratio\"><div class=\"wp-block-embed__wrapper\">\n<iframe loading=\"lazy\" title=\"Zoom for Customer Experience\" width=\"640\" height=\"360\" src=\"https:\/\/www.youtube.com\/embed\/R42ZHs4JrAQ?feature=oembed\" frameborder=\"0\" allow=\"accelerometer; autoplay; clipboard-write; encrypted-media; gyroscope; picture-in-picture; web-share\" referrerpolicy=\"strict-origin-when-cross-origin\" allowfullscreen><\/iframe>\n<\/div><\/figure>\n\n\n\n<div class=\"wp-block-columns is-layout-flex wp-container-core-columns-is-layout-4 wp-block-columns-is-layout-flex\">\n<div class=\"wp-block-column is-layout-flow wp-block-column-is-layout-flow\"><style>.kt-svg-icons4185_cb6e0c-e3 .kt-svg-item-0 .kb-svg-icon-wrap{color:var(--global-palette4, #2D3748);font-size:50px;}.wp-block-kadence-icon.kt-svg-icons4185_cb6e0c-e3{justify-content:center;}<\/style>\n<div class=\"wp-block-kadence-icon kt-svg-icons kt-svg-icons4185_cb6e0c-e3 alignnone\"><style>.kt-svg-item-4185_7f8b5b-1d .kb-svg-icon-wrap, .kt-svg-style-stacked.kt-svg-item-4185_7f8b5b-1d .kb-svg-icon-wrap{color:#0073a8;font-size:50px;}<\/style>\n<div class=\"wp-block-kadence-single-icon kt-svg-style-default kt-svg-icon-wrap kt-svg-item-4185_7f8b5b-1d\"><span class=\"kb-svg-icon-wrap kb-svg-icon-ic_globe\"><svg viewbox=\"0 0 8 8\"  fill=\"currentColor\" xmlns=\"http:\/\/www.w3.org\/2000\/svg\"  aria-hidden=\"true\"><path d=\"M4 0c-2.21 0-4 1.79-4 4s1.79 4 4 4 4-1.79 4-4-1.79-4-4-4zm0 1c.33 0 .64.09.94.19-.21.2-.45.38-.41.56.04.18.69.13.69.5 0 .27-.42.35-.13.66.35.35-.64.98-.66 1.44-.03.83.84.97 1.53.97.42 0 .53.2.5.44-.54.77-1.46 1.25-2.47 1.25-.38 0-.73-.09-1.06-.22.22-.44-.28-1.31-.75-1.59-.23-.23-.72-.14-1-.25-.09-.27-.18-.54-.19-.84.03-.05.08-.09.16-.09.19 0 .45.38.59.34.18-.04-.74-1.31-.31-1.56.2-.12.6.39.47-.16-.12-.51.36-.28.66-.41.26-.11.45-.41.13-.59-.06-.03-.13-.1-.22-.19.45-.27.97-.44 1.53-.44zm2.31 1.09c.18.22.32.46.44.72 0 .01 0 .02 0 .03-.04.07-.11.11-.22.22-.28.28-.32-.21-.44-.31-.13-.12-.6.02-.66-.13-.07-.18.5-.42.88-.53z\"\/><\/svg><\/span><\/div>\n<\/div>\n<\/div>\n\n\n\n<div class=\"wp-block-column is-layout-flow wp-block-column-is-layout-flow\"><style>.kt-svg-icons4185_415ce0-44 .kt-svg-item-0 .kb-svg-icon-wrap{color:var(--global-palette4, #2D3748);font-size:50px;}.wp-block-kadence-icon.kt-svg-icons4185_415ce0-44{justify-content:center;}<\/style>\n<div class=\"wp-block-kadence-icon kt-svg-icons kt-svg-icons4185_415ce0-44 alignnone\"><style>.kt-svg-item-4185_204c8e-6a .kb-svg-icon-wrap, .kt-svg-style-stacked.kt-svg-item-4185_204c8e-6a .kb-svg-icon-wrap{color:#0073a8;font-size:50px;}<\/style>\n<div class=\"wp-block-kadence-single-icon kt-svg-style-default kt-svg-icon-wrap kt-svg-item-4185_204c8e-6a\"><span class=\"kb-svg-icon-wrap kb-svg-icon-ic_both\"><svg viewbox=\"0 0 8 8\"  fill=\"currentColor\" xmlns=\"http:\/\/www.w3.org\/2000\/svg\"  aria-hidden=\"true\"><path d=\"M4 0l1.66 1.66-4 4-1.66-1.66v4h4l-1.66-1.66 4-4 1.66 1.66v-4h-4z\"\/><\/svg><\/span><\/div>\n<\/div>\n<\/div>\n\n\n\n<div class=\"wp-block-column is-layout-flow wp-block-column-is-layout-flow\"><style>.kt-svg-icons4185_03db47-33 .kt-svg-item-0 .kb-svg-icon-wrap{color:var(--global-palette4, #2D3748);font-size:50px;}.wp-block-kadence-icon.kt-svg-icons4185_03db47-33{justify-content:center;}<\/style>\n<div class=\"wp-block-kadence-icon kt-svg-icons kt-svg-icons4185_03db47-33 alignnone\"><style>.kt-svg-item-4185_20ac34-17 .kb-svg-icon-wrap, .kt-svg-style-stacked.kt-svg-item-4185_20ac34-17 .kb-svg-icon-wrap{color:#0073a8;font-size:50px;}.kt-svg-item-4185_20ac34-17:hover .kb-svg-icon-wrap{color:#FFF;}<\/style>\n<div class=\"wp-block-kadence-single-icon kt-svg-style-default kt-svg-icon-wrap kt-svg-item-4185_20ac34-17\"><span class=\"kb-svg-icon-wrap kb-svg-icon-fas_shipping-fast\"><svg viewbox=\"0 0 640 512\"  fill=\"currentColor\" xmlns=\"http:\/\/www.w3.org\/2000\/svg\"  aria-hidden=\"true\"><path d=\"M624 352h-16V243.9c0-12.7-5.1-24.9-14.1-33.9L494 110.1c-9-9-21.2-14.1-33.9-14.1H416V48c0-26.5-21.5-48-48-48H112C85.5 0 64 21.5 64 48v48H8c-4.4 0-8 3.6-8 8v16c0 4.4 3.6 8 8 8h272c4.4 0 8 3.6 8 8v16c0 4.4-3.6 8-8 8H40c-4.4 0-8 3.6-8 8v16c0 4.4 3.6 8 8 8h208c4.4 0 8 3.6 8 8v16c0 4.4-3.6 8-8 8H8c-4.4 0-8 3.6-8 8v16c0 4.4 3.6 8 8 8h208c4.4 0 8 3.6 8 8v16c0 4.4-3.6 8-8 8H64v128c0 53 43 96 96 96s96-43 96-96h128c0 53 43 96 96 96s96-43 96-96h48c8.8 0 16-7.2 16-16v-32c0-8.8-7.2-16-16-16zM160 464c-26.5 0-48-21.5-48-48s21.5-48 48-48 48 21.5 48 48-21.5 48-48 48zm320 0c-26.5 0-48-21.5-48-48s21.5-48 48-48 48 21.5 48 48-21.5 48-48 48zm80-208H416V144h44.1l99.9 99.9V256z\"\/><\/svg><\/span><\/div>\n<\/div>\n<\/div>\n<\/div>\n\n\n\n<div class=\"wp-block-columns is-layout-flex wp-container-core-columns-is-layout-5 wp-block-columns-is-layout-flex\">\n<div class=\"wp-block-column is-layout-flow wp-block-column-is-layout-flow\">\n<h3 class=\"wp-block-heading has-text-align-center\">elastyczno\u015b\u0107<\/h3>\n<\/div>\n\n\n\n<div class=\"wp-block-column is-layout-flow wp-block-column-is-layout-flow\">\n<h3 class=\"wp-block-heading has-text-align-center\">skalowalno\u015b\u0107<\/h3>\n<\/div>\n\n\n\n<div class=\"wp-block-column is-layout-flow wp-block-column-is-layout-flow\">\n<h3 class=\"wp-block-heading has-text-align-center\">szybkie wdro\u017cenie<\/h3>\n<\/div>\n<\/div>\n\n\n<style>.wp-block-kadence-spacer.kt-block-spacer-4185_855614-18 .kt-block-spacer{height:60px;}.wp-block-kadence-spacer.kt-block-spacer-4185_855614-18 .kt-divider{border-top-width:1px;height:1px;border-top-color:#eee;width:80%;border-top-style:solid;}<\/style>\n<div class=\"wp-block-kadence-spacer aligncenter kt-block-spacer-4185_855614-18\"><div class=\"kt-block-spacer kt-block-spacer-halign-center\"><hr class=\"kt-divider\"\/><\/div><\/div>\n\n\n\n<h4 class=\"wp-block-heading\">Dlaczego AllVoice?<\/h4>\n\n\n\n<p>Jako certyfikowany partner Zoom, AllVoice zapewnia kompleksowe wsparcie \u2013 od pierwszych krok\u00f3w, przez pe\u0142ne wdro\u017cenie, a\u017c po szkolenia dla Twojego zespo\u0142u. Mo\u017cesz liczy\u0107 na nasz\u0105 wiedz\u0119 i do\u015bwiadczenie, by jak najlepiej wykorzysta\u0107 mo\u017cliwo\u015bci Zoom Contact Center.<\/p>\n\n\n<style>.wp-block-kadence-spacer.kt-block-spacer-4185_5497a4-09 .kt-block-spacer{height:60px;}.wp-block-kadence-spacer.kt-block-spacer-4185_5497a4-09 .kt-divider{border-top-width:1px;height:1px;border-top-color:#eee;width:80%;border-top-style:solid;}<\/style>\n<div class=\"wp-block-kadence-spacer aligncenter kt-block-spacer-4185_5497a4-09\"><div class=\"kt-block-spacer kt-block-spacer-halign-center\"><hr class=\"kt-divider\"\/><\/div><\/div>\n\n\n\n<h4 class=\"wp-block-heading\">Poznaj Zoom Contact Center w skr\u00f3cie<\/h4>\n\n\n\n<p>Je\u015bli chcesz szybko zorientowa\u0107 si\u0119, czym jest Zoom Contact Center, jak dzia\u0142a i jakie daje korzy\u015bci \u2013 przygotowali\u015bmy zwi\u0119z\u0142y materia\u0142 informacyjny w formie one-pagera:<\/p>\n\n\n\n<div class=\"wp-block-file\"><a id=\"wp-block-file--media-6839da38-87d7-4cd3-8ebc-31315c05a61c\" href=\"https:\/\/allvoice.pl\/wp-content\/uploads\/Zoom-Contact-Center-\u2013-Nowoczesne-Centrum-Obslugi-Klienta.pdf\" target=\"_blank\" rel=\"noreferrer noopener\">Poznaj Zoom Contact Center<\/a><a href=\"https:\/\/allvoice.pl\/wp-content\/uploads\/Zoom-Contact-Center-\u2013-Nowoczesne-Centrum-Obslugi-Klienta.pdf\" class=\"wp-block-file__button wp-element-button\" download aria-describedby=\"wp-block-file--media-6839da38-87d7-4cd3-8ebc-31315c05a61c\">Pobierz PDF<\/a><\/div>\n\n\n\n<\/div>\n\n\n\n<\/div><div class=\"my-section section-light-gray\" id=\"get-in-touch-with-us\"><div class=\"my-container\">\n\n\n\n<p style=\"font-size:28px\"><strong>Zainteresowany Zoom Contact Center? Porozmawiajmy!<\/strong><\/p>\n\n\n\n<p><a href=\"https:\/\/allvoice.pl\/pl\/get-in-touch\/\">Skontaktuj si\u0119 z naszym ekspertem<\/a><\/p>\n\n\n\n<\/div><\/div>","protected":false},"excerpt":{"rendered":"<p>Cloud flexibility, advanced analytics, and exceptional customer service \u2013 all in one tool. Why Zoom Contact Center? Zoom combines the simplicity and intuitiveness of its interface with features tailored for customer service. Designed for companies of all sizes, especially those looking for cloud-based solutions. Zoom Contact Center is a comprehensive solution that integrates all communication [&hellip;]<\/p>\n","protected":false},"author":12,"featured_media":0,"parent":0,"menu_order":0,"comment_status":"closed","ping_status":"closed","template":"","meta":{"_acf_changed":false,"footnotes":""},"acf":[],"_links":{"self":[{"href":"https:\/\/allvoice.pl\/pl\/wp-json\/wp\/v2\/pages\/4185"}],"collection":[{"href":"https:\/\/allvoice.pl\/pl\/wp-json\/wp\/v2\/pages"}],"about":[{"href":"https:\/\/allvoice.pl\/pl\/wp-json\/wp\/v2\/types\/page"}],"author":[{"embeddable":true,"href":"https:\/\/allvoice.pl\/pl\/wp-json\/wp\/v2\/users\/12"}],"replies":[{"embeddable":true,"href":"https:\/\/allvoice.pl\/pl\/wp-json\/wp\/v2\/comments?post=4185"}],"version-history":[{"count":30,"href":"https:\/\/allvoice.pl\/pl\/wp-json\/wp\/v2\/pages\/4185\/revisions"}],"predecessor-version":[{"id":4980,"href":"https:\/\/allvoice.pl\/pl\/wp-json\/wp\/v2\/pages\/4185\/revisions\/4980"}],"wp:attachment":[{"href":"https:\/\/allvoice.pl\/pl\/wp-json\/wp\/v2\/media?parent=4185"}],"curies":[{"name":"wp","href":"https:\/\/api.w.org\/{rel}","templated":true}]}}