{"id":345,"date":"2019-09-14T15:24:10","date_gmt":"2019-09-14T13:24:10","guid":{"rendered":"http:\/\/localhost\/benkie\/allvoice.pl\/?page_id=345"},"modified":"2020-01-15T09:43:33","modified_gmt":"2020-01-15T08:43:33","slug":"ipocc","status":"publish","type":"page","link":"https:\/\/allvoice.pl\/pl\/ipocc\/","title":{"rendered":"IP Office Contact Center"},"content":{"rendered":"<div class=\"wp-block-cover has-background-dim-40 has-background-dim\" style=\"background-image:url(https:\/\/allvoice.pl\/wp-content\/uploads\/GettyImages-713777491_lores.jpg);background-color:#008dc3\"><div class=\"wp-block-cover__inner-container is-layout-flow wp-block-cover-is-layout-flow\">\n<h1 class=\"wp-block-heading\" style=\"text-align:left\">Avaya <br>IP Office Contact Center<\/h1>\n<\/div><\/div>\n\n\n\n<div class=\"my-container my-section\">\n\n\n\n<div class=\"wp-block-columns alignwide has-2-columns bigger-space is-layout-flex wp-container-core-columns-is-layout-1 wp-block-columns-is-layout-flex\">\n<div class=\"wp-block-column is-layout-flow wp-block-column-is-layout-flow\">\n<p><p style=\"color:#ff0101;font-size:21px\" class=\"has-text-color\">Optymalna dost\u0119pno\u015b\u0107 - przewaga nad konkurencj\u0105 <\/p><\/p>\n\n\n\n<p style=\"font-size:18px\">Dzi\u0119ki <strong>Avaya IP Office Contact Center<\/strong>mo\u017cesz zintegrowa\u0107 kana\u0142y g\u0142osowe, e-mailowe i komunikatory oraz proaktywnie zarz\u0105dza\u0107 ca\u0142ym cyklem \u017cycia interakcji z klientem. Twoja firma mo\u017ce rozpocz\u0105\u0107 swoje dzia\u0142ania we w\u0142asnym tempie na pocz\u0105tku z jednym kana\u0142em, na przyk\u0142ad g\u0142osowym, i dodawa\u0107 inne kana\u0142y, takie jak e-mail, w miar\u0119 rozwijania si\u0119 Twoich cel\u00f3w.   <\/p>\n\n\n\n<p style=\"font-size:18px\"><strong>IP Office Contact Center<\/strong> to prawdziwe kompleksowe rozwi\u0105zanie dla firm, kt\u00f3re chc\u0105 wyr\u00f3\u017cni\u0107 swoje us\u0142ugi na tle konkurencji, osi\u0105gn\u0105\u0107 lepsz\u0105 segmentacj\u0119 klient\u00f3w i zwi\u0119kszy\u0107 warto\u015b\u0107 ka\u017cdej relacji z klientem. Mo\u017ce to prze\u0142o\u017cy\u0107 si\u0119 na bardziej zadowolonych klient\u00f3w i w rezultacie na bardziej dochodowy biznes. <\/p>\n\n\n\n<blockquote class=\"wp-block-quote is-layout-flow wp-block-quote-is-layout-flow\"><p>\"Nasze rozwi\u0105zanie Avaya zapewnia agentom tak du\u017co wiele niezb\u0119dnych danych klient\u00f3w, \u017ce nie musimy ju\u017c traci\u0107 czasu na proszenie o nie dzwoni\u0105cych.\"<\/p><cite><div>Mike Blake,<\/div><div>Home Emergency Director, CET <\/div><\/cite><\/blockquote>\n<\/div>\n\n\n\n<div class=\"wp-block-column is-layout-flow wp-block-column-is-layout-flow\">\n<div class=\"eds-animate edsanimate-sis-hidden\" data-eds-entry-animation=\"bounceIn\" data-eds-entry-delay=\"0\" data-eds-entry-duration=\"1\" data-eds-entry-timing=\"linear\" data-eds-exit-animation=\"\" data-eds-exit-delay=\"\" data-eds-exit-duration=\"\" data-eds-exit-timing=\"\" data-eds-repeat-count=\"1\" data-eds-keep=\"yes\" data-eds-animate-on=\"scroll\" data-eds-scroll-offset=\"75\">\n\n\n\n<p style=\"color:#008dc3;font-size:26px;text-align:center\" class=\"has-text-color\">Watch now<\/p>\n\n\n\n<figure class=\"wp-block-embed-youtube wp-block-embed is-type-video is-provider-youtube wp-embed-aspect-16-9 wp-has-aspect-ratio\"><div class=\"wp-block-embed__wrapper\">\n<iframe loading=\"lazy\" title=\"Avaya IP Office Contact Center (IPOCC) - Key Highlights\" width=\"640\" height=\"360\" src=\"https:\/\/www.youtube.com\/embed\/TzB9_kR2nJI?feature=oembed&#038;enablejsapi=1&#038;origin=https:\/\/allvoice.pl\" frameborder=\"0\" allow=\"accelerometer; autoplay; clipboard-write; encrypted-media; gyroscope; picture-in-picture; web-share\" referrerpolicy=\"strict-origin-when-cross-origin\" allowfullscreen><\/iframe>\n<\/div><\/figure>\n\n\n\n<\/div>\n<\/div>\n<\/div>\n\n\n\n<\/div><div class=\"my-section section-light-gray\"><div class=\"my-container\">\n\n\n<div class=\"eds-animate edsanimate-sis-hidden\" data-eds-entry-animation=\"fadeInUp\" data-eds-entry-delay=\"0\" data-eds-entry-duration=\"0.7\" data-eds-entry-timing=\"linear\" data-eds-exit-animation=\"\" data-eds-exit-delay=\"\" data-eds-exit-duration=\"\" data-eds-exit-timing=\"\" data-eds-repeat-count=\"1\" data-eds-keep=\"yes\" data-eds-animate-on=\"scroll\" data-eds-scroll-offset=\"75\">\n\n\n<div class=\"wp-block-columns has-4-columns ipoc-four-columns is-layout-flex wp-container-core-columns-is-layout-2 wp-block-columns-is-layout-flex\">\n<div class=\"wp-block-column is-layout-flow wp-block-column-is-layout-flow\">\n<p style=\"font-size:21px\">Kompleksowe rozwi\u0105zanie do obs\u0142ugi klienta<\/p>\n\n\n\n<hr class=\"wp-block-separator seperator-red\"\/>\n\n\n\n<p style=\"font-size:18px\">Umo\u017cliwia dostarczanie sp\u00f3jnych, spersonalizowanych us\u0142ug klientom w wielu kana\u0142ach medialnych i lokalizacjach <\/p>\n<\/div>\n\n\n\n<div class=\"wp-block-column is-layout-flow wp-block-column-is-layout-flow\">\n<p style=\"font-size:21px\">Specjalne interfejsy dla agent\u00f3w i administrator\u00f3w <\/p>\n\n\n\n<hr class=\"wp-block-separator seperator-red\"\/>\n\n\n\n<p style=\"font-size:18px\">\u0141atwe w obs\u0142udze interfejsy dla administratora i agenta sprzyjaj\u0105 szybkiemu obyciu si\u0119 przez u\u017cytkownik\u00f3w ko\u0144cowych. Sprawnie wprowadzaj zmiany w agentach, grupach, tematach i profilach za pomoc\u0105 narz\u0119dzia do administrowania sieci\u0105. <\/p>\n<\/div>\n\n\n\n<div class=\"wp-block-column is-layout-flow wp-block-column-is-layout-flow\">\n<p style=\"font-size:21px\">Rozwijaj si\u0119<br>wraz ze swoim biznesem<\/p>\n\n\n\n<hr class=\"wp-block-separator seperator-red\"\/>\n\n\n\n<p style=\"font-size:18px\">Zacznij od g\u0142osu i dodaj kolejne kana\u0142y multimedialne bez hardware'u <\/p>\n<\/div>\n\n\n\n<div class=\"wp-block-column is-layout-flow wp-block-column-is-layout-flow\">\n<p style=\"font-size:21px\">Sprawna implementacja bez zak\u0142\u00f3ce\u0144<\/p>\n\n\n\n<hr class=\"wp-block-separator seperator-red\"\/>\n\n\n\n<p style=\"font-size:18px\">Prostota obejmuje tak\u017ce instalacj\u0119, w kt\u00f3rej certyfikowani partnerzy Avaya w tym AllVoice mog\u0105 szybko dostarcza\u0107 konfiguracje zorientowane na klienta. Standardowe konfiguracje dostarczone w IPOCC mog\u0105 by\u0107 uruchomione w ci\u0105gu kilku dni. <\/p>\n<\/div>\n<\/div>\n\n\n<\/div>\n\n\n\n<\/div><\/div><div class=\"my-section section-light-gray\" id=\"get-in-touch-with-us\"><div class=\"my-container\">\n\n\n\n<div class=\"eds-animate edsanimate-sis-hidden\" data-eds-entry-animation=\"bounceIn\" data-eds-entry-delay=\"0\" data-eds-entry-duration=\"1\" data-eds-entry-timing=\"linear\" data-eds-exit-animation=\"\" data-eds-exit-delay=\"\" data-eds-exit-duration=\"\" data-eds-exit-timing=\"\" data-eds-repeat-count=\"1\" data-eds-keep=\"yes\" data-eds-animate-on=\"scroll\" data-eds-scroll-offset=\"75\">\n\n\n\n<p style=\"font-size:28px\"><strong>Zapraszamy do kontaktu z nami<\/strong><\/p>\n\n\n\n<p><a href=\"https:\/\/allvoice.pl\/pl\/get-in-touch\/\">Kontakt z doradc\u0105<\/a><\/p>\n\n\n\n<\/div><\/div>","protected":false},"excerpt":{"rendered":"<p>Optimal Accessibility \u2013 Putting You Ahead of the Competition With Avaya IP Office Contact Center, you can integrate voice, email, and web chat channels, and proactively manage the entire customer interaction lifecycle. Your business can begin at its own pace with one channel such as voice, for example, and add other channels such as e-mail [&hellip;]<\/p>\n","protected":false},"author":1,"featured_media":0,"parent":0,"menu_order":0,"comment_status":"closed","ping_status":"closed","template":"","meta":{"_acf_changed":false,"footnotes":""},"acf":[],"_links":{"self":[{"href":"https:\/\/allvoice.pl\/pl\/wp-json\/wp\/v2\/pages\/345"}],"collection":[{"href":"https:\/\/allvoice.pl\/pl\/wp-json\/wp\/v2\/pages"}],"about":[{"href":"https:\/\/allvoice.pl\/pl\/wp-json\/wp\/v2\/types\/page"}],"author":[{"embeddable":true,"href":"https:\/\/allvoice.pl\/pl\/wp-json\/wp\/v2\/users\/1"}],"replies":[{"embeddable":true,"href":"https:\/\/allvoice.pl\/pl\/wp-json\/wp\/v2\/comments?post=345"}],"version-history":[{"count":49,"href":"https:\/\/allvoice.pl\/pl\/wp-json\/wp\/v2\/pages\/345\/revisions"}],"predecessor-version":[{"id":1425,"href":"https:\/\/allvoice.pl\/pl\/wp-json\/wp\/v2\/pages\/345\/revisions\/1425"}],"wp:attachment":[{"href":"https:\/\/allvoice.pl\/pl\/wp-json\/wp\/v2\/media?parent=345"}],"curies":[{"name":"wp","href":"https:\/\/api.w.org\/{rel}","templated":true}]}}