{"id":3035,"date":"2023-04-24T10:58:00","date_gmt":"2023-04-24T08:58:00","guid":{"rendered":"https:\/\/allvoice.pl\/?page_id=3035"},"modified":"2024-04-25T16:33:18","modified_gmt":"2024-04-25T14:33:18","slug":"spectralink_msteams","status":"publish","type":"page","link":"https:\/\/allvoice.pl\/pl\/spectralink_msteams\/","title":{"rendered":"Microsoft Teams Phone"},"content":{"rendered":"<div class=\"wp-block-cover\"><span aria-hidden=\"true\" class=\"wp-block-cover__background has-background-dim-40 has-background-dim\" style=\"background-color:#008dc3\"><\/span><img loading=\"lazy\" decoding=\"async\" width=\"1197\" height=\"475\" class=\"wp-block-cover__image-background wp-image-3085\" alt=\"\" src=\"https:\/\/allvoice.pl\/wp-content\/uploads\/MSTeams_bc.png\" data-object-fit=\"cover\" srcset=\"https:\/\/allvoice.pl\/wp-content\/uploads\/MSTeams_bc.png 1197w, https:\/\/allvoice.pl\/wp-content\/uploads\/MSTeams_bc-300x119.png 300w, https:\/\/allvoice.pl\/wp-content\/uploads\/MSTeams_bc-1024x406.png 1024w, https:\/\/allvoice.pl\/wp-content\/uploads\/MSTeams_bc-768x305.png 768w, https:\/\/allvoice.pl\/wp-content\/uploads\/MSTeams_bc-18x7.png 18w\" sizes=\"(max-width: 1197px) 100vw, 1197px\" \/><div class=\"wp-block-cover__inner-container is-layout-flow wp-block-cover-is-layout-flow\">\n<h1 class=\"has-text-align-left wp-block-heading\">Przejd\u017a na bardziej ujednolicon\u0105 komunikacj\u0119 mobiln\u0105 za pomoc\u0105 Microsoft Teams<\/h1><p><a href=\"https:\/\/allvoice.pl\/pl\/get-in-touch\/\" style=\"color:white; padding: 10px 20px; border-radius: 5x;\">Porozmawiaj z ekspertem &gt;<\/a><\/p>\n<\/div><\/div>\n\n\n\n<div class=\"my-container my-section\" id=\"what-we-do\">\n\n\n\n<p class=\"has-text-align-center\"><strong> Przedstawiamy bezpo\u015bredni\u0105 integracj\u0119 mi\u0119dzy s\u0142uchawkami Spectralink DECT i Microsoft Teams Phone. Teraz Twoje zespo\u0142y w ci\u0105g\u0142ym ruchu mog\u0105 korzysta\u0107 ze wszystkich narz\u0119dzi do wsp\u00f3\u0142pracy w chmurze za pomoc\u0105 telefon\u00f3w DECT, na kt\u00f3rych pracuj\u0105 bez zb\u0119dnych \"bramek\" innych firm.<\/strong><\/p>\n\n\n\n<p class=\"has-text-align-center has-text-color\" style=\"color:#f2a500\"><strong> Korzy\u015bci z integracji Spectralink DECT z Microsoft Teams Phone<\/strong><\/p>\n\n\n<div class=\"eds-animate edsanimate-sis-hidden\" data-eds-entry-animation=\"fadeInUp\" data-eds-entry-delay=\"0\" data-eds-entry-duration=\"0.5\" data-eds-entry-timing=\"linear\" data-eds-exit-animation=\"\" data-eds-exit-delay=\"\" data-eds-exit-duration=\"\" data-eds-exit-timing=\"\" data-eds-repeat-count=\"1\" data-eds-keep=\"yes\" data-eds-animate-on=\"scroll\" data-eds-scroll-offset=\"75\">\n\n\n\n<div class=\"wp-block-columns has-4-columns is-layout-flex wp-container-core-columns-is-layout-4 wp-block-columns-is-layout-flex\">\n<div class=\"wp-block-column is-layout-flow wp-block-column-is-layout-flow\">\n<div class=\"wp-block-columns has-2-columns is-layout-flex wp-container-core-columns-is-layout-1 wp-block-columns-is-layout-flex\">\n<div class=\"wp-block-column is-layout-flow wp-block-column-is-layout-flow\"><div class=\"wp-block-image\">\n<figure class=\"aligncenter size-full is-resized\"><img loading=\"lazy\" decoding=\"async\" src=\"https:\/\/allvoice.pl\/wp-content\/uploads\/Spect2-1.jpg\" alt=\"\" class=\"wp-image-3075\" width=\"147\" height=\"147\" srcset=\"https:\/\/allvoice.pl\/wp-content\/uploads\/Spect2-1.jpg 196w, https:\/\/allvoice.pl\/wp-content\/uploads\/Spect2-1-150x150.jpg 150w, https:\/\/allvoice.pl\/wp-content\/uploads\/Spect2-1-12x12.jpg 12w\" sizes=\"(max-width: 147px) 100vw, 147px\" \/><\/figure><\/div><\/div>\n<\/div>\n\n\n\n<p>Zapewnia pracownikom mobilnym us\u0142ugi Microsoft Teams Phone na s\u0142uchawkach DECT, zachowuj\u0105c integracj\u0119 z platformami do przesy\u0142ania wiadomo\u015bci, alert\u00f3w i alarm\u00f3w w celu zapewnienia bezpiecze\u0144stwa i ochrony pracownik\u00f3w.<\/p>\n<\/div>\n\n\n\n<div class=\"wp-block-column is-layout-flow wp-block-column-is-layout-flow\">\n<div class=\"wp-block-columns has-2-columns is-layout-flex wp-container-core-columns-is-layout-2 wp-block-columns-is-layout-flex\">\n<div class=\"wp-block-column is-layout-flow wp-block-column-is-layout-flow\"><div class=\"wp-block-image\">\n<figure class=\"aligncenter size-full is-resized\"><img loading=\"lazy\" decoding=\"async\" src=\"https:\/\/allvoice.pl\/wp-content\/uploads\/Spect3-2.jpg\" alt=\"\" class=\"wp-image-3076\" width=\"147\" height=\"147\" srcset=\"https:\/\/allvoice.pl\/wp-content\/uploads\/Spect3-2.jpg 196w, https:\/\/allvoice.pl\/wp-content\/uploads\/Spect3-2-150x150.jpg 150w, https:\/\/allvoice.pl\/wp-content\/uploads\/Spect3-2-12x12.jpg 12w\" sizes=\"(max-width: 147px) 100vw, 147px\" \/><\/figure><\/div><\/div>\n<\/div>\n\n\n\n<p> &nbsp;Zmniejsza koszty, umo\u017cliwiaj\u0105c klientom wycofanie starszych system\u00f3w PBX DECT i wspieranie pracownik\u00f3w mobilnych za pomoc\u0105 rozwi\u0105zania DECT zintegrowanego z Microsoft Teams.<\/p>\n<\/div>\n\n\n\n<div class=\"wp-block-column is-layout-flow wp-block-column-is-layout-flow\">\n<div class=\"wp-block-columns has-2-columns is-layout-flex wp-container-core-columns-is-layout-3 wp-block-columns-is-layout-flex\">\n<div class=\"wp-block-column is-layout-flow wp-block-column-is-layout-flow\"><div class=\"wp-block-image\">\n<figure class=\"aligncenter size-full is-resized\"><img loading=\"lazy\" decoding=\"async\" src=\"https:\/\/allvoice.pl\/wp-content\/uploads\/Spect_1-2.jpg\" alt=\"\" class=\"wp-image-3077\" width=\"147\" height=\"147\" srcset=\"https:\/\/allvoice.pl\/wp-content\/uploads\/Spect_1-2.jpg 196w, https:\/\/allvoice.pl\/wp-content\/uploads\/Spect_1-2-150x150.jpg 150w, https:\/\/allvoice.pl\/wp-content\/uploads\/Spect_1-2-12x12.jpg 12w\" sizes=\"(max-width: 147px) 100vw, 147px\" \/><\/figure><\/div><\/div>\n<\/div>\n\n\n\n<p> Zapewnia wiod\u0105ce na rynku dostarczanie sp\u00f3jnej i ci\u0105g\u0142ej jako\u015bci g\u0142osu klasy korporacyjnej, bezpiecznie pokrywaj\u0105c ca\u0142y teren przedsi\u0119biorstwa; bez wzgl\u0119du na ich rozmiar.<\/p>\n<\/div>\n<\/div>\n\n\n<\/div>\n\n\n\n<\/div>\n\n\n\n<div class=\"pattern-background\" id=\"design\"><div class=\"my-container\">\n\n\n\n<div class=\"wp-block-columns has-2-columns solution-description-with-image is-layout-flex wp-container-core-columns-is-layout-5 wp-block-columns-is-layout-flex\">\n<div class=\"wp-block-column is-layout-flow wp-block-column-is-layout-flow\">\n<h4>Integracja z Spectralink<\/strong><\/h4>\n\n\n\n\n\n<p>\u015awiatowej klasy rozwi\u0105zanie DECT firmy Spectralink zosta\u0142o stworzone z my\u015bl\u0105 o pracownikach \"bez biurek\". To elastyczne i skalowalne rozwi\u0105zanie zapewniaj\u0105ce wysokiej jako\u015bci i bezpieczn\u0105 komunikacj\u0119 g\u0142osow\u0105 w ca\u0142ej sieci.<\/p>\n\n\n\n<p>Dzi\u0119ki bezpo\u015bredniej integracji Spectralink DECT z Microsoft Teams Phone mo\u017cesz skonsolidowa\u0107, upro\u015bci\u0107 i obni\u017cy\u0107 koszty swojego rozwi\u0105zania DECT, pozbywaj\u0105c si\u0119 lokalnych central PBX<sup>rd<\/sup>&nbsp;i bramek firm trzecich.<\/p>\n<\/div>\n\n\n\n<div class=\"wp-block-column is-layout-flow wp-block-column-is-layout-flow\">\n<p class=\"has-text-align-center has-text-color\" style=\"color:#008dc3;font-size:26px\">Watch now<\/p>\n\n\n\n<figure class=\"wp-block-embed is-type-video is-provider-youtube wp-block-embed-youtube wp-embed-aspect-16-9 wp-has-aspect-ratio\"><div class=\"wp-block-embed__wrapper\">\n<iframe loading=\"lazy\" title=\"Microsoft Teams Direct Integration with Spectralink DECT  - How to install\" width=\"640\" height=\"360\" src=\"https:\/\/www.youtube.com\/embed\/5rgVlXnN2uE?feature=oembed&#038;enablejsapi=1&#038;origin=https:\/\/allvoice.pl\" frameborder=\"0\" allow=\"accelerometer; autoplay; clipboard-write; encrypted-media; gyroscope; picture-in-picture; web-share\" referrerpolicy=\"strict-origin-when-cross-origin\" allowfullscreen><\/iframe>\n<\/div><\/figure>\n<\/div>\n<\/div>\n\n\n<\/div>\n\n\n\n<\/div><\/div><div class=\"pattern-background\" id=\"implement\"><div class=\"my-container\">\n\n\n\n<div class=\"wp-block-columns has-2-columns solution-description-with-image is-layout-flex wp-container-core-columns-is-layout-6 wp-block-columns-is-layout-flex\">\n<div class=\"wp-block-column is-layout-flow wp-block-column-is-layout-flow\">\n<p class=\"has-text-align-center has-text-color\" style=\"color:#008dc3;font-size:26px\">Watch now<\/p>\n\n\n\n<figure class=\"wp-block-embed is-type-video is-provider-youtube wp-block-embed-youtube wp-embed-aspect-16-9 wp-has-aspect-ratio\"><div class=\"wp-block-embed__wrapper\">\n<iframe loading=\"lazy\" title=\"Microsoft Teams In Motion (Short)\" width=\"640\" height=\"360\" src=\"https:\/\/www.youtube.com\/embed\/QUUOdpbb9jM?start=30&#038;feature=oembed&#038;enablejsapi=1&#038;origin=https:\/\/allvoice.pl\" frameborder=\"0\" allow=\"accelerometer; autoplay; clipboard-write; encrypted-media; gyroscope; picture-in-picture; web-share\" referrerpolicy=\"strict-origin-when-cross-origin\" allowfullscreen><\/iframe>\n<\/div><\/figure>\n<\/div>\n\n\n\n<div class=\"wp-block-column is-layout-flow wp-block-column-is-layout-flow\">\n<h4 class=\"wp-block-heading\">Jako\u015b\u0107 g\u0142osu klasy korporacyjnej<\/h4>\n\n\n\n<hr class=\"wp-block-separator has-css-opacity\"\/>\n\n\n\n<p>Serwery Spectralink DECT komunikuj\u0105 si\u0119 bezpo\u015brednio z platform\u0105 Microsoft Teams Phone za pomoc\u0105 protoko\u0142\u00f3w SIP VoIP, tworz\u0105c bogaty w funkcje system telefoniczny klasy korporacyjnej, dzi\u0119ki czemu Twoi pracownicy mog\u0105 wsp\u00f3\u0142pracowa\u0107 i komunikowa\u0107 si\u0119 z dowolnego miejsca.<\/p>\n\n\n\n<p>Dzi\u0119ki tej integracji telefony DECT maj\u0105 taki sam status, jak ka\u017cdy inny wa\u017cny telefon firmy Microsoft, dzi\u0119ki czemu pracownicy pracuj\u0105cy poza biurem s\u0105 w tej samej spo\u0142eczno\u015bci g\u0142osowej, co pozostali cz\u0142onkowie zespo\u0142u.<\/p>\n<\/div>\n<\/div>\n\n\n<\/div>\n\n\n\n<\/div><\/div><div class=\"pattern-background\" id=\"maintenance\"><div class=\"my-container\">\n\n\n\n<div class=\"wp-block-columns has-2-columns solution-description-with-image is-layout-flex wp-container-core-columns-is-layout-7 wp-block-columns-is-layout-flex\">\n<div class=\"wp-block-column is-layout-flow wp-block-column-is-layout-flow\">\n<h4 class=\"wp-block-heading\">Techniczni\/ serwis<\/h4>\n\n\n\n<hr class=\"wp-block-separator has-css-opacity\"\/>\n\n\n\n<p> Nasz zesp\u00f3\u0142 serwisowy wykorzystuje zaawansowany zestaw narz\u0119dzi, aby pom\u00f3c Twojej firmie w osi\u0105gni\u0119ciu wi\u0119kszej niezawodno\u015bci i wydajno\u015bci w obszarze komunikacji korporacyjnej. Zapewniamy spersonalizowan\u0105 obs\u0142ug\u0119, szybk\u0105 odpowied\u017a na zapytania i ci\u0105g\u0142o\u015b\u0107 certyfikowanych in\u017cynier\u00f3w<\/p>\n<\/div>\n\n\n\n<div class=\"wp-block-column is-layout-flow wp-block-column-is-layout-flow\"><div class=\"wp-block-image\">\n<figure class=\"aligncenter size-full is-resized\"><img loading=\"lazy\" decoding=\"async\" src=\"https:\/\/allvoice.pl\/wp-content\/uploads\/Spect7.png\" alt=\"\" class=\"wp-image-3110\" width=\"494\" height=\"383\" srcset=\"https:\/\/allvoice.pl\/wp-content\/uploads\/Spect7.png 988w, https:\/\/allvoice.pl\/wp-content\/uploads\/Spect7-300x233.png 300w, https:\/\/allvoice.pl\/wp-content\/uploads\/Spect7-768x595.png 768w, https:\/\/allvoice.pl\/wp-content\/uploads\/Spect7-15x12.png 15w\" sizes=\"(max-width: 494px) 100vw, 494px\" \/><\/figure><\/div><\/div>\n<\/div>\n\n\n\n<\/div><\/div><div class=\"my-section section-light-gray\" id=\"get-in-touch-with-us\"><div class=\"my-container\">\n\n\n\n<div class=\"eds-animate edsanimate-sis-hidden\" data-eds-entry-animation=\"bounceIn\" data-eds-entry-delay=\"0\" data-eds-entry-duration=\"1\" data-eds-entry-timing=\"linear\" data-eds-exit-animation=\"\" data-eds-exit-delay=\"\" data-eds-exit-duration=\"\" data-eds-exit-timing=\"\" data-eds-repeat-count=\"1\" data-eds-keep=\"yes\" data-eds-animate-on=\"scroll\" data-eds-scroll-offset=\"75\">\n\n\n\n<p style=\"font-size:28px\"><strong>Gotowy po\u0142\u0105czy\u0107 swoje mobilne zespo\u0142y?<\/strong><\/p>\n\n\n\n<p><a href=\"https:\/\/allvoice.pl\/pl\/get-in-touch\/\">Porozmawiaj z ekspertem &gt;<\/a><\/p>\n\n\n\n<\/div><\/div>","protected":false},"excerpt":{"rendered":"<p>Introducing you to our direct integration between Spectralink DECT handsets and Microsoft Teams Phone. Now, your teams in motion can get all the collaboration tools of the cloud with the DECT phones they depend on and no third-party gateway. Benefits of Spectralink DECT integration with Microsoft Teams Phone Provides mobile workers with Microsoft Teams Phone [&hellip;]<\/p>\n","protected":false},"author":2,"featured_media":0,"parent":0,"menu_order":0,"comment_status":"closed","ping_status":"closed","template":"","meta":{"_acf_changed":false,"footnotes":""},"acf":[],"_links":{"self":[{"href":"https:\/\/allvoice.pl\/pl\/wp-json\/wp\/v2\/pages\/3035"}],"collection":[{"href":"https:\/\/allvoice.pl\/pl\/wp-json\/wp\/v2\/pages"}],"about":[{"href":"https:\/\/allvoice.pl\/pl\/wp-json\/wp\/v2\/types\/page"}],"author":[{"embeddable":true,"href":"https:\/\/allvoice.pl\/pl\/wp-json\/wp\/v2\/users\/2"}],"replies":[{"embeddable":true,"href":"https:\/\/allvoice.pl\/pl\/wp-json\/wp\/v2\/comments?post=3035"}],"version-history":[{"count":38,"href":"https:\/\/allvoice.pl\/pl\/wp-json\/wp\/v2\/pages\/3035\/revisions"}],"predecessor-version":[{"id":3651,"href":"https:\/\/allvoice.pl\/pl\/wp-json\/wp\/v2\/pages\/3035\/revisions\/3651"}],"wp:attachment":[{"href":"https:\/\/allvoice.pl\/pl\/wp-json\/wp\/v2\/media?parent=3035"}],"curies":[{"name":"wp","href":"https:\/\/api.w.org\/{rel}","templated":true}]}}