{"id":289,"date":"2019-09-14T13:16:53","date_gmt":"2019-09-14T11:16:53","guid":{"rendered":"http:\/\/localhost\/benkie\/allvoice.pl\/?page_id=289"},"modified":"2022-08-29T14:36:06","modified_gmt":"2022-08-29T12:36:06","slug":"aura","status":"publish","type":"page","link":"https:\/\/allvoice.pl\/pl\/aura\/","title":{"rendered":"Aura"},"content":{"rendered":"<div class=\"wp-block-cover has-background-dim-40 has-background-dim\" style=\"background-color:#008dc3\"><img loading=\"lazy\" decoding=\"async\" width=\"1920\" height=\"1342\" class=\"wp-block-cover__image-background wp-image-994\" alt=\"\" src=\"https:\/\/allvoice.pl\/wp-content\/uploads\/achievement-3468104_1920.jpg\" style=\"object-position:53% 43%\" data-object-fit=\"cover\" data-object-position=\"53% 43%\" srcset=\"https:\/\/allvoice.pl\/wp-content\/uploads\/achievement-3468104_1920.jpg 1920w, https:\/\/allvoice.pl\/wp-content\/uploads\/achievement-3468104_1920-300x210.jpg 300w, https:\/\/allvoice.pl\/wp-content\/uploads\/achievement-3468104_1920-768x537.jpg 768w, https:\/\/allvoice.pl\/wp-content\/uploads\/achievement-3468104_1920-1024x716.jpg 1024w, https:\/\/allvoice.pl\/wp-content\/uploads\/achievement-3468104_1920-1568x1096.jpg 1568w\" sizes=\"(max-width: 1920px) 100vw, 1920px\" \/><div class=\"wp-block-cover__inner-container is-layout-flow wp-block-cover-is-layout-flow\">\n<h1 class=\"wp-block-heading\">Avaya Aura<\/h1>\n<\/div><\/div>\n\n\n\n<div class=\"my-container my-section\">\n\n\n\n<div class=\"wp-block-columns has-2-columns description-and-video-section is-layout-flex wp-container-core-columns-is-layout-1 wp-block-columns-is-layout-flex\">\n<div class=\"wp-block-column is-layout-flow wp-block-column-is-layout-flow\">\n<p class=\"has-text-color\" style=\"color:#ff0101;font-size:21px\"><strong> Cyfrowa transformacja dla dzisiejszego przedsi\u0119biorstwa <\/strong><\/p>\n\n\n\n<p style=\"font-size:16px\">Kontakt z klientami, wsp\u00f3\u0142pracownikami i dostawcami ju\u017c nie wystarcza. Twoi pracownicy potrzebuj\u0105 narz\u0119dzi, aby odgrywa\u0107 aktywn\u0105 rol\u0119 w tworzeniu warto\u015bci, zachwycaniu klient\u00f3w i anga\u017cowaniu wsp\u00f3\u0142pracownik\u00f3w w elastyczne interakcje zapewniaj\u0105ce wyniki biznesowe. Aby umo\u017cliwi\u0107 to przekszta\u0142caj\u0105ce, zorientowane na ludzi zaanga\u017cowanie, Avaya opracowa\u0142a platform\u0119 Avaya Aura. To rozbudowane rozwi\u0105zanie to zestaw p\u0142ynnych komponent\u00f3w, kt\u00f3re \u0142\u0105cz\u0105 si\u0119 ze sob\u0105, zapewniaj\u0105c kompleksowe zunifikowane rozwi\u0105zania w zakresie komunikacji i obs\u0142ugi klienta, kt\u00f3re maj\u0105 znacz\u0105cy wp\u0142yw na Tw\u00f3j biznes.<\/p>\n\n\n\n<p style=\"font-size:16px\">Zachowuj\u0105c Twoj\u0105 inwestycj\u0119, platforma Avaya Aura usprawnia system komunikacji w przedsi\u0119biorstwie. W oparciu o bud\u017cet, strategi\u0119 biznesow\u0105 i wymagania u\u017cytkownik\u00f3w dostosowuje, konsoliduje i rozszerza system.<\/p>\n\n\n\n<p><p style=\"font-size:16px\">Us\u0142ugi g\u0142osowe, wideo i inne us\u0142ugi komunikacyjne mo\u017cna \u0142\u0105czy\u0107 bezpo\u015brednio z obiegiem pracy w firmie, filtruj\u0105c i dostarczaj\u0105c odpowiednie informacje w\u0142a\u015bciwym osobom na w\u0142a\u015bciwym urz\u0105dzeniu we w\u0142a\u015bciwym czasie.<\/p><\/p>\n<\/div>\n\n\n\n<div class=\"wp-block-column is-layout-flow wp-block-column-is-layout-flow\">\n<div class=\"eds-animate edsanimate-sis-hidden\" data-eds-entry-animation=\"bounceIn\" data-eds-entry-delay=\"0\" data-eds-entry-duration=\"1\" data-eds-entry-timing=\"linear\" data-eds-exit-animation=\"\" data-eds-exit-delay=\"\" data-eds-exit-duration=\"\" data-eds-exit-timing=\"\" data-eds-repeat-count=\"1\" data-eds-keep=\"yes\" data-eds-animate-on=\"scroll\" data-eds-scroll-offset=\"75\">\n\n\n\n<div class=\"wp-block-image\"><figure class=\"aligncenter is-resized\"><img loading=\"lazy\" decoding=\"async\" src=\"https:\/\/allvoice.pl\/wp-content\/uploads\/Aura-pics-4.png\" alt=\"\" class=\"wp-image-1015\" width=\"436\" height=\"367\" srcset=\"https:\/\/allvoice.pl\/wp-content\/uploads\/Aura-pics-4.png 465w, https:\/\/allvoice.pl\/wp-content\/uploads\/Aura-pics-4-300x253.png 300w\" sizes=\"(max-width: 436px) 100vw, 436px\" \/><\/figure><\/div>\n\n\n\n<p><\/div><br><\/p>\n<\/div>\n<\/div>\n\n\n\n<\/div><\/div>\n\n\n\n<div class=\"triangle-pattern-background\"><div class=\"my-container\">\n\n\n\n<div class=\"wp-block-columns has-2-columns solution-description is-layout-flex wp-container-core-columns-is-layout-2 wp-block-columns-is-layout-flex\">\n<div class=\"wp-block-column is-layout-flow wp-block-column-is-layout-flow\">\n<p style=\"font-size:21px\"><strong>  Aplikacje Avaya Aura <\/strong><\/p>\n\n\n\n<hr class=\"wp-block-separator\"\/>\n\n\n\n<p style=\"font-size:18px\"> Rozwi\u0105zania Avaya umo\u017cliwiaj\u0105 transformacj\u0119 cyfrow\u0105, zapewniaj\u0105c kompleksowy zestaw zaawansowanych aplikacji komunikacyjnych do obs\u0142ugi g\u0142osu, video, wiadomo\u015bci, tele\/video konferencji, kontakt\u00f3w z klientami i innych. Obejmuj\u0105 one:<\/p>\n\n\n\n<ul><li><font size=\"4\"><strong>Avaya IX Workplace<\/strong> to eleganckie narz\u0119dzie UC, kt\u00f3re zapewnia natychmiastowy dost\u0119p do g\u0142osu, video, komunikator\u00f3w, kalendarza, spotka\u0144 itd. Ekran \u201eTop of Mind\u201d na urz\u0105dzenia mobilne zapewnia szybki wgl\u0105d we wszystko, czego u\u017cytkownik potrzebuje w czasie rzeczywistym: harmonogram, kontakty, wiadomo\u015bci i historia po\u0142\u0105cze\u0144.<\/li><li><strong>Avaya IX Messaging: <\/strong>Pe\u0142na i intuicyjna kontrola wiadomo\u015bci, w tym wiadomo\u015bci e-mail, poczty g\u0142osowej i faksu w jednym przyjaznym dla u\u017cytkownika formacie.<\/li><li><strong>Avaya Multimedia Messaging:<\/strong> Rozszerza proste komunikatory i obecno\u015b\u0107 dzi\u0119ki mo\u017cliwo\u015bci bezpiecznego wysy\u0142ania tekstu, audio, video, zdj\u0119\u0107, plik\u00f3w i innych za\u0142\u0105cznik\u00f3w w ca\u0142ym przedsi\u0119biorstwie, umo\u017cliwiaj\u0105c osobom i grupom interakcj\u0119 oraz produktywn\u0105 obs\u0142ug\u0119 rozm\u00f3w i przep\u0142yw\u00f3w pracy.<\/font><\/li><\/ul>\n<\/div>\n\n\n\n<div class=\"wp-block-column is-layout-flow wp-block-column-is-layout-flow\">\n<p style=\"font-size:21px\"><strong>Ulepsz procesy biznesowe i przep\u0142ywy informacji dzi\u0119ki Aura<\/strong><\/p>\n\n\n\n<hr class=\"wp-block-separator\"\/>\n\n\n\n<p style=\"font-size:18px\"> Co najwa\u017cniejsze, Avaya Aura zapewnia:<\/p>\n\n\n\n<ul><li><font size=\"4\">U\u017cytkownicy uzyskuj\u0105 p\u0142ynn\u0105 interakcj\u0119 mi\u0119dzy mediami, aplikacjami i urz\u0105dzeniami - w tym Avaya Equinox.<\/li><li>Platforma, kt\u00f3ra oddziela z\u0142o\u017cono\u015b\u0107 warstwy komunikacyjnej od warstwy aplikacji, umo\u017cliwiaj\u0105c programistom skupienie si\u0119 na potrzebach i wymaganiach biznesowych, a nie na zostaniu ekspertami w zakresie rozwi\u0105za\u0144 lub protoko\u0142\u00f3w komunikacyjnych.<\/li><li>A Snap-In model that allows capabilities from a variety of solution providers to be included, enabling rapid, more cost-effective solution development mobile users. <\/li><li>Improving installation, implementation and management policies that must address privacy and security needs, protecting employee and customer data.<\/font><\/li><\/ul>\n\n\n\n<p><\/p>\n\n\n\n<p><\/p>\n\n\n\n<p><\/p>\n\n\n\n<p class=\"has-text-align-center\">&#8220;<strong>Platforma Avaya Aura zosta\u0142a zaprojektowana, aby pom\u00f3c Ci zr\u00f3wnowa\u017cy\u0107 te potrzeby i stworzy\u0107 rzeczywist\u0105 warto\u015b\u0107 dla Twojego przedsi\u0119biorstwa w tempie, kt\u00f3re ma sens dla Twojej firmy.<\/strong>&#8220;<\/p>\n<\/div>\n<\/div>\n\n\n\n<\/div><\/div><div class=\"my-section section-light-gray\" id=\"get-in-touch-with-us\"><div class=\"my-container\">\n\n\n\n<div class=\"eds-animate edsanimate-sis-hidden\" data-eds-entry-animation=\"bounceIn\" data-eds-entry-delay=\"0\" data-eds-entry-duration=\"1\" data-eds-entry-timing=\"linear\" data-eds-exit-animation=\"\" data-eds-exit-delay=\"\" data-eds-exit-duration=\"\" data-eds-exit-timing=\"\" data-eds-repeat-count=\"1\" data-eds-keep=\"yes\" data-eds-animate-on=\"scroll\" data-eds-scroll-offset=\"75\">\n\n\n\n<p style=\"font-size:28px\"><strong>Zapraszamy do kontaktu z nami<\/strong><\/p>\n\n\n\n<p><a href=\"https:\/\/allvoice.pl\/pl\/get-in-touch\/\">Kontakt z doradc\u0105<\/a><\/p>\n\n\n\n<\/div><\/div>","protected":false},"excerpt":{"rendered":"<p>Digital Transformation for Today\u2019s Enterprise Getting together with customers, coworkers, and suppliers is no longer enough. Yours employees need tools to take an active role in creating value, delighting customers and engaging colleagues in flexible interactions that deliver business results. To enable this transformative, people-centric engagement, Avaya has developed the Avaya Aura Platform.&nbsp;This extensive solution [&hellip;]<\/p>\n","protected":false},"author":1,"featured_media":0,"parent":0,"menu_order":0,"comment_status":"closed","ping_status":"closed","template":"","meta":{"_acf_changed":false,"footnotes":""},"acf":[],"_links":{"self":[{"href":"https:\/\/allvoice.pl\/pl\/wp-json\/wp\/v2\/pages\/289"}],"collection":[{"href":"https:\/\/allvoice.pl\/pl\/wp-json\/wp\/v2\/pages"}],"about":[{"href":"https:\/\/allvoice.pl\/pl\/wp-json\/wp\/v2\/types\/page"}],"author":[{"embeddable":true,"href":"https:\/\/allvoice.pl\/pl\/wp-json\/wp\/v2\/users\/1"}],"replies":[{"embeddable":true,"href":"https:\/\/allvoice.pl\/pl\/wp-json\/wp\/v2\/comments?post=289"}],"version-history":[{"count":54,"href":"https:\/\/allvoice.pl\/pl\/wp-json\/wp\/v2\/pages\/289\/revisions"}],"predecessor-version":[{"id":2355,"href":"https:\/\/allvoice.pl\/pl\/wp-json\/wp\/v2\/pages\/289\/revisions\/2355"}],"wp:attachment":[{"href":"https:\/\/allvoice.pl\/pl\/wp-json\/wp\/v2\/media?parent=289"}],"curies":[{"name":"wp","href":"https:\/\/api.w.org\/{rel}","templated":true}]}}