{"id":278,"date":"2019-09-14T13:01:53","date_gmt":"2019-09-14T11:01:53","guid":{"rendered":"http:\/\/localhost\/benkie\/allvoice.pl\/?page_id=278"},"modified":"2022-08-29T14:06:47","modified_gmt":"2022-08-29T12:06:47","slug":"avaya-ip-office","status":"publish","type":"page","link":"https:\/\/allvoice.pl\/pl\/avaya-ip-office\/","title":{"rendered":"Avaya IP Office"},"content":{"rendered":"<div class=\"wp-block-cover has-background-dim-40 has-background-dim\" style=\"background-color:#008dc3\"><img loading=\"lazy\" decoding=\"async\" width=\"1921\" height=\"587\" class=\"wp-block-cover__image-background wp-image-314\" alt=\"\" src=\"https:\/\/allvoice.pl\/wp-content\/uploads\/ipo-bg.jpg\" style=\"object-position:53% 59%\" data-object-fit=\"cover\" data-object-position=\"53% 59%\" srcset=\"https:\/\/allvoice.pl\/wp-content\/uploads\/ipo-bg.jpg 1921w, https:\/\/allvoice.pl\/wp-content\/uploads\/ipo-bg-300x92.jpg 300w, https:\/\/allvoice.pl\/wp-content\/uploads\/ipo-bg-768x235.jpg 768w, https:\/\/allvoice.pl\/wp-content\/uploads\/ipo-bg-1024x313.jpg 1024w, https:\/\/allvoice.pl\/wp-content\/uploads\/ipo-bg-1568x479.jpg 1568w\" sizes=\"(max-width: 1921px) 100vw, 1921px\" \/><div class=\"wp-block-cover__inner-container is-layout-flow wp-block-cover-is-layout-flow\">\n<h1 class=\"wp-block-heading\">Avaya IP <br>Office<\/h1>\n<\/div><\/div>\n\n\n\n<div class=\"my-container my-section\">\n\n\n\n<div class=\"wp-block-columns has-2-columns description-and-video-section is-layout-flex wp-container-core-columns-is-layout-1 wp-block-columns-is-layout-flex\">\n<div class=\"wp-block-column is-layout-flow wp-block-column-is-layout-flow\">\n<p class=\"has-text-color\" style=\"color:#ff0101;font-size:21px\"><strong>Nowoczesne rozwi\u0105zania Unified Communication \u0142\u0105cz\u0105 klient\u00f3w i zespo\u0142y na dowolnych urz\u0105dzeniach, niezale\u017cnie od miejsca i czasu.<\/strong><\/p>\n\n\n\n<p style=\"font-size:16px\">Avaya IP Office to nowy spos\u00f3b na sprawn\u0105 komunikacj\u0119 w mobilnych i rozproszonych zespo\u0142ach. Jako Avaya Sapphire Partner, AllVoice dostarcza rozwi\u0105zania g\u0142osowe, wideo i mobilne, kt\u00f3re dzia\u0142aj\u0105 na niemal ka\u017cdym urz\u0105dzeniu. IP Office zosta\u0142o zaprojektowane tak, aby bez problemu obs\u0142ugiwa\u0107 nawet 3 000 u\u017cytkownik\u00f3w w 150 lokalizacjach. <\/p>\n\n\n\n<p style=\"font-size:16px\">Platforma Avaya IP Office to rozwi\u0105zanie stworzone z my\u015bl\u0105 o ma\u0142ych i \u015brednich firmach, oferuj\u0105ce pe\u0142en zestaw funkcji nowoczesnej telefonii IP. Jest \u0142atwa we wdro\u017ceniu, obs\u0142udze i zarz\u0105dzaniu, a do tego skalowalna \u2013 ro\u015bnie razem z firm\u0105, sprawdzaj\u0105c si\u0119 zar\u00f3wno w jednej lokalizacji, jak i w wielu oddzia\u0142ach. Oferuje tak\u017ce zaawansowane narz\u0119dzia do obs\u0142ugi klient\u00f3w i efektywnej komunikacji w zespo\u0142ach.<\/p>\n\n\n\n<p style=\"font-size:16px\"><b>Sprawd\u017a, dlaczego ponad 14 milion\u00f3w os\u00f3b na ca\u0142ym \u015bwiecie korzysta z platformy Avaya IP Office. Skontaktuj si\u0119 z nami \u2013 zadzwo\u0144 lub napisz \u2013 i dowiedz si\u0119, jakie mo\u017cliwo\u015bci i funkcje IP Office mog\u0105 wesprze\u0107 Tw\u00f3j biznes<\/b><\/p>\n\n\n\n<p><\/p>\n<\/div>\n\n\n\n<div class=\"wp-block-column is-layout-flow wp-block-column-is-layout-flow\">\n<div class=\"eds-animate edsanimate-sis-hidden\" data-eds-entry-animation=\"bounceIn\" data-eds-entry-delay=\"0\" data-eds-entry-duration=\"1\" data-eds-entry-timing=\"linear\" data-eds-exit-animation=\"\" data-eds-exit-delay=\"\" data-eds-exit-duration=\"\" data-eds-exit-timing=\"\" data-eds-repeat-count=\"1\" data-eds-keep=\"yes\" data-eds-animate-on=\"scroll\" data-eds-scroll-offset=\"75\">\n\n\n\n<div class=\"wp-block-image\"><figure class=\"aligncenter size-full is-resized\"><img loading=\"lazy\" decoding=\"async\" src=\"https:\/\/allvoice.pl\/wp-content\/uploads\/IP-Office-.jpg\" alt=\"\" class=\"wp-image-2344\" width=\"280\" height=\"299\" srcset=\"https:\/\/allvoice.pl\/wp-content\/uploads\/IP-Office-.jpg 384w, https:\/\/allvoice.pl\/wp-content\/uploads\/IP-Office--281x300.jpg 281w, https:\/\/allvoice.pl\/wp-content\/uploads\/IP-Office--11x12.jpg 11w\" sizes=\"(max-width: 280px) 100vw, 280px\" \/><\/figure><\/div>\n\n\n\n<div class=\"wp-block-image\"><figure class=\"alignleft is-resized\"><img loading=\"lazy\" decoding=\"async\" src=\"https:\/\/allvoice.pl\/wp-content\/uploads\/Avaya-IPO-1.jpg\" alt=\"\" class=\"wp-image-874\" width=\"444\" height=\"343\" srcset=\"https:\/\/allvoice.pl\/wp-content\/uploads\/Avaya-IPO-1.jpg 356w, https:\/\/allvoice.pl\/wp-content\/uploads\/Avaya-IPO-1-300x232.jpg 300w\" sizes=\"(max-width: 444px) 100vw, 444px\" \/><\/figure><\/div>\n\n\n\n<\/div>\n<\/div>\n<\/div>\n\n\n\n<\/div><\/div>\n\n\n\n<div class=\"triangle-pattern-background\"><div class=\"my-container\">\n\n\n\n<div class=\"wp-block-columns has-2-columns solution-description is-layout-flex wp-container-core-columns-is-layout-2 wp-block-columns-is-layout-flex\">\n<div class=\"wp-block-column is-layout-flow wp-block-column-is-layout-flow\">\n<p style=\"font-size:21px\"><strong>Popraw efektywno\u015b\u0107 pracownik\u00f3w<\/strong><\/p>\n\n\n\n<hr class=\"wp-block-separator\"\/>\n\n\n\n<ul><li><font size=\"4\">Daj pracownikom mo\u017cliwo\u015b\u0107 zdalnej pracy z tymi samymi opcjami komunikacji, co w biurze, aby ich praca mog\u0142a by\u0107 jeszcze bardziej efektywna i komfortowa.<\/li><li>Pozw\u00f3l pracownikom u\u017cywa\u0107 dowolnego numeru telefonu kom\u00f3rkowego lub domowego jako numeru telefonu biurowego.<\/li><li>Bezproblemowa integracja platformy IP Office z aplikacjami biznesowymi, z kt\u00f3rych korzystaj\u0105 pracownicy na co dzie\u0144.<\/font><\/li><\/ul>\n<\/div>\n\n\n\n<div class=\"wp-block-column is-layout-flow wp-block-column-is-layout-flow\">\n<p style=\"font-size:21px\"><strong>Wsp\u00f3\u0142pracuj efektywniej z Klientami<\/strong><\/p>\n\n\n\n<hr class=\"wp-block-separator\"\/>\n\n\n\n<ul><li><font size=\"4\">Po\u0142\u0105czenia przychodz\u0105ce szybko trafiaj\u0105 do w\u0142a\u015bciwej osoby - IP Office ma zaawansowane opcje routingu oparte na umiej\u0119tno\u015bciach konsultant\u00f3w, aby po\u0142\u0105czenia by\u0142y odbierane przez w\u0142a\u015bciw\u0105 osob\u0105, nawet je\u015bli ta osoba pracuje zdalnie.<\/li><li>Wyjd\u017a poza po\u0142\u0105czenia g\u0142osowe, p\u0142ynnie dodaj\u0105c do komunikacji chat internetowy, e-mail i faks.<\/li><li>Uzyskaj narz\u0119dzia do raportowania, kt\u00f3re poka\u017c\u0105, jak dobrze Twoja firma wspiera klient\u00f3w.<\/font><\/li><\/ul>\n<\/div>\n<\/div>\n\n\n\n<\/div><\/div><div class=\"my-section section-light-gray\" id=\"get-in-touch-with-us\"><div class=\"my-container\">\n\n\n\n<div class=\"eds-animate edsanimate-sis-hidden\" data-eds-entry-animation=\"bounceIn\" data-eds-entry-delay=\"0\" data-eds-entry-duration=\"1\" data-eds-entry-timing=\"linear\" data-eds-exit-animation=\"\" data-eds-exit-delay=\"\" data-eds-exit-duration=\"\" data-eds-exit-timing=\"\" data-eds-repeat-count=\"1\" data-eds-keep=\"yes\" data-eds-animate-on=\"scroll\" data-eds-scroll-offset=\"75\">\n\n\n\n<p style=\"font-size:28px\"><strong>Zapraszamy do kontaktu z nami<\/strong><\/p>\n\n\n\n<p><a href=\"https:\/\/allvoice.pl\/pl\/get-in-touch\/\">Kontakt z doradc\u0105<\/a><\/p>\n\n\n\n<\/div><\/div>","protected":false},"excerpt":{"rendered":"<p>Modern unified communication connects customers and employees on the devices and methods they both want, anytime, anywhere. Change the way mobile, distributed workforce works with Avaya IP Office. As a Avaya Sapphire Partner, Allvoice has proven its skills and capabilities to deliver voice, video and mobility on virtually any end device for communication. IP Office [&hellip;]<\/p>\n","protected":false},"author":1,"featured_media":0,"parent":0,"menu_order":0,"comment_status":"closed","ping_status":"closed","template":"","meta":{"_acf_changed":false,"footnotes":""},"acf":[],"_links":{"self":[{"href":"https:\/\/allvoice.pl\/pl\/wp-json\/wp\/v2\/pages\/278"}],"collection":[{"href":"https:\/\/allvoice.pl\/pl\/wp-json\/wp\/v2\/pages"}],"about":[{"href":"https:\/\/allvoice.pl\/pl\/wp-json\/wp\/v2\/types\/page"}],"author":[{"embeddable":true,"href":"https:\/\/allvoice.pl\/pl\/wp-json\/wp\/v2\/users\/1"}],"replies":[{"embeddable":true,"href":"https:\/\/allvoice.pl\/pl\/wp-json\/wp\/v2\/comments?post=278"}],"version-history":[{"count":43,"href":"https:\/\/allvoice.pl\/pl\/wp-json\/wp\/v2\/pages\/278\/revisions"}],"predecessor-version":[{"id":2345,"href":"https:\/\/allvoice.pl\/pl\/wp-json\/wp\/v2\/pages\/278\/revisions\/2345"}],"wp:attachment":[{"href":"https:\/\/allvoice.pl\/pl\/wp-json\/wp\/v2\/media?parent=278"}],"curies":[{"name":"wp","href":"https:\/\/api.w.org\/{rel}","templated":true}]}}