{"id":2279,"date":"2021-03-12T16:24:02","date_gmt":"2021-03-12T15:24:02","guid":{"rendered":"https:\/\/allvoice.pl\/?page_id=2279"},"modified":"2021-03-12T16:30:18","modified_gmt":"2021-03-12T15:30:18","slug":"mlodszy-inzynier-projektow-telekomunikacyjnych","status":"publish","type":"page","link":"https:\/\/allvoice.pl\/pl\/mlodszy-inzynier-projektow-telekomunikacyjnych\/","title":{"rendered":"M\u0142odszy in\u017cynier projekt\u00f3w telekomunikacyjnych"},"content":{"rendered":"<div class=\"wp-block-cover has-background-dim-40 has-background-dim\" style=\"background-image:url(https:\/\/allvoice.pl\/wp-content\/uploads\/Career.jpg);background-color:#008dc3\"><div class=\"wp-block-cover__inner-container is-layout-flow wp-block-cover-is-layout-flow\">\n<h1 class=\"wp-block-heading\" style=\"text-align:left\">Kariera<\/h1>\n<\/div><\/div>\n\n\n\n<div class=\"my-container my-section\">\n\n\n\n<p style=\"color:#ff0101;font-size:22px\" class=\"has-text-color\"><strong>M\u0142odszy in\u017cynier projekt\u00f3w telekomunikacyjnych<\/strong><\/p>\n\n\n\n<p style=\"color:black;font-size:17px\" class=\"has-text-color\"><strong><u>Zakres obowi\u0105zk\u00f3w<\/u><\/strong><\/p>\n\n\n\n<p><span style=\"font-size:5\"><\/span><\/p>\n\n\n\n<ul><li><font size=\"3\">Wdra\u017canie oraz utrzymywanie system\u00f3w telekomunikacyjnych Contact Center oraz Unified Communications dla Klient\u00f3w firmy<\/li><li>Zdalna\/lokalna realizacja projekt\u00f3w telekomunikacyjnych dla Klient\u00f3w w Polsce oraz regionie EMEA<\/li><li>Rozwiazywanie i raportowanie bie\u017c\u0105cych zlece\u0144 serwisowych w systemie helpdesk<\/li><li>Utrzymywanie bezpo\u015bredniego kontaktu i doradztwo techniczne na rzecz Klient\u00f3w firmy<\/li><li>Podr\u00f3\u017ce s\u0142u\u017cbowe do 10 procent czasu pracy<\/font><\/li><\/ul>\n\n\n\n<p style=\"color:black;font-size:17px\" class=\"has-text-color\"><strong><u>Nasze wymagania<\/u><\/strong><\/p>\n\n\n\n<ul><li><font size=\"3\">Rozpocz\u0119te studia wy\u017csze informatyczne b\u0105d\u017a pokrewne <\/li><li>Minimum roczne do\u015bwiadczenie w bran\u017cy telekomunikacyjnej B2B na rynku polskim lub mi\u0119dzynarodowym<\/li><li>Znajomo\u015b\u0107 administracyjna system\u00f3w operacyjnych Linux, Windows<\/li><li>Znajomo\u015b\u0107 technologii VoIP oraz SIP<\/li><li>Znajomo\u015b\u0107 \u015brodowiska wirtualizacji VMWARE lub innego<\/li><li>Samodzielno\u015b\u0107 oraz zdolno\u015bci analityczne<\/li><li>Praktyczna znajomo\u015b\u0107 j\u0119zyka angielskiego (dodatkowe j\u0119zyki obecne b\u0119d\u0105 atutem)<li>Mile widziane do\u015bwiadczenie w pracy z Klientem zewn\u0119trznym polskim oraz mi\u0119dzynarodowym<\/li><li>Znajomo\u015b\u0107 rozwi\u0105za\u0144 CC i UC Avaya i\/lub Mitel b\u0119d\u0105 dodatkowym atutem<li>Prawo jazdy kategorii B<\/font><\/li><\/ul>\n\n\n\n<p style=\"color:black;font-size:17px\" class=\"has-text-color\"><strong><u>Oferujemy<\/u><\/strong><\/p>\n\n\n\n<ul><li><font size=\"3\">Elastyczne warunki zatrudnienia (umowa o prac\u0119\/umowa B2B)<\/li><li>Atrakcyjne wynagrodzenie + premie <\/li><li>niezb\u0119dne narz\u0119dzia na stanowisku pracy<\/li><li>Szkolenia produktowe wewn\u0119trzne i zewn\u0119trzne<\/li><li>Udzia\u0142 w projektach mi\u0119dzynarodowych<\/li><li>Nieustanny rozw\u00f3j i dost\u0119p do najnowszych technologii<\/font><\/li><\/ul>\n\n\n\n<hr class=\"wp-block-separator seperator-red\">\n\n\n\n<p style=\"color:black;font-size:17px\" class=\"has-text-color\"><strong>Wszystkich kandydat\u00f3w prosimy o zamieszczenie w CV klauzuli o tre\u015bci:<\/strong><\/p>\n\n\n\n<p style=\"color:black;font-size:17px\" class=\"has-text-color\">\u201eWyra\u017cam zgod\u0119 na przetwarzanie przez AllVoice sp. z o.o., danych osobowych zawartych w moich dokumentach aplikacyjnych na potrzeby procesu rekrutacji pracownik\u00f3w.\u201d<\/p>\n<p style=\"color:black;font-size:17px\" class=\"has-text-color\"><strong>Kandydaci zainteresowani wzi\u0119ciem udzia\u0142u w przysz\u0142ych procesach rekrutacyjnych powinni dodatkowo zamie\u015bci\u0107 informacj\u0119, \u017ce:<\/strong><\/p>\n<p style=\"color:black;font-size:17px\" class=\"has-text-color\">\u201eZgoda obejmuje zar\u00f3wno obecne jak i przysz\u0142e procesy rekrutacyjne.\u201d<\/p>\n\n\n\n<p style=\"color:black;font-size:17px\" class=\"has-text-color\"><strong>Aplikacje wraz z podaniem nazwy stanowiska w temacie prosimy kierowa\u0107 na adres: <u>praca@allvoice.pl<\/u><\/strong><\/p>\n\n\n\n<hr class=\"wp-block-separator seperator-red\">\n\n\n\n<p style=\"color:black;font-size:16px\" class=\"has-text-color\">\u201eInformujemy, i\u017c administratorem danych osobowych kandydat\u00f3w aplikuj\u0105cych na w\/w stanowisko pracy jest AllVoice sp. z o.o. z siedzib\u0105 w Warszawie przy ul. Marsa 56a (zwana dalej \u201eSp\u00f3\u0142k\u0105\u201d). Dane kandydat\u00f3w b\u0119d\u0105 przetwarzane zgodnie z Rozporz\u0105dzeniem Parlamentu Europejskiego i Rady (UE) 2016\/679 z dnia 27 kwietnia 2016 r. w sprawie ochrony os\u00f3b fizycznych w zwi\u0105zku z przetwarzaniem danych osobowych i w sprawie swobodnego przep\u0142ywu takich danych oraz uchylenia dyrektywy 95\/46\/WE i ustaw\u0105 z dnia 10 maja 2018 r. o ochronie danych osobowych, wy\u0142\u0105cznie w celach zwi\u0105zanych z prowadzeniem procesu rekrutacyjnego. Podanie danych jest obowi\u0105zkowe w zakresie wskazanym w art. 22\u00b9 \u00a7 1 Kodeksu pracy. Wszelkie dodatkowe informacje kandydat podaje dobrowolnie. B\u0119d\u0105 one przetwarzane przez Sp\u00f3\u0142k\u0119 na podstawie wy\u017cej wskazanej zgody, kt\u00f3ra mo\u017ce by\u0107 odwo\u0142ana przez kandydata w ka\u017cdym czasie. Ka\u017cda osoba, kt\u00f3rej dane dotycz\u0105 ma prawo dost\u0119pu do tre\u015bci swoich danych oraz ich poprawiania.&#8221;<\/p>\n\n\n\n<p><\/p>\n\n\n\n<\/div>","protected":false},"excerpt":{"rendered":"<p>M\u0142odszy in\u017cynier projekt\u00f3w telekomunikacyjnych Zakres obowi\u0105zk\u00f3w Wdra\u017canie oraz utrzymywanie system\u00f3w telekomunikacyjnych Contact Center oraz Unified Communications dla Klient\u00f3w firmy Zdalna\/lokalna realizacja projekt\u00f3w telekomunikacyjnych dla Klient\u00f3w w Polsce oraz regionie EMEA Rozwiazywanie i raportowanie bie\u017c\u0105cych zlece\u0144 serwisowych w systemie helpdesk Utrzymywanie bezpo\u015bredniego kontaktu i doradztwo techniczne na rzecz Klient\u00f3w firmy Podr\u00f3\u017ce s\u0142u\u017cbowe do 10 procent czasu [&hellip;]<\/p>\n","protected":false},"author":2,"featured_media":0,"parent":0,"menu_order":0,"comment_status":"closed","ping_status":"closed","template":"","meta":{"_acf_changed":false,"footnotes":""},"acf":[],"_links":{"self":[{"href":"https:\/\/allvoice.pl\/pl\/wp-json\/wp\/v2\/pages\/2279"}],"collection":[{"href":"https:\/\/allvoice.pl\/pl\/wp-json\/wp\/v2\/pages"}],"about":[{"href":"https:\/\/allvoice.pl\/pl\/wp-json\/wp\/v2\/types\/page"}],"author":[{"embeddable":true,"href":"https:\/\/allvoice.pl\/pl\/wp-json\/wp\/v2\/users\/2"}],"replies":[{"embeddable":true,"href":"https:\/\/allvoice.pl\/pl\/wp-json\/wp\/v2\/comments?post=2279"}],"version-history":[{"count":3,"href":"https:\/\/allvoice.pl\/pl\/wp-json\/wp\/v2\/pages\/2279\/revisions"}],"predecessor-version":[{"id":2294,"href":"https:\/\/allvoice.pl\/pl\/wp-json\/wp\/v2\/pages\/2279\/revisions\/2294"}],"wp:attachment":[{"href":"https:\/\/allvoice.pl\/pl\/wp-json\/wp\/v2\/media?parent=2279"}],"curies":[{"name":"wp","href":"https:\/\/api.w.org\/{rel}","templated":true}]}}