{"id":2271,"date":"2021-03-12T16:23:39","date_gmt":"2021-03-12T15:23:39","guid":{"rendered":"https:\/\/allvoice.pl\/?page_id=2271"},"modified":"2025-07-09T16:17:28","modified_gmt":"2025-07-09T14:17:28","slug":"new-business-specialist-lead-generation","status":"publish","type":"page","link":"https:\/\/allvoice.pl\/pl\/new-business-specialist-lead-generation\/","title":{"rendered":"New Business Specialist \u2013 Lead Generation"},"content":{"rendered":"<div class=\"wp-block-cover is-light\"><span aria-hidden=\"true\" class=\"wp-block-cover__background has-background-dim-40 has-background-dim\" style=\"background-color:#008dc3\"><\/span><img loading=\"lazy\" decoding=\"async\" width=\"1920\" height=\"1280\" class=\"wp-block-cover__image-background wp-image-2204\" alt=\"\" src=\"https:\/\/allvoice.pl\/wp-content\/uploads\/Career.jpg\" data-object-fit=\"cover\" srcset=\"https:\/\/allvoice.pl\/wp-content\/uploads\/Career.jpg 1920w, https:\/\/allvoice.pl\/wp-content\/uploads\/Career-300x200.jpg 300w, https:\/\/allvoice.pl\/wp-content\/uploads\/Career-768x512.jpg 768w, https:\/\/allvoice.pl\/wp-content\/uploads\/Career-1024x683.jpg 1024w, https:\/\/allvoice.pl\/wp-content\/uploads\/Career-1568x1045.jpg 1568w\" sizes=\"(max-width: 1920px) 100vw, 1920px\" \/><div class=\"wp-block-cover__inner-container is-layout-flow wp-block-cover-is-layout-flow\">\n<h1 class=\"wp-block-heading has-text-align-left\">Kariera<\/h1>\n<\/div><\/div>\n\n\n\n<div class=\"my-container my-section\">\n\n\n\n<div class=\"wp-container wp-block-group is-layout-constrained\">\n\n<p style=\"color:#ed1c24;font-size:22px;\" class=\"has-text-color\"><strong>New Business Specialist \u2013 Lead Generation<\/strong><\/p>\n\n<p style=\"color:black;font-size:20px;\" class=\"has-text-color\"><strong>Lokalizacja:<\/strong> Warszawa \/ praca hybrydowa<\/p>\n<p style=\"color:black;font-size:20px;\" class=\"has-text-color\"><strong>Forma zatrudnienia:<\/strong> Umowa B2B<\/p>\n\n<p style=\"color:black;\" class=\"has-text-color\"><strong>Twoje zadania:<\/strong><\/p>\n<ul>\n  <li>Generowanie lead\u00f3w sprzeda\u017cowych B2B w sektorze IT i telekomunikacji (Unified Communications \/ Contact Center)<\/li>\n  <li>Wyszukiwanie i weryfikowanie potencjalnych klient\u00f3w (firmy z sektora M\u015aP i korporacyjnego)<\/li>\n  <li>Tworzenie baz kontakt\u00f3w i przygotowywanie kampanii prospectingowych<\/li>\n  <li>Kontaktowanie si\u0119 z osobami decyzyjnymi przez maila i LinkedIn<\/li>\n  <li>Wsp\u00f3\u0142praca z zespo\u0142em marketingu przy tworzeniu tre\u015bci i narz\u0119dzi wspieraj\u0105cych sprzeda\u017c<\/li>\n<\/ul>\n\n<p style=\"color:black;\" class=\"has-text-color\"><strong>Idealnie odnajdziesz si\u0119 w tej roli, je\u015bli:<\/strong><\/p>\n<ul>\n  <li>Masz minimum 2 lata do\u015bwiadczenia w sprzeda\u017cy lub prospectingu B2B<\/li>\n  <li>Znasz narz\u0119dzia takie jak: Apollo, Snov.io, LinkedIn Sales Navigator, CRM<\/li>\n  <li>Swobodnie piszesz po polsku i angielsku (komunikacja z klientami w obu j\u0119zykach)<\/li>\n  <li>Lubisz pracowa\u0107 samodzielnie i testowa\u0107 nowe metody dotarcia do klient\u00f3w<\/li>\n  <li>Masz dobre oko do szczeg\u00f3\u0142\u00f3w i lubisz dane (analiza, raportowanie, segmentacja)<\/li>\n<\/ul>\n\n<p style=\"color:black;\" class=\"has-text-color\"><strong>Co oferujemy:<\/strong><\/p>\n<ul>\n  <li>Wynagrodzenie: <strong>8\u202f000\u201312\u202f000 PLN netto + VAT (B2B)<\/strong>, w zale\u017cno\u015bci od do\u015bwiadczenia<\/li>\n  <li>Wsp\u00f3\u0142prac\u0119 z do\u015bwiadczonym zespo\u0142em integruj\u0105cym Zoom, Mitel, Avaya i inne technologie UC\/CC<\/li>\n  <li>Du\u017c\u0105 samodzielno\u015b\u0107 w dzia\u0142aniu i realny wp\u0142yw na rozw\u00f3j firmy<\/li>\n  <li>Dost\u0119p do narz\u0119dzi premium i wsparcie techniczne na ka\u017cdym etapie pracy<\/li>\n  <li>Bud\u017cet na rozw\u00f3j i szkolenia (mo\u017cliwo\u015b\u0107 certyfikacji w Zoom\/Microsoft)<\/li>\n  <li>Prac\u0119 w elastycznych godzinach (core hours 10\u201315) w formie hybrydowej<\/li>\n<\/ul>\n\n\n<hr class=\"wp-block-separator separator-red\" \/>\n\n<p style=\"color:black;\" class=\"has-text-color\"><strong>Wy\u015blij swoje CV lub profil LinkedIn na adres:<\/strong><\/p>\n<p style=\"color:black;font-size:20px;\" class=\"has-text-color\"><strong><a href=\"mailto:praca@allvoice.pl\">praca@allvoice.pl<\/a><\/strong><\/p>\n\n<\/div>\n\n\n\n\n<p><span style=\"font-size:5\"><\/span><\/p>\n\n\n\n<hr class=\"wp-block-separator seperator-red\">\n\n\n\n<p style=\"color:black;font-size:17px\" class=\"has-text-color\"><strong>Wszystkich kandydat\u00f3w prosimy o zamieszczenie w CV klauzuli o tre\u015bci:<\/strong><\/p>\n\n\n\n<p style=\"color:black;font-size:17px\" class=\"has-text-color\">\u201eWyra\u017cam zgod\u0119 na przetwarzanie przez AllVoice sp. z o.o., danych osobowych zawartych w moich dokumentach aplikacyjnych na potrzeby procesu rekrutacji pracownik\u00f3w.\u201d<\/p>\n<p style=\"color:black;font-size:17px\" class=\"has-text-color\"><strong>Kandydaci zainteresowani wzi\u0119ciem udzia\u0142u w przysz\u0142ych procesach rekrutacyjnych powinni dodatkowo zamie\u015bci\u0107 informacj\u0119, \u017ce:<\/strong><\/p>\n<p style=\"color:black;font-size:17px\" class=\"has-text-color\">\u201eZgoda obejmuje zar\u00f3wno obecne jak i przysz\u0142e procesy rekrutacyjne.\u201d<\/p>\n\n\n\n<p style=\"color:black;font-size:17px\" class=\"has-text-color\"><strong>Aplikacje wraz z podaniem nazwy stanowiska w temacie prosimy kierowa\u0107 na adres: <u>praca@allvoice.pl<\/u><\/strong><\/p>\n\n\n\n<hr class=\"wp-block-separator seperator-red\">\n\n\n\n<p style=\"color:black;font-size:16px\" class=\"has-text-color\">\u201eInformujemy, i\u017c administratorem danych osobowych kandydat\u00f3w aplikuj\u0105cych na w\/w stanowisko pracy jest AllVoice sp. z o.o. z siedzib\u0105 w Warszawie przy ul. Marsa 56a (zwana dalej \u201eSp\u00f3\u0142k\u0105\u201d). Dane kandydat\u00f3w b\u0119d\u0105 przetwarzane zgodnie z Rozporz\u0105dzeniem Parlamentu Europejskiego i Rady (UE) 2016\/679 z dnia 27 kwietnia 2016 r. w sprawie ochrony os\u00f3b fizycznych w zwi\u0105zku z przetwarzaniem danych osobowych i w sprawie swobodnego przep\u0142ywu takich danych oraz uchylenia dyrektywy 95\/46\/WE i ustaw\u0105 z dnia 10 maja 2018 r. o ochronie danych osobowych, wy\u0142\u0105cznie w celach zwi\u0105zanych z prowadzeniem procesu rekrutacyjnego. Podanie danych jest obowi\u0105zkowe w zakresie wskazanym w art. 22\u00b9 \u00a7 1 Kodeksu pracy. Wszelkie dodatkowe informacje kandydat podaje dobrowolnie. B\u0119d\u0105 one przetwarzane przez Sp\u00f3\u0142k\u0119 na podstawie wy\u017cej wskazanej zgody, kt\u00f3ra mo\u017ce by\u0107 odwo\u0142ana przez kandydata w ka\u017cdym czasie. Ka\u017cda osoba, kt\u00f3rej dane dotycz\u0105 ma prawo dost\u0119pu do tre\u015bci swoich danych oraz ich poprawiania.&#8221;<\/p>\n\n\n\n<p><\/p>\n\n\n\n<\/div>\n\n\n\n<script type=\"application\/ld+json\">{\n    \"@context\": \"https:\\\/\\\/schema.org\",\n    \"@type\": \"JobPosting\",\n    \"title\": \"New Business Specialist \\u2013 Lead Generation\",\n    \"description\": \"AllVoice poszukuje osoby na stanowisko New Business Specialist. Praca hybrydowa w Warszawie. Generowanie lead\\u00f3w B2B, narz\\u0119dzia takie jak Apollo, Snov.io, LinkedIn Sales Navigator, CRM. Wsp\\u00f3\\u0142praca z zespo\\u0142em UC\\\/CC.\",\n    \"identifier\": {\n        \"@type\": \"PropertyValue\",\n        \"name\": \"AllVoice\",\n        \"value\": \"NBS-2025\"\n    },\n    \"datePosted\": \"2025-07-09\",\n    \"validThrough\": \"2025-08-31T23:59\",\n    \"employmentType\": \"CONTRACTOR\",\n    \"hiringOrganization\": {\n        \"@type\": \"Organization\",\n        \"name\": \"AllVoice\",\n        \"sameAs\": \"https:\\\/\\\/allvoice.pl\",\n        \"logo\": \"https:\\\/\\\/allvoice.pl\\\/wp-content\\\/uploads\\\/2023\\\/09\\\/logo-allvoice.svg\"\n    },\n    \"jobLocation\": {\n        \"@type\": \"Place\",\n        \"address\": {\n            \"@type\": \"PostalAddress\",\n            \"streetAddress\": \"ul. Marsa 56a\",\n            \"addressLocality\": \"Warszawa\",\n            \"postalCode\": \"04-242\",\n            \"addressCountry\": \"PL\"\n        }\n    },\n    \"workHours\": \"10:00\\u201315:00 (core hours), elastyczne\",\n    \"remote\": true,\n    \"baseSalary\": {\n        \"@type\": \"MonetaryAmount\",\n        \"currency\": \"PLN\",\n        \"value\": {\n            \"@type\": \"QuantitativeValue\",\n            \"minValue\": 8000,\n            \"maxValue\": 12000,\n            \"unitText\": \"MONTH\"\n        }\n    }\n}<\/script>","protected":false},"excerpt":{"rendered":"<p>New Business Specialist \u2013 Lead Generation Lokalizacja: Warszawa \/ praca hybrydowa Forma zatrudnienia: Umowa B2B Twoje zadania: Generowanie lead\u00f3w sprzeda\u017cowych B2B w sektorze IT i telekomunikacji (Unified Communications \/ Contact Center) Wyszukiwanie i weryfikowanie potencjalnych klient\u00f3w (firmy z sektora M\u015aP i korporacyjnego) Tworzenie baz kontakt\u00f3w i przygotowywanie kampanii prospectingowych Kontaktowanie si\u0119 z osobami decyzyjnymi przez [&hellip;]<\/p>\n","protected":false},"author":2,"featured_media":0,"parent":0,"menu_order":0,"comment_status":"closed","ping_status":"closed","template":"","meta":{"_acf_changed":false,"footnotes":""},"acf":[],"_links":{"self":[{"href":"https:\/\/allvoice.pl\/pl\/wp-json\/wp\/v2\/pages\/2271"}],"collection":[{"href":"https:\/\/allvoice.pl\/pl\/wp-json\/wp\/v2\/pages"}],"about":[{"href":"https:\/\/allvoice.pl\/pl\/wp-json\/wp\/v2\/types\/page"}],"author":[{"embeddable":true,"href":"https:\/\/allvoice.pl\/pl\/wp-json\/wp\/v2\/users\/2"}],"replies":[{"embeddable":true,"href":"https:\/\/allvoice.pl\/pl\/wp-json\/wp\/v2\/comments?post=2271"}],"version-history":[{"count":17,"href":"https:\/\/allvoice.pl\/pl\/wp-json\/wp\/v2\/pages\/2271\/revisions"}],"predecessor-version":[{"id":4942,"href":"https:\/\/allvoice.pl\/pl\/wp-json\/wp\/v2\/pages\/2271\/revisions\/4942"}],"wp:attachment":[{"href":"https:\/\/allvoice.pl\/pl\/wp-json\/wp\/v2\/media?parent=2271"}],"curies":[{"name":"wp","href":"https:\/\/api.w.org\/{rel}","templated":true}]}}