{"id":2170,"date":"2021-02-05T08:36:35","date_gmt":"2021-02-05T07:36:35","guid":{"rendered":"https:\/\/allvoice.pl\/?page_id=2170"},"modified":"2021-02-05T11:06:12","modified_gmt":"2021-02-05T10:06:12","slug":"ascom-2","status":"publish","type":"page","link":"https:\/\/allvoice.pl\/pl\/ascom-2\/","title":{"rendered":"Ascom"},"content":{"rendered":"<div class=\"wp-block-cover aligncenter has-background-dim-40 has-background-dim\" style=\"background-image:url(https:\/\/allvoice.pl\/wp-content\/uploads\/Ascom.jpg);background-color:#008dc3;background-position:50.23041474654379% 29.310344827586203%\"><div class=\"wp-block-cover__inner-container is-layout-flow wp-block-cover-is-layout-flow\">\n<h1 class=\"wp-block-heading\" style=\"text-align:left\"><strong>Ascom<\/strong><\/h1>\n<\/div><\/div>\n\n\n\n<div class=\"my-container my-section\">\n\n\n\n<div class=\"wp-block-columns alignwide has-2-columns bigger-space is-layout-flex wp-container-core-columns-is-layout-1 wp-block-columns-is-layout-flex\">\n<div class=\"wp-block-column is-layout-flow wp-block-column-is-layout-flow\">\n<p style=\"color:#ff0101;font-size:21px\" class=\"has-text-color\"><strong>Rozwi\u0105zania Ascom dla s\u0142u\u017cby zdrowia<\/strong><\/p>\n\n\n\n<p style=\"font-size:18px\"><strong>ASCOM<\/strong> oferuje rozwi\u0105zania, kt\u00f3re mog\u0105 radykalnie poprawi\u0107 komunikacj\u0119 i wsp\u00f3\u0142prac\u0119 w szpitalach oraz pom\u00f3c zwi\u0119kszy\u0107 bezpiecze\u0144stwo pacjent\u00f3w, zadowolenie personelu i znacznie usprawni\u0107 przep\u0142yw informacji.<\/p>\n\n\n\n<p style=\"font-size:18px\">Niezintegrowane systemy i technologie komunikacyjne stanowi\u0105 kosztowne obci\u0105\u017cenie dla ju\u017c obci\u0105\u017conych zasob\u00f3w opieki zdrowotnej. Jednak Platforma Ascom Healthcare wskazuje drog\u0119 naprz\u00f3d. \u0141\u0105czy produkty, us\u0142ugi i wgl\u0105d w to, jak naprawd\u0119 dzia\u0142a nowoczesna opieka zdrowotna. <\/p>\n\n\n\n<p><p style=\"font-size:18px\">Dowiedz si\u0119, dlaczego szpitale na ca\u0142ym \u015bwiecie, a tak\u017ce w Polsce korzystaj\u0105 z system\u00f3w przywo\u0142awczych <strong>Ascom teleCARE IP<\/strong> i system\u00f3w komunikacji<strong> Ascom IP-DECT.<\/strong> Zadzwo\u0144 lub napisz do nas ju\u017c dzi\u015b, aby uzyska\u0107 wi\u0119cej informacji o wszystkich mo\u017cliwo\u015bciach i przydatnych funkcjach system\u00f3w ASCOM.<\/p>\n\n\n\n<br>\n<\/div>\n\n\n\n<div class=\"wp-block-column is-layout-flow wp-block-column-is-layout-flow\">\n<div class=\"eds-animate edsanimate-sis-hidden\" data-eds-entry-animation=\"bounceIn\" data-eds-entry-delay=\"0\" data-eds-entry-duration=\"1\" data-eds-entry-timing=\"linear\" data-eds-exit-animation=\"\" data-eds-exit-delay=\"\" data-eds-exit-duration=\"\" data-eds-exit-timing=\"\" data-eds-repeat-count=\"1\" data-eds-keep=\"yes\" data-eds-animate-on=\"scroll\" data-eds-scroll-offset=\"75\">\n\n\n\n<p style=\"color:#008dc3;font-size:26px;text-align:center\" class=\"has-text-color\">Watch now<\/p>\n\n\n\n<figure class=\"wp-block-embed-youtube wp-block-embed is-type-video is-provider-youtube wp-embed-aspect-16-9 wp-has-aspect-ratio\"><div class=\"wp-block-embed__wrapper\">\n<iframe loading=\"lazy\" title=\"Personal safety for healthcare workers\" width=\"640\" height=\"360\" src=\"https:\/\/www.youtube.com\/embed\/5VT8FZBinBU?feature=oembed&#038;enablejsapi=1&#038;origin=https:\/\/allvoice.pl\" frameborder=\"0\" allow=\"accelerometer; autoplay; clipboard-write; encrypted-media; gyroscope; picture-in-picture; web-share\" referrerpolicy=\"strict-origin-when-cross-origin\" allowfullscreen><\/iframe>\n<\/div><\/figure>\n\n\n\n<figure class=\"wp-block-image\"><img loading=\"lazy\" decoding=\"async\" width=\"1024\" height=\"624\" src=\"https:\/\/allvoice.pl\/wp-content\/uploads\/Ascom-devices-1024x624.jpg\" alt=\"\" class=\"wp-image-2174\" srcset=\"https:\/\/allvoice.pl\/wp-content\/uploads\/Ascom-devices-1024x624.jpg 1024w, https:\/\/allvoice.pl\/wp-content\/uploads\/Ascom-devices-300x183.jpg 300w, https:\/\/allvoice.pl\/wp-content\/uploads\/Ascom-devices-768x468.jpg 768w, https:\/\/allvoice.pl\/wp-content\/uploads\/Ascom-devices.jpg 1280w\" sizes=\"(max-width: 1024px) 100vw, 1024px\" \/><\/figure>\n\n\n\n<\/div>\n<\/div>\n<\/div>\n\n\n\n<\/div><div class=\"my-section section-light-gray\"><div class=\"my-container\">\n\n\n<div class=\"eds-animate edsanimate-sis-hidden\" data-eds-entry-animation=\"fadeInUp\" data-eds-entry-delay=\"0\" data-eds-entry-duration=\"0.7\" data-eds-entry-timing=\"linear\" data-eds-exit-animation=\"\" data-eds-exit-delay=\"\" data-eds-exit-duration=\"\" data-eds-exit-timing=\"\" data-eds-repeat-count=\"1\" data-eds-keep=\"yes\" data-eds-animate-on=\"scroll\" data-eds-scroll-offset=\"75\">\n\n\n<div class=\"wp-block-columns has-4-columns ipoc-four-columns is-layout-flex wp-container-core-columns-is-layout-2 wp-block-columns-is-layout-flex\">\n<div class=\"wp-block-column is-layout-flow wp-block-column-is-layout-flow\">\n<p style=\"font-size:21px\"><strong>Zadowolenie pacjent\u00f3w <\/strong><\/p>\n\n\n\n<hr class=\"wp-block-separator seperator-red\"\/>\n\n\n\n<ul><li>Kr\u00f3tszy czas oczekiwania<\/li><li>Lepszy kontakt z personelem<\/li><li>\"Cichy szpital\"<\/li><\/ul>\n<\/div>\n\n\n\n<div class=\"wp-block-column is-layout-flow wp-block-column-is-layout-flow\">\n<p style=\"font-size:21px\"><strong>Bezpiecze\u0144stwo<\/strong><\/p>\n\n\n\n<hr class=\"wp-block-separator seperator-red\"\/>\n\n\n\n<ul><li>Zapis\/Rejestracja zg\u0142osze\u0144<\/li><li>Potwierdzenie dostarczenia wezwania<\/li><li>Certyfikacja do pracy w szpitalu<\/li><\/ul>\n<\/div>\n\n\n\n<div class=\"wp-block-column is-layout-flow wp-block-column-is-layout-flow\">\n<p style=\"font-size:21px\"><strong>Wysoka funkcjonalno\u015b\u0107<\/strong><\/p>\n\n\n\n<hr class=\"wp-block-separator seperator-red\"\/>\n\n\n\n<ul><li>Pod\u0142\u0105czenie do system\u00f3w monitoruj\u0105cych pacjenta<\/li><li>Integracja z systemami medycznymi<\/li><li>Proste, przyjazne zarz\u0105dzanie<\/li><\/ul>\n<\/div>\n\n\n\n<div class=\"wp-block-column is-layout-flow wp-block-column-is-layout-flow\">\n<p style=\"font-size:21px\"><strong>Niskie koszty<\/strong><\/p>\n\n\n\n<hr class=\"wp-block-separator seperator-red\"\/>\n\n\n\n<ul><li>Niskie koszty instalacji<\/li><li>Niskie koszty utrzymania<\/li><li>Brak koszt\u00f3w dla po\u0142\u0105cze\u0144 wewn\u0119trznych<\/li><\/ul>\n<\/div>\n<\/div>\n\n\n<\/div>\n\n\n\n<\/div><\/div><div class=\"my-section section-light-gray\" id=\"get-in-touch-with-us\"><div class=\"my-container\">\n\n\n\n<div class=\"eds-animate edsanimate-sis-hidden\" data-eds-entry-animation=\"bounceIn\" data-eds-entry-delay=\"0\" data-eds-entry-duration=\"1\" data-eds-entry-timing=\"linear\" data-eds-exit-animation=\"\" data-eds-exit-delay=\"\" data-eds-exit-duration=\"\" data-eds-exit-timing=\"\" data-eds-repeat-count=\"1\" data-eds-keep=\"yes\" data-eds-animate-on=\"scroll\" data-eds-scroll-offset=\"75\">\n\n\n\n<p style=\"font-size:28px\"><strong>Zapraszamy do kontaktu z nami<\/strong><\/p>\n\n\n\n<p><a href=\"https:\/\/allvoice.pl\/pl\/get-in-touch\/\">Kontakt z doradc\u0105<\/a><\/p>\n\n\n\n<\/div><\/div>","protected":false},"excerpt":{"rendered":"<p>Ascom solutions for hospitals ASCOM already offers solutions that can dramatically improve communication and collaboration within hospitals\u2014solutions that can help enhance patient safety, staff satisfaction and clinical workflows. Non-integrated communication systems and technologies are a costly burden on strained healthcare resources. But the Ascom Healthcare Platform is showing a way forward. It combines products, services [&hellip;]<\/p>\n","protected":false},"author":2,"featured_media":0,"parent":0,"menu_order":0,"comment_status":"closed","ping_status":"closed","template":"","meta":{"_acf_changed":false,"footnotes":""},"acf":[],"_links":{"self":[{"href":"https:\/\/allvoice.pl\/pl\/wp-json\/wp\/v2\/pages\/2170"}],"collection":[{"href":"https:\/\/allvoice.pl\/pl\/wp-json\/wp\/v2\/pages"}],"about":[{"href":"https:\/\/allvoice.pl\/pl\/wp-json\/wp\/v2\/types\/page"}],"author":[{"embeddable":true,"href":"https:\/\/allvoice.pl\/pl\/wp-json\/wp\/v2\/users\/2"}],"replies":[{"embeddable":true,"href":"https:\/\/allvoice.pl\/pl\/wp-json\/wp\/v2\/comments?post=2170"}],"version-history":[{"count":20,"href":"https:\/\/allvoice.pl\/pl\/wp-json\/wp\/v2\/pages\/2170\/revisions"}],"predecessor-version":[{"id":2200,"href":"https:\/\/allvoice.pl\/pl\/wp-json\/wp\/v2\/pages\/2170\/revisions\/2200"}],"wp:attachment":[{"href":"https:\/\/allvoice.pl\/pl\/wp-json\/wp\/v2\/media?parent=2170"}],"curies":[{"name":"wp","href":"https:\/\/api.w.org\/{rel}","templated":true}]}}