{"id":2095,"date":"2020-10-05T14:00:08","date_gmt":"2020-10-05T12:00:08","guid":{"rendered":"https:\/\/allvoice.pl\/?page_id=2095"},"modified":"2026-02-17T16:52:18","modified_gmt":"2026-02-17T15:52:18","slug":"mivoice-bussiness","status":"publish","type":"page","link":"https:\/\/allvoice.pl\/pl\/mivoice-bussiness\/","title":{"rendered":"MiVoice Business"},"content":{"rendered":"<div class=\"wp-block-cover is-light\"><span aria-hidden=\"true\" class=\"wp-block-cover__background has-background-dim-40 has-background-dim\" style=\"background-color:#008dc3\"><\/span><img loading=\"lazy\" decoding=\"async\" width=\"4096\" height=\"2160\" class=\"wp-block-cover__image-background wp-image-2081\" src=\"https:\/\/allvoice.pl\/wp-content\/uploads\/MiVoice-Bussiness.jpg\" style=\"object-position:53% 43%\" data-object-fit=\"cover\" data-object-position=\"53% 43%\" srcset=\"https:\/\/allvoice.pl\/wp-content\/uploads\/MiVoice-Bussiness.jpg 4096w, https:\/\/allvoice.pl\/wp-content\/uploads\/MiVoice-Bussiness-300x158.jpg 300w, https:\/\/allvoice.pl\/wp-content\/uploads\/MiVoice-Bussiness-768x405.jpg 768w, https:\/\/allvoice.pl\/wp-content\/uploads\/MiVoice-Bussiness-1024x540.jpg 1024w, https:\/\/allvoice.pl\/wp-content\/uploads\/MiVoice-Bussiness-1568x827.jpg 1568w\" sizes=\"(max-width: 4096px) 100vw, 4096px\" \/><div class=\"wp-block-cover__inner-container is-layout-flow wp-block-cover-is-layout-flow\">\n<h1 class=\"wp-block-heading\">MiVoice Business<\/h1>\n<\/div><\/div>\n\n\n\n<div class=\"my-container my-section\">\n\n\n\n<div class=\"wp-block-columns has-2-columns description-and-video-section is-layout-flex wp-container-core-columns-is-layout-1 wp-block-columns-is-layout-flex\">\n<div class=\"wp-block-column is-layout-flow wp-block-column-is-layout-flow\">\n<p class=\"has-text-color\" style=\"color:#ff0101;font-size:21px\"><strong> System, kt\u00f3ry rozwija si\u0119 wraz z Twoj\u0105 firm\u0105 i usprawnia obs\u0142ug\u0119 klienta<\/strong><\/p>\n\n\n\n<p style=\"font-size:16px\">Ka\u017cdy kontakt z Twoj\u0105 firm\u0105 jest kluczowy. Bez wzgl\u0119du na to, gdzie si\u0119 znajduj\u0105 i jakich urz\u0105dze\u0144 u\u017cywaj\u0105, dzwoni\u0105cy oczekuj\u0105 natychmiastowych odpowiedzi od Twojego zespo\u0142u. \u015awietna obs\u0142uga oznacza natychmiastowe przekazanie ich w\u0142a\u015bciwej osobie.<\/p>\n\n\n\n<p style=\"font-size:16px\"><strong>Mitel MiVoice Business <\/strong>to inteligentny system komunikacji IP, kt\u00f3ry pomaga pracownikom efektywniej wsp\u00f3\u0142pracowa\u0107 i zapewnia\u0107 lepsz\u0105 obs\u0142ug\u0119 klienta.<\/p>\n\n\n\n<p><p style=\"font-size:16px\">Mitel MiVoice Business zapewnia elastyczno\u015b\u0107 Twojej firmie. Korzystaj\u0105c z MiVoice Dynamic Extension i MiVoice Teleworker, zwi\u0119kszaj\u0105 one Twoj\u0105 zdolno\u015b\u0107 dostosowania si\u0119 do zmieniaj\u0105cych si\u0119 warunk\u00f3w rynkowych i rozwoju firmy.<\/p>\n<\/div>\n\n\n\n<div class=\"wp-block-column is-layout-flow wp-block-column-is-layout-flow\">\n<div class=\"eds-animate edsanimate-sis-hidden\" data-eds-entry-animation=\"bounceIn\" data-eds-entry-delay=\"0\" data-eds-entry-duration=\"1\" data-eds-entry-timing=\"linear\" data-eds-exit-animation=\"\" data-eds-exit-delay=\"\" data-eds-exit-duration=\"\" data-eds-exit-timing=\"\" data-eds-repeat-count=\"1\" data-eds-keep=\"yes\" data-eds-animate-on=\"scroll\" data-eds-scroll-offset=\"75\">\n\n\n<div class=\"wp-block-image\">\n<figure class=\"aligncenter is-resized\"><img loading=\"lazy\" decoding=\"async\" width=\"1024\" height=\"561\" src=\"https:\/\/allvoice.pl\/wp-content\/uploads\/MiVOICE-BUSSINESS-2-1024x561.jpg\" alt=\"\" class=\"wp-image-2101\" style=\"width:1249px;height:684px\" srcset=\"https:\/\/allvoice.pl\/wp-content\/uploads\/MiVOICE-BUSSINESS-2.jpg 1024w, https:\/\/allvoice.pl\/wp-content\/uploads\/MiVOICE-BUSSINESS-2-300x164.jpg 300w, https:\/\/allvoice.pl\/wp-content\/uploads\/MiVOICE-BUSSINESS-2-768x421.jpg 768w\" sizes=\"(max-width: 1024px) 100vw, 1024px\" \/><\/figure><\/div>\n\n<div class=\"wp-block-image\">\n<figure class=\"alignright\"><img loading=\"lazy\" decoding=\"async\" width=\"500\" height=\"267\" src=\"https:\/\/allvoice.pl\/wp-content\/uploads\/mivoice_business_3.jpg\" alt=\"\" class=\"wp-image-2110\" srcset=\"https:\/\/allvoice.pl\/wp-content\/uploads\/mivoice_business_3.jpg 500w, https:\/\/allvoice.pl\/wp-content\/uploads\/mivoice_business_3-300x160.jpg 300w\" sizes=\"(max-width: 500px) 100vw, 500px\" \/><\/figure><\/div>\n\n\n\n\n<p><\/div><br><\/p>\n<\/div>\n<\/div>\n\n\n\n<\/div><\/div>\n\n\n\n<div class=\"triangle-pattern-background\"><div class=\"my-container\">\n\n\n\n<div class=\"wp-block-columns has-2-columns solution-description is-layout-flex wp-container-core-columns-is-layout-2 wp-block-columns-is-layout-flex\">\n<div class=\"wp-block-column is-layout-flow wp-block-column-is-layout-flow\">\n<p style=\"font-size:21px\"><strong>  Kluczowe zalety<\/strong><\/p>\n\n\n\n<hr class=\"wp-block-separator has-css-opacity\"\/>\n\n\n\n<p style=\"font-size:18px\"><\/p>\n\n\n\n<ul><li><font size=\"4\"><strong>Platforma sukcesu<\/strong> - MiVoice Business zosta\u0142 zaprojektowany, aby zaspokoi\u0107 potrzeby firm od 5 do 130 000 u\u017cytkownik\u00f3w, w jednej lokalizacji lub w sieci obejmuj\u0105cej wiele lokalizacji na ca\u0142ym \u015bwiecie<\/li><li><strong>Popraw jako\u015b\u0107 obs\u0142ugi klienta<\/strong> - MiContact Center Business dba o zyskowne, d\u0142ugotrwa\u0142e relacje z klientami przez telefon, czat i e-mail<\/li><li><strong>Elastyczne wdra\u017canie<\/strong> - Oprogramowanie dzia\u0142aj\u0105ce na urz\u0105dzeniach Mitel Collaboration Service mo\u017cna zainstalowa\u0107 na standardowych serwerach x-86 w \u015brodowisku zwirtualizowanym, co eliminuje potrzeb\u0119 obs\u0142ugi wielu urz\u0105dze\u0144, szczeg\u00f3lnie w przypadku klient\u00f3w, kt\u00f3rzy wybieraj\u0105 scentralizowane wdro\u017cenie UC<\/li><li><strong>Kompleksowy pakiet<\/strong> - zestaw obejmuje telefony stacjonarne, konsole pomocnicze, telefony programowe i akcesoria<\/font><\/li><\/ul>\n<\/div>\n\n\n\n<div class=\"wp-block-column is-layout-flow wp-block-column-is-layout-flow\">\n<p style=\"font-size:21px\"><strong>Funkcje<\/strong><\/p>\n\n\n\n<hr class=\"wp-block-separator has-css-opacity\"\/>\n\n\n\n<p style=\"font-size:18px\"> <\/p>\n\n\n\n<ul><li><font size=\"4\"><strong>Zdob\u0105d\u017a i zatrzymaj wi\u0119cej klient\u00f3w<\/strong> - Mitel MiVoice Business u\u0142atwia zarz\u0105dzanie po\u0142\u0105czeniami i prowadzenie produktywnych rozm\u00f3w<\/li><li><strong>Kontroluj i obni\u017caj koszty<\/strong> - mo\u017cesz by\u0107 bardziej elastyczny w zakresie przestrzeni biurowej  poniewa\u017c Twoi pracownicy b\u0119d\u0105 mogli pracowa\u0107 z dowolnego miejsca<li><strong>Zwi\u0119ksz produktywno\u015b\u0107<\/strong> - pracownicy w r\u00f3\u017cnych miejscach mog\u0105 nadal pracowa\u0107 efektywnie jako zesp\u00f3\u0142 dzi\u0119ki funkcjom wsp\u00f3\u0142pracy i video-konferencji<\/li><li><strong>Przyci\u0105gnij najlepszych ludzi<\/strong> - Ludzie chc\u0105 wi\u0119kszej swobody i elastyczno\u015bci w wyborze miejsca pracy. Danie im wi\u0119kszego wyboru sprawia, \u017ce \u200b\u200bjeste\u015b bardziej atrakcyjny jako pracodawca, a tak\u017ce pomaga zatrzymywa\u0107 najlepszych pracownik\u00f3w<\/li><\/font><\/li><\/ul>\n\n\n\n<p><\/p>\n\n\n\n<p><\/p>\n\n\n\n<p><\/p>\n\n\n\n<p class=\"has-text-align-center\"><strong>\u201eDzi\u0119ki MiVoice Business Twoja firma ma wszystko, czego potrzebujesz w zakresie Unified Communication i Call Center\u201d<\/strong><\/p>\n<\/div>\n<\/div>\n\n\n\n<\/div><\/div><div class=\"my-section section-light-gray\" id=\"get-in-touch-with-us\"><div class=\"my-container\">\n\n\n\n<div class=\"eds-animate edsanimate-sis-hidden\" data-eds-entry-animation=\"bounceIn\" data-eds-entry-delay=\"0\" data-eds-entry-duration=\"1\" data-eds-entry-timing=\"linear\" data-eds-exit-animation=\"\" data-eds-exit-delay=\"\" data-eds-exit-duration=\"\" data-eds-exit-timing=\"\" data-eds-repeat-count=\"1\" data-eds-keep=\"yes\" data-eds-animate-on=\"scroll\" data-eds-scroll-offset=\"75\">\n\n\n\n<p style=\"font-size:28px\"><strong>Zapraszamy do kontaktu z nami<\/strong><\/p>\n\n\n\n<p><a href=\"https:\/\/allvoice.pl\/pl\/get-in-touch\/\">Kontakt z doradc\u0105<\/a><\/p>\n\n\n\n<\/div><\/div>","protected":false},"excerpt":{"rendered":"<p>A system that grows with your business and improves customer service Every contact with your company is crucial. No matter where they are or what devices they are using, callers expect immediate answers from your team. Great service means handing them over immediately to the right person. Mitel MiVoice Business is an intelligent IP communication [&hellip;]<\/p>\n","protected":false},"author":2,"featured_media":0,"parent":0,"menu_order":0,"comment_status":"closed","ping_status":"closed","template":"","meta":{"_acf_changed":false,"footnotes":""},"acf":[],"_links":{"self":[{"href":"https:\/\/allvoice.pl\/pl\/wp-json\/wp\/v2\/pages\/2095"}],"collection":[{"href":"https:\/\/allvoice.pl\/pl\/wp-json\/wp\/v2\/pages"}],"about":[{"href":"https:\/\/allvoice.pl\/pl\/wp-json\/wp\/v2\/types\/page"}],"author":[{"embeddable":true,"href":"https:\/\/allvoice.pl\/pl\/wp-json\/wp\/v2\/users\/2"}],"replies":[{"embeddable":true,"href":"https:\/\/allvoice.pl\/pl\/wp-json\/wp\/v2\/comments?post=2095"}],"version-history":[{"count":41,"href":"https:\/\/allvoice.pl\/pl\/wp-json\/wp\/v2\/pages\/2095\/revisions"}],"predecessor-version":[{"id":6255,"href":"https:\/\/allvoice.pl\/pl\/wp-json\/wp\/v2\/pages\/2095\/revisions\/6255"}],"wp:attachment":[{"href":"https:\/\/allvoice.pl\/pl\/wp-json\/wp\/v2\/media?parent=2095"}],"curies":[{"name":"wp","href":"https:\/\/api.w.org\/{rel}","templated":true}]}}