{"id":1999,"date":"2020-10-05T13:59:45","date_gmt":"2020-10-05T11:59:45","guid":{"rendered":"https:\/\/allvoice.pl\/?page_id=1999"},"modified":"2020-10-05T13:59:45","modified_gmt":"2020-10-05T11:59:45","slug":"mivoice-office-400","status":"publish","type":"page","link":"https:\/\/allvoice.pl\/pl\/mivoice-office-400\/","title":{"rendered":"MiVoice Office 400"},"content":{"rendered":"<div class=\"wp-block-cover has-background-dim-40 has-background-dim\" style=\"background-image:url(https:\/\/allvoice.pl\/wp-content\/uploads\/Mitel-MiVoice400.jpg);background-color:#008dc3;background-position:95.04950495049505% 7.777777777777778%\"><div class=\"wp-block-cover__inner-container is-layout-flow wp-block-cover-is-layout-flow\">\n<h1 class=\"wp-block-heading\" style=\"text-align:left\">MiVoice Office 400<\/h1>\n\n\n\n<p><\/p>\n<\/div><\/div>\n\n\n\n<div class=\"my-container my-section\">\n\n\n\n<div class=\"wp-block-columns alignwide has-2-columns bigger-space is-layout-flex wp-container-core-columns-is-layout-1 wp-block-columns-is-layout-flex\">\n<div class=\"wp-block-column is-layout-flow wp-block-column-is-layout-flow\">\n<p><p style=\"color:#ff0101;font-size:21px\" class=\"has-text-color\"><strong>Elastyczne i wszechstronne narz\u0119dzia UC do efektywnej wsp\u00f3\u0142pracy<\/strong><\/p><\/p>\n\n\n\n<hr class=\"wp-block-separator\"\/>\n\n\n\n<p style=\"font-size:18px\">Dostarczanie elastycznego, wszechstronnego rozwi\u0105zania komunikacyjnego, <strong>MiVoice Office 400<\/strong> zosta\u0142 specjalnie zaprojektowany, aby sprosta\u0107 potrzebom ma\u0142ych i \u015brednich firm, umo\u017cliwiaj\u0105c \u0142atw\u0105 integracj\u0119 dodatkowych u\u017cytkownik\u00f3w, nowych telefon\u00f3w lub nawet dodatkowych lokalizacji.<\/p>\n\n\n\n<p style=\"font-size:18px\">MiVoice Office 400 zosta\u0142 zaprojektowany do dzia\u0142ania na standardowych urz\u0105dzeniach, kt\u00f3re s\u0105 wystarczaj\u0105co wydajne, aby obs\u0142ugiwa\u0107 do 600 u\u017cytkownik\u00f3w.<\/p>\n\n\n\n<p style=\"font-size:18px\">Dzi\u0119ki UCC (Unified Communications &amp; Collaboration) r\u00f3\u017cne \u015brodki komunikacji (takie jak telefonia, poczta elektroniczna, poczta g\u0142osowa, faks, wideo i czat) s\u0105 \u0142\u0105czone w kompletne rozwi\u0105zanie, a nast\u0119pnie uzupe\u0142niane o dodatkowe funkcje, takie jak sygnalizacja obecno\u015bci.<\/p>\n\n\n\n<p style=\"font-size:18px\"><strong>MiVoice Office 400<\/strong> posiada specyficzne rozwi\u0105zania dostosowane dla takich bran\u017c jak: Sektor opieki zdrowotnej, Handel i przemys\u0142, Hotele i restauracje, Budynki i obiekty u\u017cyteczno\u015bci publicznej.<\/p>\n<\/div>\n\n\n\n<div class=\"wp-block-column is-layout-flow wp-block-column-is-layout-flow\">\n<figure class=\"wp-block-image\"><img loading=\"lazy\" decoding=\"async\" width=\"544\" height=\"468\" src=\"https:\/\/allvoice.pl\/wp-content\/uploads\/MiVoice470.png\" alt=\"\" class=\"wp-image-2058\" srcset=\"https:\/\/allvoice.pl\/wp-content\/uploads\/MiVoice470.png 544w, https:\/\/allvoice.pl\/wp-content\/uploads\/MiVoice470-300x258.png 300w\" sizes=\"(max-width: 544px) 100vw, 544px\" \/><\/figure>\n<\/div>\n<\/div>\n\n\n\n<\/div><div class=\"my-section section-light-gray\"><div class=\"my-container\">\n\n\n<div class=\"eds-animate edsanimate-sis-hidden\" data-eds-entry-animation=\"fadeInUp\" data-eds-entry-delay=\"0\" data-eds-entry-duration=\"0.5\" data-eds-entry-timing=\"linear\" data-eds-exit-animation=\"\" data-eds-exit-delay=\"\" data-eds-exit-duration=\"\" data-eds-exit-timing=\"\" data-eds-repeat-count=\"1\" data-eds-keep=\"yes\" data-eds-animate-on=\"scroll\" data-eds-scroll-offset=\"75\">\n\n\n<div class=\"wp-block-columns has-2-columns ipoc-four-columns is-layout-flex wp-container-core-columns-is-layout-2 wp-block-columns-is-layout-flex\">\n<div class=\"wp-block-column is-layout-flow wp-block-column-is-layout-flow\">\n<p>Kluczowe zalety<\/p>\n\n\n\n<hr class=\"wp-block-separator seperator-red\"\/>\n\n\n\n<p style=\"font-size:18px\">Zwi\u0119kszenie wydajno\u015bci (w tym poprzez integracj\u0119 telefonii komputerowej i ksi\u0105\u017cek telefonicznych)<\/p>\n\n\n\n<p style=\"font-size:18px\"><br>Upraszczanie proces\u00f3w<\/p>\n\n\n\n<p style=\"font-size:18px\"><br>Lepsza wsp\u00f3\u0142praca<\/p>\n\n\n\n<p style=\"font-size:18px\"><br>Integracja aplikacji biurowych<\/p>\n\n\n\n<p style=\"font-size:18px\"><br>Zmniejszenie koszt\u00f3w<\/p>\n\n\n\n<p><\/p>\n<\/div>\n\n\n\n<div class=\"wp-block-column is-layout-flow wp-block-column-is-layout-flow\">\n<p>MiVoice Office 400 obejmuje:<\/p>\n\n\n\n<hr class=\"wp-block-separator seperator-red\"\/>\n\n\n\n<p style=\"font-size:18px\">Ca\u0142y szereg nowoczesnych terminali (SIP, cyfrowe, analogowe)<\/p>\n\n\n\n<p style=\"font-size:17px\"><br>Klienci UCC i telefony programowe oferuj\u0105ce video, wska\u017aniki obecno\u015bci i chat<\/p>\n\n\n\n<p style=\"font-size:18px\"><br>Rozwi\u0105zania mobilne (DECT, SIP-DECT, Mobile Client dla smartfon\u00f3w i tablet\u00f3w)<\/p>\n\n\n\n<p style=\"font-size:18px\"><br>Konferencje audio, internetowe i video<\/p>\n\n\n\n<p style=\"font-size:18px\"><br>Call centers<\/p>\n<\/div>\n<\/div>\n\n\n\n<\/div><\/div><div class=\"pattern-background\" id=\"implement\"><div class=\"my-container\">\n\n\n\n<\/div><\/div><\/div><div class=\"my-section section-light-gray\" id=\"get-in-touch-with-us\"><div class=\"my-container\">\n\n\n\n<div class=\"eds-animate edsanimate-sis-hidden\" data-eds-entry-animation=\"bounceIn\" data-eds-entry-delay=\"0\" data-eds-entry-duration=\"1\" data-eds-entry-timing=\"linear\" data-eds-exit-animation=\"\" data-eds-exit-delay=\"\" data-eds-exit-duration=\"\" data-eds-exit-timing=\"\" data-eds-repeat-count=\"1\" data-eds-keep=\"yes\" data-eds-animate-on=\"scroll\" data-eds-scroll-offset=\"75\">\n\n\n\n<p style=\"font-size:28px\"><strong>Zapraszamy do kontaktu z nami<\/strong><\/p>\n\n\n\n<p><a href=\"https:\/\/allvoice.pl\/pl\/get-in-touch\/\">Kontakt z doradc\u0105<\/a><\/p>\n\n\n\n<\/div><\/div>","protected":false},"excerpt":{"rendered":"<p>Flexible and versatile UC and collaboration tools Delivering a flexible, versatile communications solution, MiVoice Office 400 has been specially designed to meet the needs of small and medium-sized businesses, allowing additional users, new telephones or even additional locations to be integrated with ease. MiVoice Office 400 is designed to run on standard devices that are [&hellip;]<\/p>\n","protected":false},"author":2,"featured_media":0,"parent":0,"menu_order":0,"comment_status":"closed","ping_status":"closed","template":"","meta":{"_acf_changed":false,"footnotes":""},"acf":[],"_links":{"self":[{"href":"https:\/\/allvoice.pl\/pl\/wp-json\/wp\/v2\/pages\/1999"}],"collection":[{"href":"https:\/\/allvoice.pl\/pl\/wp-json\/wp\/v2\/pages"}],"about":[{"href":"https:\/\/allvoice.pl\/pl\/wp-json\/wp\/v2\/types\/page"}],"author":[{"embeddable":true,"href":"https:\/\/allvoice.pl\/pl\/wp-json\/wp\/v2\/users\/2"}],"replies":[{"embeddable":true,"href":"https:\/\/allvoice.pl\/pl\/wp-json\/wp\/v2\/comments?post=1999"}],"version-history":[{"count":28,"href":"https:\/\/allvoice.pl\/pl\/wp-json\/wp\/v2\/pages\/1999\/revisions"}],"predecessor-version":[{"id":2162,"href":"https:\/\/allvoice.pl\/pl\/wp-json\/wp\/v2\/pages\/1999\/revisions\/2162"}],"wp:attachment":[{"href":"https:\/\/allvoice.pl\/pl\/wp-json\/wp\/v2\/media?parent=1999"}],"curies":[{"name":"wp","href":"https:\/\/api.w.org\/{rel}","templated":true}]}}