{"id":1989,"date":"2020-10-05T13:58:58","date_gmt":"2020-10-05T11:58:58","guid":{"rendered":"https:\/\/allvoice.pl\/?page_id=1989"},"modified":"2020-10-05T14:15:18","modified_gmt":"2020-10-05T12:15:18","slug":"business-phones-devices-and-accessories","status":"publish","type":"page","link":"https:\/\/allvoice.pl\/pl\/business-phones-devices-and-accessories\/","title":{"rendered":"Telefony Mitel"},"content":{"rendered":"<div class=\"wp-block-cover aligncenter has-background-dim-40 has-background-dim\" style=\"background-image:url(https:\/\/allvoice.pl\/wp-content\/uploads\/Mitel01.jpg);background-color:#008dc3;background-position:46.53465346534654% 59.210526315789465%\"><div class=\"wp-block-cover__inner-container is-layout-flow wp-block-cover-is-layout-flow\">\n<h1 class=\"wp-block-heading\" style=\"text-align:left\"><strong>Telefony biznesowe, urz\u0105dzenia i akcesoria<\/strong><\/h1>\n<\/div><\/div>\n\n\n\n<div class=\"my-container my-section\">\n\n\n\n<div class=\"wp-block-columns alignwide has-2-columns bigger-space is-layout-flex wp-container-core-columns-is-layout-1 wp-block-columns-is-layout-flex\">\n<div class=\"wp-block-column is-layout-flow wp-block-column-is-layout-flow\">\n<p style=\"color:#ff0101;font-size:21px\" class=\"has-text-color\"><strong>Wszechstronna rodzina nowoczesnych telefon\u00f3w biznesowych zaprojektowanych z my\u015bl\u0105 o wsp\u00f3\u0142czesnym mobilnym stylu pracy<\/strong><\/p>\n\n\n\n<p style=\"font-size:18px\"><strong>Seria 6900 IP<\/strong> to poka\u017any zestaw telefon\u00f3w stacjonarnych z krystalicznie czystym d\u017awi\u0119kiem, zaawansowanymi funkcjami i szerok\u0105 gam\u0105 akcesori\u00f3w zwi\u0119kszaj\u0105cych produktywno\u015b\u0107 i mobilno\u015b\u0107 we wsp\u00f3\u0142czesnym \u015brodowisku biznesowym.<\/p>\n\n\n\n<p style=\"font-size:18px\"><strong>Telefony z serii 6900<\/strong> zapewniaj\u0105 krystalicznie czysty d\u017awi\u0119k dzi\u0119ki wyj\u0105tkowej s\u0142uchawce bezprzewodowej zoptymalizowanej pod k\u0105tem g\u0142osu oraz wydajnemu zestawowi g\u0142o\u015bnom\u00f3wi\u0105cemu. Niezr\u00f3wnan\u0105 elastyczno\u015b\u0107 osi\u0105gni\u0119to dzi\u0119ki szerokiej gamie akcesori\u00f3w instalowanych przez u\u017cytkownika, kt\u00f3re umo\u017cliwiaj\u0105 dostosowanie telefon\u00f3w do konkretnych potrzeb u\u017cytkownika.<\/p>\n\n\n\n<p><p style=\"font-size:18px\">Seria ta obejmie nast\u0119puj\u0105ce modele:<strong> MiVoice 6920 IP Phone, MiVoice 6930 IP Phone, MiVoice 6940 IP Phone<\/strong> and <strong>MiVoice 6970 IP Conference Phone.<\/strong><\/p>\n\n\n\n<br>\n\n\n\n<p><div class=\"wp-block-file\"><a href=\"https:\/\/allvoice.pl\/wp-content\/uploads\/Mitel-phones-brochure.pdf\" class=\"wp-block-file__button\" download=\"\">Download PDF<\/a><\/div><\/p>\n<\/div>\n\n\n\n<div class=\"wp-block-column is-layout-flow wp-block-column-is-layout-flow\">\n<div class=\"eds-animate edsanimate-sis-hidden\" data-eds-entry-animation=\"bounceIn\" data-eds-entry-delay=\"0\" data-eds-entry-duration=\"1\" data-eds-entry-timing=\"linear\" data-eds-exit-animation=\"\" data-eds-exit-delay=\"\" data-eds-exit-duration=\"\" data-eds-exit-timing=\"\" data-eds-repeat-count=\"1\" data-eds-keep=\"yes\" data-eds-animate-on=\"scroll\" data-eds-scroll-offset=\"75\">\n\n\n\n<p style=\"color:#008dc3;font-size:26px;text-align:center\" class=\"has-text-color\">Watch now<\/p>\n\n\n\n<figure class=\"wp-block-embed-youtube wp-block-embed is-type-video is-provider-youtube wp-embed-aspect-16-9 wp-has-aspect-ratio\"><div class=\"wp-block-embed__wrapper\">\n<iframe loading=\"lazy\" title=\"MiVoice 6900 Series IP Phones\" width=\"640\" height=\"360\" src=\"https:\/\/www.youtube.com\/embed\/Y1sfm7fvYyo?feature=oembed&#038;enablejsapi=1&#038;origin=https:\/\/allvoice.pl\" frameborder=\"0\" allow=\"accelerometer; autoplay; clipboard-write; encrypted-media; gyroscope; picture-in-picture; web-share\" referrerpolicy=\"strict-origin-when-cross-origin\" allowfullscreen><\/iframe>\n<\/div><\/figure>\n\n\n\n<figure class=\"wp-block-image\"><img loading=\"lazy\" decoding=\"async\" width=\"718\" height=\"420\" src=\"https:\/\/allvoice.pl\/wp-content\/uploads\/Mitel-6900-Series.jpg\" alt=\"\" class=\"wp-image-2034\" srcset=\"https:\/\/allvoice.pl\/wp-content\/uploads\/Mitel-6900-Series.jpg 718w, https:\/\/allvoice.pl\/wp-content\/uploads\/Mitel-6900-Series-300x175.jpg 300w\" sizes=\"(max-width: 718px) 100vw, 718px\" \/><\/figure>\n\n\n\n<div class=\"wp-block-image\"><figure class=\"aligncenter is-resized\"><img loading=\"lazy\" decoding=\"async\" src=\"https:\/\/allvoice.pl\/wp-content\/uploads\/Mitel-6970.jpg\" alt=\"\" class=\"wp-image-2035\" width=\"300\" height=\"225\" srcset=\"https:\/\/allvoice.pl\/wp-content\/uploads\/Mitel-6970.jpg 400w, https:\/\/allvoice.pl\/wp-content\/uploads\/Mitel-6970-300x225.jpg 300w\" sizes=\"(max-width: 300px) 100vw, 300px\" \/><\/figure><\/div>\n\n\n\n<\/div>\n<\/div>\n<\/div>\n\n\n\n<\/div><div class=\"my-section section-light-gray\"><div class=\"my-container\">\n\n\n<div class=\"eds-animate edsanimate-sis-hidden\" data-eds-entry-animation=\"fadeInUp\" data-eds-entry-delay=\"0\" data-eds-entry-duration=\"0.7\" data-eds-entry-timing=\"linear\" data-eds-exit-animation=\"\" data-eds-exit-delay=\"\" data-eds-exit-duration=\"\" data-eds-exit-timing=\"\" data-eds-repeat-count=\"1\" data-eds-keep=\"yes\" data-eds-animate-on=\"scroll\" data-eds-scroll-offset=\"75\">\n\n\n<div class=\"wp-block-columns has-4-columns ipoc-four-columns is-layout-flex wp-container-core-columns-is-layout-2 wp-block-columns-is-layout-flex\">\n<div class=\"wp-block-column is-layout-flow wp-block-column-is-layout-flow\">\n<p style=\"font-size:21px\">Eleganckie telefony <\/p>\n\n\n\n<hr class=\"wp-block-separator seperator-red\"\/>\n\n\n\n<p style=\"font-size:18px\"> Wybieraj spo\u015br\u00f3d rozbudowanych modeli, aby zaspokoi\u0107 potrzeby u\u017cytkownik\u00f3w biznesowych na ka\u017cdym poziomie<\/p>\n<\/div>\n\n\n\n<div class=\"wp-block-column is-layout-flow wp-block-column-is-layout-flow\">\n<p style=\"font-size:21px\">Zaawansowane funkcje<\/p>\n\n\n\n<hr class=\"wp-block-separator seperator-red\"\/>\n\n\n\n<p style=\"font-size:18px\">Wype\u0142nij luk\u0119 mi\u0119dzy telefonem stacjonarnym a urz\u0105dzeniami mobilnymi dzi\u0119ki technologii MobileLink<\/p>\n<\/div>\n\n\n\n<div class=\"wp-block-column is-layout-flow wp-block-column-is-layout-flow\">\n<p style=\"font-size:21px\">Bogata oferta akcesori\u00f3w<\/p>\n\n\n\n<hr class=\"wp-block-separator seperator-red\"\/>\n\n\n\n<p style=\"font-size:18px\">Dostosuj ka\u017cdy telefon do swojego stylu pracy dzi\u0119ki najwi\u0119kszej w bran\u017cy ofercie akcesori\u00f3w<\/p>\n<\/div>\n\n\n\n<div class=\"wp-block-column is-layout-flow wp-block-column-is-layout-flow\">\n<p style=\"font-size:21px\">Perfekcyjny d\u017awi\u0119k<\/p>\n\n\n\n<hr class=\"wp-block-separator seperator-red\"\/>\n\n\n\n<p style=\"font-size:18px\"> Technologia d\u017awi\u0119ku Hi-Q firmy Mitel zapewnia wyj\u0105tkow\u0105 jako\u015b\u0107 z d\u017awi\u0119kami wysokiej rozdzielczo\u015bci, zapewniaj\u0105c niezr\u00f3wnane wra\u017cenia komunikacyjne u\u017cytkownikom<\/p>\n<\/div>\n<\/div>\n\n\n<\/div>\n\n\n\n<\/div><\/div><div class=\"my-section section-light-gray\" id=\"get-in-touch-with-us\"><div class=\"my-container\">\n\n\n\n<div class=\"eds-animate edsanimate-sis-hidden\" data-eds-entry-animation=\"bounceIn\" data-eds-entry-delay=\"0\" data-eds-entry-duration=\"1\" data-eds-entry-timing=\"linear\" data-eds-exit-animation=\"\" data-eds-exit-delay=\"\" data-eds-exit-duration=\"\" data-eds-exit-timing=\"\" data-eds-repeat-count=\"1\" data-eds-keep=\"yes\" data-eds-animate-on=\"scroll\" data-eds-scroll-offset=\"75\">\n\n\n\n<p style=\"font-size:28px\"><strong>Zapraszamy do kontaktu z nami<\/strong><\/p>\n\n\n\n<p><a href=\"https:\/\/allvoice.pl\/pl\/get-in-touch\/\">Kontakt z doradc\u0105<\/a><\/p>\n\n\n\n<\/div><\/div>","protected":false},"excerpt":{"rendered":"<p>A versatile family of modern business phones designed for today\u2019s mobile work style The 6900 IP Series is a powerful suite of desk phones with crystal clear audio, advanced features and a broad array of accessories to improve productivity and mobility in today\u2019s modern business environment. The 6900 phones deliver crystal clear audio through a [&hellip;]<\/p>\n","protected":false},"author":2,"featured_media":0,"parent":0,"menu_order":0,"comment_status":"closed","ping_status":"closed","template":"","meta":{"_acf_changed":false,"footnotes":""},"acf":[],"_links":{"self":[{"href":"https:\/\/allvoice.pl\/pl\/wp-json\/wp\/v2\/pages\/1989"}],"collection":[{"href":"https:\/\/allvoice.pl\/pl\/wp-json\/wp\/v2\/pages"}],"about":[{"href":"https:\/\/allvoice.pl\/pl\/wp-json\/wp\/v2\/types\/page"}],"author":[{"embeddable":true,"href":"https:\/\/allvoice.pl\/pl\/wp-json\/wp\/v2\/users\/2"}],"replies":[{"embeddable":true,"href":"https:\/\/allvoice.pl\/pl\/wp-json\/wp\/v2\/comments?post=1989"}],"version-history":[{"count":31,"href":"https:\/\/allvoice.pl\/pl\/wp-json\/wp\/v2\/pages\/1989\/revisions"}],"predecessor-version":[{"id":2156,"href":"https:\/\/allvoice.pl\/pl\/wp-json\/wp\/v2\/pages\/1989\/revisions\/2156"}],"wp:attachment":[{"href":"https:\/\/allvoice.pl\/pl\/wp-json\/wp\/v2\/media?parent=1989"}],"curies":[{"name":"wp","href":"https:\/\/api.w.org\/{rel}","templated":true}]}}