{"id":1931,"date":"2020-10-05T13:59:25","date_gmt":"2020-10-05T11:59:25","guid":{"rendered":"https:\/\/allvoice.pl\/?page_id=1931"},"modified":"2024-03-28T16:30:49","modified_gmt":"2024-03-28T15:30:49","slug":"komunikacja-dla-hoteli","status":"publish","type":"page","link":"https:\/\/allvoice.pl\/pl\/communication-solutions-for-hotels\/","title":{"rendered":"Systemy dla hoteli"},"content":{"rendered":"<div class=\"wp-block-cover\"><span aria-hidden=\"true\" class=\"wp-block-cover__background has-background-dim-40 has-background-dim\" style=\"background-color:#008dc3\"><\/span><img loading=\"lazy\" decoding=\"async\" width=\"1200\" height=\"470\" class=\"wp-block-cover__image-background wp-image-1904\" alt=\"\" src=\"https:\/\/allvoice.pl\/wp-content\/uploads\/hotel_mitel.png\" style=\"object-position:29% 57%\" data-object-fit=\"cover\" data-object-position=\"29% 57%\" srcset=\"https:\/\/allvoice.pl\/wp-content\/uploads\/hotel_mitel.png 1200w, https:\/\/allvoice.pl\/wp-content\/uploads\/hotel_mitel-300x118.png 300w, https:\/\/allvoice.pl\/wp-content\/uploads\/hotel_mitel-768x301.png 768w, https:\/\/allvoice.pl\/wp-content\/uploads\/hotel_mitel-1024x401.png 1024w\" sizes=\"(max-width: 1200px) 100vw, 1200px\" \/><div class=\"wp-block-cover__inner-container is-layout-flow wp-block-cover-is-layout-flow\">\n<h1 class=\"has-text-align-left wp-block-heading\">Rozwi\u0105zania telekomunikacyjne dla hoteli<\/h1>\n<\/div><\/div>\n\n\n\n<div class=\"my-container my-section\">\n\n\n\n<p>Pasjonujemy si\u0119 nowoczesnymi technologiami, dzi\u0119ki czemu jeste\u015bmy w stanie dostarcza\u0107 najwy\u017cszej jako\u015bci rozwi\u0105zania telekomunikacyjne dla firm z r\u00f3\u017cnych sektor\u00f3w.<br><\/p>\n\n\n\n<p>Jako zaufany integrator IT i reseller, tworzymy systemy kt\u00f3re spe\u0142niaj\u0105 potrzeby naszych klient\u00f3w, ale s\u0105 tak\u017ce przysz\u0142o\u015bciowe, elastyczne i \u0142atwe w adaptacji.<br><\/p>\n\n\n\n<p>Nasz\u0105 oferta obejmuje szeroki zakres us\u0142ug, od projektowania i implementacji zaawansowanych system\u00f3w telekomunikacyjnych, po wsparcie i administracj\u0119.<br><\/p>\n\n\n\n<p>Specjalizujemy si\u0119 w telefonii IP, komunikacji zintegrowanej oraz rozwi\u0105zaniach Contact Center, zapewniaj\u0105c naszym klientom nie tylko sprz\u0119t i oprogramowanie, ale przede wszystkim profesjonalne doradztwo i wsparcie techniczne.<br><\/p>\n\n\n\n<p>Thanks to our collaboration with leading technology manufacturers like Avaya, Mitel, Spectralink, and Nortel, we offer solutions tailored to the individual needs of each organisation. Our services are aimed at both small and medium-sized enterprises and large corporations, always with an emphasis on quality, reliability, and security.<\/p>\n\n\n\n<p><strong>Ka\u017cdy hotel mo\u017ce by\u0107 miejscem niezawodnej komunikacji. Sprawna obs\u0142uga i satysfakcja go\u015bci, od recepcji po ka\u017cdy pok\u00f3j.<\/strong><\/p>\n\n\n\n<p><\/p>\n\n\n\n<div class=\"wp-block-columns alignwide has-2-columns bigger-space is-layout-flex wp-container-core-columns-is-layout-1 wp-block-columns-is-layout-flex\">\n<div class=\"wp-block-column is-layout-flow wp-block-column-is-layout-flow\">\n<p style=\"color:#ff0101;font-size:21px\" class=\"has-text-color\"><strong>MiVoice Office 400 Hospitality<\/strong><\/p>\n\n\n\n<hr class=\"wp-block-separator has-css-opacity\"\/>\n\n\n\n<p style=\"font-size:18px\"><strong>Pakiet Mitel 400 Hospitality<\/strong> to idealne, profesjonalne rozwi\u0105zanie do zada\u0144 komunikacyjnych i administracyjnych w hotelach i firmach oferuj\u0105cych us\u0142ugi zarz\u0105dzania go\u015b\u0107mi.<\/p>\n\n\n\n<p style=\"font-size:18px\">Doskona\u0142\u0105 obs\u0142ug\u0119 klienta gwarantuje bogata oferta telefon\u00f3w dla recepcji, pokoi i personelu, oprogramowanie do zarz\u0105dzania recepcj\u0105 oraz interfejs do integracji z wi\u0119kszo\u015bci\u0105 system\u00f3w zarz\u0105dzania hotelami na rynku.<\/p>\n\n\n\n<p style=\"font-size:18px\">Nacisk k\u0142adziony jest na zapewnienie pracownikom rozwi\u0105zania przyjaznego dla u\u017cytkownika, aby mogli szybko i efektywnie wykonywa\u0107 swoje zadania. Dla personelu mo\u017ce to prowadzi\u0107 do wi\u0119kszej satysfakcji z codziennej pracy i wi\u0119kszej ilo\u015bci czasu na zaspokojenie potrzeb go\u015bci.<\/p>\n\n\n\n<p class=\"has-background\"><strong>Kluczowe zalety pakietu Mitel 400 Hospitality obejmuj\u0105:<\/strong><\/p>\n\n\n\n<ul class=\"special-list-elements\"><li><strong>Check-in and check-out<\/strong> - aktywacja\/blokada telefonu w pokoju<\/li><li><strong>Wiadomo\u015bci oczekuj\u0105ce<\/strong> - dioda LED informuj\u0105ca go\u015bcia o wiadomo\u015bci oczekuj\u0105cej na telefonie po odebraniu nowej poczty g\u0142osowej <li><strong>Wake-up calls<\/strong> - niemo\u017cliwe do przeoczenia budzenie - proste zarz\u0105dzanie<\/li><li><strong>Obs\u0142uga statusu pokoi<\/strong> - wy\u015bwietlanie i zapisywanie status\u00f3w np. posprz\u0105tany, awaria itd.<\/strong><\/li><li><strong>Automatyczne drukowanie rachunk\u00f3w telefonicznych za pomoc\u0105 personalizowanego szablonu<\/strong><\/li><li><strong>System hotelowy IVR<\/strong> - szybka obs\u0142uga po\u0142\u0105cze\u0144 przychodz\u0105cych - do recepcji, dzia\u0142u konferencyjnego, centrum SPA, restauracji i innych obiekt\u00f3w w hotelu<li><strong>Optymalizacja koszt\u00f3w<\/strong>- Pakiet Hospitality od Mitel jest \u0142atwy do zintegrowania z istniej\u0105c\u0105 infrastruktur\u0105: domofonami\ni kamerami, zewn\u0119trznymi systemami zarz\u0105dzania nieruchomo\u015bciami (PMS) oraz infrastruktura IT<\/li><\/ul>\n<\/div>\n\n\n\n<div class=\"wp-block-column is-layout-flow wp-block-column-is-layout-flow\">\n<p><\/p>\n\n\n\n<br>\n\n\n\n<figure class=\"wp-block-image\"><img loading=\"lazy\" decoding=\"async\" width=\"1024\" height=\"682\" src=\"https:\/\/allvoice.pl\/wp-content\/uploads\/photo-hospitality-mitel-1-1024x682.jpg\" alt=\"\" class=\"wp-image-1963\" srcset=\"https:\/\/allvoice.pl\/wp-content\/uploads\/photo-hospitality-mitel-1-1024x682.jpg 1024w, https:\/\/allvoice.pl\/wp-content\/uploads\/photo-hospitality-mitel-1-300x200.jpg 300w, https:\/\/allvoice.pl\/wp-content\/uploads\/photo-hospitality-mitel-1-768x511.jpg 768w, https:\/\/allvoice.pl\/wp-content\/uploads\/photo-hospitality-mitel-1-1568x1044.jpg 1568w, https:\/\/allvoice.pl\/wp-content\/uploads\/photo-hospitality-mitel-1.jpg 1900w\" sizes=\"(max-width: 1024px) 100vw, 1024px\" \/><\/figure>\n\n\n\n<p><\/p>\n\n\n\n<figure class=\"wp-block-image\"><img loading=\"lazy\" decoding=\"async\" width=\"600\" height=\"400\" src=\"https:\/\/allvoice.pl\/wp-content\/uploads\/Mitel-Hospitality-2.jpg\" alt=\"\" class=\"wp-image-1964\" srcset=\"https:\/\/allvoice.pl\/wp-content\/uploads\/Mitel-Hospitality-2.jpg 600w, https:\/\/allvoice.pl\/wp-content\/uploads\/Mitel-Hospitality-2-300x200.jpg 300w\" sizes=\"(max-width: 600px) 100vw, 600px\" \/><\/figure>\n\n\n\n<p><\/p>\n\n\n\n<p><\/p>\n\n\n\n<figure class=\"wp-block-image\"><img loading=\"lazy\" decoding=\"async\" width=\"900\" height=\"599\" src=\"https:\/\/allvoice.pl\/wp-content\/uploads\/mitel-3.jpg\" alt=\"\" class=\"wp-image-1965\" srcset=\"https:\/\/allvoice.pl\/wp-content\/uploads\/mitel-3.jpg 900w, https:\/\/allvoice.pl\/wp-content\/uploads\/mitel-3-300x200.jpg 300w, https:\/\/allvoice.pl\/wp-content\/uploads\/mitel-3-768x511.jpg 768w\" sizes=\"(max-width: 900px) 100vw, 900px\" \/><\/figure>\n\n\n\n<p><\/p>\n<\/div>\n<\/div>\n\n\n\n<\/div><div class=\"my-section section-light-gray\"><div class=\"my-container\">\n\n\n<div class=\"eds-animate edsanimate-sis-hidden\" data-eds-entry-animation=\"fadeInUp\" data-eds-entry-delay=\"0\" data-eds-entry-duration=\"0.7\" data-eds-entry-timing=\"linear\" data-eds-exit-animation=\"\" data-eds-exit-delay=\"\" data-eds-exit-duration=\"\" data-eds-exit-timing=\"\" data-eds-repeat-count=\"1\" data-eds-keep=\"yes\" data-eds-animate-on=\"scroll\" data-eds-scroll-offset=\"75\">\n\n\n\n<div class=\"wp-block-columns has-2-columns ipoc-four-columns is-layout-flex wp-container-core-columns-is-layout-2 wp-block-columns-is-layout-flex\">\n<div class=\"wp-block-column is-layout-flow wp-block-column-is-layout-flow\">\n<p>Zalety systemu dla <strong>personelu <\/strong><\/p>\n\n\n\n<hr class=\"wp-block-separator has-css-opacity seperator-red\"\/>\n\n\n\n<ul><li><strong><p style=\"font-size:18px\">Wydajno\u015b\u0107 i wysoka produktywno\u015b\u0107<\/strong> dost\u0119pne s\u0105 okre\u015blone funkcje, takie jak zameldowanie, w tym rejestrowanie danych go\u015bci oraz specjalne wymagania go\u015bci, ustawianie j\u0119zyk\u00f3w i budzenie. Podczas wymeldowania personel jest doskonale wspierany, a procesy robocze przyspieszone dzi\u0119ki funkcjom takim jak automatyczne drukowanie rachunk\u00f3w i wy\u015bwietlanie statusu sprz\u0105tania pokoju<\/li><\/p><li><strong><p style=\"font-size:18px\">Zawsze poinformowany <\/strong>Personel mo\u017ce zmieni\u0107 stan pokoju, na przyk\u0142ad z \u201edo sprz\u0105tania\u201d na \u201esprz\u0105tni\u0119ty\u201d, po prostu wprowadzaj\u0105c kod w telefonie w pokoju lub na bezprzewodowym telefonie DECT. W ten spos\u00f3b recepcja i kierownictwo s\u0105 zawsze na bie\u017c\u0105co<\/p><\/li><li><strong><p style=\"font-size:18px\">Telefon na ka\u017cd\u0105 potrzeb\u0119: <\/strong>szeroka gama telefon\u00f3w dla recepcji, zespo\u0142\u00f3w biurowych, sprz\u0105taj\u0105cych i konserwacyjnych<\/li><\/p><\/ul>\n\n\n\n<p><\/p>\n<\/div>\n\n\n\n<div class=\"wp-block-column is-layout-flow wp-block-column-is-layout-flow\">\n<p>Zalety systemu dla <strong>go\u015bci<\/strong><\/p>\n\n\n\n<hr class=\"wp-block-separator has-css-opacity seperator-red\"\/>\n\n\n\n<ul><li><p style=\"font-size:18px\"><strong>Optymalna obs\u0142uga:<\/strong> szybkie i \u0142atwe procesy zameldowania i wymeldowania<\/li><li> <p style=\"font-size:18px\"><strong>Telefony do pokoi:<\/strong> szeroka gama intuicyjnie wdra\u017canych telefon\u00f3w dostosowanych do potrzeb klient\u00f3w<\/li><li><p style=\"font-size:18px\"><strong>Szczeg\u00f3\u0142owe rachunki telefoniczne:<\/strong> w tym dane dotycz\u0105ce po\u0142\u0105cze\u0144 i poszczeg\u00f3lne op\u0142aty<li><p style=\"font-size:18px\"><strong>Us\u0142ugi budzenia:<\/strong> niemo\u017cliwe pomini\u0119cie budzika; personel jest informowany o wszystkich nieodebranych alarmach<\/p><\/li><li><p style=\"font-size:18px\"><strong>Odbi\u00f3r wiadomo\u015bci:<\/strong> diod\u0119 LED wiadomo\u015bci oczekuj\u0105cej na telefonie pokojowym mo\u017cna w\u0142\u0105cza\u0107 i wy\u0142\u0105cza\u0107 zdalnie z recepcji. Lampka zapala si\u0119 automatycznie po odebraniu nowej poczty g\u0142osowej. Go\u015b\u0107 \u0142\u0105czy si\u0119 z recepcj\u0105 lub bezpo\u015brednio z poczt\u0105 g\u0142osow\u0105 poprzez naci\u015bni\u0119cie jednego przycisku<\/p><\/ul>\n<\/div>\n<\/div>\n\n\n<\/div>\n\n\n\n<\/div><\/div><div class=\"my-section section-light-gray\" id=\"get-in-touch-with-us\"><div class=\"my-container\">\n\n\n\n<div class=\"eds-animate edsanimate-sis-hidden\" data-eds-entry-animation=\"bounceIn\" data-eds-entry-delay=\"0\" data-eds-entry-duration=\"1\" data-eds-entry-timing=\"linear\" data-eds-exit-animation=\"\" data-eds-exit-delay=\"\" data-eds-exit-duration=\"\" data-eds-exit-timing=\"\" data-eds-repeat-count=\"1\" data-eds-keep=\"yes\" data-eds-animate-on=\"scroll\" data-eds-scroll-offset=\"75\">\n\n\n\n<p style=\"font-size:28px\"><strong>Zapraszamy do kontaktu z nami<\/strong><\/p>\n\n\n\n<p><a href=\"https:\/\/allvoice.pl\/pl\/get-in-touch\/\">Kontakt z doradc\u0105<\/a><\/p>\n\n\n\n<\/div><\/div>","protected":false},"excerpt":{"rendered":"<p>We are passionate about modern technologies, which allows us to deliver the highest quality telecommunication solutions for companies from various sectors. As a trusted IT integrator and reseller, we create systems that not only meet the needs of our clients but are also future-proof, flexible, and easy to adapt. Our offer includes a wide range [&hellip;]<\/p>\n","protected":false},"author":12,"featured_media":0,"parent":0,"menu_order":0,"comment_status":"closed","ping_status":"closed","template":"","meta":{"_acf_changed":false,"footnotes":""},"acf":[],"_links":{"self":[{"href":"https:\/\/allvoice.pl\/pl\/wp-json\/wp\/v2\/pages\/1931"}],"collection":[{"href":"https:\/\/allvoice.pl\/pl\/wp-json\/wp\/v2\/pages"}],"about":[{"href":"https:\/\/allvoice.pl\/pl\/wp-json\/wp\/v2\/types\/page"}],"author":[{"embeddable":true,"href":"https:\/\/allvoice.pl\/pl\/wp-json\/wp\/v2\/users\/12"}],"replies":[{"embeddable":true,"href":"https:\/\/allvoice.pl\/pl\/wp-json\/wp\/v2\/comments?post=1931"}],"version-history":[{"count":75,"href":"https:\/\/allvoice.pl\/pl\/wp-json\/wp\/v2\/pages\/1931\/revisions"}],"predecessor-version":[{"id":3583,"href":"https:\/\/allvoice.pl\/pl\/wp-json\/wp\/v2\/pages\/1931\/revisions\/3583"}],"wp:attachment":[{"href":"https:\/\/allvoice.pl\/pl\/wp-json\/wp\/v2\/media?parent=1931"}],"curies":[{"name":"wp","href":"https:\/\/api.w.org\/{rel}","templated":true}]}}