{"id":1869,"date":"2020-08-05T15:44:40","date_gmt":"2020-08-05T13:44:40","guid":{"rendered":"https:\/\/allvoice.pl\/?page_id=1869"},"modified":"2020-10-05T13:57:15","modified_gmt":"2020-10-05T11:57:15","slug":"mitel-2","status":"publish","type":"page","link":"https:\/\/allvoice.pl\/pl\/mitel-2\/","title":{"rendered":"Mitel"},"content":{"rendered":"<div class=\"wp-block-cover has-background-dim-40 has-background-dim\" style=\"background-image:url(https:\/\/allvoice.pl\/wp-content\/uploads\/mitel-phone2.jpg);background-color:#008dc3;background-position:46.03960396039604% 57.01754385964912%\"><div class=\"wp-block-cover__inner-container is-layout-flow wp-block-cover-is-layout-flow\">\n<h1 class=\"wp-block-heading\">Mitel<\/h1>\n<\/div><\/div>\n\n\n\n<div class=\"my-container my-section\">\n\n\n\n<div class=\"wp-block-columns has-2-columns description-and-video-section is-layout-flex wp-container-core-columns-is-layout-1 wp-block-columns-is-layout-flex\">\n<div class=\"wp-block-column is-layout-flow wp-block-column-is-layout-flow\">\n<p style=\"color:#ff0101;font-size:21px\" class=\"has-text-color\"><strong>Bezproblemowa i op\u0142acalna komunikacja wielu lokalizacji, pracownik\u00f3w i klient\u00f3w mo\u017ce by\u0107 trudna, ale z Mitel nie musi tak by\u0107!<\/strong><\/p>\n\n\n\n<p style=\"font-size:16px\">Zakup nowego systemu telekomunikacyjnego do firmy to powa\u017cna decyzja. Mo\u017cliwo\u015bci ujednoliconej komunikacji (UC) mog\u0105 zapewni\u0107 Twojej organizacji nowe sposoby p\u0142ynnej komunikacji i efektywnej wsp\u00f3\u0142pracy.<\/p>\n\n\n\n<p style=\"font-size:16px\">Dzi\u0119ki 45-letniemu do\u015bwiadczeniu w bran\u017cy, Mitel pomaga firmom \u0142\u0105czy\u0107 si\u0119, wsp\u00f3\u0142pracowa\u0107 i zapewnia\u0107 klientom jeszcze lepsze do\u015bwiadczenia. Nie bez powodu Mitel cieszy si\u0119 zaufaniem 70 milion\u00f3w u\u017cytkownik\u00f3w biznesowych w ponad 100 krajach.<\/p>\n\n\n\n<p style=\"font-size:16px\"><b>Jako oficjalny Partner Mitel w Polsce jeste\u015bmy w stanie skutecznie pom\u00f3c Ci w wyborze odpowiedniego rodzaju rozwi\u0105zania telekomunikacyjnego, kt\u00f3ry spe\u0142ni twoje obecne i przysz\u0142e potrzeby biznesowe i zostanie dostarczony na czas i w ustalonym bud\u017cecie.<\/b><\/p>\n\n\n\n<p><\/p>\n<\/div>\n\n\n\n<div class=\"wp-block-column is-layout-flow wp-block-column-is-layout-flow\">\n<div class=\"eds-animate edsanimate-sis-hidden\" data-eds-entry-animation=\"bounceIn\" data-eds-entry-delay=\"0\" data-eds-entry-duration=\"1\" data-eds-entry-timing=\"linear\" data-eds-exit-animation=\"\" data-eds-exit-delay=\"\" data-eds-exit-duration=\"\" data-eds-exit-timing=\"\" data-eds-repeat-count=\"1\" data-eds-keep=\"yes\" data-eds-animate-on=\"scroll\" data-eds-scroll-offset=\"75\">\n\n\n\n<p style=\"color:#008dc3;font-size:26px;text-align:center\" class=\"has-text-color\">Watch now<\/p>\n\n\n\n<figure class=\"wp-block-embed-youtube wp-block-embed is-type-video is-provider-youtube wp-embed-aspect-16-9 wp-has-aspect-ratio\"><div class=\"wp-block-embed__wrapper\">\n<iframe loading=\"lazy\" title=\"Mitel, we are powering connections.\" width=\"640\" height=\"360\" src=\"https:\/\/www.youtube.com\/embed\/mn5ZW8Z0_SU?start=66&#038;feature=oembed&#038;enablejsapi=1&#038;origin=https:\/\/allvoice.pl\" frameborder=\"0\" allow=\"accelerometer; autoplay; clipboard-write; encrypted-media; gyroscope; picture-in-picture; web-share\" referrerpolicy=\"strict-origin-when-cross-origin\" allowfullscreen><\/iframe>\n<\/div><\/figure>\n\n\n\n<figure class=\"wp-block-image\"><img loading=\"lazy\" decoding=\"async\" width=\"1024\" height=\"681\" src=\"https:\/\/allvoice.pl\/wp-content\/uploads\/mitel-phones-1024x681.png\" alt=\"\" class=\"wp-image-1808\" srcset=\"https:\/\/allvoice.pl\/wp-content\/uploads\/mitel-phones-1024x681.png 1024w, https:\/\/allvoice.pl\/wp-content\/uploads\/mitel-phones-300x200.png 300w, https:\/\/allvoice.pl\/wp-content\/uploads\/mitel-phones-768x511.png 768w, https:\/\/allvoice.pl\/wp-content\/uploads\/mitel-phones-1568x1043.png 1568w, https:\/\/allvoice.pl\/wp-content\/uploads\/mitel-phones.png 1666w\" sizes=\"(max-width: 1024px) 100vw, 1024px\" \/><\/figure>\n\n\n\n<\/div>\n<\/div>\n<\/div>\n\n\n\n<\/div><\/div>\n\n\n\n<div class=\"triangle-pattern-background\"><div class=\"my-container\">\n\n\n\n<div class=\"wp-block-columns has-2-columns solution-description is-layout-flex wp-container-core-columns-is-layout-2 wp-block-columns-is-layout-flex\">\n<div class=\"wp-block-column is-layout-flow wp-block-column-is-layout-flow\">\n<p style=\"font-size:21px\"><strong>MiVoice Office 400<\/strong><\/p>\n\n\n\n<hr class=\"wp-block-separator\"\/>\n\n\n\n<p style=\"font-size:18px\">MiVoice Office 400 otwiera pe\u0142ny wachlarz wydajno\u015bci nowoczesnej komunikacji biznesowej, spe\u0142niaj\u0105c wymagania komunikacji profesjonalnej dzi\u0119ki szybkiemu reagowaniu na innowacje i nowe sposoby pracy zdalnej. Rozwi\u0105zanie jest przeznaczone dla ma\u0142ych i \u015brednich segment\u00f3w, oferuj\u0105c rozbudowane UCC, contact center i funkcje mobilne, a tak\u017ce szerok\u0105 ofert\u0119 telefon\u00f3w.<\/p>\n\n\n\n<p><a class=\"btn btn-outline btn-small\" href=\"https:\/\/allvoice.pl\/pl\/?page_id=1999\">Zobacz wi\u0119cej<\/a><\/p>\n\n\n\n<p style=\"font-size:21px\"><strong>Telefony biznesowe, urz\u0105dzenia i akcesoria<\/strong><\/p>\n\n\n\n<hr class=\"wp-block-separator\"\/>\n\n\n\n<p style=\"font-size:18px\"> Pozyskaj telefony stacjonarne, konferencyjne, kt\u00f3rych potrzebujesz, aby w pe\u0142ni wykorzysta\u0107 sw\u00f3j system komunikacji biznesowej. Mo\u017cesz znale\u017a\u0107 wszystko, od niedrogich telefon\u00f3w klasy podstawowej po zaawansowane telefony dla kadry kierowniczej z bezprzewodowymi s\u0142uchawkami, akcesoriami.<\/p>\n\n\n\n<p><a class=\"btn btn-outline btn-small\" href=\"https:\/\/allvoice.pl\/pl\/?page_id=1989\">Zobacz wi\u0119cej<\/a><\/p>\n<\/div>\n\n\n\n<div class=\"wp-block-column is-layout-flow wp-block-column-is-layout-flow\">\n<p style=\"font-size:21px\"><strong>MiVoice Bussiness<\/strong><\/p>\n\n\n\n<hr class=\"wp-block-separator\"\/>\n\n\n\n<p style=\"font-size:18px\">Lokalny system telefonii biznesowej, kt\u00f3ry ma wszystko, czego potrzebuje Twoja organizacja, aby zapewni\u0107 klientom doskona\u0142e wra\u017cenia. MiVoice Business to wielokana\u0142owa platforma komunikacyjna dla organizacji, kt\u00f3ra zapewnia obs\u0142ug\u0119 g\u0142osu, wiadomo\u015bci, SMS, aplikacje mobilne, wysokiej jako\u015bci po\u0142\u0105czenia video-konferencyjne.<\/p>\n\n\n\n<p><a class=\"btn btn-outline btn-small\" href=\"https:\/\/allvoice.pl\/pl\/?page_id=2095\">Zobacz wi\u0119cej<\/a><\/p>\n\n\n\n<p style=\"font-size:21px\"><strong>Rozwi\u0105zania telekomunikacyjne dla hoteli<\/strong><\/p>\n\n\n\n<hr class=\"wp-block-separator\"\/>\n\n\n\n<p style=\"font-size:18px\"> Zadowolenie klienta ma zasadnicze znaczenie dla hoteli, pensjonat\u00f3w, dom\u00f3w opieki i ka\u017cdej firmy oferuj\u0105cej us\u0142ugi zarz\u0105dzania go\u015b\u0107mi. Pakiet hotelowy Mitel 400 to idealne rozwi\u0105zanie komunikacyjne, kt\u00f3re mo\u017cna bezproblemowo zintegrowa\u0107 z procesami biznesowymi i doskonale wspiera\u0107 pracownik\u00f3w w ich codziennej pracy. <\/p>\n\n\n\n<p><a class=\"btn btn-outline btn-small\" href=\"https:\/\/allvoice.pl\/pl\/?page_id=1931\">Zobacz wi\u0119cej<\/a><\/p>\n\n\n\n<p>                    <\/p>\n<\/div>\n<\/div>\n\n\n\n<\/div><\/div><div class=\"my-section section-light-gray\" id=\"get-in-touch-with-us\"><div class=\"my-container\">\n\n\n\n<div class=\"eds-animate edsanimate-sis-hidden\" data-eds-entry-animation=\"bounceIn\" data-eds-entry-delay=\"0\" data-eds-entry-duration=\"1\" data-eds-entry-timing=\"linear\" data-eds-exit-animation=\"\" data-eds-exit-delay=\"\" data-eds-exit-duration=\"\" data-eds-exit-timing=\"\" data-eds-repeat-count=\"1\" data-eds-keep=\"yes\" data-eds-animate-on=\"scroll\" data-eds-scroll-offset=\"75\">\n\n\n\n<p style=\"font-size:28px\"><strong>Zapraszamy do kontaktu z nami<\/strong><\/p>\n\n\n\n<p><a href=\"https:\/\/allvoice.pl\/pl\/get-in-touch\/\">Kontakt z doradc\u0105<\/a><\/p>\n\n\n\n<\/div><\/div>","protected":false},"excerpt":{"rendered":"<p>Connecting locations, employees and customers seamlessly and cost-effectively can be difficult, but with Mitel it doesn\u2019t have to be! Purchasing a new business phone system is a major decision. Unified communications (UC) capabilities can give your organization new ways to communicate and collaborate seamlessly. With 45 years of industry leadership, Mitel helps companies connect, collaborate [&hellip;]<\/p>\n","protected":false},"author":2,"featured_media":0,"parent":0,"menu_order":0,"comment_status":"closed","ping_status":"closed","template":"","meta":{"_acf_changed":false,"footnotes":""},"acf":[],"_links":{"self":[{"href":"https:\/\/allvoice.pl\/pl\/wp-json\/wp\/v2\/pages\/1869"}],"collection":[{"href":"https:\/\/allvoice.pl\/pl\/wp-json\/wp\/v2\/pages"}],"about":[{"href":"https:\/\/allvoice.pl\/pl\/wp-json\/wp\/v2\/types\/page"}],"author":[{"embeddable":true,"href":"https:\/\/allvoice.pl\/pl\/wp-json\/wp\/v2\/users\/2"}],"replies":[{"embeddable":true,"href":"https:\/\/allvoice.pl\/pl\/wp-json\/wp\/v2\/comments?post=1869"}],"version-history":[{"count":23,"href":"https:\/\/allvoice.pl\/pl\/wp-json\/wp\/v2\/pages\/1869\/revisions"}],"predecessor-version":[{"id":2820,"href":"https:\/\/allvoice.pl\/pl\/wp-json\/wp\/v2\/pages\/1869\/revisions\/2820"}],"wp:attachment":[{"href":"https:\/\/allvoice.pl\/pl\/wp-json\/wp\/v2\/media?parent=1869"}],"curies":[{"name":"wp","href":"https:\/\/api.w.org\/{rel}","templated":true}]}}