{"id":16,"date":"2019-08-28T22:15:41","date_gmt":"2019-08-28T20:15:41","guid":{"rendered":"http:\/\/localhost\/benkie\/allvoice.pl\/?page_id=16"},"modified":"2025-02-26T16:13:42","modified_gmt":"2025-02-26T15:13:42","slug":"service","status":"publish","type":"page","link":"https:\/\/allvoice.pl\/pl\/service\/","title":{"rendered":"Us\u0142ugi"},"content":{"rendered":"<div class=\"wp-block-cover is-light\"><span aria-hidden=\"true\" class=\"wp-block-cover__background has-background-dim-40 has-background-dim\" style=\"background-color:#008dc3\"><\/span><img loading=\"lazy\" decoding=\"async\" width=\"1920\" height=\"700\" class=\"wp-block-cover__image-background wp-image-402\" src=\"https:\/\/allvoice.pl\/wp-content\/uploads\/slide2.jpg\" data-object-fit=\"cover\" srcset=\"https:\/\/allvoice.pl\/wp-content\/uploads\/slide2.jpg 1920w, https:\/\/allvoice.pl\/wp-content\/uploads\/slide2-300x109.jpg 300w, https:\/\/allvoice.pl\/wp-content\/uploads\/slide2-768x280.jpg 768w, https:\/\/allvoice.pl\/wp-content\/uploads\/slide2-1024x373.jpg 1024w, https:\/\/allvoice.pl\/wp-content\/uploads\/slide2-1568x572.jpg 1568w\" sizes=\"(max-width: 1920px) 100vw, 1920px\" \/><div class=\"wp-block-cover__inner-container is-layout-flow wp-block-cover-is-layout-flow\">\n<h1 class=\"wp-block-heading has-text-align-left\">Us\u0142ugi<\/h1>\n<\/div><\/div>\n\n\n\n<div class=\"my-container my-section\" id=\"what-we-do\">\n\n\n\n<p class=\"has-text-align-center\"><strong> Od wst\u0119pnego planowania i projektowania po bezproblemowe wdro\u017cenie, integracj\u0119 i ci\u0105g\u0142\u0105 optymalizacj\u0119 - AllVoice pomaga zapewni\u0107 maksymalne wykorzystanie inwestycji w komunikacj\u0119.<\/strong><\/p>\n\n\n<div class=\"eds-animate edsanimate-sis-hidden\" data-eds-entry-animation=\"fadeInUp\" data-eds-entry-delay=\"0\" data-eds-entry-duration=\"0.5\" data-eds-entry-timing=\"linear\" data-eds-exit-animation=\"\" data-eds-exit-delay=\"\" data-eds-exit-duration=\"\" data-eds-exit-timing=\"\" data-eds-repeat-count=\"1\" data-eds-keep=\"yes\" data-eds-animate-on=\"scroll\" data-eds-scroll-offset=\"75\">\n\n\n\n<div class=\"wp-block-columns has-4-columns is-layout-flex wp-container-core-columns-is-layout-5 wp-block-columns-is-layout-flex\">\n<div class=\"wp-block-column is-layout-flow wp-block-column-is-layout-flow\">\n<div class=\"wp-block-columns has-2-columns is-layout-flex wp-container-core-columns-is-layout-1 wp-block-columns-is-layout-flex\">\n<div class=\"wp-block-column is-layout-flow wp-block-column-is-layout-flow\"><div class=\"wp-block-image\">\n<figure class=\"aligncenter\"><img loading=\"lazy\" decoding=\"async\" width=\"44\" height=\"55\" src=\"https:\/\/allvoice.pl\/wp-content\/uploads\/design.png\" alt=\"\" class=\"wp-image-695\"\/><\/figure><\/div>\n\n\n<h4 class=\"wp-block-heading has-text-align-center\"> Projektowanie<\/h4>\n<\/div>\n<\/div>\n\n\n\n<p>Nasze do\u015bwiadczenie zapewnia, \n\u017ce zaproponowane rozwi\u0105zania \nb\u0119d\u0105 spe\u0142nia\u0142y aktualne i przysz\u0142e \npotrzeby biznesowe oraz \u017ce zostan\u0105 \ndostarczone na czas i zgodnie z bud\u017cetem. <\/p>\n\n\n\n<a href=\"#design\" class=\"btn btn-small btn-outline btn-outline-red\">Zobacz wi\u0119cej<\/a>\n<\/div>\n\n\n\n<div class=\"wp-block-column is-layout-flow wp-block-column-is-layout-flow\">\n<div class=\"wp-block-columns has-2-columns is-layout-flex wp-container-core-columns-is-layout-2 wp-block-columns-is-layout-flex\">\n<div class=\"wp-block-column is-layout-flow wp-block-column-is-layout-flow\"><div class=\"wp-block-image\">\n<figure class=\"aligncenter\"><img loading=\"lazy\" decoding=\"async\" width=\"57\" height=\"51\" src=\"https:\/\/allvoice.pl\/wp-content\/uploads\/2019\/09\/implement.png\" alt=\"\" class=\"wp-image-128\"\/><\/figure><\/div>\n\n\n<h4 class=\"wp-block-heading has-text-align-center\">Implementacja<\/h4>\n<\/div>\n<\/div>\n\n\n\n<p> Wykorzystuj\u0105c wiedz\u0119 profesjonalist\u00f3w \noraz zaawansowny sprz\u0119t i \noprogramowanie, pomagamy \ndostarczy\u0107 kompleksowe, \nczasem wyszukane, zako\u0144czone \nsukcesem projekty.<\/p>\n\n\n\n<a href=\"#implement\" class=\"btn btn-small btn-outline btn-outline-red\">Zobacz wi\u0119cej<\/a>\n<\/div>\n\n\n\n<div class=\"wp-block-column is-layout-flow wp-block-column-is-layout-flow\">\n<div class=\"wp-block-columns has-2-columns is-layout-flex wp-container-core-columns-is-layout-3 wp-block-columns-is-layout-flex\">\n<div class=\"wp-block-column is-layout-flow wp-block-column-is-layout-flow\"><div class=\"wp-block-image\">\n<figure class=\"aligncenter\"><img loading=\"lazy\" decoding=\"async\" width=\"50\" height=\"54\" src=\"https:\/\/allvoice.pl\/wp-content\/uploads\/maintenance.png\" alt=\"\" class=\"wp-image-696\"\/><\/figure><\/div>\n\n\n<h4 class=\"wp-block-heading has-text-align-center\">Techniczni\/ serwis<\/h4>\n<\/div>\n<\/div>\n\n\n\n<p>\n\nAllVoice proponuje szeroki \nzakres us\u0142ug wsparcia \nsprz\u0119tu oraz oprogramowania \nrozwi\u0105za\u0144 telekomunikacyjnych \ndaj\u0105c Twojej firmie \npewno\u015b\u0107 i niezawodno\u015b\u0107.\n\n<\/p>\n\n\n\n<a href=\"#maintenance\" class=\"btn btn-small btn-outline btn-outline-red\">Zobacz wi\u0119cej<\/a>\n<\/div>\n\n\n\n<div class=\"wp-block-column is-layout-flow wp-block-column-is-layout-flow\">\n<div class=\"wp-block-columns has-2-columns is-layout-flex wp-container-core-columns-is-layout-4 wp-block-columns-is-layout-flex\">\n<div class=\"wp-block-column is-layout-flow wp-block-column-is-layout-flow\"><div class=\"wp-block-image\">\n<figure class=\"aligncenter\"><img loading=\"lazy\" decoding=\"async\" width=\"66\" height=\"53\" src=\"https:\/\/allvoice.pl\/wp-content\/uploads\/2019\/09\/administration.png\" alt=\"\" class=\"wp-image-134\"\/><\/figure><\/div>\n\n\n<h4 class=\"wp-block-heading has-text-align-center\">Administracja<\/h4>\n<\/div>\n<\/div>\n\n\n\n<p> Nasi konsultanci wiedz\u0105 \njak wa\u017cna jest administracja, \ndlatego po zapoznaniu si\u0119 \nz potrzebami Twojej organizacji \nokre\u015bl\u0105 i dostarcz\u0105 odpowiedni \npoziom us\u0142ug. <\/p>\n\n\n\n<a href=\"#administration\" class=\"btn btn-small btn-outline btn-outline-red\">Zobacz wi\u0119cej<\/a>\n<\/div>\n<\/div>\n\n\n<\/div>\n\n\n\n<\/div>\n\n\n\n<div class=\"pattern-background\" id=\"design\"><div class=\"my-container\">\n\n\n\n<div class=\"wp-block-columns has-2-columns solution-description-with-image is-layout-flex wp-container-core-columns-is-layout-6 wp-block-columns-is-layout-flex\">\n<div class=\"wp-block-column is-layout-flow wp-block-column-is-layout-flow\">\n<h4 class=\"wp-block-heading\">Projektowanie<\/h4>\n\n\n\n<hr class=\"wp-block-separator has-css-opacity\"\/>\n\n\n\n<p> Wybierz wsp\u00f3lnie z nami odpowiednie rozwi\u0105zania dla swoich konkretnych potrzeb w obszarach takich jak telefonia IP, sie\u0107 bezprzewodowa, rozwi\u0105zania typu cloud i ujednolicona komunikacja. Skoncentrujmy si\u0119 wsp\u00f3lnie na strategii IT i innowacjach w Twojej firmie podczas wsp\u00f3lnych warsztat\u00f3w.<\/p>\n<\/div>\n\n\n\n<div class=\"wp-block-column is-layout-flow wp-block-column-is-layout-flow\">\n<figure class=\"wp-block-image\"><img loading=\"lazy\" decoding=\"async\" width=\"1024\" height=\"640\" src=\"https:\/\/allvoice.pl\/wp-content\/uploads\/meeting-2284501_1920-1024x640.jpg\" alt=\"\" class=\"wp-image-1122\" srcset=\"https:\/\/allvoice.pl\/wp-content\/uploads\/meeting-2284501_1920-1024x640.jpg 1024w, https:\/\/allvoice.pl\/wp-content\/uploads\/meeting-2284501_1920-300x188.jpg 300w, https:\/\/allvoice.pl\/wp-content\/uploads\/meeting-2284501_1920-768x480.jpg 768w, https:\/\/allvoice.pl\/wp-content\/uploads\/meeting-2284501_1920-1568x980.jpg 1568w, https:\/\/allvoice.pl\/wp-content\/uploads\/meeting-2284501_1920.jpg 1920w\" sizes=\"(max-width: 1024px) 100vw, 1024px\" \/><\/figure>\n<\/div>\n<\/div>\n\n\n\n<\/div><\/div><div class=\"my-section section-light-gray\"><div class=\"my-container\">\n\n\n<div class=\"eds-animate edsanimate-sis-hidden\" data-eds-entry-animation=\"fadeInUp\" data-eds-entry-delay=\"0\" data-eds-entry-duration=\"0.5\" data-eds-entry-timing=\"linear\" data-eds-exit-animation=\"\" data-eds-exit-delay=\"\" data-eds-exit-duration=\"\" data-eds-exit-timing=\"\" data-eds-repeat-count=\"1\" data-eds-keep=\"yes\" data-eds-animate-on=\"scroll\" data-eds-scroll-offset=\"75\">\n\n\n\n<div class=\"wp-block-columns has-2-columns bigger-space elements-no-margin is-layout-flex wp-container-core-columns-is-layout-7 wp-block-columns-is-layout-flex\">\n<div class=\"wp-block-column is-layout-flow wp-block-column-is-layout-flow\">\n<p>Poznajmy Twoje potrzeby...<\/p>\n\n\n\n<hr class=\"wp-block-separator has-css-opacity seperator-red w-50\"\/>\n\n\n\n<p style=\"font-size:18px\"> B\u0119dziemy wsp\u00f3\u0142pracowa\u0107 z Tob\u0105, zaczynaj\u0105c od audytu istniej\u0105cych \u015brodowisk i ich konfiguracji, przegl\u0105du wymaga\u0144 operacyjnych i strategicznych, po\u015bwi\u0119caj\u0105c czas na zrozumienie Twoich unikalnych potrzeb, aby m\u00f3c dopasowa\u0107 optymalne rozwi\u0105zania telekomunikacyjne.<\/p>\n<\/div>\n\n\n\n<div class=\"wp-block-column is-layout-flow wp-block-column-is-layout-flow\">\n<p> Zgodnie z planem i bud\u017cetem <\/p>\n\n\n\n<hr class=\"wp-block-separator has-css-opacity seperator-red w-50\"\/>\n\n\n\n<p style=\"font-size:18px\">Od wielu lat mamy przyjemno\u015b\u0107 projektowa\u0107 i wdra\u017ca\u0107 innowacyjne i najwy\u017cszej jako\u015bci rozwi\u0105zania telekomunikacyjne, zachowuj\u0105c z g\u00f3ry okre\u015blone terminy i bud\u017cety naszych Klient\u00f3w.<\/p>\n<\/div>\n<\/div>\n\n\n<\/div>\n\n\n\n<\/div><\/div><div class=\"pattern-background\" id=\"implement\"><div class=\"my-container\">\n\n\n\n<div class=\"wp-block-columns has-2-columns solution-description-with-image is-layout-flex wp-container-core-columns-is-layout-8 wp-block-columns-is-layout-flex\">\n<div class=\"wp-block-column is-layout-flow wp-block-column-is-layout-flow\">\n<figure class=\"wp-block-image\"><img loading=\"lazy\" decoding=\"async\" width=\"768\" height=\"432\" src=\"https:\/\/allvoice.pl\/wp-content\/uploads\/implementation.jpg\" alt=\"\" class=\"wp-image-851\" srcset=\"https:\/\/allvoice.pl\/wp-content\/uploads\/implementation.jpg 768w, https:\/\/allvoice.pl\/wp-content\/uploads\/implementation-300x169.jpg 300w\" sizes=\"(max-width: 768px) 100vw, 768px\" \/><\/figure>\n<\/div>\n\n\n\n<div class=\"wp-block-column is-layout-flow wp-block-column-is-layout-flow\">\n<h4 class=\"wp-block-heading\">Implementacja<\/h4>\n\n\n\n<hr class=\"wp-block-separator has-css-opacity\"\/>\n\n\n\n<p>Nasi do\u015bwiadczeni in\u017cynierowie mog\u0105 zapewni\u0107 us\u0142ugi wdro\u017cenia pod tak zwany \"klucz\", aby pom\u00f3c Ci uzyska\u0107 maksymaln\u0105 warto\u015b\u0107 z Twojego rozwi\u0105zania, zapewniaj\u0105c przy tym spok\u00f3j i terminowo\u015b\u0107.<\/p>\n<\/div>\n<\/div>\n\n\n\n<\/div><\/div><div class=\"my-section section-light-gray\"><div class=\"my-container\">\n\n\n<div class=\"eds-animate edsanimate-sis-hidden\" data-eds-entry-animation=\"fadeInUp\" data-eds-entry-delay=\"0\" data-eds-entry-duration=\"0.5\" data-eds-entry-timing=\"linear\" data-eds-exit-animation=\"\" data-eds-exit-delay=\"\" data-eds-exit-duration=\"\" data-eds-exit-timing=\"\" data-eds-repeat-count=\"1\" data-eds-keep=\"yes\" data-eds-animate-on=\"scroll\" data-eds-scroll-offset=\"75\">\n\n\n\n<div class=\"wp-block-columns has-2-columns bigger-space elements-no-margin is-layout-flex wp-container-core-columns-is-layout-9 wp-block-columns-is-layout-flex\">\n<div class=\"wp-block-column is-layout-flow wp-block-column-is-layout-flow\">\n<p>Zarz\u0105dzanie projektem<\/p>\n\n\n\n<hr class=\"wp-block-separator has-css-opacity seperator-red w-50\"\/>\n\n\n\n<p style=\"font-size:18px\">Ka\u017cdy z naszych projekt\u00f3w ma dedykowanego kierownika projektu, kt\u00f3ry wraz z zespo\u0142em Klienta zapewni instalacj\u0119 nowego rozwi\u0105zania zgodnie z wcze\u015bniej uzgodnionym planem.<\/p>\n<\/div>\n\n\n\n<div class=\"wp-block-column is-layout-flow wp-block-column-is-layout-flow\">\n<p>Zesp\u00f3\u0142 in\u017cynier\u00f3w AllVoice<\/p>\n\n\n\n<hr class=\"wp-block-separator has-css-opacity seperator-red w-50\"\/>\n\n\n\n<p style=\"font-size:18px\">Nasi in\u017cynierowie s\u0105 przeszkoleni i certyfikowani przez wiod\u0105cych dostawc\u00f3w telekomunikacyjnych na \u015bwiecie. \u015aci\u015ble wsp\u00f3\u0142pracuj\u0105c z zespo\u0142em, zapewniaj\u0105 skuteczne wsparcie na miejscu i zdalnie, dziel\u0105c si\u0119 wiedz\u0105 z Klientami na wszystkich planowanych etapach projektu wdro\u017ceniowego i poza nim. <\/p>\n<\/div>\n<\/div>\n\n\n<\/div>\n\n\n\n<\/div><\/div><div class=\"pattern-background\" id=\"maintenance\"><div class=\"my-container\">\n\n\n\n<div class=\"wp-block-columns has-2-columns solution-description-with-image is-layout-flex wp-container-core-columns-is-layout-10 wp-block-columns-is-layout-flex\">\n<div class=\"wp-block-column is-layout-flow wp-block-column-is-layout-flow\">\n<h4 class=\"wp-block-heading\">Techniczni\/ serwis<\/h4>\n\n\n\n<hr class=\"wp-block-separator has-css-opacity\"\/>\n\n\n\n<p> Nasz zesp\u00f3\u0142 serwisowy wykorzystuje zaawansowany zestaw narz\u0119dzi, aby pom\u00f3c Twojej firmie w osi\u0105gni\u0119ciu wi\u0119kszej niezawodno\u015bci i wydajno\u015bci w obszarze komunikacji korporacyjnej. Zapewniamy spersonalizowan\u0105 obs\u0142ug\u0119, szybk\u0105 odpowied\u017a na zapytania i ci\u0105g\u0142o\u015b\u0107 certyfikowanych in\u017cynier\u00f3w<\/p>\n<\/div>\n\n\n\n<div class=\"wp-block-column is-layout-flow wp-block-column-is-layout-flow\">\n<figure class=\"wp-block-image\"><img loading=\"lazy\" decoding=\"async\" width=\"1024\" height=\"682\" src=\"https:\/\/allvoice.pl\/wp-content\/uploads\/engineer-2558705_1920-1024x682.jpg\" alt=\"\" class=\"wp-image-853\" srcset=\"https:\/\/allvoice.pl\/wp-content\/uploads\/engineer-2558705_1920-1024x682.jpg 1024w, https:\/\/allvoice.pl\/wp-content\/uploads\/engineer-2558705_1920-300x200.jpg 300w, https:\/\/allvoice.pl\/wp-content\/uploads\/engineer-2558705_1920-768x512.jpg 768w, https:\/\/allvoice.pl\/wp-content\/uploads\/engineer-2558705_1920-1568x1045.jpg 1568w, https:\/\/allvoice.pl\/wp-content\/uploads\/engineer-2558705_1920.jpg 1920w\" sizes=\"(max-width: 1024px) 100vw, 1024px\" \/><\/figure>\n<\/div>\n<\/div>\n\n\n\n<\/div><\/div><div class=\"my-section section-light-gray\"><div class=\"my-container\">\n\n\n<div class=\"eds-animate edsanimate-sis-hidden\" data-eds-entry-animation=\"fadeInUp\" data-eds-entry-delay=\"0\" data-eds-entry-duration=\"0.5\" data-eds-entry-timing=\"linear\" data-eds-exit-animation=\"\" data-eds-exit-delay=\"\" data-eds-exit-duration=\"\" data-eds-exit-timing=\"\" data-eds-repeat-count=\"1\" data-eds-keep=\"yes\" data-eds-animate-on=\"scroll\" data-eds-scroll-offset=\"75\">\n\n\n\n<div class=\"wp-block-columns has-2-columns bigger-space elements-no-margin is-layout-flex wp-container-core-columns-is-layout-11 wp-block-columns-is-layout-flex\">\n<div class=\"wp-block-column is-layout-flow wp-block-column-is-layout-flow\">\n<p>Bezpiecze\u0144stwo &amp; Niezawodno\u015b\u0107<\/p>\n\n\n\n<hr class=\"wp-block-separator has-css-opacity seperator-red w-50\"\/>\n\n\n\n<p style=\"font-size:18px\"> Nasze us\u0142ugi wsparcia systemu i sieci s\u0105 zbudowane wok\u00f3\u0142 Ciebie, zapewniaj\u0105c dost\u0119pno\u015b\u0107, niezawodno\u015b\u0107 i bezpiecze\u0144stwo komunikacji biznesowej dzi\u0119ki niestandardowym umowom SLA oraz certyfikowanym in\u017cynierom AllVoice.<\/p>\n<\/div>\n\n\n\n<div class=\"wp-block-column is-layout-flow wp-block-column-is-layout-flow\">\n<p>Dost\u0119pno\u015b\u0107<\/p>\n\n\n\n<hr class=\"wp-block-separator has-css-opacity seperator-red w-50\"\/>\n\n\n\n<p style=\"font-size:18px\">Nasi Klienci maj\u0105 dost\u0119p do wielokana\u0142owej platformy AllVoice Desk w celu bie\u017c\u0105cej obs\u0142ugi zg\u0142osze\u0144. Nasze podej\u015bcie do konserwacji zapobiegawczej zapewnia niezawodno\u015b\u0107 i wydajno\u015b\u0107 system\u00f3w naszych Klient\u00f3w na co dzie\u0144.<\/p>\n<\/div>\n<\/div>\n\n\n<\/div>\n\n\n\n<\/div><\/div><div class=\"pattern-background\" id=\"administration\"><div class=\"my-container\">\n\n\n\n<div class=\"wp-block-columns has-2-columns solution-description-with-image is-layout-flex wp-container-core-columns-is-layout-12 wp-block-columns-is-layout-flex\">\n<div class=\"wp-block-column is-layout-flow wp-block-column-is-layout-flow\">\n<figure class=\"wp-block-image\"><img loading=\"lazy\" decoding=\"async\" width=\"999\" height=\"512\" src=\"https:\/\/allvoice.pl\/wp-content\/uploads\/allvoice-support.png\" alt=\"\" class=\"wp-image-1324\" srcset=\"https:\/\/allvoice.pl\/wp-content\/uploads\/allvoice-support.png 999w, https:\/\/allvoice.pl\/wp-content\/uploads\/allvoice-support-300x154.png 300w, https:\/\/allvoice.pl\/wp-content\/uploads\/allvoice-support-768x394.png 768w\" sizes=\"(max-width: 999px) 100vw, 999px\" \/><\/figure>\n<\/div>\n\n\n\n<div class=\"wp-block-column is-layout-flow wp-block-column-is-layout-flow\">\n<h4 class=\"wp-block-heading\">Administracja<\/h4>\n\n\n\n<hr class=\"wp-block-separator has-css-opacity\"\/>\n\n\n\n<p>AllVoice mo\u017ce r\u00f3wnie\u017c zarz\u0105dza\u0107 bie\u017c\u0105cymi zleceniami serwisowymi dotycz\u0105cymi instalacji, dodawania, zmiany, usuwania, rekonfiguracji i przenoszenia odpowiedniego sprz\u0119tu PBX (\u201eMAC\u201d). Wszystko dost\u0119pne w jednym miejscu na platformie AllVoice Desk<\/p>\n<\/div>\n<\/div>\n\n\n\n<\/div><\/div><div class=\"my-section section-light-gray\"><div class=\"my-container\">\n\n\n<div class=\"eds-animate edsanimate-sis-hidden\" data-eds-entry-animation=\"fadeInUp\" data-eds-entry-delay=\"0\" data-eds-entry-duration=\"0.5\" data-eds-entry-timing=\"linear\" data-eds-exit-animation=\"\" data-eds-exit-delay=\"\" data-eds-exit-duration=\"\" data-eds-exit-timing=\"\" data-eds-repeat-count=\"1\" data-eds-keep=\"yes\" data-eds-animate-on=\"scroll\" data-eds-scroll-offset=\"75\">\n\n\n\n<div class=\"wp-block-columns has-2-columns bigger-space elements-no-margin is-layout-flex wp-container-core-columns-is-layout-13 wp-block-columns-is-layout-flex\">\n<div class=\"wp-block-column is-layout-flow wp-block-column-is-layout-flow\">\n<p>AllVoice MAC<\/p>\n\n\n\n<hr class=\"wp-block-separator has-css-opacity seperator-red w-50\"\/>\n\n\n\n<p style=\"font-size:18px\"> Podczas wdra\u017cania nowych rozwi\u0105za\u0144 telekomunikacyjnych m.in. dodaje si\u0119 nowych u\u017cytkownik\u00f3w, konfiguruje si\u0119 nowe urz\u0105dzenia przez co administracja IT mo\u017ce sta\u0107 si\u0119 coraz bardziej wyczerpuj\u0105cym zadaniem dla ka\u017cdego przedsi\u0119biorstwa.<b> I w tym miejscu oferujemy nasz\u0105 pomoc!<\/b><\/p>\n<\/div>\n\n\n\n<div class=\"wp-block-column is-layout-flow wp-block-column-is-layout-flow\">\n<p> Niedroga administracja systemami<\/p>\n\n\n\n<hr class=\"wp-block-separator has-css-opacity seperator-red w-50\"\/>\n\n\n\n<p style=\"font-size:18px\">AllVoice we\u017amie odpowiedzialno\u015b\u0107 za zdaln\u0105 organizacj\u0119 systemu bezpiecze\u0144stwa i konfiguracj\u0119 Twojego systemu oraz zajmie si\u0119 bie\u017c\u0105cymi utrudnieniami - daj\u0105c Ci spok\u00f3j i pewno\u015b\u0107, \u017ce system jest prawid\u0142owo skonfigurowany i dzia\u0142a tak jak powinien!<\/p>\n<\/div>\n<\/div>\n\n\n<\/div>\n\n\n\n<\/div><\/div><div class=\"my-section section-light-gray\" id=\"get-in-touch-with-us\"><div class=\"my-container\">\n\n\n\n<div class=\"eds-animate edsanimate-sis-hidden\" data-eds-entry-animation=\"bounceIn\" data-eds-entry-delay=\"0\" data-eds-entry-duration=\"1\" data-eds-entry-timing=\"linear\" data-eds-exit-animation=\"\" data-eds-exit-delay=\"\" data-eds-exit-duration=\"\" data-eds-exit-timing=\"\" data-eds-repeat-count=\"1\" data-eds-keep=\"yes\" data-eds-animate-on=\"scroll\" data-eds-scroll-offset=\"75\">\n\n\n\n<p style=\"font-size:28px\"><strong>Zapraszamy do kontaktu z nami<\/strong><\/p>\n\n\n\n<p><a href=\"https:\/\/allvoice.pl\/pl\/get-in-touch\/\">Kontakt z doradc\u0105<\/a><\/p>\n\n\n\n<\/div><\/div>","protected":false},"excerpt":{"rendered":"<p>From initial planning and design to trouble-free implementation, integration and continuous optimization &#8211; AllVoice helps ensure maximum use of your investment in communication. Design Our structured approach to solution delivery ensures that the technical solution meets your current and evolving business needs and is delivered to time and budget. See more Implement By consolidating professional [&hellip;]<\/p>\n","protected":false},"author":1,"featured_media":0,"parent":0,"menu_order":0,"comment_status":"closed","ping_status":"closed","template":"","meta":{"_acf_changed":false,"footnotes":""},"acf":[],"_links":{"self":[{"href":"https:\/\/allvoice.pl\/pl\/wp-json\/wp\/v2\/pages\/16"}],"collection":[{"href":"https:\/\/allvoice.pl\/pl\/wp-json\/wp\/v2\/pages"}],"about":[{"href":"https:\/\/allvoice.pl\/pl\/wp-json\/wp\/v2\/types\/page"}],"author":[{"embeddable":true,"href":"https:\/\/allvoice.pl\/pl\/wp-json\/wp\/v2\/users\/1"}],"replies":[{"embeddable":true,"href":"https:\/\/allvoice.pl\/pl\/wp-json\/wp\/v2\/comments?post=16"}],"version-history":[{"count":80,"href":"https:\/\/allvoice.pl\/pl\/wp-json\/wp\/v2\/pages\/16\/revisions"}],"predecessor-version":[{"id":4417,"href":"https:\/\/allvoice.pl\/pl\/wp-json\/wp\/v2\/pages\/16\/revisions\/4417"}],"wp:attachment":[{"href":"https:\/\/allvoice.pl\/pl\/wp-json\/wp\/v2\/media?parent=16"}],"curies":[{"name":"wp","href":"https:\/\/api.w.org\/{rel}","templated":true}]}}