{"id":5338,"date":"2025-08-21T22:53:15","date_gmt":"2025-08-21T20:53:15","guid":{"rendered":"https:\/\/allvoice.pl\/?page_id=5338"},"modified":"2025-08-22T11:07:14","modified_gmt":"2025-08-22T09:07:14","slug":"kalkulator","status":"publish","type":"page","link":"https:\/\/allvoice.pl\/en\/kalkulator\/","title":{"rendered":"Kalkulator"},"content":{"rendered":"\n<div class=\"wp-block-cover is-light has-white-color has-text-color has-link-color has-huge-font-size wp-elements-7a926d3169fda49acf649faf3e64f397\"><span aria-hidden=\"true\" class=\"wp-block-cover__background has-background-dim\" style=\"background-color:#bbb6b6\"><\/span><img loading=\"lazy\" decoding=\"async\" width=\"2560\" height=\"1707\" class=\"wp-block-cover__image-background wp-image-5351\" alt=\"\" src=\"https:\/\/allvoice.pl\/wp-content\/uploads\/AdobeStock_424453130-scaled.jpeg\" style=\"object-position:25% 36%\" data-object-fit=\"cover\" data-object-position=\"25% 36%\" srcset=\"https:\/\/allvoice.pl\/wp-content\/uploads\/AdobeStock_424453130-scaled.jpeg 2560w, https:\/\/allvoice.pl\/wp-content\/uploads\/AdobeStock_424453130-300x200.jpeg 300w, https:\/\/allvoice.pl\/wp-content\/uploads\/AdobeStock_424453130-1024x683.jpeg 1024w, https:\/\/allvoice.pl\/wp-content\/uploads\/AdobeStock_424453130-768x512.jpeg 768w, https:\/\/allvoice.pl\/wp-content\/uploads\/AdobeStock_424453130-1536x1024.jpeg 1536w, https:\/\/allvoice.pl\/wp-content\/uploads\/AdobeStock_424453130-2048x1365.jpeg 2048w, https:\/\/allvoice.pl\/wp-content\/uploads\/AdobeStock_424453130-18x12.jpeg 18w, https:\/\/allvoice.pl\/wp-content\/uploads\/AdobeStock_424453130-1568x1045.jpeg 1568w\" sizes=\"(max-width: 2560px) 100vw, 2560px\" \/><div class=\"wp-block-cover__inner-container is-layout-constrained wp-block-cover-is-layout-constrained\">\n<p class=\"has-text-align-left has-white-color has-text-color has-link-color has-huge-font-size wp-elements-20c4c7c392ccaf784ce6b159fa726c0e\"><strong>Kalkulator<\/strong><\/p>\n<\/div><\/div>\n\n\n\n<div class=\"my-container\"><br>\n\n\n\n<h2 class=\"wp-block-heading has-text-align-center\"><strong>Nie wiesz, jaka centrala telefoniczna b\u0119dzie najlepsza dla Twojej firmy?<\/strong><\/h2>\n\n\n\n<p class=\"has-text-align-center has-normal-font-size\"><br>Wype\u0142nij prosty kalkulator \u2013 podaj kilka informacji o swojej organizacji i funkcjach, na kt\u00f3rych Ci zale\u017cy.<\/p>\n\n\n\n<p class=\"has-text-align-center has-normal-font-size\">Na tej podstawie dobierzemy odpowiednie rozwi\u0105zanie i skontaktujemy si\u0119 z konkretn\u0105 propozycj\u0105.<\/p>\n\n\n\n<div class=\"wp-block-columns is-layout-flex wp-container-core-columns-is-layout-1 wp-block-columns-is-layout-flex\">\n<div class=\"wp-block-column is-layout-flow wp-block-column-is-layout-flow\" style=\"flex-basis:25%\"><\/div>\n\n\n\n<div class=\"wp-block-column is-layout-flow wp-block-column-is-layout-flow\" style=\"flex-basis:50%\">\n<div class=\"pattern-background\" id=\"implement\"><div class=\"my-container\">\n<p> Rozpocznij kalkulacj\u0119:<\/p>\n\n\n\n<p><\/p>\n\n\n<div class=\"wpforms-container wpforms-container-full\" id=\"wpforms-5335\"><form id=\"wpforms-form-5335\" class=\"wpforms-validate wpforms-form wpforms-ajax-form\" data-formid=\"5335\" method=\"post\" enctype=\"multipart\/form-data\" action=\"\/en\/wp-json\/wp\/v2\/pages\/5338\" data-token=\"65c283fd08c46a49781b05daac95d814\" data-token-time=\"1776760691\"><noscript class=\"wpforms-error-noscript\">Please enable JavaScript in your browser to complete this form.<\/noscript><div class=\"wpforms-field-container\">\t\t<div id=\"wpforms-5335-field_2-container\"\n\t\t\tclass=\"wpforms-field wpforms-field-text\"\n\t\t\tdata-field-type=\"text\"\n\t\t\tdata-field-id=\"2\"\n\t\t\t>\n\t\t\t<label class=\"wpforms-field-label\" for=\"wpforms-5335-field_2\" >s\u0105 typ centrali<\/label>\n\t\t\t<input type=\"text\" id=\"wpforms-5335-field_2\" class=\"wpforms-field-medium\" name=\"wpforms[fields][2]\" >\n\t\t<\/div>\n\t\t<div id=\"wpforms-5335-field_1-container\" class=\"wpforms-field wpforms-field-radio wpforms-list-2-columns\" data-field-id=\"1\"><label class=\"wpforms-field-label\">Jaki typ centrali telefonicznej potrzebujesz?<\/label><ul id=\"wpforms-5335-field_1\"><li class=\"choice-1 depth-1\"><input type=\"radio\" id=\"wpforms-5335-field_1_1\" name=\"wpforms[fields][1]\" value=\"Wirtualna\"  ><label class=\"wpforms-field-label-inline\" for=\"wpforms-5335-field_1_1\">Wirtualna<\/label><\/li><li class=\"choice-2 depth-1\"><input type=\"radio\" id=\"wpforms-5335-field_1_2\" name=\"wpforms[fields][1]\" value=\"On-Premise\"  ><label class=\"wpforms-field-label-inline\" for=\"wpforms-5335-field_1_2\">On-Premise<\/label><\/li><\/ul><\/div><div id=\"wpforms-5335-field_3-container\" class=\"wpforms-field wpforms-field-number\" data-field-id=\"3\"><label class=\"wpforms-field-label\" for=\"wpforms-5335-field_3\">Dla ilu u\u017cytkownik\u00f3w potrzebujesz systemu?<\/label><input type=\"number\" id=\"wpforms-5335-field_3\" class=\"wpforms-field-medium\" name=\"wpforms[fields][3]\" step=\"any\" ><\/div><div id=\"wpforms-5335-field_4-container\" class=\"wpforms-field wpforms-field-radio wpforms-list-2-columns\" data-field-id=\"4\"><label class=\"wpforms-field-label\">Czy potrzebujesz nowej numeracji?<\/label><ul id=\"wpforms-5335-field_4\"><li class=\"choice-1 depth-1\"><input type=\"radio\" id=\"wpforms-5335-field_4_1\" name=\"wpforms[fields][4]\" value=\"Tak\"  ><label class=\"wpforms-field-label-inline\" for=\"wpforms-5335-field_4_1\">Tak<\/label><\/li><li class=\"choice-2 depth-1\"><input type=\"radio\" id=\"wpforms-5335-field_4_2\" name=\"wpforms[fields][4]\" value=\"Nie\"  ><label class=\"wpforms-field-label-inline\" for=\"wpforms-5335-field_4_2\">Nie<\/label><\/li><\/ul><\/div><div id=\"wpforms-5335-field_5-container\" class=\"wpforms-field wpforms-field-checkbox\" data-field-id=\"5\"><label class=\"wpforms-field-label\">Jakie funkcjonalno\u015bci s\u0105 dla Ciebie istotne?<\/label><ul id=\"wpforms-5335-field_5\"><li class=\"choice-1 depth-1\"><input type=\"checkbox\" id=\"wpforms-5335-field_5_1\" name=\"wpforms[fields][5][]\" value=\"SMS\"  ><label class=\"wpforms-field-label-inline\" for=\"wpforms-5335-field_5_1\">SMS<\/label><\/li><li class=\"choice-2 depth-1\"><input type=\"checkbox\" id=\"wpforms-5335-field_5_2\" name=\"wpforms[fields][5][]\" value=\"e-mail\"  ><label class=\"wpforms-field-label-inline\" for=\"wpforms-5335-field_5_2\">e-mail<\/label><\/li><li class=\"choice-6 depth-1\"><input type=\"checkbox\" id=\"wpforms-5335-field_5_6\" name=\"wpforms[fields][5][]\" value=\"Social media (WhatsApp, Messenger, Instagram)\"  ><label class=\"wpforms-field-label-inline\" for=\"wpforms-5335-field_5_6\">Social media (WhatsApp, Messenger, Instagram)<\/label><\/li><li class=\"choice-5 depth-1\"><input type=\"checkbox\" id=\"wpforms-5335-field_5_5\" name=\"wpforms[fields][5][]\" value=\"Raportowanie\"  ><label class=\"wpforms-field-label-inline\" for=\"wpforms-5335-field_5_5\">Raportowanie<\/label><\/li><li class=\"choice-4 depth-1\"><input type=\"checkbox\" id=\"wpforms-5335-field_5_4\" name=\"wpforms[fields][5][]\" value=\"Nagrywanie rozm\u00f3w\"  ><label class=\"wpforms-field-label-inline\" for=\"wpforms-5335-field_5_4\">Nagrywanie rozm\u00f3w<\/label><\/li><li class=\"choice-7 depth-1\"><input type=\"checkbox\" id=\"wpforms-5335-field_5_7\" name=\"wpforms[fields][5][]\" value=\"Kana\u0142 video\"  ><label class=\"wpforms-field-label-inline\" for=\"wpforms-5335-field_5_7\">Kana\u0142 video<\/label><\/li><li class=\"choice-8 depth-1\"><input type=\"checkbox\" id=\"wpforms-5335-field_5_8\" name=\"wpforms[fields][5][]\" value=\"Aplikacja mobilna\"  ><label class=\"wpforms-field-label-inline\" for=\"wpforms-5335-field_5_8\">Aplikacja mobilna<\/label><\/li><\/ul><\/div><div id=\"wpforms-5335-field_6-container\" class=\"wpforms-field wpforms-field-textarea\" data-field-id=\"6\"><label class=\"wpforms-field-label\" for=\"wpforms-5335-field_6\">Dodatkowe wymagania lub komentarz<\/label><textarea id=\"wpforms-5335-field_6\" class=\"wpforms-field-medium\" name=\"wpforms[fields][6]\" ><\/textarea><\/div><script>\n\t\t\t\t( function() {\n\t\t\t\t\tconst style = document.createElement( 'style' );\n\t\t\t\t\tstyle.appendChild( document.createTextNode( '#wpforms-5335-field_2-container { position: absolute !important; overflow: hidden !important; display: inline !important; height: 1px !important; width: 1px !important; z-index: -1000 !important; padding: 0 !important; } #wpforms-5335-field_2-container input { visibility: hidden; } #wpforms-conversational-form-page #wpforms-5335-field_2-container label { counter-increment: none; }' ) );\n\t\t\t\t\tdocument.head.appendChild( style );\n\t\t\t\t\tdocument.currentScript?.remove();\n\t\t\t\t} )();\n\t\t\t<\/script><\/div><!-- .wpforms-field-container --><div class=\"wpforms-submit-container\" ><input type=\"hidden\" name=\"wpforms[id]\" value=\"5335\"><input type=\"hidden\" name=\"page_title\" value=\"\"><input type=\"hidden\" name=\"page_url\" value=\"https:\/\/allvoice.pl\/en\/wp-json\/wp\/v2\/pages\/5338\"><input type=\"hidden\" name=\"url_referer\" value=\"\"><button type=\"submit\" name=\"wpforms[submit]\" id=\"wpforms-submit-5335\" class=\"wpforms-submit\" data-alt-text=\"Wysy\u0142anie\u2026\" data-submit-text=\"Wy\u015blij i odbierz ofert\u0119\" aria-live=\"assertive\" value=\"wpforms-submit\">Wy\u015blij i odbierz ofert\u0119<\/button><img loading=\"lazy\" decoding=\"async\" src=\"https:\/\/allvoice.pl\/wp-content\/plugins\/wpforms-lite\/assets\/images\/submit-spin.svg\" class=\"wpforms-submit-spinner\" style=\"display: none;\" width=\"26\" height=\"26\" alt=\"Loading\"><\/div><\/form><\/div>  <!-- .wpforms-container -->\n\n\n\n<br>\n<\/div>\n\n\n\n<div class=\"wp-block-column is-layout-flow wp-block-column-is-layout-flow\" style=\"flex-basis:25%\"><\/div>\n<\/div>\n\n\n\n<p class=\"has-text-align-center has-small-font-size\">Kalkulator uwzgl\u0119dnia rozwi\u0105zania takie jak Zoom Phone, Microsoft Teams Phone, Mitel, Avaya czy Conpeek <br>Dopasowane do Twojej bran\u017cy, skali firmy i potrzeb technicznych.<\/p>\n\n\n\n<\/div>\n","protected":false},"excerpt":{"rendered":"<p>Nie wiesz, jaka centrala telefoniczna b\u0119dzie najlepsza dla Twojej firmy? Wype\u0142nij prosty kalkulator \u2013 podaj kilka informacji o swojej organizacji i funkcjach, na kt\u00f3rych Ci zale\u017cy. Na tej podstawie dobierzemy odpowiednie rozwi\u0105zanie i skontaktujemy si\u0119 z konkretn\u0105 propozycj\u0105. Rozpocznij kalkulacj\u0119: Kalkulator uwzgl\u0119dnia rozwi\u0105zania takie jak Zoom Phone, Microsoft Teams Phone, Mitel, Avaya czy Conpeek Dopasowane [&hellip;]<\/p>\n","protected":false},"author":12,"featured_media":0,"parent":0,"menu_order":0,"comment_status":"closed","ping_status":"closed","template":"","meta":{"_acf_changed":false,"footnotes":""},"acf":[],"_links":{"self":[{"href":"https:\/\/allvoice.pl\/en\/wp-json\/wp\/v2\/pages\/5338"}],"collection":[{"href":"https:\/\/allvoice.pl\/en\/wp-json\/wp\/v2\/pages"}],"about":[{"href":"https:\/\/allvoice.pl\/en\/wp-json\/wp\/v2\/types\/page"}],"author":[{"embeddable":true,"href":"https:\/\/allvoice.pl\/en\/wp-json\/wp\/v2\/users\/12"}],"replies":[{"embeddable":true,"href":"https:\/\/allvoice.pl\/en\/wp-json\/wp\/v2\/comments?post=5338"}],"version-history":[{"count":22,"href":"https:\/\/allvoice.pl\/en\/wp-json\/wp\/v2\/pages\/5338\/revisions"}],"predecessor-version":[{"id":5377,"href":"https:\/\/allvoice.pl\/en\/wp-json\/wp\/v2\/pages\/5338\/revisions\/5377"}],"wp:attachment":[{"href":"https:\/\/allvoice.pl\/en\/wp-json\/wp\/v2\/media?parent=5338"}],"curies":[{"name":"wp","href":"https:\/\/api.w.org\/{rel}","templated":true}]}}