{"id":3242,"date":"2023-09-18T13:33:47","date_gmt":"2023-09-18T11:33:47","guid":{"rendered":"https:\/\/allvoice.pl\/?page_id=3242"},"modified":"2023-09-25T12:11:45","modified_gmt":"2023-09-25T10:11:45","slug":"sluzba-zdrowia","status":"publish","type":"page","link":"https:\/\/allvoice.pl\/en\/sluzba-zdrowia\/","title":{"rendered":"S\u0142u\u017cba zdrowia"},"content":{"rendered":"\n<div class=\"wp-block-cover is-light\"><span aria-hidden=\"true\" class=\"wp-block-cover__background has-background-dim-40 has-background-dim\" style=\"background-color:#008dc3\"><\/span><img loading=\"lazy\" decoding=\"async\" width=\"893\" height=\"351\" class=\"wp-block-cover__image-background wp-image-3243\" alt=\"\" src=\"https:\/\/allvoice.pl\/wp-content\/uploads\/healthcare1.jpeg\" data-object-fit=\"cover\" srcset=\"https:\/\/allvoice.pl\/wp-content\/uploads\/healthcare1.jpeg 893w, https:\/\/allvoice.pl\/wp-content\/uploads\/healthcare1-300x118.jpeg 300w, https:\/\/allvoice.pl\/wp-content\/uploads\/healthcare1-768x302.jpeg 768w, https:\/\/allvoice.pl\/wp-content\/uploads\/healthcare1-18x7.jpeg 18w\" sizes=\"(max-width: 893px) 100vw, 893px\" \/><div class=\"wp-block-cover__inner-container is-layout-flow wp-block-cover-is-layout-flow\">\n<h1 class=\"has-text-align-left wp-block-heading\">Sprawna komunikacja w plac\u00f3wce medycznej<\/h1>\n\n\n\n<p><\/p>\n<\/div><\/div>\n\n\n\n<div class=\"my-container my-section\">\n\n\n\n<div class=\"wp-block-columns alignwide has-2-columns bigger-space is-layout-flex wp-container-core-columns-is-layout-1 wp-block-columns-is-layout-flex\">\n<div class=\"wp-block-column is-layout-flow wp-block-column-is-layout-flow\">\n<p class=\"has-text-color\" style=\"color: #ff0101; font-size: 25px;\"><strong>Wsp\u00f3lnie zadbajmy o popraw\u0119 jako\u015bci i produktywno\u015bci opieki zdrowotnej oraz zwi\u0119kszenie satysfakcji pacjent\u00f3w.<\/strong><\/p>\n\n\n\n<hr class=\"wp-block-separator has-css-opacity\"\/>\n\n\n\n<p>Za po\u015brednictwem <strong>aplikacji<\/strong>, <strong>aparat\u00f3w IP, telefon\u00f3w typu DECT oraz bot\u00f3w<\/strong> zapewniamy pracownikom szpitala czy przychodni, bezpieczn\u0105, a jednocze\u015bnie prost\u0105 w u\u017cytkowaniu komunikacj\u0119, niezale\u017cnie od oddzia\u0142u w jakim pracuj\u0105.<\/p>\n\n\n\n<p>Aplikacje do kontakt\u00f3w z pacjentami, wiadomo\u015bci, wideo i po\u0142\u0105czenia g\u0142osowe mog\u0105 zbiega\u0107 si\u0119 w jednej sieci, kt\u00f3ra zapewni elastyczn\u0105 i bezpieczn\u0105 komunikacj\u0119 w ca\u0142ej organizacji.<\/p>\n\n\n\n<p><strong>Skorzystaj z oddzielnej infolinii, kt\u00f3ra odci\u0105\u017cy prac\u0119 Twojej rejestracji!\u00a0<\/strong><\/p>\n\n\n\n<p>Daj swoim pacjentom mo\u017cliwo\u015b\u0107 szybkiego um\u00f3wienia si\u0119 na wizyt\u0119 za po\u015brednictwem wielu kana\u0142\u00f3w komunikacji.&nbsp;<\/p>\n\n\n\n<p>Skr\u00f3\u0107 czas oczekiwania na po\u0142\u0105czenie dzi\u0119ki skutecznemu kolejkowaniu po\u0142\u0105cze\u0144 i kierowaniu po\u0142\u0105czenia do w\u0142a\u015bciwych os\u00f3b w plac\u00f3wce.&nbsp;<\/p>\n\n\n\n<p>.<\/p>\n<\/div>\n\n\n\n<div class=\"wp-block-column is-layout-flow wp-block-column-is-layout-flow\">\n<figure class=\"wp-block-gallery has-nested-images columns-default is-cropped wp-block-gallery-1 is-layout-flex wp-block-gallery-is-layout-flex\">\n<figure class=\"wp-block-image size-large\"><img loading=\"lazy\" decoding=\"async\" width=\"826\" height=\"1024\" src=\"https:\/\/allvoice.pl\/wp-content\/uploads\/spectralink_allvoice-826x1024.jpg\" alt=\"\" class=\"wp-image-3238\" srcset=\"https:\/\/allvoice.pl\/wp-content\/uploads\/spectralink_allvoice-826x1024.jpg 826w, https:\/\/allvoice.pl\/wp-content\/uploads\/spectralink_allvoice-242x300.jpg 242w, https:\/\/allvoice.pl\/wp-content\/uploads\/spectralink_allvoice-768x952.jpg 768w, https:\/\/allvoice.pl\/wp-content\/uploads\/spectralink_allvoice-10x12.jpg 10w, https:\/\/allvoice.pl\/wp-content\/uploads\/spectralink_allvoice.jpg 1200w\" sizes=\"(max-width: 826px) 100vw, 826px\" \/><\/figure>\n<\/figure>\n\n\n\n<figure class=\"wp-block-image size-full\"><img loading=\"lazy\" decoding=\"async\" width=\"581\" height=\"409\" src=\"https:\/\/allvoice.pl\/wp-content\/uploads\/Healthcare2.png\" alt=\"\" class=\"wp-image-3245\" srcset=\"https:\/\/allvoice.pl\/wp-content\/uploads\/Healthcare2.png 581w, https:\/\/allvoice.pl\/wp-content\/uploads\/Healthcare2-300x211.png 300w, https:\/\/allvoice.pl\/wp-content\/uploads\/Healthcare2-18x12.png 18w\" sizes=\"(max-width: 581px) 100vw, 581px\" \/><\/figure>\n<\/div>\n<\/div>\n\n\n\n<\/div><div class=\"my-section section-light-gray\"><div class=\"my-container\">\n\n\n<div class=\"eds-animate edsanimate-sis-hidden \" data-eds-entry-animation=\"fadeInUp\" data-eds-entry-delay=\"0\" data-eds-entry-duration=\"0.5\" data-eds-entry-timing=\"linear\" data-eds-exit-animation=\"\" data-eds-exit-delay=\"\" data-eds-exit-duration=\"\" data-eds-exit-timing=\"\" data-eds-repeat-count=\"1\" data-eds-keep=\"yes\" data-eds-animate-on=\"scroll\" data-eds-scroll-offset=\"75\">\n\n\n<div class=\"wp-block-columns has-2-columns ipoc-four-columns is-layout-flex wp-container-core-columns-is-layout-2 wp-block-columns-is-layout-flex\">\n<div class=\"wp-block-column is-layout-flow wp-block-column-is-layout-flow\">\n<p><strong>Efektywna i p\u0142ynna rejestracja<\/strong><\/p>\n\n\n\n<hr class=\"wp-block-separator has-css-opacity seperator-red\"\/>\n\n\n\n<p>W \u0142atwy spos\u00f3b analizuj ile i kt\u00f3re zg\u0142oszenia wymagaj\u0105 obs\u0142ugi. Szczeg\u00f3\u0142owe \u015bledzenie po\u0142\u0105cze\u0144 mo\u017ce by\u0107 prezentowane na kilkudziesi\u0119ciu przejrzystych raportach. Usprawnij swoj\u0105 rejestracj\u0119 r\u00f3wnie\u017c o us\u0142ug\u0119 <strong>Voicebot<\/strong>: <\/p>\n\n\n\n<ul>\n<li>jednolita i wysokiej jako\u015bci obs\u0142uga pacjenta.<\/li>\n\n\n\n<li>asystent g\u0142osowy, kt\u00f3ry obs\u0142uguje ka\u017cdego dzwoni\u0105cego pacjenta z takim samym zaanga\u017cowaniem.<\/li>\n\n\n\n<li>przekazywanie przez bota rzetelnych informacji 24\/h<\/li>\n\n\n\n<li>odci\u0105\u017cenie pracownik\u00f3w rejestracji od powtarzalnych, schematycznych zada\u0144.<\/li>\n\n\n\n<li>optymalizacja koszt\u00f3w.<\/li>\n\n\n\n<li>zmniejszenie ilo\u015bci nieodwo\u0142anych wizyt, na kt\u00f3re pacjenci si\u0119 nie stawili.<\/li>\n\n\n\n<li>przeprowadzanie ankiet satysfakcji przez voicebot&#8217;a.<\/li>\n<\/ul>\n\n\n\n<figure class=\"wp-block-image size-large\"><img loading=\"lazy\" decoding=\"async\" width=\"1024\" height=\"904\" src=\"https:\/\/allvoice.pl\/wp-content\/uploads\/bot-cc-2-1024x904.png\" alt=\"\" class=\"wp-image-3248\" srcset=\"https:\/\/allvoice.pl\/wp-content\/uploads\/bot-cc-2-1024x904.png 1024w, https:\/\/allvoice.pl\/wp-content\/uploads\/bot-cc-2-300x265.png 300w, https:\/\/allvoice.pl\/wp-content\/uploads\/bot-cc-2-768x678.png 768w, https:\/\/allvoice.pl\/wp-content\/uploads\/bot-cc-2-14x12.png 14w, https:\/\/allvoice.pl\/wp-content\/uploads\/bot-cc-2.png 1280w\" sizes=\"(max-width: 1024px) 100vw, 1024px\" \/><\/figure>\n<\/div>\n\n\n\n<div class=\"wp-block-column is-layout-flow wp-block-column-is-layout-flow\">\n<p><strong>Telefony dla plac\u00f3wki medycznej<\/strong><\/p>\n\n\n\n<hr class=\"wp-block-separator has-css-opacity seperator-red\"\/>\n\n\n\n<p>P\u0142ynny przep\u0142yw informacji pomi\u0119dzy urz\u0105dzeniami monitoruj\u0105cymi, urz\u0105dzeniami pod\u0142\u0105czonymi do pacjent\u00f3w a personelem medycznym.<\/p>\n\n\n\n<p>Piel\u0119gniarki na bie\u017c\u0105co otrzymuj\u0105 wezwania od swoich pacjent\u00f3w. W przypadku zaj\u0119to\u015bci, wezwanie jest automatycznie przekierowane do kolejnej piel\u0119gniarki.<\/p>\n\n\n\n<p>Wezwania trafiaj\u0105 dyskretnie na telefon piel\u0119gniarki, do kt\u00f3rej przypisany jest dany pacjent, zast\u0119puj\u0105c dotychczasowy g\u0142o\u015bny dzwonek s\u0142yszalny na ca\u0142ym oddziale.<\/p>\n\n\n\n<p><strong>Zalety naszych telefon\u00f3w<\/strong><\/p>\n\n\n\n<ul>\n<li>Dezynfekcja \u015brodkami chemicznymi<\/li>\n\n\n\n<li>Dedykowane do pracy w plac\u00f3wkach medycznych<\/li>\n\n\n\n<li>Doskona\u0142a jako\u015b\u0107 d\u017awi\u0119ku<\/li>\n\n\n\n<li>Po\u0142\u0105czenia grupowe<\/li>\n\n\n\n<li>Odporny na upadki i zalania<\/li>\n\n\n\n<li>Przyciski alarmowe<\/li>\n\n\n\n<li>Skaner kod\u00f3w kreskowych<\/li>\n\n\n\n<li>D\u0142ugi czas rozm\u00f3w, bez konieczno\u015bci \u0142adowania<\/li>\n\n\n\n<li>Wiadomo\u015bci interaktywne<\/li>\n\n\n\n<li>I wiele wi\u0119cej&#8230;.<\/li>\n<\/ul>\n\n\n\n<p><\/p>\n<\/div>\n<\/div>\n\n\n\n<\/div><\/div><div class=\"pattern-background\" id=\"implement\"><div class=\"my-container\">\n\n\n\n<\/div><\/div><\/div><div class=\"my-section section-light-gray\" id=\"get-in-touch-with-us\"><div class=\"my-container\">\n\n\n\n<div class=\"eds-animate edsanimate-sis-hidden \" data-eds-entry-animation=\"bounceIn\" data-eds-entry-delay=\"0\" data-eds-entry-duration=\"1\" data-eds-entry-timing=\"linear\" data-eds-exit-animation=\"\" data-eds-exit-delay=\"\" data-eds-exit-duration=\"\" data-eds-exit-timing=\"\" data-eds-repeat-count=\"1\" data-eds-keep=\"yes\" data-eds-animate-on=\"scroll\" data-eds-scroll-offset=\"75\">\n\n\n\n<p style=\"font-size:28px\"><strong>You are more than welcome to contact us<\/strong><\/p>\n\n\n\n<p><a href=\"https:\/\/allvoice.pl\/pl\/get-in-touch\/\">Get in Touch<\/a><\/p>\n\n\n\n<\/div><\/div>\n","protected":false},"excerpt":{"rendered":"<p>Wsp\u00f3lnie zadbajmy o popraw\u0119 jako\u015bci i produktywno\u015bci opieki zdrowotnej oraz zwi\u0119kszenie satysfakcji pacjent\u00f3w. Za po\u015brednictwem aplikacji, aparat\u00f3w IP, telefon\u00f3w typu DECT oraz bot\u00f3w zapewniamy pracownikom szpitala czy przychodni, bezpieczn\u0105, a jednocze\u015bnie prost\u0105 w u\u017cytkowaniu komunikacj\u0119, niezale\u017cnie od oddzia\u0142u w jakim pracuj\u0105. Aplikacje do kontakt\u00f3w z pacjentami, wiadomo\u015bci, wideo i po\u0142\u0105czenia g\u0142osowe mog\u0105 zbiega\u0107 si\u0119 w [&hellip;]<\/p>\n","protected":false},"author":2,"featured_media":0,"parent":0,"menu_order":0,"comment_status":"closed","ping_status":"closed","template":"","meta":{"_acf_changed":false,"footnotes":""},"acf":[],"_links":{"self":[{"href":"https:\/\/allvoice.pl\/en\/wp-json\/wp\/v2\/pages\/3242"}],"collection":[{"href":"https:\/\/allvoice.pl\/en\/wp-json\/wp\/v2\/pages"}],"about":[{"href":"https:\/\/allvoice.pl\/en\/wp-json\/wp\/v2\/types\/page"}],"author":[{"embeddable":true,"href":"https:\/\/allvoice.pl\/en\/wp-json\/wp\/v2\/users\/2"}],"replies":[{"embeddable":true,"href":"https:\/\/allvoice.pl\/en\/wp-json\/wp\/v2\/comments?post=3242"}],"version-history":[{"count":13,"href":"https:\/\/allvoice.pl\/en\/wp-json\/wp\/v2\/pages\/3242\/revisions"}],"predecessor-version":[{"id":3283,"href":"https:\/\/allvoice.pl\/en\/wp-json\/wp\/v2\/pages\/3242\/revisions\/3283"}],"wp:attachment":[{"href":"https:\/\/allvoice.pl\/en\/wp-json\/wp\/v2\/media?parent=3242"}],"curies":[{"name":"wp","href":"https:\/\/api.w.org\/{rel}","templated":true}]}}