{"id":2203,"date":"2021-03-12T16:23:13","date_gmt":"2021-03-12T15:23:13","guid":{"rendered":"https:\/\/allvoice.pl\/?page_id=2203"},"modified":"2025-01-27T12:58:04","modified_gmt":"2025-01-27T11:58:04","slug":"career","status":"publish","type":"page","link":"https:\/\/allvoice.pl\/en\/career\/","title":{"rendered":"Career"},"content":{"rendered":"\n<div class=\"wp-block-cover is-light\"><span aria-hidden=\"true\" class=\"wp-block-cover__background has-background-dim-40 has-background-dim\" style=\"background-color:#008dc3\"><\/span><img loading=\"lazy\" decoding=\"async\" width=\"1920\" height=\"1280\" class=\"wp-block-cover__image-background wp-image-2204\" src=\"https:\/\/allvoice.pl\/wp-content\/uploads\/Career.jpg\" data-object-fit=\"cover\" srcset=\"https:\/\/allvoice.pl\/wp-content\/uploads\/Career.jpg 1920w, https:\/\/allvoice.pl\/wp-content\/uploads\/Career-300x200.jpg 300w, https:\/\/allvoice.pl\/wp-content\/uploads\/Career-768x512.jpg 768w, https:\/\/allvoice.pl\/wp-content\/uploads\/Career-1024x683.jpg 1024w, https:\/\/allvoice.pl\/wp-content\/uploads\/Career-1568x1045.jpg 1568w\" sizes=\"(max-width: 1920px) 100vw, 1920px\" \/><div class=\"wp-block-cover__inner-container is-layout-flow wp-block-cover-is-layout-flow\">\n<h1 class=\"wp-block-heading has-text-align-left\">Career<\/h1>\n<\/div><\/div>\n\n\n\n<div class=\"my-container my-section\">\n\n\n\n<p style=\"color:#ff0101;font-size:22px\" class=\"has-text-color\"><strong>Kariera w AllVoice<\/strong><\/p>\n\n\n\n<p style=\"color:black;font-size:17px\" class=\"has-text-color\"> AllVoice wyznajemy zasad\u0119, \u017ce pracownicy s\u0105 najwi\u0119ksz\u0105 warto\u015bci\u0105 i najwa\u017cniejszym kapita\u0142em organizacji. To dzi\u0119ki kompetencjom, zaanga\u017cowaniu i samodzielno\u015bci pracownik\u00f3w rozwijamy si\u0119 dynamicznie i osi\u0105gamy kolejne sukcesy na rynku. Stawiamy na przyjazn\u0105 i otwart\u0105 atmosfer\u0119 pracy, w gronie specjalist\u00f3w, kt\u00f3rzy do swoich obowi\u0105zk\u00f3w podchodz\u0105 z pasj\u0105 i zaanga\u017cowaniem.\n\n\n\n<p style=\"color:black;font-size:17px\" class=\"has-text-color\"><strong>Aplikacje wraz z podaniem nazwy stanowiska w temacie prosimy kierowa\u0107 na adres: <a> praca@allvoice.pl<\/a><\/strong><\/p>\n\n\n\n<p style=\"color:black;font-size:17px\" class=\"has-text-color\">W zwi\u0105zku z dynamicznym rozwojem naszej firmy obecnie poszukujemy nowych pracownik\u00f3w na poni\u017csze stanowiska:<\/p>\n\n\n\n<p><a href=\"https:\/\/allvoice.pl\/pl\/?page_id=2271\">Business Development Manager<\/a><\/p>\n\n\n\n<p><a href=\"https:\/\/allvoice.pl\/pl\/?page_id=2275\">In\u017cynier projekt\u00f3w telekomunikacyjnych (Warszawa)<\/a><\/p>\n\n\n\n<p><a href=\"https:\/\/allvoice.pl\/pl\/?page_id=2279\">M\u0142odszy in\u017cynier projekt\u00f3w telekomunikacyjnych (Warszawa)<\/a><\/p>\n\n\n\n<hr class=\"wp-block-separator seperator-red\">\n\n\n\n<p style=\"color:black;font-size:17px\" class=\"has-text-color\"><strong>Wszystkich kandydat\u00f3w prosimy o zamieszczenie w CV klauzuli o tre\u015bci:<\/strong><\/p>\n\n\n\n<p style=\"color:black;font-size:17px\" class=\"has-text-color\">\u201eWyra\u017cam zgod\u0119 na przetwarzanie przez AllVoice sp. z o.o., danych osobowych zawartych w moich dokumentach aplikacyjnych na potrzeby procesu rekrutacji pracownik\u00f3w.\u201d<\/p>\n<p style=\"color:black;font-size:17px\" class=\"has-text-color\"><strong>Kandydaci zainteresowani wzi\u0119ciem udzia\u0142u w przysz\u0142ych procesach rekrutacyjnych powinni dodatkowo zamie\u015bci\u0107 informacj\u0119, \u017ce:<\/strong><\/p>\n<p style=\"color:black;font-size:17px\" class=\"has-text-color\">\u201eZgoda obejmuje zar\u00f3wno obecne jak i przysz\u0142e procesy rekrutacyjne.\u201d<\/p>\n\n\n\n<hr class=\"wp-block-separator seperator-red\">\n\n\n\n<p style=\"color:black;font-size:16px\" class=\"has-text-color\">\u201eInformujemy, i\u017c administratorem danych osobowych kandydat\u00f3w aplikuj\u0105cych na w\/w stanowisko pracy jest AllVoice sp. z o.o. z siedzib\u0105 w Warszawie przy ul. Marsa 56a (zwana dalej \u201eSp\u00f3\u0142k\u0105\u201d). Dane kandydat\u00f3w b\u0119d\u0105 przetwarzane zgodnie z Rozporz\u0105dzeniem Parlamentu Europejskiego i Rady (UE) 2016\/679 z dnia 27 kwietnia 2016 r. w sprawie ochrony os\u00f3b fizycznych w zwi\u0105zku z przetwarzaniem danych osobowych i w sprawie swobodnego przep\u0142ywu takich danych oraz uchylenia dyrektywy 95\/46\/WE i ustaw\u0105 z dnia 10 maja 2018 r. o ochronie danych osobowych, wy\u0142\u0105cznie w celach zwi\u0105zanych z prowadzeniem procesu rekrutacyjnego. Podanie danych jest obowi\u0105zkowe w zakresie wskazanym w art. 22\u00b9 \u00a7 1 Kodeksu pracy. Wszelkie dodatkowe informacje kandydat podaje dobrowolnie. B\u0119d\u0105 one przetwarzane przez Sp\u00f3\u0142k\u0119 na podstawie wy\u017cej wskazanej zgody, kt\u00f3ra mo\u017ce by\u0107 odwo\u0142ana przez kandydata w ka\u017cdym czasie. Ka\u017cda osoba, kt\u00f3rej dane dotycz\u0105 ma prawo dost\u0119pu do tre\u015bci swoich danych oraz ich poprawiania.&#8221;<\/p>\n\n\n\n<p><\/p>\n\n\n\n<\/div>\n","protected":false},"excerpt":{"rendered":"<p>Kariera w AllVoice AllVoice wyznajemy zasad\u0119, \u017ce pracownicy s\u0105 najwi\u0119ksz\u0105 warto\u015bci\u0105 i najwa\u017cniejszym kapita\u0142em organizacji. To dzi\u0119ki kompetencjom, zaanga\u017cowaniu i samodzielno\u015bci pracownik\u00f3w rozwijamy si\u0119 dynamicznie i osi\u0105gamy kolejne sukcesy na rynku. Stawiamy na przyjazn\u0105 i otwart\u0105 atmosfer\u0119 pracy, w gronie specjalist\u00f3w, kt\u00f3rzy do swoich obowi\u0105zk\u00f3w podchodz\u0105 z pasj\u0105 i zaanga\u017cowaniem. Aplikacje wraz z podaniem nazwy [&hellip;]<\/p>\n","protected":false},"author":2,"featured_media":0,"parent":0,"menu_order":0,"comment_status":"closed","ping_status":"closed","template":"","meta":{"_acf_changed":false,"footnotes":""},"acf":[],"_links":{"self":[{"href":"https:\/\/allvoice.pl\/en\/wp-json\/wp\/v2\/pages\/2203"}],"collection":[{"href":"https:\/\/allvoice.pl\/en\/wp-json\/wp\/v2\/pages"}],"about":[{"href":"https:\/\/allvoice.pl\/en\/wp-json\/wp\/v2\/types\/page"}],"author":[{"embeddable":true,"href":"https:\/\/allvoice.pl\/en\/wp-json\/wp\/v2\/users\/2"}],"replies":[{"embeddable":true,"href":"https:\/\/allvoice.pl\/en\/wp-json\/wp\/v2\/comments?post=2203"}],"version-history":[{"count":55,"href":"https:\/\/allvoice.pl\/en\/wp-json\/wp\/v2\/pages\/2203\/revisions"}],"predecessor-version":[{"id":4270,"href":"https:\/\/allvoice.pl\/en\/wp-json\/wp\/v2\/pages\/2203\/revisions\/4270"}],"wp:attachment":[{"href":"https:\/\/allvoice.pl\/en\/wp-json\/wp\/v2\/media?parent=2203"}],"curies":[{"name":"wp","href":"https:\/\/api.w.org\/{rel}","templated":true}]}}