{"id":14,"date":"2019-08-28T22:15:17","date_gmt":"2019-08-28T20:15:17","guid":{"rendered":"http:\/\/localhost\/benkie\/allvoice.pl\/?page_id=14"},"modified":"2025-04-03T18:06:50","modified_gmt":"2025-04-03T16:06:50","slug":"about","status":"publish","type":"page","link":"https:\/\/allvoice.pl\/en\/about\/","title":{"rendered":"About (g\u0142\u00f3wny link w menu)"},"content":{"rendered":"\n<div class=\"wp-block-cover has-background-dim-80 has-background-dim\" style=\"background-image:url(https:\/\/allvoice.pl\/wp-content\/uploads\/about-us-bg.jpg);background-color:#008dc3\"><div class=\"wp-block-cover__inner-container is-layout-flow wp-block-cover-is-layout-flow\">\n<h1 class=\"wp-block-heading\" style=\"text-align:left\">About Us<\/h1>\n<\/div><\/div>\n\n\n\n<div class=\"my-container my-section\">\n\n\n\n<div class=\"wp-block-columns has-2-columns is-layout-flex wp-container-core-columns-is-layout-2 wp-block-columns-is-layout-flex\">\n<div class=\"wp-block-column is-layout-flow wp-block-column-is-layout-flow\">\n<p style=\"font-size:24px\">Who We Are<\/p>\n\n\n\n<hr class=\"wp-block-separator seperator-red\"\/>\n\n\n\n<p style=\"font-size:18px\">AllVoice focuses on providing the highest quality products and services to our clients. We are a team of young and experienced specialists working with passion in the telecommunications industry. As a company with the status of Sapphire Business Partner, the global telecommunications giant as AVAYA, we have been involved in the implementation and servicing of telecommunications systems for many years.<\/p>\n\n\n\n<p style=\"font-size:18px\">We operate dynamically and comprehensively on the local market as well as outside the country. Currently, our activity covers 23 countries from the EMEA region.<\/p>\n\n\n\n<p style=\"font-size:18px\">In addition, AllVoice is the only certified distributor of Spectalink in Poland, which is a market leader in wireless solutions optimized for difficult environments, e.g. warehouses, production halls.<\/p>\n\n\n\n<div style=\"height:40px;width:100%;\"><\/div>\n\n\n\n<div class=\"wp-block-columns has-2-columns is-layout-flex wp-container-core-columns-is-layout-1 wp-block-columns-is-layout-flex\">\n<div class=\"wp-block-column is-layout-flow wp-block-column-is-layout-flow\">\n<figure class=\"wp-block-image\"><img loading=\"lazy\" decoding=\"async\" width=\"300\" height=\"67\" src=\"https:\/\/allvoice.pl\/wp-content\/uploads\/avaya-edge-sapphire.jpg\" alt=\"\" class=\"wp-image-256\"\/><\/figure>\n<\/div>\n\n\n\n<div class=\"wp-block-column is-layout-flow wp-block-column-is-layout-flow\">\n<figure class=\"wp-block-image\"><img loading=\"lazy\" decoding=\"async\" width=\"207\" height=\"51\" src=\"https:\/\/allvoice.pl\/wp-content\/uploads\/2019\/09\/spectra-link.png\" alt=\"\" class=\"wp-image-177\"\/><\/figure>\n<\/div>\n<\/div>\n\n\n\n<p><\/p>\n<\/div>\n\n\n\n<div class=\"wp-block-column is-layout-flow wp-block-column-is-layout-flow\">\n<p style=\"font-size:24px\">Areas of activity   <\/p>\n\n\n\n<hr class=\"wp-block-separator seperator-red\"\/>\n\n\n\n<p style=\"font-size:18px\">AllVoice operates in the ICT industry by designing, supplying and integrating telecommunications and ICT environments in enterprises. Our activity is characterized by high technology, specialist knowledge and cooperation with the leading manufacturers of this industry in the world.<\/p>\n\n\n\n<div class=\"background-diamonds\" style=\"margin-top: 40px!important\"><p style=\"font-size:18px\">A special place in our offer is provided by advanced telecommunications systems, also cloud ones, including IP Telephony solutions, Call and Contact Center applications and Video Conferencing systems in which the company has been specializing for several years.<\/p><\/div>\n<\/div>\n<\/div>\n\n\n\n<div class=\"my-container my-section\"><div class=\"background-diamonds background-diamonds--orange background-map\"><div>\n\n\n\n<p class=\"element-list-in-map\"><strong>+23 <\/strong>Countries supported<\/p>\n\n\n\n<p class=\"element-list-in-map\"><strong>+300 <\/strong>PBX supported<\/p>\n\n\n\n<p class=\"element-list-in-map\"><strong>+35 000 <\/strong>Managed endpoints<\/p>\n\n\n\n<\/div><\/div><\/div>\n\n\n\t\t<div class=\"wpsisac-slick-slider-wrp wpsisac-clearfix \" data-conf=\"{&quot;dots&quot;:&quot;true&quot;,&quot;arrows&quot;:&quot;false&quot;,&quot;autoplay&quot;:&quot;true&quot;,&quot;autoplay_interval&quot;:3000,&quot;fade&quot;:&quot;false&quot;,&quot;lazyload&quot;:&quot;&quot;,&quot;speed&quot;:300,&quot;rtl&quot;:&quot;false&quot;,&quot;loop&quot;:&quot;true&quot;,&quot;hover_pause&quot;:&quot;true&quot;}\">\r\n\t\t\t<div id=\"wpsisac-slick-slider-1\" class=\"wpsisac-slick-init wpsisac-slick-slider design-5 \">\r\n\r\n\t\t\t\t<div class=\"wpsisac-image-slide\">\r\t<div class=\"wpsisac-slide-wrap\">\r\t\t<div class=\"wpsisac-slider-content\">\r\t\t\t<h2 class=\"wpsisac-slide-title\">References<\/h2>\r\t\t\t\t\t\t\t<div class=\"wpsisac-slider-short-content\"><div class=\"page\" title=\"Page 2\">\r\n<div class=\"layoutArea\">\r\n<div class=\"column\">\r\n<div class=\"page\" title=\"Page 2\">\r\n<div class=\"layoutArea\">\r\n<div class=\"column\">\r\n\r\n&#8220;AllVoice sp. z o.o. z sukcesem wykona\u0142a dla hotelu Hampton by Hilton w Balicach projekt implementacji systemu teleinformatycznego przeznaczonego dla infrastruktury hotelowej.\r\n\r\nProjekt ten obejmowa\u0142 m.in. zainstalowanie platformy telefonicznej Mitel MiVoice 400 wraz z wymaganymi funkcjonalno\u015bciami, dostarczenie i instalacje aparat\u00f3w telefonicznych do cz\u0119\u015bci biurowej jak i poszczeg\u00f3lnych pokoi hotelowych oraz integracj\u0119 z systemem hotelowym PMS.\r\n\r\nPodczas pracy nad tym projektem pracownicy firmy AllVoice sp. z o.o. wykazali si\u0119 wysokim poziomem profesjonalizmu w zakresie terminowo\u015bci, merytorycznym jak r\u00f3wnie\u017c bie\u017c\u0105cej obs\u0142udze Klienta.\r\n\r\nWszystkim zainteresowanym rekomendujemy firm\u0119 AllVoice sp. z o.o. jako solidnego i profesjonalnego Partnera.<span style=\"text-align: center;\">&#8220;<\/span>\r\n\r\n<\/div>\r\n<\/div>\r\n<\/div>\r\n<img loading=\"lazy\" decoding=\"async\" class=\"wp-image-3628 size-medium aligncenter\" src=\"https:\/\/allvoice.pl\/wp-content\/uploads\/IMG_0164-300x300.jpeg\" alt=\"\" width=\"300\" height=\"300\" srcset=\"https:\/\/allvoice.pl\/wp-content\/uploads\/IMG_0164-300x300.jpeg 300w, https:\/\/allvoice.pl\/wp-content\/uploads\/IMG_0164-1024x1024.jpeg 1024w, https:\/\/allvoice.pl\/wp-content\/uploads\/IMG_0164-150x150.jpeg 150w, https:\/\/allvoice.pl\/wp-content\/uploads\/IMG_0164-768x768.jpeg 768w, https:\/\/allvoice.pl\/wp-content\/uploads\/IMG_0164-12x12.jpeg 12w, https:\/\/allvoice.pl\/wp-content\/uploads\/IMG_0164.jpeg 1166w\" sizes=\"(max-width: 300px) 100vw, 300px\" \/>\r\n\r\n<\/div>\r\n<\/div>\r\n<\/div>\r\n<div class=\"page\" title=\"Page 2\">\r\n<div class=\"layoutArea\">\r\n<div class=\"column\">\r\n<p style=\"text-align: center;\"><strong>Hampton by Hilton <\/strong><strong>Krak\u00f3w Airport<\/strong><\/p>\r\n\r\n<\/div>\r\n<\/div>\r\n<\/div><\/div>\r\t\t\t\t\t<\/div>\r\t<\/div>\r<\/div><div class=\"wpsisac-image-slide\">\r\t<div class=\"wpsisac-slide-wrap\">\r\t\t<div class=\"wpsisac-slider-content\">\r\t\t\t<h2 class=\"wpsisac-slide-title\">References<\/h2>\r\t\t\t\t\t\t\t<div class=\"wpsisac-slider-short-content\"><div class=\"page\" title=\"Page 2\">\n<div class=\"layoutArea\">\n<div class=\"column\">\n<div class=\"page\" title=\"Page 2\">\n<div class=\"layoutArea\">\n<div class=\"column\">\n<p>&#8220;Orange Polska S.A. with this letter confirms their cooperation with AllVoice sp. z o.o. from\u00a0June 2021 in the field of ICT support services for the Avaya manufacturer systems.<\/p>\n<p><span style=\"text-align: center;\">During this cooperation period engineers from AllVoice sp z o.o. confirmed their highest level of professionalism and deep knowledge of Unified Communication and Call Center products \u2013 Avaya Aura, taking part in ongoing projects and providing maintenance support for a telecom environment with distributed, redundant infrastructure and scalability up to 10 000 Unified Communication users and approx. 3000 Contact Center agents with advanced resources of IVR systems.&#8221;<\/span><\/p>\n<\/div>\n<\/div>\n<\/div>\n<p><img loading=\"lazy\" decoding=\"async\" class=\"wp-image-2366 aligncenter\" src=\"https:\/\/allvoice.pl\/wp-content\/uploads\/orange-logo-300x300.png\" alt=\"\" width=\"114\" height=\"114\" srcset=\"https:\/\/allvoice.pl\/wp-content\/uploads\/orange-logo-300x300.png 300w, https:\/\/allvoice.pl\/wp-content\/uploads\/orange-logo-150x150.png 150w, https:\/\/allvoice.pl\/wp-content\/uploads\/orange-logo-768x770.png 768w, https:\/\/allvoice.pl\/wp-content\/uploads\/orange-logo-12x12.png 12w, https:\/\/allvoice.pl\/wp-content\/uploads\/orange-logo.png 1022w\" sizes=\"(max-width: 114px) 100vw, 114px\" \/><\/p>\n<\/div>\n<\/div>\n<\/div>\n<div class=\"page\" title=\"Page 2\">\n<div class=\"layoutArea\">\n<div class=\"column\">\n<p style=\"text-align: center;\"><strong>Orange Polska S.A<\/strong>.<\/p>\n<\/div>\n<\/div>\n<\/div>\n<\/div>\r\t\t\t\t\t<\/div>\r\t<\/div>\r<\/div><div class=\"wpsisac-image-slide\">\r\t<div class=\"wpsisac-slide-wrap\">\r\t\t<div class=\"wpsisac-slider-content\">\r\t\t\t<h2 class=\"wpsisac-slide-title\">References<\/h2>\r\t\t\t\t\t\t\t<div class=\"wpsisac-slider-short-content\"><p>&#8220;Polish Security Printing Works with its headquarters in Warsaw, confirms that it has cooperated with AllVoice sp.z o.o. in the last two years. for the supply of ICT equipment from the manufacturer Mitel.<\/p>\n<p>AllVoice sp. z o.o. delivered to PWPW S.A. several times telecommunications products in accordance with the order and the agreed date.<\/p>\n<p>We recommend to all interested companies AllVoice sp.z o.o. as a reliable and professional partner. &#8221;<\/p>\n<p><img loading=\"lazy\" decoding=\"async\" class=\"size-full wp-image-2371 aligncenter\" src=\"https:\/\/allvoice.pl\/wp-content\/uploads\/pwpw-logo.png\" alt=\"\" width=\"242\" height=\"101\" srcset=\"https:\/\/allvoice.pl\/wp-content\/uploads\/pwpw-logo.png 242w, https:\/\/allvoice.pl\/wp-content\/uploads\/pwpw-logo-18x8.png 18w\" sizes=\"(max-width: 242px) 100vw, 242px\" \/><\/p>\n<p style=\"text-align: center;\"><strong>\u00a0 \u00a0 \u00a0 \u00a0PWPW S.A.<\/strong><\/p>\n<\/div>\r\t\t\t\t\t<\/div>\r\t<\/div>\r<\/div><div class=\"wpsisac-image-slide\">\r\t<div class=\"wpsisac-slide-wrap\">\r\t\t<div class=\"wpsisac-slider-content\">\r\t\t\t<h2 class=\"wpsisac-slide-title\">References<\/h2>\r\t\t\t\t\t\t\t<div class=\"wpsisac-slider-short-content\"><p>&#8220;Allvoice sp.z o.o. with headquarters in Warsaw at ul. Marsa 56a was responsible for the design and implementation in our company the multi-channel Contact Center system of the Avaya manufacturer, consisting several agent positions. Our main goal was to achieve effective and standardized communication with our Clients and business partners, placing great emphasis on the high quality of their service. In addition, we needed very precise statistics on all of voice traffic in the Customer Service Department and efficient implementation. The project was successfully completed with the supplied Avaya system and support of \u00a0certified Allvoice\u2019s engineers.<\/p>\n<p>Since the launch of these solutions, we are pleased to use their constant and professional service for this system as well as for our telecommunications infrastructure based on the Avaya IP Office platform.<\/p>\n<p>We recommend Allvoice sp.z o.o. as a solid and reliable contractor. &#8221;<\/p>\n<p style=\"text-align: center;\"><img loading=\"lazy\" decoding=\"async\" class=\"alignnone wp-image-2369\" src=\"https:\/\/allvoice.pl\/wp-content\/uploads\/spb-logo-300x163.jpg\" alt=\"\" width=\"201\" height=\"109\" srcset=\"https:\/\/allvoice.pl\/wp-content\/uploads\/spb-logo-300x163.jpg 300w, https:\/\/allvoice.pl\/wp-content\/uploads\/spb-logo-18x10.jpg 18w, https:\/\/allvoice.pl\/wp-content\/uploads\/spb-logo.jpg 312w\" sizes=\"(max-width: 201px) 100vw, 201px\" \/><br \/>\n<strong>SPB POLSKA Sp. z o.o.<\/strong><\/p>\n<\/div>\r\t\t\t\t\t<\/div>\r\t<\/div>\r<\/div><div class=\"wpsisac-image-slide\">\r\t<div class=\"wpsisac-slide-wrap\">\r\t\t<div class=\"wpsisac-slider-content\">\r\t\t\t<h2 class=\"wpsisac-slide-title\">References<\/h2>\r\t\t\t\t\t\t\t<div class=\"wpsisac-slider-short-content\"><p><div class=\"eds-animate edsanimate-sis-hidden \" data-eds-entry-animation=\"fadeIn\" data-eds-entry-delay=\"0\" data-eds-entry-duration=\"0.5\" data-eds-entry-timing=\"linear\" data-eds-exit-animation=\"\" data-eds-exit-delay=\"\" data-eds-exit-duration=\"\" data-eds-exit-timing=\"\" data-eds-repeat-count=\"1\" data-eds-keep=\"yes\" data-eds-animate-on=\"load\" data-eds-scroll-offset=\"\"><\/p>\n<p>\u201cAllVoice sp.z o.o. with headquarters in Warsaw at ul. Marsa 56a has carried out a project for RAW-POL to implement an advanced Contact Center platform from Avaya &#8211; Avaya Call Reporting, adapted to effective work for over thirty agents.<\/p>\n<p>This system has greatly improved the quality of our customer service and provided the necessary information for the management of the Customer Service Department.<\/p>\n<p>In the cooperation so far, Allvoice sp. z o. o. Has demonstrated a high level of professionalism in terms of timeliness, content as well as customer service.<\/p>\n<p>We recommend cooperation and using the services of AllVoice to all interested companies.\u201d<\/p>\n<p><img loading=\"lazy\" decoding=\"async\" class=\"wp-image-2361 aligncenter\" src=\"https:\/\/allvoice.pl\/wp-content\/uploads\/RAWPOL-logo-300x300.jpg\" alt=\"\" width=\"96\" height=\"96\" srcset=\"https:\/\/allvoice.pl\/wp-content\/uploads\/RAWPOL-logo-300x300.jpg 300w, https:\/\/allvoice.pl\/wp-content\/uploads\/RAWPOL-logo-150x150.jpg 150w, https:\/\/allvoice.pl\/wp-content\/uploads\/RAWPOL-logo-12x12.jpg 12w, https:\/\/allvoice.pl\/wp-content\/uploads\/RAWPOL-logo.jpg 388w\" sizes=\"(max-width: 96px) 100vw, 96px\" \/><\/p>\n<p style=\"text-align: center;\"><strong>RAW-POL STEFA\u0143SKI SP\u00d3\u0141KA JAWNA<\/strong><\/p>\n<\/div>\r\t\t\t\t\t<\/div>\r\t<\/div>\r<\/div>\r\n\t\t\t<\/div>\r\n\t\t<\/div>\r\n\t\n\n\n\n<\/div>\n","protected":false},"excerpt":{"rendered":"<p>Who We Are AllVoice focuses on providing the highest quality products and services to our clients. We are a team of young and experienced specialists working with passion in the telecommunications industry. As a company with the status of Sapphire Business Partner, the global telecommunications giant as AVAYA, we have been involved in the implementation [&hellip;]<\/p>\n","protected":false},"author":1,"featured_media":0,"parent":0,"menu_order":0,"comment_status":"closed","ping_status":"closed","template":"","meta":{"_acf_changed":false,"footnotes":""},"acf":[],"_links":{"self":[{"href":"https:\/\/allvoice.pl\/en\/wp-json\/wp\/v2\/pages\/14"}],"collection":[{"href":"https:\/\/allvoice.pl\/en\/wp-json\/wp\/v2\/pages"}],"about":[{"href":"https:\/\/allvoice.pl\/en\/wp-json\/wp\/v2\/types\/page"}],"author":[{"embeddable":true,"href":"https:\/\/allvoice.pl\/en\/wp-json\/wp\/v2\/users\/1"}],"replies":[{"embeddable":true,"href":"https:\/\/allvoice.pl\/en\/wp-json\/wp\/v2\/comments?post=14"}],"version-history":[{"count":34,"href":"https:\/\/allvoice.pl\/en\/wp-json\/wp\/v2\/pages\/14\/revisions"}],"predecessor-version":[{"id":770,"href":"https:\/\/allvoice.pl\/en\/wp-json\/wp\/v2\/pages\/14\/revisions\/770"}],"wp:attachment":[{"href":"https:\/\/allvoice.pl\/en\/wp-json\/wp\/v2\/media?parent=14"}],"curies":[{"name":"wp","href":"https:\/\/api.w.org\/{rel}","templated":true}]}}